{"id":4245,"date":"2026-02-19T19:44:11","date_gmt":"2026-02-19T17:44:11","guid":{"rendered":"https:\/\/veselibasskola.lv\/?post_type=product&#038;p=4245"},"modified":"2026-02-19T19:44:14","modified_gmt":"2026-02-19T17:44:14","slug":"cholester-reg-90-kaps","status":"publish","type":"product","link":"https:\/\/veselibasskola.lv\/ru\/p\/cholester-reg-90-kaps\/","title":{"rendered":"Cholester-Reg (90 kaps.)"},"content":{"rendered":"\n<div>\n<div>\n<h2><span>CHOLESTER &#8212; REG<\/span><\/h2>\n<p><span>DIETAS BAG\u0100TIN\u0100T\u0100JI<\/span><\/p>\n<hr\/>\n<p>Iesniedzam dietas bag\u0101tin\u0101t\u0101ju ar sast\u0101vu, kompon\u0113tu speci\u0101li dom\u0101jot par p\u0101r\u0101k augst\u0101 holester\u012bna l\u012bme\u0146a probl\u0113mu.<\/p>\n<p>Produkta sast\u0101v\u0101 ir parasta arti\u0161oka lapa, sast\u0101vda\u013ca ar redzamo ietekmi uz holester\u012bnu, \u0137erme\u0146a svaru, bet ar\u012b aknas un visa gremo\u0161anas trakta vesel\u012bbu. <br \/>Cholester-Reg &#8212; tie ir ar\u012b augu steroli, kas lietoti daudzum\u0101 vismaz 0,8 g dien\u0101 pal\u012bdz saglab\u0101t pareizu holester\u012bna l\u012bmeni. <br \/>Produkta katr\u0101 kapsul\u0101 ir 10 mg resveratrola &#8212; Jap\u0101nas di\u017es\u016brenes ekstrakta, kas ir dab\u012bgs antioksidants un sarg\u0101 no br\u012bviem radik\u0101liem. <br \/>Regul\u0101ri lietojiet Cholester-Reg kop\u0101 ar vesel\u012bgu dietu un akt\u012bvu dz\u012bvesveidu, lai iekarotu holester\u012bnu. <br \/>Par\u016bp\u0113jieties par sirdi!<\/br><\/br><\/br><\/br><\/p>\n<p><span><strong>AUGALINIAI STEROLIAI<\/strong><\/span><br \/>\u2022 Pal\u012bdz saglab\u0101t pareizu holester\u012bna l\u012bmeni asin\u012b<\/p>\n<p><span><strong>PARASTA ARTI\u0160OKA LAPA<\/strong><\/span><br \/><span><strong>Cynara scolymus<\/strong><\/span><\/p>\n<p><span><span><span>\u2022 Pal\u012bdz saglab\u0101t pareizu lip\u012bdu l\u012bmeni asin\u012b.<\/span><br \/><\/span><\/span><span><span><span>\u2022 Pal\u012bdz organisma detoksik\u0101cijai un saglab\u0101t aknas vesel\u012bbu.<\/span><br \/><\/span><\/span><span><span>\u2022 Pal\u012bdz pareizi funkcion\u0113t gremo\u0161anas traktam.<\/span><br \/><\/span><span><span>\u2022 Mudina svara samazin\u0101\u0161anu.<\/span><br \/><\/span><span><span>\u2022 Tradicion\u0101li lietots nieru funkcijas atbalst\u012b\u0161anai.<\/span><br \/><\/span><span><span>\u2022 Dabisks antioksidants \u0161\u016bnu sarg\u0101\u0161anai no br\u012bviem radik\u0101liem.<\/span><br \/><\/span><\/p>\n<p><span><strong>\u00a0<\/strong><\/span><\/p>\n<p><span><strong>RESVERATROLS NO JAP\u0100NAS DI\u017dS\u016aRENES SAKNES<\/strong><\/span><\/p>\n<p><span><strong>Polygonum cuspidatum <\/strong><\/span><\/p>\n<p><span>\u2022 Antioksidants \u0161\u016bnu sarg\u0101\u0161anai no br\u012bviem radik\u0101liem.<br \/><\/span><span>\u2022\u00a0Pav\u0101jina menopauzes simptomus.<\/span><\/p>\n<hr\/>\n<p><span>SAST\u0100VS:<\/span><br \/>Parasta arti\u0161oka lapa; augu steroli (23,8 g \/ 100 g produkta); inozitola nikotin\u0101ts; kapsulas \u010daula: \u017eelat\u012bns; pildviela: celuloze; pretsalipes viela: tauksk\u0101bju magnija s\u0101\u013ci, stear\u012bnsk\u0101be;<br \/>resveratrols no jap\u0101nas di\u017es\u016brenes saknes; pretsalipes viela: silicija dioks\u012bds; polikozanols.<\/p>\n<hr\/>\n<p><span>SVAR\u012aGAS SAST\u0100VDA\u013bAS:<\/span><\/p>\n<p>Saturs ieteicam\u0101 porcij\u0101 (3 kaps.):<br \/>Parasta arti\u0161oka lapa (Cynara scolumus) &#8230;&#8230;&#8230;&#8230;&#8230;&#8230;&#8230;&#8230;&#8230;&#8230;&#8230;&#8230; 450 mg<br \/>Augu steroli &#8230;&#8230;&#8230;&#8230;&#8230;&#8230;&#8230;&#8230;&#8230;&#8230;&#8230;&#8230;&#8230;&#8230;&#8230;&#8230;&#8230;&#8230;&#8230;&#8230;&#8230;&#8230;&#8230;&#8230;&#8230;&#8230;&#8230;. 450 mg<br \/>Inozitola nikotin\u0101ts &#8230;&#8230;&#8230;&#8230;&#8230;&#8230;&#8230;&#8230;&#8230;&#8230;&#8230;&#8230;&#8230;&#8230;&#8230;&#8230;&#8230;&#8230;&#8230;&#8230;&#8230;&#8230;&#8230;&#8230;&#8230; 450 mg<br \/>Resveratrols no jap\u0101nas di\u017es\u016brenes saknes (Polygonum cuspidatum) &#8230;. 30 mg<br \/>Polikozanols &#8230;&#8230;&#8230;&#8230;&#8230;&#8230;&#8230;&#8230;&#8230;&#8230;&#8230;&#8230;&#8230;&#8230;&#8230;&#8230;&#8230;&#8230;&#8230;&#8230;&#8230;&#8230;&#8230;&#8230;&#8230;&#8230;&#8230;&#8230;&#8230;. 5,25 mg<span><br \/><\/span><\/p>\n<hr\/>\n<p><span>IETEICAMA PORCIJA DIENAS LIETO\u0160ANAI:<\/span><\/p>\n<p>1 kapsulas 3 reizes dien\u0101 \u0113diena laik\u0101.<br \/>Nedr\u012bkst p\u0101rsniegt rekomend\u0113tas dienas dozi.<\/p>\n<hr\/>\n<p><span>GLAB\u0100\u0160ANA:<\/span><\/p>\n<p>Glab\u0101t saus\u0101 un v\u0113s\u0101, b\u0113rniem nepieejam\u0101 viet\u0101.<\/p>\n<p><span>NATURE&#8217;S SUNSHINE MUDINA VESEL\u012aGAM DZ\u012aVESVEIDAM.<\/span><br \/><span><span>Di\u0113tas bag\u0101tin\u0101t\u0101ji nevar b\u016bt lietoti k\u0101 diferenc\u0113tas di\u0113tas aizst\u0101j\u0113ji. Balans\u0113ta di\u0113ta un vesel\u012bgs dz\u012bvesveids ir organisma pareizas funkcion\u0113\u0161anas pamat<\/span>s.<\/span><\/p>\n<hr\/>\n<div><\/div>\n<\/p><\/div>\n<\/p><\/div>\n","protected":false},"excerpt":{"rendered":"<p>Iesniedzam dietas bag\u0101tin\u0101t\u0101ju ar sast\u0101vu, kompon\u0113tu speci\u0101li dom\u0101jot par p\u0101r\u0101k augst\u0101 holester\u012bna l\u012bme\u0146a probl\u0113mu.  Produkta sast\u0101v\u0101 ir parasta arti\u0161oka lapa, sast\u0101vda\u013ca ar redzamo ietekmi uz holester\u012bnu, \u0137erme\u0146a svaru, bet ar\u012b aknas un visa gremo\u0161anas trakta vesel\u012bbu. Cholester-Reg &#8212; tie ir ar\u012b augu steroli, kas lietoti daudzum\u0101 vismaz 0,8 g dien\u0101 pal\u012bdz saglab\u0101t pareizu holester\u012bna l\u012bmeni. Produkta katr\u0101 kapsul\u0101 ir 10 mg resveratrola &#8212; Jap\u0101nas di\u017es\u016brenes ekstrakta, kas ir dab\u012bgs antioksidants un sarg\u0101 no br\u012bviem radik\u0101liem. Regul\u0101ri lietojiet Cholester-Reg kop\u0101 ar vesel\u012bgu dietu un akt\u012bvu dz\u012bvesveidu, lai iekarotu holester\u012bnu.<\/p>\n","protected":false},"featured_media":4059,"comment_status":"open","ping_status":"closed","template":"","meta":{"_kad_blocks_custom_css":"","_kad_blocks_head_custom_js":"","_kad_blocks_body_custom_js":"","_kad_blocks_footer_custom_js":"","_kadence_starter_templates_imported_post":false,"_swpsp_post_exclude":false,"_kad_post_transparent":"","_kad_post_title":"","_kad_post_layout":"","_kad_post_sidebar_id":"","_kad_post_content_style":"","_kad_post_vertical_padding":"","_kad_post_feature":"","_kad_post_feature_position":"","_kad_post_header":false,"_kad_post_footer":false,"_kad_post_classname":""},"product_brand":[],"product_cat":[40,36,39],"product_tag":[],"class_list":{"0":"post-4245","1":"product","2":"type-product","3":"status-publish","4":"has-post-thumbnail","6":"product_cat-asinsrites-sistema","7":"product_cat-dietiskas-piedevas","8":"product_cat-gremosanas-sistema","10":"first","11":"instock","12":"sale","13":"taxable","14":"shipping-taxable","15":"purchasable","16":"product-type-simple","17":"entry","18":"content-bg","19":"loop-entry"},"taxonomy_info":{"product_cat":[{"value":40,"label":"Asinsrites sist\u0113ma"},{"value":36,"label":"Di\u0113tisk\u0101s piedevas"},{"value":39,"label":"Gremo\u0161anas sist\u0113ma"}]},"featured_image_src_large":["https:\/\/veselibasskola.lv\/wp-content\/uploads\/2025\/11\/388ea9749a101ea69ef583215756e53e-1024x1024.png",1024,1024,true],"author_info":[],"comment_info":0,"_links":{"self":[{"href":"https:\/\/veselibasskola.lv\/ru\/wp-json\/wp\/v2\/product\/4245","targetHints":{"allow":["GET"]}}],"collection":[{"href":"https:\/\/veselibasskola.lv\/ru\/wp-json\/wp\/v2\/product"}],"about":[{"href":"https:\/\/veselibasskola.lv\/ru\/wp-json\/wp\/v2\/types\/product"}],"replies":[{"embeddable":true,"href":"https:\/\/veselibasskola.lv\/ru\/wp-json\/wp\/v2\/comments?post=4245"}],"wp:featuredmedia":[{"embeddable":true,"href":"https:\/\/veselibasskola.lv\/ru\/wp-json\/wp\/v2\/media\/4059"}],"wp:attachment":[{"href":"https:\/\/veselibasskola.lv\/ru\/wp-json\/wp\/v2\/media?parent=4245"}],"wp:term":[{"taxonomy":"product_brand","embeddable":true,"href":"https:\/\/veselibasskola.lv\/ru\/wp-json\/wp\/v2\/product_brand?post=4245"},{"taxonomy":"product_cat","embeddable":true,"href":"https:\/\/veselibasskola.lv\/ru\/wp-json\/wp\/v2\/product_cat?post=4245"},{"taxonomy":"product_tag","embeddable":true,"href":"https:\/\/veselibasskola.lv\/ru\/wp-json\/wp\/v2\/product_tag?post=4245"}],"curies":[{"name":"wp","href":"https:\/\/api.w.org\/{rel}","templated":true}]}}