{"id":4246,"date":"2026-02-19T19:44:11","date_gmt":"2026-02-19T17:44:11","guid":{"rendered":"https:\/\/veselibasskola.lv\/?post_type=product&#038;p=4246"},"modified":"2026-02-19T19:44:14","modified_gmt":"2026-02-19T17:44:14","slug":"hlorofils-laima-garsas-pacinas-675-g","status":"publish","type":"product","link":"https:\/\/veselibasskola.lv\/ru\/p\/hlorofils-laima-garsas-pacinas-675-g\/","title":{"rendered":"Hlorofils laima gar\u0161as paci\u0146\u0101s (67,5 g)"},"content":{"rendered":"\n<div>\n<div>\n<p><span><strong><span>Akcija! Tikai l\u012bdz febru\u0101ra beig\u0101m hlorofils paci\u0146\u0101s par akcijas cenu \u2013 28,10 EUR!<\/span><\/strong><\/span><\/p>\n<p><strong><span><span>Hlorofils ar laima gar\u0161u paci\u0146\u0101s<\/span><\/span><\/strong><\/p>\n<p><span>UZTURA BAG\u0100TIN\u0100T\u0100JS<\/span><\/p>\n<hr\/>\n<p>Nature\u2019s Sunshine \u2013 hlorofila jomas l\u012bderis \u2013 pied\u0101v\u0101 jaun\u0101ko inov\u0101ciju: pastiprin\u0101tu, pulverveida hlorofilu ar gardu jaunu gar\u0161u! Ra\u017eots maz\u0101s partij\u0101s un ieg\u016bts ilgtsp\u0113j\u012bg\u0101 veid\u0101, m\u016bsu hlorofils pied\u0101v\u0101 izcilu kvalit\u0101ti, sp\u0113ku un svaigumu, lai j\u016bs b\u016btu p\u0101rliecin\u0101ti, ka sa\u0146emat visas hlorofila priek\u0161roc\u012bbas.<\/p>\n<p>Galven\u0101 produkta sast\u0101vda\u013ca ir n\u0101trija vara hlorofil\u012bns, kas ieg\u016bts no lucernas un z\u012bdkoka. Hlorofil\u012bna \u0137\u012bmisk\u0101 strukt\u016bra ir \u013coti l\u012bdz\u012bga hemoglob\u012bna molekulai, un galven\u0101 at\u0161\u0137ir\u012bba ir centr\u0101lais elements. Hemoglob\u012bn\u0101 tas ir dzelzs, bet hlorofil\u012bn\u0101 \u2013 var\u0161.<\/p>\n<p>\u00a0<iframe><\/iframe><\/p>\n<hr\/>\n<p><strong>Akt\u012bv\u0101s sast\u0101vda\u013cas:<\/strong><\/p>\n<table>\n<tbody>\n<tr>\n<td>\n<p><strong>Dienas deva:<\/strong> 1 paci\u0146a (2,25 g)<br \/><strong>Porciju skaits iepakojum\u0101:<\/strong> 30<\/br><\/p>\n<\/td>\n<\/tr>\n<tr>\n<td><\/td>\n<td>\n<p><strong>2,25 g<\/strong><\/p>\n<\/td>\n<td>\n<p><strong>%RI*<\/strong><\/p>\n<\/td>\n<td>\n<p><strong>100g<\/strong><\/p>\n<\/td>\n<\/tr>\n<tr>\n<td>\n<p>Ener\u0123\u0113tisk\u0101 v\u0113rt\u012bba<\/p>\n<\/td>\n<td>\n<p>21 kJ\/ 5 kcal<\/p>\n<\/td>\n<td>\n<p>0,3%<\/p>\n<\/td>\n<td>\n<p>933kJ \/ 222 kcal<\/p>\n<\/td>\n<\/tr>\n<tr>\n<td>\n<p>Tauki<\/p>\n<\/td>\n<td>\n<p>0 g<\/p>\n<\/td>\n<td>\n<p>0%<\/p>\n<\/td>\n<td>\n<p>0 g<\/p>\n<\/td>\n<\/tr>\n<tr>\n<td>\n<p>Og\u013chidr\u0101ti<br \/> \u00a0 &#8212; no tiem cukuri<\/br><\/p>\n<\/td>\n<td>\n<p>2,0 g<\/p>\n<p>0 g<\/p>\n<\/td>\n<td>\n<p>1%<\/p>\n<p>0%<\/p>\n<\/td>\n<td>\n<p>74 g<\/p>\n<p>6,3g<\/p>\n<\/td>\n<\/tr>\n<tr>\n<td>\n<p>\u0160\u0137iedrvielas<\/p>\n<\/td>\n<td>\n<p>1,3 g<\/p>\n<\/td>\n<td>\n<p>4%<\/p>\n<\/td>\n<td>\n<p>58 g<\/p>\n<\/td>\n<\/tr>\n<tr>\n<td>\n<p>Olbaltumvielas<\/p>\n<\/td>\n<td>\n<p>0 g<\/p>\n<\/td>\n<td>\n<p>0%<\/p>\n<\/td>\n<td>\n<p>2,7 g<\/p>\n<\/td>\n<\/tr>\n<tr>\n<td>\n<p>S\u0101ls<\/p>\n<\/td>\n<td>\n<p>0 g<\/p>\n<\/td>\n<td>\n<p>0%<\/p>\n<\/td>\n<td>\n<p>0,01g<\/p>\n<\/td>\n<\/tr>\n<tr>\n<td>\n<p><strong>Citas akt\u012bv\u0101s sast\u0101vda\u013cas<\/strong><\/p>\n<\/td>\n<td>\n<p><strong>2,25 g<\/strong><\/p>\n<\/td>\n<td>\n<p><strong>\u00a0<\/strong><\/p>\n<\/td>\n<td>\n<p><strong>100 g<\/strong><\/p>\n<\/td>\n<\/tr>\n<tr>\n<td>\n<p>N\u0101trija vara hlorofil\u012bns<\/p>\n<\/td>\n<td>\n<p>120 mg<\/p>\n<\/td>\n<td><\/td>\n<td>\n<p>5333 mg<\/p>\n<\/td>\n<\/tr>\n<tr>\n<td>\n<p>*RI: Atsauces uzturv\u0113rt\u012bba vid\u0113jam pieaugu\u0161ajam (8 400 kJ \/ 2 000 kcal)<\/p>\n<\/td>\n<\/tr>\n<\/tbody>\n<\/table>\n<p><strong>Sast\u0101vda\u013cas:<\/strong><br \/>Inul\u012bns (no cigori\u0146u saknes ekstrakta), biezin\u0101t\u0101js: guar sve\u0137i, dab\u012bgi arom\u0101ti (laima p\u012br\u0101gs, laims, vani\u013ca), sk\u0101buma regul\u0113t\u0101js: citronsk\u0101be, n\u0101trija vara hlorofil\u012bns, gar\u0161as pastiprin\u0101t\u0101js: \u0101bolsk\u0101be, saldin\u0101t\u0101js: steviolglikoz\u012bdi no st\u0113vijas.<\/br><\/p>\n<hr\/>\n<p><strong>IETEICAM\u0100 DIENAS DEVA:<\/strong><br \/>Sajaukt vienu paci\u0146u ar 350\u2013470 ml auksta \u016bdens atkar\u012bb\u0101 no gar\u0161as v\u0113lm\u0113m. K\u0101rt\u012bgi sakrat\u012bt. Lietot vienu reizi dien\u0101.<\/br><\/p>\n<hr\/>\n<p><strong>UZGLAB\u0100\u0160ANAS NOSAC\u012aJUMI:<\/strong><br \/>Uzglab\u0101t v\u0113s\u0101, saus\u0101 viet\u0101, b\u0113rniem nepieejam\u0101 viet\u0101.<\/p>\n<hr\/>\n<p><span>Nature\u2019s Sunshine aicina iev\u0113rot vesel\u012bgu dz\u012bvesveidu. Uztura bag\u0101tin\u0101t\u0101ji nedr\u012bkst aizst\u0101t daudzveid\u012bgu uzturu. Sabalans\u0113ts uzturs un vesel\u012bgs dz\u012bvesveids ir organisma pareizas darb\u012bbas pamats.<\/span><\/p>\n<div><\/div>\n<\/p><\/div>\n<\/p><\/div>\n","protected":false},"excerpt":{"rendered":"<p>Nature\u2019s Sunshine \u2013 hlorofila jomas l\u012bderis \u2013 pied\u0101v\u0101 jaun\u0101ko inov\u0101ciju: pastiprin\u0101tu, pulverveida hlorofilu ar gardu jaunu gar\u0161u! Ra\u017eots maz\u0101s partij\u0101s un ieg\u016bts ilgtsp\u0113j\u012bg\u0101 veid\u0101, m\u016bsu hlorofils pied\u0101v\u0101 izcilu kvalit\u0101ti, sp\u0113ku un svaigumu, lai j\u016bs b\u016btu p\u0101rliecin\u0101ti, ka sa\u0146emat visas hlorofila priek\u0161roc\u012bbas.  Galven\u0101 produkta sast\u0101vda\u013ca ir n\u0101trija vara hlorofil\u012bns, kas ieg\u016bts no lucernas un z\u012bdkoka. Hlorofil\u012bna \u0137\u012bmisk\u0101 strukt\u016bra ir \u013coti l\u012bdz\u012bga hemoglob\u012bna molekulai, un galven\u0101 at\u0161\u0137ir\u012bba ir centr\u0101lais elements. Hemoglob\u012bn\u0101 tas ir dzelzs, bet hlorofil\u012bn\u0101 \u2013 var\u0161.<\/p>\n","protected":false},"featured_media":4061,"comment_status":"open","ping_status":"closed","template":"","meta":{"_kad_blocks_custom_css":"","_kad_blocks_head_custom_js":"","_kad_blocks_body_custom_js":"","_kad_blocks_footer_custom_js":"","_kadence_starter_templates_imported_post":false,"_swpsp_post_exclude":false,"_kad_post_transparent":"","_kad_post_title":"","_kad_post_layout":"","_kad_post_sidebar_id":"","_kad_post_content_style":"","_kad_post_vertical_padding":"","_kad_post_feature":"","_kad_post_feature_position":"","_kad_post_header":false,"_kad_post_footer":false,"_kad_post_classname":""},"product_brand":[],"product_cat":[36],"product_tag":[],"class_list":{"0":"post-4246","1":"product","2":"type-product","3":"status-publish","4":"has-post-thumbnail","6":"product_cat-dietiskas-piedevas","8":"first","9":"instock","10":"sale","11":"taxable","12":"shipping-taxable","13":"purchasable","14":"product-type-simple","15":"entry","16":"content-bg","17":"loop-entry"},"taxonomy_info":{"product_cat":[{"value":36,"label":"Di\u0113tisk\u0101s piedevas"}]},"featured_image_src_large":["https:\/\/veselibasskola.lv\/wp-content\/uploads\/2025\/11\/574f72b0d835baeb2f1c70f98f0405e1-1024x1024.png",1024,1024,true],"author_info":[],"comment_info":0,"_links":{"self":[{"href":"https:\/\/veselibasskola.lv\/ru\/wp-json\/wp\/v2\/product\/4246","targetHints":{"allow":["GET"]}}],"collection":[{"href":"https:\/\/veselibasskola.lv\/ru\/wp-json\/wp\/v2\/product"}],"about":[{"href":"https:\/\/veselibasskola.lv\/ru\/wp-json\/wp\/v2\/types\/product"}],"replies":[{"embeddable":true,"href":"https:\/\/veselibasskola.lv\/ru\/wp-json\/wp\/v2\/comments?post=4246"}],"wp:featuredmedia":[{"embeddable":true,"href":"https:\/\/veselibasskola.lv\/ru\/wp-json\/wp\/v2\/media\/4061"}],"wp:attachment":[{"href":"https:\/\/veselibasskola.lv\/ru\/wp-json\/wp\/v2\/media?parent=4246"}],"wp:term":[{"taxonomy":"product_brand","embeddable":true,"href":"https:\/\/veselibasskola.lv\/ru\/wp-json\/wp\/v2\/product_brand?post=4246"},{"taxonomy":"product_cat","embeddable":true,"href":"https:\/\/veselibasskola.lv\/ru\/wp-json\/wp\/v2\/product_cat?post=4246"},{"taxonomy":"product_tag","embeddable":true,"href":"https:\/\/veselibasskola.lv\/ru\/wp-json\/wp\/v2\/product_tag?post=4246"}],"curies":[{"name":"wp","href":"https:\/\/api.w.org\/{rel}","templated":true}]}}