{"id":4247,"date":"2026-02-19T19:44:11","date_gmt":"2026-02-19T17:44:11","guid":{"rendered":"https:\/\/veselibasskola.lv\/?post_type=product&#038;p=4247"},"modified":"2026-02-19T19:44:14","modified_gmt":"2026-02-19T17:44:14","slug":"metabolic-active-komplekts","status":"publish","type":"product","link":"https:\/\/veselibasskola.lv\/ru\/p\/metabolic-active-komplekts\/","title":{"rendered":"Metabolic Active Komplekts"},"content":{"rendered":"\n<div>\n<div>\n<p><em><span>Metabolic Active<\/span><\/em><\/p>\n<p><span>\u00a0<\/span><\/p>\n<p><em><span>Metabolic Active<\/span><\/em><span> ir komplekts, kas sagatavots, lai nodro\u0161in\u0101tu iesp\u0113ju papildin\u0101t nepiecie\u0161amus vitam\u012bnus un miner\u0101lvielas, nog\u0101d\u0101t ener\u0123iju un ikdienas olbaltumvielu porciju. <\/p>\n<p> <\/br><\/br><\/span><\/p>\n<p><span>Komplekta sast\u0101v\u0101 ir m\u016bsu absol\u016btais bestsellers, proti, <strong>\u0160\u0137idrais hlorofils<\/strong>, bez kura nav iedom\u0101jams ce\u013ca uz labu vesel\u012bbu s\u0101kums. Komplekt\u0101 J\u016bs atad\u012bsiet ar\u012b lielisku olbaltumvielu avotu, proti, gar\u0161\u012bgu kokteili <strong>Power Meal Vani\u013ca<\/strong>, <strong><em>Super Complex<\/em><\/strong>, kas papildina uzturu ar 24\u00a0vitam\u012bniem un miner\u0101lviel\u0101m, un dabisku ener\u0123iju ikdienai no guaranas, mate t\u0113jas un B grupas vitam\u012bniem, kas sl\u0113pjas <strong><em>Solstic<\/em> Ener\u0123ija no dabas<\/strong>. <br \/> Komplekta <em>Metabolic Active<\/em> kompoz\u012bciju papildina: <\/br><\/span><\/p>\n<p><span>\u00b7<span>\u00a0\u00a0\u00a0\u00a0\u00a0\u00a0\u00a0\u00a0 <\/span><\/span><strong><em><span>Liver Health Formula<\/span><\/em><\/strong><span>, kas satur kurkum\u012bnu, di\u017edad\u017ea un genci\u0101nas saknes vesel\u012bg\u0101m akn\u0101m;<\/span><\/p>\n<p><span>\u00b7<span>\u00a0\u00a0\u00a0\u00a0\u00a0\u00a0\u00a0\u00a0 <\/span><\/span><span><strong>Sarkanais<\/strong> \u0101boli\u0146\u0161 pareizai sirdsdarb\u012bbai; <\/span><\/p>\n<p><span>\u00b7<span>\u00a0\u00a0\u00a0\u00a0\u00a0\u00a0\u00a0\u00a0 <\/span><\/span><span><strong>Alvejas sula<\/strong>, kas veicina gremo\u0161anu;<\/span><\/p>\n<p><span>\u00b7<span>\u00a0\u00a0\u00a0\u00a0\u00a0\u00a0\u00a0\u00a0 <\/span><\/span><strong><em><span>Gentle Move<\/span><\/em><\/strong><span>, kas dabiski veicina zarnu iztuk\u0161o\u0161anos;<\/span><\/p>\n<p><span>\u00b7<span>\u00a0\u00a0\u00a0\u00a0\u00a0\u00a0\u00a0\u00a0 <\/span><\/span><span><strong>MSM<\/strong> \u2014 metilosulfonilmet\u0101ns.<\/span><\/p>\n<p><span>\u00a0<\/span><\/p>\n<p><span>Akcija: <br \/> <em>UltraBiome DTX<\/em> katram komplektam ar 25\u00a0% atlaidi!\u00a0<\/br><\/span><\/p>\n<div><\/div>\n<\/p><\/div>\n<\/p><\/div>\n","protected":false},"excerpt":{"rendered":"<p>Metabolic Active \u00a0 Metabolic Active ir komplekts, kas sagatavots, lai nodro\u0161in\u0101tu iesp\u0113ju papildin\u0101t nepiecie\u0161amus vitam\u012bnus un miner\u0101lvielas, nog\u0101d\u0101t ener\u0123iju un ikdienas olbaltumvielu porciju. Komplekta sast\u0101v\u0101 ir m\u016bsu absol\u016btais bestsellers, proti, \u0160\u0137idrais hlorofils, bez kura nav iedom\u0101jams ce\u013ca uz labu vesel\u012bbu s\u0101kums. Komplekt\u0101 J\u016bs atad\u012bsiet ar\u012b lielisku olbaltumvielu avotu, proti, gar\u0161\u012bgu kokteili Power Meal Vani\u013ca, Super&#8230;<\/p>\n","protected":false},"featured_media":4047,"comment_status":"open","ping_status":"closed","template":"","meta":{"_kad_blocks_custom_css":"","_kad_blocks_head_custom_js":"","_kad_blocks_body_custom_js":"","_kad_blocks_footer_custom_js":"","_kadence_starter_templates_imported_post":false,"_swpsp_post_exclude":false,"_kad_post_transparent":"","_kad_post_title":"","_kad_post_layout":"","_kad_post_sidebar_id":"","_kad_post_content_style":"","_kad_post_vertical_padding":"","_kad_post_feature":"","_kad_post_feature_position":"","_kad_post_header":false,"_kad_post_footer":false,"_kad_post_classname":""},"product_brand":[],"product_cat":[35],"product_tag":[],"class_list":{"0":"post-4247","1":"product","2":"type-product","3":"status-publish","4":"has-post-thumbnail","6":"product_cat-komplekti","8":"first","9":"instock","10":"sale","11":"taxable","12":"shipping-taxable","13":"purchasable","14":"product-type-simple","15":"entry","16":"content-bg","17":"loop-entry"},"taxonomy_info":{"product_cat":[{"value":35,"label":"Komplekti"}]},"featured_image_src_large":["https:\/\/veselibasskola.lv\/wp-content\/uploads\/2025\/11\/bdb6890dc2968c9098d40555fe39b86b-1024x1024.png",1024,1024,true],"author_info":[],"comment_info":0,"_links":{"self":[{"href":"https:\/\/veselibasskola.lv\/ru\/wp-json\/wp\/v2\/product\/4247","targetHints":{"allow":["GET"]}}],"collection":[{"href":"https:\/\/veselibasskola.lv\/ru\/wp-json\/wp\/v2\/product"}],"about":[{"href":"https:\/\/veselibasskola.lv\/ru\/wp-json\/wp\/v2\/types\/product"}],"replies":[{"embeddable":true,"href":"https:\/\/veselibasskola.lv\/ru\/wp-json\/wp\/v2\/comments?post=4247"}],"wp:featuredmedia":[{"embeddable":true,"href":"https:\/\/veselibasskola.lv\/ru\/wp-json\/wp\/v2\/media\/4047"}],"wp:attachment":[{"href":"https:\/\/veselibasskola.lv\/ru\/wp-json\/wp\/v2\/media?parent=4247"}],"wp:term":[{"taxonomy":"product_brand","embeddable":true,"href":"https:\/\/veselibasskola.lv\/ru\/wp-json\/wp\/v2\/product_brand?post=4247"},{"taxonomy":"product_cat","embeddable":true,"href":"https:\/\/veselibasskola.lv\/ru\/wp-json\/wp\/v2\/product_cat?post=4247"},{"taxonomy":"product_tag","embeddable":true,"href":"https:\/\/veselibasskola.lv\/ru\/wp-json\/wp\/v2\/product_tag?post=4247"}],"curies":[{"name":"wp","href":"https:\/\/api.w.org\/{rel}","templated":true}]}}