{"id":4248,"date":"2026-02-19T19:44:11","date_gmt":"2026-02-19T17:44:11","guid":{"rendered":"https:\/\/veselibasskola.lv\/?post_type=product&#038;p=4248"},"modified":"2026-02-19T19:44:15","modified_gmt":"2026-02-19T17:44:15","slug":"everflex-60-tabl","status":"publish","type":"product","link":"https:\/\/veselibasskola.lv\/ru\/p\/everflex-60-tabl\/","title":{"rendered":"Everflex (60 tabl.)"},"content":{"rendered":"\n<div>\n<div>\n<h1><span>EverFlex<\/span><\/h1>\n<h4><span>Uztura bag\u0101tin\u0101t\u0101js<\/span><\/h4>\n<hr\/>\n<p>EverFlex ir hondroit\u012bna, MSM (metilsulfonilmet\u0101na) un glikozam\u012bna kombin\u0101cija, ko izstr\u0101d\u0101ju\u0161i speci\u0101listi.\u00a0<\/p>\n<hr\/>\n<p><span><strong>Sast\u0101vda\u013cas:\u00a0<\/strong><\/span><\/p>\n<p>Glikozam\u012bna hidrohlor\u012bds (no v\u0113\u017eveid\u012bgajiem ), metilsulfonilmet\u0101ns (MSM), hondroit\u012bna sulf\u0101ts (liellopu izcelsme), pildviela (celuloze), pretsalipes vielas (tauksk\u0101bes, sil\u012bcija dioks\u012bds, tauksk\u0101bju magnija s\u0101\u013ci).<\/p>\n<hr\/>\n<p><span><strong>SVAR\u012aGAS SAST\u0100VDA\u013bAS:<\/strong><\/span><br \/>Saturs ieteicam\u0101 porcij\u0101 (3 tabl.):<br \/>Glikozam\u012bna hidrohlor\u012bds&#8230;&#8230;&#8230;&#8230;&#8230;&#8230;&#8230;&#8230;&#8230;&#8230;1260 mg &#8212; tostarp glikozam\u012bns [1025 mg]<br \/>Metilsulfonilmet\u0101ns (MSM)&#8230;&#8230;&#8230;&#8230;&#8230;&#8230;&#8230;&#8230;&#8230;1260 mg<br \/>Hondroit\u012bna sulf\u0101ts &#8230;&#8230;&#8230;&#8230;&#8230;&#8230;&#8230;&#8230;&#8230;&#8230;&#8230;&#8230;&#8230;.330 mg &#8212; tostarp hondroit\u012bns [220 mg]<\/br><\/br><\/br><\/br><\/p>\n<hr\/>\n<p><span><strong>Ieteicama porcija dienas lieto\u0161anai:<\/strong><\/span><br \/>Lietot vienu tableti tr\u012bs reizes dien\u0101 \u0113diena laik\u0101.<br \/>Nep\u0101rsniegt ieteicamo dienas dozi.<\/p>\n<hr\/>\n<p>Glab\u0101t saus\u0101 un v\u0113s\u0101, b\u0113rniem nepieejam\u0101 viet\u0101.<\/p>\n<hr\/>\n<p><span>NATURE&#8217;S SUNSHINE MUDINA VESEL\u012aGAM DZ\u012aVESVEIDAM.\u00a0<\/span><span>Di\u0113tas bag\u0101tin\u0101t\u0101ji nevar b\u016bt lietoti k\u0101 diferenc\u0113tas di\u0113tas aizst\u0101j\u0113ji. Balans\u0113ta di\u0113ta un vesel\u012bgs dz\u012bvesveids ir organisma pareizas funkcion\u0113\u0161anas pamats.<\/span><\/p>\n<div><\/div>\n<\/p><\/div>\n<\/p><\/div>\n","protected":false},"excerpt":{"rendered":"<p>EverFlex ir hondroit\u012bna, MSM (metilsulfonilmet\u0101na) un glikozam\u012bna kombin\u0101cija, ko izstr\u0101d\u0101ju\u0161i speci\u0101listi.<\/p>\n","protected":false},"featured_media":3972,"comment_status":"open","ping_status":"closed","template":"","meta":{"_kad_blocks_custom_css":"","_kad_blocks_head_custom_js":"","_kad_blocks_body_custom_js":"","_kad_blocks_footer_custom_js":"","_kadence_starter_templates_imported_post":false,"_swpsp_post_exclude":false,"_kad_post_transparent":"","_kad_post_title":"","_kad_post_layout":"","_kad_post_sidebar_id":"","_kad_post_content_style":"","_kad_post_vertical_padding":"","_kad_post_feature":"","_kad_post_feature_position":"","_kad_post_header":false,"_kad_post_footer":false,"_kad_post_classname":""},"product_brand":[],"product_cat":[36,45],"product_tag":[],"class_list":{"0":"post-4248","1":"product","2":"type-product","3":"status-publish","4":"has-post-thumbnail","6":"product_cat-dietiskas-piedevas","7":"product_cat-skeleta-muskulu-sistema","9":"first","10":"instock","11":"sale","12":"taxable","13":"shipping-taxable","14":"purchasable","15":"product-type-simple","16":"entry","17":"content-bg","18":"loop-entry"},"taxonomy_info":{"product_cat":[{"value":36,"label":"Di\u0113tisk\u0101s piedevas"},{"value":45,"label":"Skeleta-musku\u013cu sist\u0113ma"}]},"featured_image_src_large":["https:\/\/veselibasskola.lv\/wp-content\/uploads\/2025\/11\/f04d3b9c92394f1e725989c88b9783dc-1024x1024.png",1024,1024,true],"author_info":[],"comment_info":0,"_links":{"self":[{"href":"https:\/\/veselibasskola.lv\/ru\/wp-json\/wp\/v2\/product\/4248","targetHints":{"allow":["GET"]}}],"collection":[{"href":"https:\/\/veselibasskola.lv\/ru\/wp-json\/wp\/v2\/product"}],"about":[{"href":"https:\/\/veselibasskola.lv\/ru\/wp-json\/wp\/v2\/types\/product"}],"replies":[{"embeddable":true,"href":"https:\/\/veselibasskola.lv\/ru\/wp-json\/wp\/v2\/comments?post=4248"}],"wp:featuredmedia":[{"embeddable":true,"href":"https:\/\/veselibasskola.lv\/ru\/wp-json\/wp\/v2\/media\/3972"}],"wp:attachment":[{"href":"https:\/\/veselibasskola.lv\/ru\/wp-json\/wp\/v2\/media?parent=4248"}],"wp:term":[{"taxonomy":"product_brand","embeddable":true,"href":"https:\/\/veselibasskola.lv\/ru\/wp-json\/wp\/v2\/product_brand?post=4248"},{"taxonomy":"product_cat","embeddable":true,"href":"https:\/\/veselibasskola.lv\/ru\/wp-json\/wp\/v2\/product_cat?post=4248"},{"taxonomy":"product_tag","embeddable":true,"href":"https:\/\/veselibasskola.lv\/ru\/wp-json\/wp\/v2\/product_tag?post=4248"}],"curies":[{"name":"wp","href":"https:\/\/api.w.org\/{rel}","templated":true}]}}