{"id":4250,"date":"2026-02-19T19:44:11","date_gmt":"2026-02-19T17:44:11","guid":{"rendered":"https:\/\/veselibasskola.lv\/?post_type=product&#038;p=4250"},"modified":"2026-02-19T19:44:15","modified_gmt":"2026-02-19T17:44:15","slug":"coq10-60-kaps","status":"publish","type":"product","link":"https:\/\/veselibasskola.lv\/ru\/p\/coq10-60-kaps\/","title":{"rendered":"CoQ10 (60 kaps.)"},"content":{"rendered":"\n<div>\n<div>\n<p>CoQ10 ir viens no m\u016bsu iecien\u012bt\u0101kajiem produktiem ASV klientu vid\u016b. Katra kapsula satur pat 100 mg koenz\u012bma Q10!\u00a0<\/p>\n<p>Koenz\u012bms Q10 ir savienojums, kas atrodas katr\u0101 cilv\u0113ka \u0137erme\u0146a \u0161\u016bn\u0101, kur ir atbild\u012bgs par atbilsto\u0161u ener\u0123ijas veido\u0161anu mitohondrij\u0101s.\u00a0<\/p>\n<p>Sakar\u0101 ar to, ka CoQ10 vislab\u0101k pie\u0146emt kop\u0101 ar vesel\u012bgajiem taukiem, m\u016bs\u0113jais ir novietots kapsul\u0101, kas pild\u012bta ar pirm\u0101 spieduma ol\u012bve\u013c\u013cu, lai nodro\u0161in\u0101tu lab\u0101ku uzs\u016bk\u0161anu.\u00a0<\/p>\n<p><img\/><\/p>\n<p><strong>SAST\u0100VDA\u013bAS:\u00a0<\/strong><\/p>\n<p>pirm\u0101 spieduma ol\u012bve\u013c\u013ca, m\u012bkst\u0101 kapsula: \u017eelat\u012bns, mitrin\u0101t\u0101js (glicer\u012bns), \u016bdens, kr\u0101sviela (anatomy), t\u012brs koenz\u012bms Q10, biezin\u0101t\u0101js (bi\u0161u vasks (dzeltens), emulgators (saulespu\u0137u lecit\u012bns).<\/p>\n<p><strong>SVAR\u012aGAS SAST\u0100VDA\u013bAS:<\/strong><\/p>\n<p>Ieteicamas dienas dozes saturs (2 kaps.)<\/p>\n<p>Koenz\u012bms Q10 \u2026&#8230;&#8230;&#8230;.. 200 mg<\/p>\n<p><strong>IETEICAMA PORCIJA DIENAS LIETO\u0160ANAI:<\/strong><\/p>\n<p>Lietojiet 1 kapsulu \u0113\u0161anas laik\u0101, 2 reizes dien\u0101.<\/p>\n<p>Nep\u0101rsniedziet ieteicamo dienas dozi. Ja lietojat z\u0101les, pirms lieto\u0161anas konsult\u0113jieties ar \u0101rstu vai farmaceitu. Uztura bag\u0101tin\u0101t\u0101ju nevar lietot k\u0101 diferenc\u0113tas di\u0113tas ekvivalentu (aizst\u0101j\u0113ju). Pudele ir aizplomb\u0113ta. Neizmantojiet boj\u0101\u0161anas vai iek\u0161\u0113j\u0101 bl\u012bv\u0113juma tr\u016bkuma gad\u012bjum\u0101.\u00a0<\/p>\n<p>Glab\u0101\u0161ana: Glab\u0101t v\u0113s\u0101 un saus\u0101 viet\u0101. Glab\u0101t maziem b\u0113rniem nepieejam\u0101 viet\u0101.<\/p>\n<hr\/>\n<p><span>NATURE&#8217;S SUNSHINE MUDINA VESEL\u012aGAM DZ\u012aVESVEIDAM.\u00a0<\/span><span>Di\u0113tas bag\u0101tin\u0101t\u0101ji nevar b\u016bt lietoti k\u0101 diferenc\u0113tas di\u0113tas aizst\u0101j\u0113ji. Balans\u0113ta di\u0113ta un vesel\u012bgs dz\u012bvesveids ir organisma pareizas funkcion\u0113\u0161anas pamats.<\/span><\/p>\n<div>\u00a0<\/div>\n<div><\/div>\n<\/p><\/div>\n<\/p><\/div>\n","protected":false},"excerpt":{"rendered":"<p>Koenz\u012bms Q10 ir savienojums, kas atrodas katr\u0101 cilv\u0113ka \u0137erme\u0146a \u0161\u016bn\u0101, kur ir atbild\u012bgs par atbilsto\u0161u ener\u0123ijas veido\u0161anu mitohondrij\u0101s.\u00a0  Sakar\u0101 ar to, ka CoQ10 vislab\u0101k pie\u0146emt kop\u0101 ar vesel\u012bgajiem taukiem, m\u016bs\u0113jais ir novietots kapsul\u0101, kas pild\u012bta ar pirm\u0101 spieduma ol\u012bve\u013c\u013cu, lai nodro\u0161in\u0101tu lab\u0101ku uzs\u016bk\u0161anu.<\/p>\n","protected":false},"featured_media":4019,"comment_status":"open","ping_status":"closed","template":"","meta":{"_kad_blocks_custom_css":"","_kad_blocks_head_custom_js":"","_kad_blocks_body_custom_js":"","_kad_blocks_footer_custom_js":"","_kadence_starter_templates_imported_post":false,"_swpsp_post_exclude":false,"_kad_post_transparent":"","_kad_post_title":"","_kad_post_layout":"","_kad_post_sidebar_id":"","_kad_post_content_style":"","_kad_post_vertical_padding":"","_kad_post_feature":"","_kad_post_feature_position":"","_kad_post_header":false,"_kad_post_footer":false,"_kad_post_classname":""},"product_brand":[],"product_cat":[36],"product_tag":[],"class_list":{"0":"post-4250","1":"product","2":"type-product","3":"status-publish","4":"has-post-thumbnail","6":"product_cat-dietiskas-piedevas","8":"first","9":"instock","10":"sale","11":"taxable","12":"shipping-taxable","13":"purchasable","14":"product-type-simple","15":"entry","16":"content-bg","17":"loop-entry"},"taxonomy_info":{"product_cat":[{"value":36,"label":"Di\u0113tisk\u0101s piedevas"}]},"featured_image_src_large":["https:\/\/veselibasskola.lv\/wp-content\/uploads\/2025\/11\/db76545ec7b093cd533226cfe6b66fa3-1024x1024.png",1024,1024,true],"author_info":[],"comment_info":0,"_links":{"self":[{"href":"https:\/\/veselibasskola.lv\/ru\/wp-json\/wp\/v2\/product\/4250","targetHints":{"allow":["GET"]}}],"collection":[{"href":"https:\/\/veselibasskola.lv\/ru\/wp-json\/wp\/v2\/product"}],"about":[{"href":"https:\/\/veselibasskola.lv\/ru\/wp-json\/wp\/v2\/types\/product"}],"replies":[{"embeddable":true,"href":"https:\/\/veselibasskola.lv\/ru\/wp-json\/wp\/v2\/comments?post=4250"}],"wp:featuredmedia":[{"embeddable":true,"href":"https:\/\/veselibasskola.lv\/ru\/wp-json\/wp\/v2\/media\/4019"}],"wp:attachment":[{"href":"https:\/\/veselibasskola.lv\/ru\/wp-json\/wp\/v2\/media?parent=4250"}],"wp:term":[{"taxonomy":"product_brand","embeddable":true,"href":"https:\/\/veselibasskola.lv\/ru\/wp-json\/wp\/v2\/product_brand?post=4250"},{"taxonomy":"product_cat","embeddable":true,"href":"https:\/\/veselibasskola.lv\/ru\/wp-json\/wp\/v2\/product_cat?post=4250"},{"taxonomy":"product_tag","embeddable":true,"href":"https:\/\/veselibasskola.lv\/ru\/wp-json\/wp\/v2\/product_tag?post=4250"}],"curies":[{"name":"wp","href":"https:\/\/api.w.org\/{rel}","templated":true}]}}