{"id":4252,"date":"2026-02-19T19:44:12","date_gmt":"2026-02-19T17:44:12","guid":{"rendered":"https:\/\/veselibasskola.lv\/?post_type=product&#038;p=4252"},"modified":"2026-02-19T19:44:15","modified_gmt":"2026-02-19T17:44:15","slug":"vari-gone-90-kaps","status":"publish","type":"product","link":"https:\/\/veselibasskola.lv\/ru\/p\/vari-gone-90-kaps\/","title":{"rendered":"Vari-Gone (90 kaps.)"},"content":{"rendered":"\n<div>\n<div>\n<p><strong>VARI-GONE<\/strong><\/p>\n<p>UZTURA BAG\u0100TIN\u0100T\u0100JS<\/p>\n<p><strong>K\u0101 tas darbojas?<\/strong><\/p>\n<p>Vari-Gone ir rad\u012bts, lai veicin\u0101tu asinsvadu vesel\u012bbu. Pateicoties parast\u0101 zirgkasta\u0146a (Aesculus hippocastanum) s\u0113klu ekstraktam un C vitam\u012bnam, tas lieliski pilda \u0161o uzdevumu.<\/p>\n<p>Parast\u0101 zirgkasta\u0146a s\u0113klu ekstrakts veicina sirds un asinsvadu vesel\u012bbu, atbalsta vesel\u012bgas v\u0113nas un kapil\u0101rus un pal\u012bdz uztur\u0113t vesel\u012bgu asinsriti k\u0101j\u0101s.<\/p>\n<p><strong>K\u0101p\u0113c Vari-Gone?\u00a0<\/strong><\/p>\n<p>Vari-Gone ir unik\u0101ls mais\u012bjums, kas veicina sirds un asinsvadu sist\u0113mas vesel\u012bbu, bet vispirms tas ir dro\u0161s produkts, kura sast\u0101vda\u013cas nav \u0123en\u0113tiski modific\u0113tas, ir veg\u0101niskas un nesatur glut\u0113nu.<\/p>\n<table>\n<tbody>\n<tr>\n<td>\n<p><strong>Akt\u012bv\u0101s vielas<\/strong><\/p>\n<\/td>\n<td>\n<p>Dienas porcij\u0101<\/p>\n<p>(divas kapsulas)<\/p>\n<\/td>\n<td>\n<p>% NRV*\u00a0<\/p>\n<p>(dienas porcija)<\/p>\n<\/td>\n<\/tr>\n<tr>\n<td>\n<p>C vitam\u012bns\u00a0<\/p>\n<\/td>\n<td>\n<p>97 mg<\/p>\n<\/td>\n<td>\n<p>121%<\/p>\n<\/td>\n<\/tr>\n<tr>\n<td>\n<p>Parast\u0101 zirgkasta\u0146a (Aesculus hippocastanum) s\u0113klu ekstrakts (standartiz\u0113ts l\u012bdz 20 % esc\u012bna)\u00a0<\/p>\n<\/td>\n<td>\n<p>350 mg<\/p>\n<\/td>\n<td>\n<p>**<\/p>\n<\/td>\n<\/tr>\n<tr>\n<td>\n<p>Grie\u0137u sier\u0101boli\u0146a (Trigonella foenum-graecum) s\u0113klas\u00a0<\/p>\n<\/td>\n<td>\n<p>90 mg<\/p>\n<\/td>\n<td>\n<p>**<\/p>\n<\/td>\n<\/tr>\n<tr>\n<td>\n<p>Rut\u012bns no Jap\u0101nas soforas (Sophora japonica) pumpuriem\u00a0<\/p>\n<\/td>\n<td>\n<p>60 mg<\/p>\n<\/td>\n<td>\n<p>**<\/p>\n<\/td>\n<\/tr>\n<tr>\n<td>\n<p>Hesperid\u012bns<\/p>\n<\/td>\n<td>\n<p>8,4 mg<\/p>\n<\/td>\n<td>\n<p>**<\/p>\n<\/td>\n<\/tr>\n<tr>\n<td>\n<p>Citrona bioflavono\u012bdi\u00a0<\/p>\n<\/td>\n<td>\n<p>60 mg<\/p>\n<\/td>\n<td>\n<p>**<\/p>\n<\/td>\n<\/tr>\n<tr>\n<td>\n<p>* NRV: ieteicam\u0101 dienas deva pieaugu\u0161ajiem.<\/p>\n<p>** NRV nav noteikta.<\/p>\n<\/td>\n<\/tr>\n<\/tbody>\n<\/table>\n<p><strong>Sast\u0101vda\u013cas:<\/strong><br \/>parast\u0101 zirgkasta\u0146a s\u0113klu ekstrakta pulveris (Aesculus hippocastanum), apjoma palielin\u0101t\u0101ji (mikrokrist\u0101lisk\u0101 celuloze), kapsulas apvalks (\u017eelat\u012bns), L-askorb\u012bnsk\u0101be (C vitam\u012bns), grie\u0137u sier\u0101boli\u0146a s\u0113klu pulveris (Trigonella foenum-graecum), rut\u012bns (no Jap\u0101nas soforas pumpuriem (Sophora japonica)), hesperid\u012bns, citrona bioflavono\u012bdi, pretsalipes viela (tauksk\u0101bju magnija s\u0101\u013ci)<\/br><\/p>\n<p><strong>Ieteicam\u0101 porcija pat\u0113ri\u0146am dienas laik\u0101:<\/strong><\/p>\n<p>Divas kapsulas dien\u0101 \u0113dienreizes laik\u0101.\u00a0Nedr\u012bkst p\u0101rsniegt rekomend\u0113tas dienas dozi.<\/p>\n<p>Z\u0101\u013cu pie\u0146em\u0161anas gad\u012bjum\u0101 pirms lieto\u0161anas konsult\u0113jieties ar \u0101rstu vai farmaceitu<\/p>\n<p>Glab\u0101t saus\u0101 un v\u0113s\u0101, b\u0113rniem nepieejam\u0101 viet\u0101.<\/p>\n<p>NATURE&#8217;S SUNSHINE MUDINA VESEL\u012aGAM DZ\u012aVESVEIDAM.\u00a0Di\u0113tas bag\u0101tin\u0101t\u0101ji nevar b\u016bt lietoti k\u0101 diferenc\u0113tas di\u0113tas aizst\u0101j\u0113ji. Balans\u0113ta di\u0113ta un vesel\u012bgs dz\u012bvesveids ir organisma pareizas funkcion\u0113\u0161anas pamats.<\/p>\n<div><\/div>\n<\/p><\/div>\n<\/p><\/div>\n","protected":false},"excerpt":{"rendered":"<p>Vari-Gone ir rad\u012bts, lai veicin\u0101tu asinsvadu vesel\u012bbu. Pateicoties parast\u0101 zirgkasta\u0146a (Aesculus hippocastanum) s\u0113klu ekstraktam un C vitam\u012bnam, tas lieliski pilda \u0161o uzdevumu.  Parast\u0101 zirgkasta\u0146a s\u0113klu ekstrakts veicina sirds un asinsvadu vesel\u012bbu, atbalsta vesel\u012bgas v\u0113nas un kapil\u0101rus un pal\u012bdz uztur\u0113t vesel\u012bgu asinsriti k\u0101j\u0101s.<\/p>\n","protected":false},"featured_media":2932,"comment_status":"open","ping_status":"closed","template":"","meta":{"_kad_blocks_custom_css":"","_kad_blocks_head_custom_js":"","_kad_blocks_body_custom_js":"","_kad_blocks_footer_custom_js":"","_kadence_starter_templates_imported_post":false,"_swpsp_post_exclude":false,"_kad_post_transparent":"","_kad_post_title":"","_kad_post_layout":"","_kad_post_sidebar_id":"","_kad_post_content_style":"","_kad_post_vertical_padding":"","_kad_post_feature":"","_kad_post_feature_position":"","_kad_post_header":false,"_kad_post_footer":false,"_kad_post_classname":""},"product_brand":[],"product_cat":[40,36],"product_tag":[],"class_list":{"0":"post-4252","1":"product","2":"type-product","3":"status-publish","4":"has-post-thumbnail","6":"product_cat-asinsrites-sistema","7":"product_cat-dietiskas-piedevas","9":"first","10":"instock","11":"sale","12":"taxable","13":"shipping-taxable","14":"purchasable","15":"product-type-simple","16":"entry","17":"content-bg","18":"loop-entry"},"taxonomy_info":{"product_cat":[{"value":40,"label":"Asinsrites sist\u0113ma"},{"value":36,"label":"Di\u0113tisk\u0101s piedevas"}]},"featured_image_src_large":["https:\/\/veselibasskola.lv\/wp-content\/uploads\/2023\/12\/faad21832e10785f7c344a456ba70ae4-1024x1024.png",1024,1024,true],"author_info":[],"comment_info":0,"_links":{"self":[{"href":"https:\/\/veselibasskola.lv\/ru\/wp-json\/wp\/v2\/product\/4252","targetHints":{"allow":["GET"]}}],"collection":[{"href":"https:\/\/veselibasskola.lv\/ru\/wp-json\/wp\/v2\/product"}],"about":[{"href":"https:\/\/veselibasskola.lv\/ru\/wp-json\/wp\/v2\/types\/product"}],"replies":[{"embeddable":true,"href":"https:\/\/veselibasskola.lv\/ru\/wp-json\/wp\/v2\/comments?post=4252"}],"wp:featuredmedia":[{"embeddable":true,"href":"https:\/\/veselibasskola.lv\/ru\/wp-json\/wp\/v2\/media\/2932"}],"wp:attachment":[{"href":"https:\/\/veselibasskola.lv\/ru\/wp-json\/wp\/v2\/media?parent=4252"}],"wp:term":[{"taxonomy":"product_brand","embeddable":true,"href":"https:\/\/veselibasskola.lv\/ru\/wp-json\/wp\/v2\/product_brand?post=4252"},{"taxonomy":"product_cat","embeddable":true,"href":"https:\/\/veselibasskola.lv\/ru\/wp-json\/wp\/v2\/product_cat?post=4252"},{"taxonomy":"product_tag","embeddable":true,"href":"https:\/\/veselibasskola.lv\/ru\/wp-json\/wp\/v2\/product_tag?post=4252"}],"curies":[{"name":"wp","href":"https:\/\/api.w.org\/{rel}","templated":true}]}}