{"id":4253,"date":"2026-02-19T19:44:12","date_gmt":"2026-02-19T17:44:12","guid":{"rendered":"https:\/\/veselibasskola.lv\/?post_type=product&#038;p=4253"},"modified":"2026-02-19T19:44:15","modified_gmt":"2026-02-19T17:44:15","slug":"bowel-build-120-kaps","status":"publish","type":"product","link":"https:\/\/veselibasskola.lv\/ru\/p\/bowel-build-120-kaps\/","title":{"rendered":"Bowel Build (120 kaps.)"},"content":{"rendered":"\n<div>\n<div>\n<h1><span>BOWEL BUILD<\/span><\/h1>\n<h4><span>Uztura bag\u0101tin\u0101t\u0101js<\/span><\/h4>\n<hr\/>\n<p>Bowel Build tika izveidots, lai atbalst\u012btu pareizu gremo\u0161anas sist\u0113mas darb\u012bbu, un burtiskais t\u0101s nosaukuma tulkojums noz\u012bm\u0113 \u201czarnu strukt\u016bra\u201d.\u00a0 Produkta perfekti p\u0101rdom\u0101t\u0101 formula sast\u0101v no t\u0101d\u0101m augu sast\u0101vda\u013c\u0101m, k\u0101 olveida ce\u013cteku mizas, kas pal\u012bdz uztur\u0113t vesel\u012bgu zarnu, atvieglo \u201czarnu transport\u0113\u0161anu\u201d un atbalsta gremo\u0161anu, vai ingvers, kas atbalsta gremo\u0161anas sist\u0113mas visp\u0101r\u0113jo st\u0101vokli, k\u0101 ar\u012b vitam\u012bni un miner\u0101lvielas, piem\u0113ram, cinks, kas pal\u012bdz metaboliz\u0113t makroelementus un tauksk\u0101bes, vitam\u012bns C, kas nepiecie\u0161ams pareizai ener\u0123ijas metabolismam, un vitam\u012bns A, kas savuk\u0101rt veicina norm\u0101lu dzelzs metabolismu.\u00a0\u00a0<\/p>\n<p>Kompoz\u012bcija ir papildin\u0101ta ar aktiv\u0113to ogli, beta\u012bnu, vitam\u012bnu E un sel\u0113nu.<\/p>\n<p>Bowel Build daudzus gadus \u013coti interes\u0113 Nature&#8217;s Sunshine klientus vis\u0101 pasaul\u0113, kuri mekl\u0113 p\u0101rbaud\u012btus un efekt\u012bvus produktus gremo\u0161anas trakta vesel\u012bbai.<\/br><\/p>\n<ul>\n<li>Olveida ce\u013ctekas pal\u012bdz uztur\u0113t vesel\u012bgu zarnu, atvieglo zarnu transport\u0113\u0161anu un atbalsta gremo\u0161anu.<\/li>\n<li>Ingvera saknenis atbalsta visp\u0101r\u0113jo gremo\u0161anas sist\u0113mas st\u0101vokli un og\u013chidr\u0101tu metabolismu.<\/li>\n<li>Vitam\u012bns C pal\u012bdz uztur\u0113t pareizu ener\u0123ijas metabolismu.<\/li>\n<li>Vitam\u012bns A veicina pareizu dzelzs metabolismu.<\/li>\n<li>Cinks veicina pareizu olbaltumvielu, tauku un og\u013chidr\u0101tu metabolismu.<\/li>\n<\/ul>\n<hr\/>\n<p><strong>Sast\u0101vs:<\/strong><br \/>Olveida ce\u013cteku mizas pulveris, cirtain\u0101s sk\u0101benes sak\u0146u pulveris, biezin\u0101t\u0101js: n\u0101trija algin\u0101ta pulveris, altejas saknes pulveris, \u0101bolu pekt\u012bns, aktiv\u0113t\u0101 ogle, L-askorb\u012bnsk\u0101be (vitam\u012bns C), ingvera sakne\u0146u pulveris, beta\u012bna hidrohlor\u012bds, cinka glikon\u0101ts, L-selenometion\u012bns, kr\u0101sviela: hlorofilu un hlorofil\u012bnu vara kompleksi, D-alfa-tokoferols (vitam\u012bns E), beta-karot\u012bns (vitam\u012bns A), pildviela (celuloze), pretsalipes vielas (tauksk\u0101bju magnija s\u0101\u013ci, sil\u012bcija dioks\u012bds), kapsulas apvalks (\u017eelat\u012bns, \u016bdens).<\/br><\/p>\n<hr\/>\n<p><strong>SVAR\u012aGAS SAST\u0100VDA\u013bAS:<\/strong><\/p>\n<div>Saturs ieteicam\u0101 porcij\u0101 (8 kaps.):<\/div>\n<p><span>Vitam\u012bni<\/span>\u00a0A&#8230;&#8230;&#8230;&#8230;&#8230;&#8230;&#8230;&#8230;&#8230;&#8230;&#8230;&#8230;200 \u03bcg&#8230;&#8230;..25% IDD\u00a0*<br \/><span>Vitam\u012bni<\/span>\u00a0E&#8230;&#8230;&#8230;&#8230;&#8230;&#8230;&#8230;&#8230;&#8230;&#8230;&#8230;&#8230;10.6 mg&#8230;&#8230;88% IDD\u00a0*<br \/><span>Vitam\u012bni<\/span>\u00a0C&#8230;&#8230;&#8230;&#8230;&#8230;&#8230;&#8230;&#8230;&#8230;&#8230;&#8230;&#8230;80 mg&#8230;&#8230;&#8230;100% IDD\u00a0*<br \/><span>Cinks<\/span>&#8230;&#8230;&#8230;&#8230;&#8230;&#8230;&#8230;&#8230;&#8230;&#8230;&#8230;&#8230;&#8230;&#8230;&#8230;.8 mg&#8230;&#8230;&#8230;..80% IDD\u00a0*<br \/>Sel\u0113ns&#8230;&#8230;&#8230;&#8230;&#8230;&#8230;&#8230;&#8230;&#8230;&#8230;&#8230;&#8230;&#8230;&#8230;.40 \u03bcg&#8230;&#8230;&#8230;.73% IDD\u00a0*<br \/>Beta\u012bna Hidrohlor\u012bds&#8230;&#8230;&#8230;&#8230;&#8230;&#8230;64 mg **<br \/>*IDD ikdienas atsauces deva pieaugu\u0161ajiem<br \/>** IDD nav nor\u0101d\u012bts<\/br><\/br><\/p>\n<p><strong>Ieteicama porcija dienas lieto\u0161anai:<br \/><\/strong>Lietojiet \u010detras kapsulas divas reizes dien\u0101, \u0113\u0161anas laik\u0101 no r\u012bta un vakar\u0101.<br \/>Nep\u0101rsniegt ieteicamo dienas dozi!\u00a0<\/p>\n<p>Produkts var izrais\u012bt aler\u0123isku reakciju cilv\u0113kiem, kam ir aler\u0123ija pret olveida ce\u013cteku.<br \/>Produktu nav ieteicams lietot gr\u016btniec\u0113m.<\/p>\n<hr\/>\n<p><strong>Glab\u0101\u0161ana:<br \/><\/strong>Glab\u0101t v\u0113s\u0101 un saus\u0101 viet\u0101. Glab\u0101t maziem b\u0113rniem nepieejam\u0101 viet\u0101.<\/p>\n<hr\/>\n<p><span>NATURE&#8217;S SUNSHINE MUDINA VESEL\u012aGAM DZ\u012aVESVEIDAM.\u00a0<\/span><span>Di\u0113tas bag\u0101tin\u0101t\u0101ji nevar b\u016bt lietoti k\u0101 diferenc\u0113tas di\u0113tas aizst\u0101j\u0113ji. Balans\u0113ta di\u0113ta un vesel\u012bgs dz\u012bvesveids ir organisma pareizas funkcion\u0113\u0161anas pamats.<\/span><\/p>\n<div><\/div>\n<\/p><\/div>\n<\/p><\/div>\n","protected":false},"excerpt":{"rendered":"<p>Bowel Build tika izveidots, lai atbalst\u012btu pareizu gremo\u0161anas sist\u0113mas darb\u012bbu, un burtiskais t\u0101s nosaukuma tulkojums noz\u012bm\u0113 \u201czarnu strukt\u016bra\u201d.\u00a0 Produkta perfekti p\u0101rdom\u0101t\u0101 formula sast\u0101v no t\u0101d\u0101m augu sast\u0101vda\u013c\u0101m, k\u0101 olveida ce\u013cteku mizas, kas pal\u012bdz uztur\u0113t vesel\u012bgu zarnu, atvieglo \u201czarnu transport\u0113\u0161anu\u201d un atbalsta gremo\u0161anu, vai ingvers, kas atbalsta gremo\u0161anas sist\u0113mas visp\u0101r\u0113jo st\u0101vokli, k\u0101 ar\u012b vitam\u012bni un miner\u0101lvielas, piem\u0113ram, cinks, kas pal\u012bdz metaboliz\u0113t makroelementus un tauksk\u0101bes, vitam\u012bns C, kas nepiecie\u0161ams pareizai ener\u0123ijas metabolismam, un vitam\u012bns A, kas savuk\u0101rt veicina norm\u0101lu dzelzs metabolismu.<\/p>\n","protected":false},"featured_media":2836,"comment_status":"open","ping_status":"closed","template":"","meta":{"_kad_blocks_custom_css":"","_kad_blocks_head_custom_js":"","_kad_blocks_body_custom_js":"","_kad_blocks_footer_custom_js":"","_kadence_starter_templates_imported_post":false,"_swpsp_post_exclude":false,"_kad_post_transparent":"","_kad_post_title":"","_kad_post_layout":"","_kad_post_sidebar_id":"","_kad_post_content_style":"","_kad_post_vertical_padding":"","_kad_post_feature":"","_kad_post_feature_position":"","_kad_post_header":false,"_kad_post_footer":false,"_kad_post_classname":""},"product_brand":[],"product_cat":[36,41,39],"product_tag":[],"class_list":{"0":"post-4253","1":"product","2":"type-product","3":"status-publish","4":"has-post-thumbnail","6":"product_cat-dietiskas-piedevas","7":"product_cat-energija-un-vielmaina","8":"product_cat-gremosanas-sistema","10":"first","11":"instock","12":"sale","13":"taxable","14":"shipping-taxable","15":"purchasable","16":"product-type-simple","17":"entry","18":"content-bg","19":"loop-entry"},"taxonomy_info":{"product_cat":[{"value":36,"label":"Di\u0113tisk\u0101s piedevas"},{"value":41,"label":"Ener\u0123ija un vielmai\u0146a"},{"value":39,"label":"Gremo\u0161anas sist\u0113ma"}]},"featured_image_src_large":["https:\/\/veselibasskola.lv\/wp-content\/uploads\/2023\/12\/12fb908593d3e228eff05098ffcf2ae2-1024x1024.png",1024,1024,true],"author_info":[],"comment_info":0,"_links":{"self":[{"href":"https:\/\/veselibasskola.lv\/ru\/wp-json\/wp\/v2\/product\/4253","targetHints":{"allow":["GET"]}}],"collection":[{"href":"https:\/\/veselibasskola.lv\/ru\/wp-json\/wp\/v2\/product"}],"about":[{"href":"https:\/\/veselibasskola.lv\/ru\/wp-json\/wp\/v2\/types\/product"}],"replies":[{"embeddable":true,"href":"https:\/\/veselibasskola.lv\/ru\/wp-json\/wp\/v2\/comments?post=4253"}],"wp:featuredmedia":[{"embeddable":true,"href":"https:\/\/veselibasskola.lv\/ru\/wp-json\/wp\/v2\/media\/2836"}],"wp:attachment":[{"href":"https:\/\/veselibasskola.lv\/ru\/wp-json\/wp\/v2\/media?parent=4253"}],"wp:term":[{"taxonomy":"product_brand","embeddable":true,"href":"https:\/\/veselibasskola.lv\/ru\/wp-json\/wp\/v2\/product_brand?post=4253"},{"taxonomy":"product_cat","embeddable":true,"href":"https:\/\/veselibasskola.lv\/ru\/wp-json\/wp\/v2\/product_cat?post=4253"},{"taxonomy":"product_tag","embeddable":true,"href":"https:\/\/veselibasskola.lv\/ru\/wp-json\/wp\/v2\/product_tag?post=4253"}],"curies":[{"name":"wp","href":"https:\/\/api.w.org\/{rel}","templated":true}]}}