{"id":4256,"date":"2026-02-19T19:44:12","date_gmt":"2026-02-19T17:44:12","guid":{"rendered":"https:\/\/veselibasskola.lv\/?post_type=product&#038;p=4256"},"modified":"2026-02-19T19:44:16","modified_gmt":"2026-02-19T17:44:16","slug":"vitamins-c-ar-bioflavonoidiem-60-tabl","status":"publish","type":"product","link":"https:\/\/veselibasskola.lv\/ru\/p\/vitamins-c-ar-bioflavonoidiem-60-tabl\/","title":{"rendered":"Vitam\u012bns C ar bioflavono\u012bdiem (60 tabl."},"content":{"rendered":"\n<div>\n<div>\n<h1><span>VITAM\u012aNS C<\/span><\/h1>\n<h4><span>DIETAS BAG\u0100TIN\u0100T\u0100JI<\/span><\/h4>\n<hr\/>\n<p>Nature\u2019s Sunshine Vitam\u012bns C &#8212; ir produkts, kas pateicoties t\u0101d\u0101m sast\u0101vda\u013c\u0101m, k\u0101 vitam\u012bns C, rut\u012bns un hesperid\u012bns, redzami ietekm\u0113 uz organisma funkcion\u0113\u0161anu. <br \/>Vitam\u012bns C, kas produkt\u0101 atrodas \u013coti liel\u0101 doz\u0113 1000 mg (dienas pras\u012bbas 1250%) pal\u012bdz t\u0101diem cilv\u0113ka organisma procesiem, k\u0101, piem., pareiz\u0101 im\u016bnas sist\u0113mas funkcion\u0113\u0161ana intens\u012bvu fizisku vingrin\u0101jumu laik\u0101 un p\u0113c vingrin\u0101jumiem, kolag\u0113na izveido\u0161ana ar m\u0113r\u0137i nodro\u0161in\u0101t pareizu <br \/>\u00a0<br \/>kaulu, skrim\u0161\u013cu, smaganu un \u0101das funkcion\u0113\u0161anu, pareizu ener\u0123\u0113tisku metabolismu, k\u0101 ar\u012b pareizu nervu sist\u0113mas funkcion\u0113\u0161anu. <br \/>Vitam\u012bns C samazina noguruma saj\u016btu un pal\u012bdz sarg\u0101t \u0161\u016bnas no oksid\u0101cijas stresa.<\/br><\/br><\/br><\/br><\/p>\n<ul>\n<li>Vitam\u012bns C pal\u012bdz im\u016bnas sist\u0113mas pareiz\u0101 funkcion\u0113\u0161an\u0101.<\/li>\n<li>Vitam\u012bns C mudina im\u016bnas sist\u0113mas darb\u012bbu intens\u012bvu fizisku vingrin\u0101jumu laik\u0101 un p\u0113c vingrin\u0101jumiem.<\/li>\n<\/ul>\n<hr\/>\n<p><strong><span>SAST\u0100VS:<\/span><\/strong><\/p>\n<p>vitam\u012bns C (L-askorb\u012bnsk\u0101be), antioksidants: tauksk\u0101bes; biezin\u0101t\u0101js: hidroksipropilmetilceluloze; <br \/>emulgators: tauksk\u0101bju magnija s\u0101\u013ci; biezin\u0101t\u0101js: kalcija fosf\u0101ti; pretsalipes viela (silicija dioks\u012bds); <br \/>acerolas aug\u013cu ekstrakts; hesperid\u012bns; citronu bioflavono\u012bdi; me\u017erozes aug\u013cu ekstrakts; rut\u012bns<\/p>\n<hr\/>\n<p><strong><span>SVAR\u012aGAS SAST\u0100VDA\u013bAS:<\/span><\/strong><\/p>\n<p>Saturs ieteicam\u0101 porcij\u0101 (1 kaps.):<br \/>Vitam\u012bns C (L-askorb\u012bnsk\u0101be) &#8230; 1000 mg \/ 1250% IDD*<br \/>Acerolas aug\u013cu ekstrakts &#8230;&#8230;&#8230;&#8230;&#8230;&#8230;&#8230;&#8230;&#8230;.. 5 mg**<br \/>Hesperid\u012bns &#8230;&#8230;&#8230;&#8230;&#8230;&#8230;&#8230;&#8230;&#8230;&#8230;&#8230;&#8230;&#8230;&#8230;&#8230;&#8230;&#8230;.. 5 mg**<br \/>Citronu bioflavono\u012bdi &#8230;&#8230;&#8230;&#8230;&#8230;&#8230;&#8230;&#8230;&#8230;&#8230; 5 mg**<br \/>Me\u017erozes aug\u013cu pulveris &#8230;&#8230;&#8230;&#8230;. 5 mg**<br \/>Rut\u012bns &#8230;&#8230;&#8230;&#8230;&#8230;&#8230;&#8230;&#8230;&#8230;&#8230;&#8230;&#8230;&#8230;&#8230;&#8230;&#8230;&#8230;&#8230;&#8230;&#8230;&#8230;&#8230; 5 mg**<br \/>* IDD &#8212; ieteicama dienas doze<br \/>** Nenoteikt\u0101 ieteicama dienas doze.<\/p>\n<hr\/>\n<p><strong><span>IETEICAMA PORCIJA DIENAS LIETO\u0160ANAI:<\/span><\/strong><\/p>\n<p>1 tablete dien\u0101<br \/>Nedr\u012bkst p\u0101rsniegt rekomend\u0113tas dienas dozi.<\/p>\n<hr\/>\n<p><strong><span>GLAB\u0100\u0160ANA: <\/span><\/strong><br \/>Glab\u0101t saus\u0101 un v\u0113s\u0101, b\u0113rniem nepieejam\u0101 viet\u0101.<\/p>\n<p><span>NATURE&#8217;S SUNSHINE MUDINA VESEL\u012aGAM DZ\u012aVESVEIDAM.<\/span><br \/><span>Di\u0113tas bag\u0101tin\u0101t\u0101ji nevar b\u016bt lietoti k\u0101 diferenc\u0113tas di\u0113tas aizst\u0101j\u0113ji. Balans\u0113ta di\u0113ta un vesel\u012bgs dz\u012bvesveids ir organisma pareizas funkcion\u0113\u0161anas pamats.<\/span><\/p>\n<div><\/div>\n<\/p><\/div>\n<\/p><\/div>\n","protected":false},"excerpt":{"rendered":"<p>Nature\u2019s Sunshine Vitam\u012bns C &#8212; ir produkts, kas pateicoties t\u0101d\u0101m sast\u0101vda\u013c\u0101m, k\u0101 vitam\u012bns C, rut\u012bns un hesperid\u012bns, redzami ietekm\u0113 uz organisma funkcion\u0113\u0161anu. Vitam\u012bns C, kas produkt\u0101 atrodas \u013coti liel\u0101 doz\u0113 1000 mg (dienas pras\u012bbas 1250%) pal\u012bdz t\u0101diem cilv\u0113ka organisma procesiem, k\u0101, piem., pareiz\u0101 im\u016bnas sist\u0113mas funkcion\u0113\u0161ana intens\u012bvu fizisku vingrin\u0101jumu laik\u0101 un p\u0113c vingrin\u0101jumiem, kolag\u0113na izveido\u0161ana ar m\u0113r\u0137i nodro\u0161in\u0101t pareizu \u00a0 kaulu, skrim\u0161\u013cu, smaganu un \u0101das funkcion\u0113\u0161anu, pareizu ener\u0123\u0113tisku metabolismu, k\u0101 ar\u012b pareizu nervu sist\u0113mas funkcion\u0113\u0161anu. Vitam\u012bns C samazina noguruma saj\u016btu un pal\u012bdz sarg\u0101t \u0161\u016bnas no oksid\u0101cijas stresa.<\/p>\n","protected":false},"featured_media":2799,"comment_status":"open","ping_status":"closed","template":"","meta":{"_kad_blocks_custom_css":"","_kad_blocks_head_custom_js":"","_kad_blocks_body_custom_js":"","_kad_blocks_footer_custom_js":"","_kadence_starter_templates_imported_post":false,"_swpsp_post_exclude":false,"_kad_post_transparent":"","_kad_post_title":"","_kad_post_layout":"","_kad_post_sidebar_id":"","_kad_post_content_style":"","_kad_post_vertical_padding":"","_kad_post_feature":"","_kad_post_feature_position":"","_kad_post_header":false,"_kad_post_footer":false,"_kad_post_classname":""},"product_brand":[],"product_cat":[36,41,42,45],"product_tag":[],"class_list":{"0":"post-4256","1":"product","2":"type-product","3":"status-publish","4":"has-post-thumbnail","6":"product_cat-dietiskas-piedevas","7":"product_cat-energija-un-vielmaina","8":"product_cat-imunsistema","9":"product_cat-skeleta-muskulu-sistema","11":"first","12":"instock","13":"sale","14":"taxable","15":"shipping-taxable","16":"purchasable","17":"product-type-simple","18":"entry","19":"content-bg","20":"loop-entry"},"taxonomy_info":{"product_cat":[{"value":36,"label":"Di\u0113tisk\u0101s piedevas"},{"value":41,"label":"Ener\u0123ija un vielmai\u0146a"},{"value":42,"label":"Im\u016bnsist\u0113ma"},{"value":45,"label":"Skeleta-musku\u013cu sist\u0113ma"}]},"featured_image_src_large":["https:\/\/veselibasskola.lv\/wp-content\/uploads\/2023\/12\/877729186630ce5e4ba1279414d5d120-1024x1024.png",1024,1024,true],"author_info":[],"comment_info":0,"_links":{"self":[{"href":"https:\/\/veselibasskola.lv\/ru\/wp-json\/wp\/v2\/product\/4256","targetHints":{"allow":["GET"]}}],"collection":[{"href":"https:\/\/veselibasskola.lv\/ru\/wp-json\/wp\/v2\/product"}],"about":[{"href":"https:\/\/veselibasskola.lv\/ru\/wp-json\/wp\/v2\/types\/product"}],"replies":[{"embeddable":true,"href":"https:\/\/veselibasskola.lv\/ru\/wp-json\/wp\/v2\/comments?post=4256"}],"wp:featuredmedia":[{"embeddable":true,"href":"https:\/\/veselibasskola.lv\/ru\/wp-json\/wp\/v2\/media\/2799"}],"wp:attachment":[{"href":"https:\/\/veselibasskola.lv\/ru\/wp-json\/wp\/v2\/media?parent=4256"}],"wp:term":[{"taxonomy":"product_brand","embeddable":true,"href":"https:\/\/veselibasskola.lv\/ru\/wp-json\/wp\/v2\/product_brand?post=4256"},{"taxonomy":"product_cat","embeddable":true,"href":"https:\/\/veselibasskola.lv\/ru\/wp-json\/wp\/v2\/product_cat?post=4256"},{"taxonomy":"product_tag","embeddable":true,"href":"https:\/\/veselibasskola.lv\/ru\/wp-json\/wp\/v2\/product_tag?post=4256"}],"curies":[{"name":"wp","href":"https:\/\/api.w.org\/{rel}","templated":true}]}}