{"id":4257,"date":"2026-02-19T19:44:12","date_gmt":"2026-02-19T17:44:12","guid":{"rendered":"https:\/\/veselibasskola.lv\/?post_type=product&#038;p=4257"},"modified":"2026-02-19T19:44:16","modified_gmt":"2026-02-19T17:44:16","slug":"koka-imitacijas-v-w350-difuzors","status":"publish","type":"product","link":"https:\/\/veselibasskola.lv\/ru\/p\/koka-imitacijas-v-w350-difuzors\/","title":{"rendered":"Koka imit\u0101cijas V-W350 difuzors"},"content":{"rendered":"\n<div>\n<div>\n<p><strong>ULTRASONISKS DIFF\u016aZORS<\/strong><\/p>\n<p>Nature&#8217;s Sunshine ultraska\u0146as diff\u016bzors eleganti un \u0113rti piepilda j\u016bsu m\u0101ju vai darba vietu ar luksusa, atjaunojo\u0161iem un nomierino\u0161iem arom\u0101tiem no Nature&#8217;s Sunshine ori\u0123in\u0101lajiem \u0113teriskajiem e\u013c\u013c\u0101m.<\/p>\n<p>Pateicoties uzlabotai ultraska\u0146as tehnolo\u0123ijai ar vibr\u0101cij\u0101m frekvenc\u0113 2,4 miljoni reizes sekund\u0113, e\u013c\u013cas molekulas izklied\u0113jas \u016bdens migl\u0101.<\/p>\n<p>Diff\u016bzors nesilda saturu, t\u0101p\u0113c \u0113terisk\u0101s e\u013c\u013cas nesamazina savus dabiskos, autentiskos arom\u0101tus un vesel\u012bbas priek\u0161roc\u012bbas.<\/p>\n<p>Viegli lietojams! Vienk\u0101r\u0161i pievienojiet destil\u0113tu \u016bdeni un ori\u0123in\u0101lo \u0113terisko e\u013c\u013cu no Nature&#8217;s Sunshine.<\/p>\n<p><strong>Lieto\u0161anai ar Nature&#8217;s Sunshine ori\u0123in\u0101laj\u0101m \u0113teriskaj\u0101m e\u013c\u013c\u0101m:<\/strong><\/p>\n<p>\u2022 P\u0101rdom\u0101ta ultraska\u0146as tehnolo\u0123ija<\/p>\n<p>\u2022 Tilpums: 300 ml<\/p>\n<p>\u2022 Iesp\u0113jams regul\u0113t darb\u012bbas laiku (60, 180, 360 min\u016btes)<\/p>\n<p>\u2022 Autom\u0101tiska izsl\u0113g\u0161ana<\/p>\n<p>\u2022 LED apgaismojums da\u017e\u0101d\u0101s kr\u0101s\u0101s<\/p>\n<p>\u2022 J\u016bsu iecien\u012btais arom\u0101ts vis\u0101 m\u0101j\u0101 &#8212; plat\u012bba l\u012bdz 30 m<sup>2<\/sup><\/p>\n<p>\u2022 Pal\u012bdz mitrin\u0101t telpas<\/br><\/br><\/br><\/br><\/p>\n<p><strong>\u00a0<\/strong><\/p>\n<div><\/div>\n<\/p><\/div>\n<\/p><\/div>\n","protected":false},"excerpt":{"rendered":"<p>ULTRASONISKS DIFF\u016aZORS Nature&#8217;s Sunshine ultraska\u0146as diff\u016bzors eleganti un \u0113rti piepilda j\u016bsu m\u0101ju vai darba vietu ar luksusa, atjaunojo\u0161iem un nomierino\u0161iem arom\u0101tiem no Nature&#8217;s Sunshine ori\u0123in\u0101lajiem \u0113teriskajiem e\u013c\u013c\u0101m. Pateicoties uzlabotai ultraska\u0146as tehnolo\u0123ijai ar vibr\u0101cij\u0101m frekvenc\u0113 2,4 miljoni reizes sekund\u0113, e\u013c\u013cas molekulas izklied\u0113jas \u016bdens migl\u0101. Diff\u016bzors nesilda saturu, t\u0101p\u0113c \u0113terisk\u0101s e\u013c\u013cas nesamazina savus dabiskos, autentiskos arom\u0101tus un&#8230;<\/p>\n","protected":false},"featured_media":2697,"comment_status":"open","ping_status":"closed","template":"","meta":{"_kad_blocks_custom_css":"","_kad_blocks_head_custom_js":"","_kad_blocks_body_custom_js":"","_kad_blocks_footer_custom_js":"","_kadence_starter_templates_imported_post":false,"_swpsp_post_exclude":false,"_kad_post_transparent":"","_kad_post_title":"","_kad_post_layout":"","_kad_post_sidebar_id":"","_kad_post_content_style":"","_kad_post_vertical_padding":"","_kad_post_feature":"","_kad_post_feature_position":"","_kad_post_header":false,"_kad_post_footer":false,"_kad_post_classname":""},"product_brand":[],"product_cat":[34],"product_tag":[],"class_list":{"0":"post-4257","1":"product","2":"type-product","3":"status-publish","4":"has-post-thumbnail","6":"product_cat-aksesuari","8":"first","9":"instock","10":"sale","11":"taxable","12":"shipping-taxable","13":"purchasable","14":"product-type-simple","15":"entry","16":"content-bg","17":"loop-entry"},"taxonomy_info":{"product_cat":[{"value":34,"label":"Aksesu\u0101ri"}]},"featured_image_src_large":["https:\/\/veselibasskola.lv\/wp-content\/uploads\/2023\/12\/ed02eaa06ddf6368174632f8c7e3876b.png",470,470,false],"author_info":[],"comment_info":0,"_links":{"self":[{"href":"https:\/\/veselibasskola.lv\/ru\/wp-json\/wp\/v2\/product\/4257","targetHints":{"allow":["GET"]}}],"collection":[{"href":"https:\/\/veselibasskola.lv\/ru\/wp-json\/wp\/v2\/product"}],"about":[{"href":"https:\/\/veselibasskola.lv\/ru\/wp-json\/wp\/v2\/types\/product"}],"replies":[{"embeddable":true,"href":"https:\/\/veselibasskola.lv\/ru\/wp-json\/wp\/v2\/comments?post=4257"}],"wp:featuredmedia":[{"embeddable":true,"href":"https:\/\/veselibasskola.lv\/ru\/wp-json\/wp\/v2\/media\/2697"}],"wp:attachment":[{"href":"https:\/\/veselibasskola.lv\/ru\/wp-json\/wp\/v2\/media?parent=4257"}],"wp:term":[{"taxonomy":"product_brand","embeddable":true,"href":"https:\/\/veselibasskola.lv\/ru\/wp-json\/wp\/v2\/product_brand?post=4257"},{"taxonomy":"product_cat","embeddable":true,"href":"https:\/\/veselibasskola.lv\/ru\/wp-json\/wp\/v2\/product_cat?post=4257"},{"taxonomy":"product_tag","embeddable":true,"href":"https:\/\/veselibasskola.lv\/ru\/wp-json\/wp\/v2\/product_tag?post=4257"}],"curies":[{"name":"wp","href":"https:\/\/api.w.org\/{rel}","templated":true}]}}