{"id":4258,"date":"2026-02-19T19:44:12","date_gmt":"2026-02-19T17:44:12","guid":{"rendered":"https:\/\/veselibasskola.lv\/?post_type=product&#038;p=4258"},"modified":"2026-02-19T19:44:16","modified_gmt":"2026-02-19T17:44:16","slug":"loclo-344-g","status":"publish","type":"product","link":"https:\/\/veselibasskola.lv\/ru\/p\/loclo-344-g\/","title":{"rendered":"Loclo (344 g)"},"content":{"rendered":"\n<div>\n<div>\n<h1><span>LOCLO &#8212; Uztura \u0161\u0137iedrviela<br \/><\/span><\/h1>\n<h4><span>DIETAS BAG\u0100TIN\u0100T\u0100JI<\/span><\/h4>\n<hr\/>\n<p>Loclo &#8212; lielisks uztura \u0161\u0137iedrvielu avots. Viena produkta porcija (9,5 g) pieg\u0101d\u0101 pat 3,8 g. Loclo satur \u0161\u0137\u012bsto\u0161u un ne\u0161\u0137\u012bsto\u0161u \u0161\u0137iedrvielu. <br \/>Produkta \u0161\u0137iedrviela izcels no \u0101boliem un auzu klij\u0101m. Turkl\u0101t produkt\u0101 atrodas ar\u012b kan\u0113lis, kurkum\u012bns, rozmar\u012bns.<br \/>Kan\u0113lis uzlabo \u0113stgribu un gremo\u0161anu, pal\u012bdz saglab\u0101t attiec\u012bgu cukura l\u012bmeni asin\u012b un atbalsta laba holester\u012bna (HDL) veido\u0161anu. <br \/>Kan\u0113lis pal\u012bdz ar\u012b saglab\u0101t attiec\u012bgu g\u0101zes l\u012bmeni un ku\u0146\u0123a komfortu.<br \/>Kurkum\u012bns atbalsta asins veido\u0161anu un kvalit\u0101ti, sirds darb\u012bbu, k\u0101 ar\u012b pal\u012bdz uzlabot \u0113stgribu p\u0113c pazaud\u0113\u0161anas.<br \/>Rozmar\u012bns pal\u012bdz atbalst\u012bt pareizu aknas darb\u012bbu, uzlabo uztura komfortu un pal\u012bdz lab\u0101k gremot taukus.<\/br><\/br><\/br><\/p>\n<ul>\n<li>Viena Loclo porcija satur 1,6 g \u0101bolu \u0161\u0137iedrvielu, un kurkum\u012bns Loclo pal\u012bdz saglab\u0101t vesel\u012bgu aknu.<\/li>\n<li>Kan\u0113lis atbalsta sirdi un asinsriti, k\u0101 ar\u012b laba holester\u012bna (HDL) veido\u0161anu.<\/li>\n<li>Kan\u0113lis atbalsta ur\u012bnorg\u0101nu un rad\u012b\u0161anas sist\u0113mu.<\/li>\n<\/ul>\n<hr\/>\n<p><span><strong>SAST\u0100VS:<\/strong><\/span><br \/>brokoli; k\u0101posti; burk\u0101ni; sarkanas bietes; tom\u0101ti; kurkum\u012bns; rozmar\u012bns; ce\u013cteka; fruktoze; greipfr\u016btu un apels\u012bnu bioflavono\u012bdi; hesperid\u012bns; \u0101bolu \u0161\u0137iedrviela; gumiar\u0101biks; gu\u0101ra sve\u0137i; auzu klijas; citronsk\u0101be; kan\u0113lis; sk\u0101buma regul\u0113t\u0101js (k\u0101lija karbon\u0101ti)<\/p>\n<hr\/>\n<p><strong><span>SVAR\u012aGAS SAST\u0100VDA\u013bAS:<\/span><\/strong><\/p>\n<p>Saturs ieteicam\u0101 porcij\u0101 (9,5 g):<br \/>Ce\u013cteka &#8230;&#8230;&#8230;&#8230;&#8230;&#8230;&#8230;&#8230;&#8230;&#8230;&#8230;&#8230;&#8230;&#8230;&#8230;&#8230; 2,36 g * <br \/>\u0100bolu \u0161\u0137iedrviela &#8230;&#8230;&#8230;&#8230;&#8230;&#8230;&#8230;&#8230;&#8230;&#8230;&#8230;&#8230;&#8230;&#8230;&#8230;&#8230;. 1,6 g * <br \/>Auzu klijas &#8230;&#8230;&#8230;&#8230;&#8230;&#8230;&#8230;&#8230;&#8230;&#8230;&#8230;&#8230;&#8230;&#8230;&#8230;&#8230;.. 0,8 g * <br \/>Gu\u0101ra sve\u0137i &#8230;&#8230;&#8230;&#8230;&#8230;&#8230;&#8230;&#8230;&#8230;&#8230;&#8230;&#8230;&#8230;&#8230;&#8230;&#8230;&#8230;&#8230;&#8230;&#8230; 0,8 g * <br \/>Gumiar\u0101biks &#8230;&#8230;&#8230;&#8230;&#8230;&#8230;&#8230;&#8230;&#8230;&#8230;&#8230;&#8230;&#8230;&#8230;&#8230;&#8230;.. 0,8 g * <br \/>Kan\u0113lis &#8230;&#8230;&#8230;&#8230;&#8230;&#8230;&#8230;&#8230;&#8230;&#8230;&#8230;&#8230;&#8230;&#8230;&#8230;&#8230;&#8230;&#8230;&#8230;&#8230;&#8230; 0,3 g *<br \/>*Nenoteikt\u0101 ieteicama dienas doze.<\/p>\n<hr\/>\n<p><strong><span>IETEICAMA PORCIJA DIENAS LIETO\u0160ANAI:<\/span><\/strong><br \/>Vienu pilnu karoti (9,5 g) iejaukt \u016bdens glaz\u0113 un izdzert t\u016bl\u012bt p\u0113c pagatavo\u0161anas. <br \/>Lietot vienu reizi dien\u0101.<br \/>Nedr\u012bkst p\u0101rsniegt rekomend\u0113tas dienas dozi.<\/p>\n<hr\/>\n<p><strong><span>GLAB\u0100\u0160ANA:<\/span><\/strong><\/p>\n<p>Glab\u0101t saus\u0101 un v\u0113s\u0101, b\u0113rniem nepieejam\u0101 viet\u0101.<\/p>\n<p><span>NATURE&#8217;S SUNSHINE MUDINA VESEL\u012aGAM DZ\u012aVESVEIDAM.<\/span><br \/><span>Di\u0113tas bag\u0101tin\u0101t\u0101ji nevar b\u016bt lietoti k\u0101 diferenc\u0113tas di\u0113tas aizst\u0101j\u0113ji. Balans\u0113ta di\u0113ta un vesel\u012bgs dz\u012bvesveids ir organisma pareizas funkcion\u0113\u0161anas pamats.<\/span><\/p>\n<div><\/div>\n<\/p><\/div>\n<\/p><\/div>\n","protected":false},"excerpt":{"rendered":"<p>Loclo &#8212; lielisks uztura \u0161\u0137iedrvielu avots. Viena produkta porcija (9,5 g) pieg\u0101d\u0101 pat 3,8 g. Loclo satur \u0161\u0137\u012bsto\u0161u un ne\u0161\u0137\u012bsto\u0161u \u0161\u0137iedrvielu. Produkta \u0161\u0137iedrviela izcels no \u0101boliem un auzu klij\u0101m. Turkl\u0101t produkt\u0101 atrodas ar\u012b kan\u0113lis, kurkum\u012bns, rozmar\u012bns. Kan\u0113lis uzlabo \u0113stgribu un gremo\u0161anu, pal\u012bdz saglab\u0101t attiec\u012bgu cukura l\u012bmeni asin\u012b un atbalsta laba holester\u012bna (HDL) veido\u0161anu. Kan\u0113lis pal\u012bdz ar\u012b saglab\u0101t attiec\u012bgu g\u0101zes l\u012bmeni un ku\u0146\u0123a komfortu. Kurkum\u012bns atbalsta asins veido\u0161anu un kvalit\u0101ti, sirds darb\u012bbu, k\u0101 ar\u012b pal\u012bdz uzlabot \u0113stgribu p\u0113c pazaud\u0113\u0161anas. Rozmar\u012bns pal\u012bdz atbalst\u012bt pareizu aknas darb\u012bbu, uzlabo uztura komfortu un pal\u012bdz lab\u0101k gremot taukus.<\/p>\n","protected":false},"featured_media":2946,"comment_status":"open","ping_status":"closed","template":"","meta":{"_kad_blocks_custom_css":"","_kad_blocks_head_custom_js":"","_kad_blocks_body_custom_js":"","_kad_blocks_footer_custom_js":"","_kadence_starter_templates_imported_post":false,"_swpsp_post_exclude":false,"_kad_post_transparent":"","_kad_post_title":"","_kad_post_layout":"","_kad_post_sidebar_id":"","_kad_post_content_style":"","_kad_post_vertical_padding":"","_kad_post_feature":"","_kad_post_feature_position":"","_kad_post_header":false,"_kad_post_footer":false,"_kad_post_classname":""},"product_brand":[],"product_cat":[36,39,48],"product_tag":[],"class_list":{"0":"post-4258","1":"product","2":"type-product","3":"status-publish","4":"has-post-thumbnail","6":"product_cat-dietiskas-piedevas","7":"product_cat-gremosanas-sistema","8":"product_cat-urincelu-sistema","10":"first","11":"instock","12":"sale","13":"taxable","14":"shipping-taxable","15":"purchasable","16":"product-type-simple","17":"entry","18":"content-bg","19":"loop-entry"},"taxonomy_info":{"product_cat":[{"value":36,"label":"Di\u0113tisk\u0101s piedevas"},{"value":39,"label":"Gremo\u0161anas sist\u0113ma"},{"value":48,"label":"Ur\u012bnce\u013cu sist\u0113ma"}]},"featured_image_src_large":["https:\/\/veselibasskola.lv\/wp-content\/uploads\/2023\/12\/897bd659fb8dac8f7fd39fb5a5be3886-1024x1024.png",1024,1024,true],"author_info":[],"comment_info":0,"_links":{"self":[{"href":"https:\/\/veselibasskola.lv\/ru\/wp-json\/wp\/v2\/product\/4258","targetHints":{"allow":["GET"]}}],"collection":[{"href":"https:\/\/veselibasskola.lv\/ru\/wp-json\/wp\/v2\/product"}],"about":[{"href":"https:\/\/veselibasskola.lv\/ru\/wp-json\/wp\/v2\/types\/product"}],"replies":[{"embeddable":true,"href":"https:\/\/veselibasskola.lv\/ru\/wp-json\/wp\/v2\/comments?post=4258"}],"wp:featuredmedia":[{"embeddable":true,"href":"https:\/\/veselibasskola.lv\/ru\/wp-json\/wp\/v2\/media\/2946"}],"wp:attachment":[{"href":"https:\/\/veselibasskola.lv\/ru\/wp-json\/wp\/v2\/media?parent=4258"}],"wp:term":[{"taxonomy":"product_brand","embeddable":true,"href":"https:\/\/veselibasskola.lv\/ru\/wp-json\/wp\/v2\/product_brand?post=4258"},{"taxonomy":"product_cat","embeddable":true,"href":"https:\/\/veselibasskola.lv\/ru\/wp-json\/wp\/v2\/product_cat?post=4258"},{"taxonomy":"product_tag","embeddable":true,"href":"https:\/\/veselibasskola.lv\/ru\/wp-json\/wp\/v2\/product_tag?post=4258"}],"curies":[{"name":"wp","href":"https:\/\/api.w.org\/{rel}","templated":true}]}}