{"id":4259,"date":"2026-02-19T19:44:12","date_gmt":"2026-02-19T17:44:12","guid":{"rendered":"https:\/\/veselibasskola.lv\/?post_type=product&#038;p=4259"},"modified":"2026-02-19T19:44:16","modified_gmt":"2026-02-19T17:44:16","slug":"vitamin-b-complex-120-tabl","status":"publish","type":"product","link":"https:\/\/veselibasskola.lv\/ru\/p\/vitamin-b-complex-120-tabl\/","title":{"rendered":"Vitamin B Complex (120 tabl.)"},"content":{"rendered":"\n<div>\n<div>\n<h1><span>Vitamin B Complex\u00a0<\/span><\/h1>\n<h4><span>UZTURA BAG\u0100TIN\u0100T\u0100JS<\/span><\/h4>\n<hr\/>\n<p><span>Piem\u0113rots veg\u0101niem un ve\u0123et\u0101rie\u0161iem<\/span><\/p>\n<p><span>B grupas vitam\u012bni ir nepiecie\u0161ami m\u016bsu organismam un ir iesaist\u012bti daudzos dz\u012bves pamatprocesos. Produkta formula tika izveidota, lai uztur\u0113tu pareizu ener\u0123ijas metabolismu un saglab\u0101tu psiholo\u0123isk\u0101s funkcijas, t\u0101p\u0113c taj\u0101 tiek izmantotas B grupas vitam\u012bnu popul\u0101r\u0101k\u0101s \u012bpa\u0161\u012bbas, kur\u0101m tom\u0113r rakstur\u012bgs daudz pla\u0161\u0101ks darb\u012bbas spektrs.<\/span><\/p>\n<p><span>B2 vitam\u012bns (riboflav\u012bns) ietekm\u0113 nervu sist\u0113mas vesel\u012bbu, pal\u012bdz uztur\u0113t labu redzi, B6 vitam\u012bns papildus atbalsta im\u016bnsist\u0113mu, un niac\u012bns pal\u012bdz uztur\u0113t vesel\u012bgu \u0101du. Nav \u0161aubu, ka ikdienas uzturam j\u0101b\u016bt t\u0101dam, lai organismam nodro\u0161in\u0101tu B grupas vitam\u012bnus. Uztura bag\u0101tin\u0101\u0161ana, \u0161\u0137iet, ir ide\u0101ls risin\u0101jums.<\/span><\/p>\n<p><span>Vitamin B Complex formulu papildina citrusaug\u013cu bioflavono\u012bdi un gar\u0161augi, piem\u0113ram, rozmar\u012bns un kurkuma.<\/span><\/p>\n<hr\/>\n<p><span><strong>SAST\u0100VDA\u013bAS:<\/strong><\/span><br \/>nikot\u012bnsk\u0101bes am\u012bds, pantot\u0113nsk\u0101be, B6 vitam\u012bns, riboflav\u012bns, tiam\u012bns, folsk\u0101be, D-biot\u012bns, B12 vitam\u012bns, SynerPro koncentr\u0101ts [broko\u013cu ziedu pulveris (Brassica oleracea var. italica), lapu k\u0101postu lapu pulveris (Brassica oleracea var. capitata), savva\u013cas burk\u0101nu sak\u0146u pulveris (Daucus carota), parasto bie\u0161u sak\u0146u pulveris (Beta vulgaris), rozmar\u012bna lapu pulveris (Rosmarinus officinalis), \u0113damo tom\u0101tu aug\u013cu pulveris (Solanum lycopersicum), kurkumas sakne\u0146u pulveris (Curcuma longa), bioflavono\u012bdu ekstrakta pulveris no greipfr\u016btiem, bioflavono\u012bdu ekstrakta pulveris no hesperid\u012bna, bioflavono\u012bdu ekstrakta pulveris no apels\u012bniem], pretsalipes vielas (kalcija fosf\u0101ti, mikrokrist\u0101lisk\u0101 celuloze, tauksk\u0101bes, n\u0101trija karboksimetilceluloze, tauksk\u0101bju magnija s\u0101\u013ci).<\/br><\/p>\n<hr\/>\n<p><span><strong>GALVEN\u0100S SAST\u0100VDA\u013bAS:<br \/><\/strong><\/span>Saturs ieteiktaj\u0101 dev\u0101 (1 tabl.):<br \/>Tiam\u012bns (B1) \u2013 6 mg \/ 545% ID*<br \/>Riboflav\u012bns (B2) &#8212; 6,8 mg &#8212; 486% ID*<br \/>Niac\u012bns &#8212; 50 mg &#8212; 313% ID**<br \/>B6 vitam\u012bns &#8212; 8 mg &#8212; 571% ID**<br \/>Folijsk\u0101be &#8212; 400 \u03bcg &#8212; 200% ID*<br \/>B12 vitam\u012bns &#8212; 24 \u03bcg &#8212; 960% ID*<br \/>Biot\u012bns &#8212; 300 \u03bcg &#8212; 600% ID*<br \/>Pantot\u0113nsk\u0101be &#8212; 40 mg &#8212; 667% ID**<br \/>Greipfr\u016btu ekstrakts 1,25 mg &#8212; tostarp bioflavono\u012bdu 50 \u03bcg <br \/>Hesperid\u012bna ekstrakts 1,25 mg &#8212; tostarp bioflavono\u012bdu 310 \u03bcg<br \/>Apels\u012bnu ekstrakts 1,25 mg &#8212; tostarp bioflavono\u012bdu 15 \u03bcg<\/br><\/br><\/p>\n<p>*ID &#8212; Ieteicam\u0101 deva<br \/>**Ieteicam\u0101 deva nav noteikta.<\/p>\n<hr\/>\n<p><span><strong>IETEICAM\u0100 DIENNAKTS DEVA:\u00a0<\/strong><\/span><\/p>\n<p>1 tablete reizi dien\u0101 \u0113\u0161anas laik\u0101.\u00a0<br \/>Nep\u0101rsniedziet ieteicamo diennakts devu.<\/p>\n<hr\/>\n<p>Uzglab\u0101t saus\u0101 un v\u0113s\u0101, maziem b\u0113rniem nepieejam\u0101 viet\u0101.<\/p>\n<hr\/>\n<p><span>Nature\u2019s Sunshine veicina vesel\u012bgu dz\u012bvesveidu. Uztura bag\u0101tin\u0101t\u0101ji nevar aizst\u0101t pilnv\u0113rt\u012bgu uzturu. Sabalans\u0113ts uzturs un vesel\u012bgs dz\u012bvesveids ir pamats pareizai organisma funkcion\u0113\u0161anai.<\/span><\/p>\n<div><\/div>\n<\/p><\/div>\n<\/p><\/div>\n","protected":false},"excerpt":{"rendered":"<p>B grupas vitam\u012bni ir nepiecie\u0161ami m\u016bsu organismam un ir iesaist\u012bti daudzos dz\u012bves pamatprocesos. Produkta formula tika izveidota, lai uztur\u0113tu pareizu ener\u0123ijas metabolismu un saglab\u0101tu psiholo\u0123isk\u0101s funkcijas, t\u0101p\u0113c taj\u0101 tiek izmantotas B grupas vitam\u012bnu popul\u0101r\u0101k\u0101s \u012bpa\u0161\u012bbas, kur\u0101m tom\u0113r rakstur\u012bgs daudz pla\u0161\u0101ks darb\u012bbas spektrs.  B2 vitam\u012bns (riboflav\u012bns) ietekm\u0113 nervu sist\u0113mas vesel\u012bbu, pal\u012bdz uztur\u0113t labu redzi, B6 vitam\u012bns papildus atbalsta im\u016bnsist\u0113mu, un niac\u012bns pal\u012bdz uztur\u0113t vesel\u012bgu \u0101du. Nav \u0161aubu, ka ikdienas uzturam j\u0101b\u016bt t\u0101dam, lai organismam nodro\u0161in\u0101tu B grupas vitam\u012bnus. Uztura bag\u0101tin\u0101\u0161ana, \u0161\u0137iet, ir ide\u0101ls risin\u0101jums.<\/p>\n","protected":false},"featured_media":2805,"comment_status":"open","ping_status":"closed","template":"","meta":{"_kad_blocks_custom_css":"","_kad_blocks_head_custom_js":"","_kad_blocks_body_custom_js":"","_kad_blocks_footer_custom_js":"","_kadence_starter_templates_imported_post":false,"_swpsp_post_exclude":false,"_kad_post_transparent":"","_kad_post_title":"","_kad_post_layout":"","_kad_post_sidebar_id":"","_kad_post_content_style":"","_kad_post_vertical_padding":"","_kad_post_feature":"","_kad_post_feature_position":"","_kad_post_header":false,"_kad_post_footer":false,"_kad_post_classname":""},"product_brand":[],"product_cat":[36,41,42,46],"product_tag":[],"class_list":{"0":"post-4259","1":"product","2":"type-product","3":"status-publish","4":"has-post-thumbnail","6":"product_cat-dietiskas-piedevas","7":"product_cat-energija-un-vielmaina","8":"product_cat-imunsistema","9":"product_cat-nervu-sistema","11":"first","12":"instock","13":"sale","14":"taxable","15":"shipping-taxable","16":"purchasable","17":"product-type-simple","18":"entry","19":"content-bg","20":"loop-entry"},"taxonomy_info":{"product_cat":[{"value":36,"label":"Di\u0113tisk\u0101s piedevas"},{"value":41,"label":"Ener\u0123ija un vielmai\u0146a"},{"value":42,"label":"Im\u016bnsist\u0113ma"},{"value":46,"label":"Nervu sist\u0113ma"}]},"featured_image_src_large":["https:\/\/veselibasskola.lv\/wp-content\/uploads\/2023\/12\/867816c5111faef6457d697f627284dd-1024x1024.png",1024,1024,true],"author_info":[],"comment_info":0,"_links":{"self":[{"href":"https:\/\/veselibasskola.lv\/ru\/wp-json\/wp\/v2\/product\/4259","targetHints":{"allow":["GET"]}}],"collection":[{"href":"https:\/\/veselibasskola.lv\/ru\/wp-json\/wp\/v2\/product"}],"about":[{"href":"https:\/\/veselibasskola.lv\/ru\/wp-json\/wp\/v2\/types\/product"}],"replies":[{"embeddable":true,"href":"https:\/\/veselibasskola.lv\/ru\/wp-json\/wp\/v2\/comments?post=4259"}],"wp:featuredmedia":[{"embeddable":true,"href":"https:\/\/veselibasskola.lv\/ru\/wp-json\/wp\/v2\/media\/2805"}],"wp:attachment":[{"href":"https:\/\/veselibasskola.lv\/ru\/wp-json\/wp\/v2\/media?parent=4259"}],"wp:term":[{"taxonomy":"product_brand","embeddable":true,"href":"https:\/\/veselibasskola.lv\/ru\/wp-json\/wp\/v2\/product_brand?post=4259"},{"taxonomy":"product_cat","embeddable":true,"href":"https:\/\/veselibasskola.lv\/ru\/wp-json\/wp\/v2\/product_cat?post=4259"},{"taxonomy":"product_tag","embeddable":true,"href":"https:\/\/veselibasskola.lv\/ru\/wp-json\/wp\/v2\/product_tag?post=4259"}],"curies":[{"name":"wp","href":"https:\/\/api.w.org\/{rel}","templated":true}]}}