{"id":4261,"date":"2026-02-19T19:44:13","date_gmt":"2026-02-19T17:44:13","guid":{"rendered":"https:\/\/veselibasskola.lv\/?post_type=product&#038;p=4261"},"modified":"2026-02-19T19:44:17","modified_gmt":"2026-02-19T17:44:17","slug":"auto-difuzors-u56-7","status":"publish","type":"product","link":"https:\/\/veselibasskola.lv\/ru\/p\/auto-difuzors-u56-7\/","title":{"rendered":"Auto difuzors U56\/7"},"content":{"rendered":"\n<div>\n<div>\n<p><strong>ULTRASKA\u0145AS DIFF\u016aZORS &#8212; USB<\/strong><\/p>\n<p><strong>Lieto\u0161anai ar\u012b ar dab\u012bgajiem \u0113teriskajiem e\u013c\u013c\u0101m no Nature&#8217;s Sunshine:<\/strong><\/p>\n<p>\u2022 P\u0101rdom\u0101ta ultraska\u0146as tehnolo\u0123ija<\/p>\n<p>\u2022 Tilpums: 65 ml<\/p>\n<p>\u2022 Autom\u0101tiska izsl\u0113g\u0161ana<\/br><\/br><\/br><\/br><\/p>\n<p><strong>Ieteicams lietot automa\u0161\u012bn\u0101 &#8212; lieliski iederas gl\u0101\u017eu tur\u0113t\u0101jos.<\/strong><\/p>\n<div><\/div>\n<\/p><\/div>\n<\/p><\/div>\n","protected":false},"excerpt":{"rendered":"<p>ULTRASKA\u0145AS DIFF\u016aZORS &#8212; USB Lieto\u0161anai ar\u012b ar dab\u012bgajiem \u0113teriskajiem e\u013c\u013c\u0101m no Nature&#8217;s Sunshine: \u2022 P\u0101rdom\u0101ta ultraska\u0146as tehnolo\u0123ija \u2022 Tilpums: 65 ml \u2022 Autom\u0101tiska izsl\u0113g\u0161ana Ieteicams lietot automa\u0161\u012bn\u0101 &#8212; lieliski iederas gl\u0101\u017eu tur\u0113t\u0101jos.<\/p>\n","protected":false},"featured_media":2695,"comment_status":"open","ping_status":"closed","template":"","meta":{"_kad_blocks_custom_css":"","_kad_blocks_head_custom_js":"","_kad_blocks_body_custom_js":"","_kad_blocks_footer_custom_js":"","_kadence_starter_templates_imported_post":false,"_swpsp_post_exclude":false,"_kad_post_transparent":"","_kad_post_title":"","_kad_post_layout":"","_kad_post_sidebar_id":"","_kad_post_content_style":"","_kad_post_vertical_padding":"","_kad_post_feature":"","_kad_post_feature_position":"","_kad_post_header":false,"_kad_post_footer":false,"_kad_post_classname":""},"product_brand":[],"product_cat":[34],"product_tag":[],"class_list":{"0":"post-4261","1":"product","2":"type-product","3":"status-publish","4":"has-post-thumbnail","6":"product_cat-aksesuari","8":"first","9":"instock","10":"sale","11":"taxable","12":"shipping-taxable","13":"purchasable","14":"product-type-simple","15":"entry","16":"content-bg","17":"loop-entry"},"taxonomy_info":{"product_cat":[{"value":34,"label":"Aksesu\u0101ri"}]},"featured_image_src_large":["https:\/\/veselibasskola.lv\/wp-content\/uploads\/2023\/12\/7c3d48a1d9e4baf13e2c1f91d4d8c253.png",470,470,false],"author_info":[],"comment_info":0,"_links":{"self":[{"href":"https:\/\/veselibasskola.lv\/ru\/wp-json\/wp\/v2\/product\/4261","targetHints":{"allow":["GET"]}}],"collection":[{"href":"https:\/\/veselibasskola.lv\/ru\/wp-json\/wp\/v2\/product"}],"about":[{"href":"https:\/\/veselibasskola.lv\/ru\/wp-json\/wp\/v2\/types\/product"}],"replies":[{"embeddable":true,"href":"https:\/\/veselibasskola.lv\/ru\/wp-json\/wp\/v2\/comments?post=4261"}],"wp:featuredmedia":[{"embeddable":true,"href":"https:\/\/veselibasskola.lv\/ru\/wp-json\/wp\/v2\/media\/2695"}],"wp:attachment":[{"href":"https:\/\/veselibasskola.lv\/ru\/wp-json\/wp\/v2\/media?parent=4261"}],"wp:term":[{"taxonomy":"product_brand","embeddable":true,"href":"https:\/\/veselibasskola.lv\/ru\/wp-json\/wp\/v2\/product_brand?post=4261"},{"taxonomy":"product_cat","embeddable":true,"href":"https:\/\/veselibasskola.lv\/ru\/wp-json\/wp\/v2\/product_cat?post=4261"},{"taxonomy":"product_tag","embeddable":true,"href":"https:\/\/veselibasskola.lv\/ru\/wp-json\/wp\/v2\/product_tag?post=4261"}],"curies":[{"name":"wp","href":"https:\/\/api.w.org\/{rel}","templated":true}]}}