{"id":4262,"date":"2026-02-19T19:44:13","date_gmt":"2026-02-19T17:44:13","guid":{"rendered":"https:\/\/veselibasskola.lv\/?post_type=product&#038;p=4262"},"modified":"2026-02-19T19:44:17","modified_gmt":"2026-02-19T17:44:17","slug":"dzives-komplekts","status":"publish","type":"product","link":"https:\/\/veselibasskola.lv\/ru\/p\/dzives-komplekts\/","title":{"rendered":"Dz\u012bves Komplekts"},"content":{"rendered":"\n<div>\n<div>\n<p><span><span>DZ\u012aVES KOMPLEKTS<\/span><\/span><\/p>\n<p><span><span>\u00a0<\/span><\/span><\/p>\n<p><span>M\u0113s pied\u0101v\u0101jam unik\u0101lu popul\u0101r\u0101ko Nature&#8217;s Sunshine Products Poland produktu komplektu. Za\u013c\u0161 dabisks br\u012bnums \u0160\u0137idrs hlorofils, bifidophilus bakt\u0113rijas celmos un, iesp\u0113jams, lab\u0101kais tirg\u016b Vitam\u012bns C tablet\u0113s kop\u0101 veido perfektu trio, kas ir atrodams katra Klienta un Nature&#8217;s Sunshine izplat\u012bt\u0101ja m\u0101j\u0101s.<\/span><\/p>\n<p><span><span>KOMPLEKTA SAST\u0100VS:<\/span><\/span><\/p>\n<p><span>\u0160\u0137idrs hlorofils &#8212; uztura bag\u0101tin\u0101t\u0101js <\/span><\/p>\n<p><span>\u0160\u0137idrs hlorofils ir absol\u016bts bestsellers starp Nature\u2019s Sunshine produktiem vis\u0101 pasaul\u0113. Produkta galven\u0101 sast\u0101vda\u013ca ir n\u0101trija-vara hlorofil\u012bns, sav\u0101kts no s\u0113jas lucernas un z\u012bdkokiem. Hlorofil\u012bna \u0137\u012bmisk\u0101 strukt\u016bra ir \u013coti l\u012bdz\u012bga hemoglob\u012bna da\u013ci\u0146ai un at\u0161\u0137iras ar da\u013ci\u0146as centru. Hemoglob\u012bn\u0101 t\u0101 ir dzelzs, un hlorofil\u012bn\u0101 &#8212; var\u0161. Hlorofils raksturos ar piparm\u0113tra atsvaidzino\u0161u gar\u0161u pateicoties piparm\u0113tra e\u013c\u013cai. Dzeriet \u016bdeni, pievienojot katram \u0113dienam hlorofilu.<\/span><\/p>\n<p><span><span>Sast\u0101vs:<\/span><\/span><\/p>\n<p><span>Att\u012br\u012bts \u016bdens; stabilizators: \u0161\u0137\u012bsto\u0161s glicer\u012bns; n\u0101trija-vara hlorofil\u012bns; aromatiz\u0113t\u0101js: piparm\u0113tra e\u013c\u013ca.<\/span><\/p>\n<p><span><span>Ieteicama porcija dienas lieto\u0161anai:<\/span><\/span><\/p>\n<p><span>5 ml (viena t\u0113jkarote) hlorofila samais\u012bt ar gl\u0101zi \u016bdens.<\/span><\/p>\n<p><span>Dzert tr\u012bs reizes dien\u0101 \u0113dienu laik\u0101. Nep\u0101rsniegt ieteicamo dienas dozi.<\/span><\/p>\n<p><span>Glab\u0101t saus\u0101 un v\u0113s\u0101, b\u0113rniem nepieejam\u0101 viet\u0101. P\u0113c atv\u0113r\u0161anas tur\u0113t ledusskap\u012b.<\/span><\/p>\n<p><span><span>Bifidophilus bakt\u0113rijas &#8212; uztura bag\u0101tin\u0101t\u0101js<\/span><\/span><\/p>\n<p><span>Bakt\u0113rijas Bifidophilus &#8212; tas ir uztura bag\u0101tin\u0101t\u0101js, kur atrodas lactobacillus acidophilus un bifidobacterium longum bakt\u0113riju kult\u016bras. Produkt\u0101 tika samais\u012bti ar\u012b \u012bsu un garu \u0137\u0113\u017eu fruktooligosahar\u012bdi. Bifidobacterium longum un lactobacillus acidophilus atrodas cilv\u0113ka gremo\u0161anas trakt\u0101 un t\u0101s ir uzskat\u0101mas par vissvar\u012bg\u0101kaj\u0101m starp bakt\u0113rij\u0101m. Lietojiet 1-2 kapsulas dien\u0101 \u0113diena laik\u0101.<\/span><\/p>\n<p><span><span>Sast\u0101vs:<\/span><\/span><\/p>\n<p><span>Lactobacillus acidophilus; bifidobacterium longum; fruktooligosahar\u012bdi; burk\u0101nu pulveris; safloras e\u013c\u013ca; maltodekstr\u012bns; kapsulas \u010daula: \u017eelat\u012bns; pretsalipes viela: celuloze; emulgators: tauksk\u0101bju magnija s\u0101\u013ci.<\/span><\/p>\n<p><span><span>Ieteicama porcija dienas lieto\u0161anai:<\/span><\/span><\/p>\n<p><span>1 kapsula 1-2 reizes dien\u0101, \u0113diena laik\u0101.<\/span><\/p>\n<p><span>Nep\u0101rsniegt ieteicamo dienas dozi.<\/span><\/p>\n<p><span>Glab\u0101t saus\u0101 un v\u0113s\u0101, b\u0113rniem nepieejam\u0101 viet\u0101. P\u0113c atv\u0113r\u0161anas tur\u0113t ledusskap\u012b.<\/span><\/p>\n<p><span><span>Vitam\u012bns C ar bioflavono\u012bdiem &#8212; uztura bag\u0101tin\u0101t\u0101js<\/span><\/span><\/p>\n<p><span>Vitam\u012bns C ar bioflavono\u012bdiem ir lielisks C vitam\u012bna bag\u0101t\u012bgu sast\u0101vda\u013cu mais\u012bjums. Katra produkta tablete satur 1000 mg l-askorb\u012bnsk\u0101bes, kas organism\u0101 izdal\u0101s l\u012bdz asto\u0146\u0101m stund\u0101m. Vitam\u012bnam C ir liela noz\u012bme organisma pareizai darb\u012bbai un galvenok\u0101rt im\u016bnsist\u0113mai. Vitam\u012bns C piedal\u0101s ar\u012b kolag\u0113na ra\u017eo\u0161an\u0101, lai nodro\u0161in\u0101tu kaulu un skrim\u0161\u013cu pareizu darb\u012bbu, t\u0101d\u0113j\u0101di radot ide\u0101lu kombin\u0101ciju ar me\u017ea rozes aug\u013ciem, kas veicina loc\u012btavu iztur\u012bbu.<\/span><\/p>\n<p><span>Lietojiet vienu Vitam\u012bns C tableti katr\u0101 dien\u0101.<\/span><\/p>\n<p><span><span>Sast\u0101vs:<\/span><\/span><\/p>\n<p><span>Vitam\u012bns C (l-askorb\u012bnsk\u0101be) 1000 mg\/tablete &#8212; 1250% IDD*; antioksidants: tauksk\u0101bes; biezin\u0101t\u0101js: hidroksipropilmetilceluloze; emulgators: tauksk\u0101bju magnija s\u0101\u013ci; biezin\u0101t\u0101js: kalcija fosf\u0101ti; pretsalipes viela: silicija dioks\u012bds; acerolas aug\u013cu ekstrakts; hesperid\u012bns; bioflavono\u012bdi no citrona; me\u017ea rozes aug\u013cu ekstrakts; rut\u012bns.<\/span><\/p>\n<p><span><span>Ieteicama porcija dienas lieto\u0161anai:<\/span><\/span><\/p>\n<p><span>1 tablete viena reize dien\u0101 \u0113diena laik\u0101<\/span><\/p>\n<p><span><span>Nep\u0101rsniegt ieteicamo dienas dozi.<\/span><\/span><\/p>\n<p><span>Glab\u0101t saus\u0101 un v\u0113s\u0101, b\u0113rniem nepieejam\u0101 viet\u0101.<\/span><\/p>\n<p><span>*IDD &#8212; ieteicama dienas doze<\/span><\/p>\n<div><\/div>\n<\/p><\/div>\n<\/p><\/div>\n","protected":false},"excerpt":{"rendered":"<p>DZ\u012aVES KOMPLEKTS \u00a0 M\u0113s pied\u0101v\u0101jam unik\u0101lu popul\u0101r\u0101ko Nature&#8217;s Sunshine Products Poland produktu komplektu. Za\u013c\u0161 dabisks br\u012bnums \u0160\u0137idrs hlorofils, bifidophilus bakt\u0113rijas celmos un, iesp\u0113jams, lab\u0101kais tirg\u016b Vitam\u012bns C tablet\u0113s kop\u0101 veido perfektu trio, kas ir atrodams katra Klienta un Nature&#8217;s Sunshine izplat\u012bt\u0101ja m\u0101j\u0101s. KOMPLEKTA SAST\u0100VS: \u0160\u0137idrs hlorofils &#8212; uztura bag\u0101tin\u0101t\u0101js \u0160\u0137idrs hlorofils ir absol\u016bts bestsellers starp&#8230;<\/p>\n","protected":false},"featured_media":2663,"comment_status":"open","ping_status":"closed","template":"","meta":{"_kad_blocks_custom_css":"","_kad_blocks_head_custom_js":"","_kad_blocks_body_custom_js":"","_kad_blocks_footer_custom_js":"","_kadence_starter_templates_imported_post":false,"_swpsp_post_exclude":false,"_kad_post_transparent":"","_kad_post_title":"","_kad_post_layout":"","_kad_post_sidebar_id":"","_kad_post_content_style":"","_kad_post_vertical_padding":"","_kad_post_feature":"","_kad_post_feature_position":"","_kad_post_header":false,"_kad_post_footer":false,"_kad_post_classname":""},"product_brand":[],"product_cat":[35],"product_tag":[],"class_list":{"0":"post-4262","1":"product","2":"type-product","3":"status-publish","4":"has-post-thumbnail","6":"product_cat-komplekti","8":"first","9":"instock","10":"sale","11":"taxable","12":"shipping-taxable","13":"purchasable","14":"product-type-simple","15":"entry","16":"content-bg","17":"loop-entry"},"taxonomy_info":{"product_cat":[{"value":35,"label":"Komplekti"}]},"featured_image_src_large":["https:\/\/veselibasskola.lv\/wp-content\/uploads\/2023\/12\/e939030f341c4badf32a825fcf9c0c12.png",1000,1000,false],"author_info":[],"comment_info":0,"_links":{"self":[{"href":"https:\/\/veselibasskola.lv\/ru\/wp-json\/wp\/v2\/product\/4262","targetHints":{"allow":["GET"]}}],"collection":[{"href":"https:\/\/veselibasskola.lv\/ru\/wp-json\/wp\/v2\/product"}],"about":[{"href":"https:\/\/veselibasskola.lv\/ru\/wp-json\/wp\/v2\/types\/product"}],"replies":[{"embeddable":true,"href":"https:\/\/veselibasskola.lv\/ru\/wp-json\/wp\/v2\/comments?post=4262"}],"wp:featuredmedia":[{"embeddable":true,"href":"https:\/\/veselibasskola.lv\/ru\/wp-json\/wp\/v2\/media\/2663"}],"wp:attachment":[{"href":"https:\/\/veselibasskola.lv\/ru\/wp-json\/wp\/v2\/media?parent=4262"}],"wp:term":[{"taxonomy":"product_brand","embeddable":true,"href":"https:\/\/veselibasskola.lv\/ru\/wp-json\/wp\/v2\/product_brand?post=4262"},{"taxonomy":"product_cat","embeddable":true,"href":"https:\/\/veselibasskola.lv\/ru\/wp-json\/wp\/v2\/product_cat?post=4262"},{"taxonomy":"product_tag","embeddable":true,"href":"https:\/\/veselibasskola.lv\/ru\/wp-json\/wp\/v2\/product_tag?post=4262"}],"curies":[{"name":"wp","href":"https:\/\/api.w.org\/{rel}","templated":true}]}}