{"id":4263,"date":"2026-02-19T19:44:13","date_gmt":"2026-02-19T17:44:13","guid":{"rendered":"https:\/\/veselibasskola.lv\/?post_type=product&#038;p=4263"},"modified":"2026-02-19T19:44:17","modified_gmt":"2026-02-19T17:44:17","slug":"antioksidantu-dubults-speks","status":"publish","type":"product","link":"https:\/\/veselibasskola.lv\/ru\/p\/antioksidantu-dubults-speks\/","title":{"rendered":"Antioksidantu Dubults Sp\u0113ks"},"content":{"rendered":"\n<div>\n<div>\n<p><span><span>ANTIOKSIDANTU DUBULTS SP\u0112KS<\/span><\/span><\/p>\n<p><span><span>J\u016aS NEESAT NEVAR\u012aGI C\u012a\u0145\u0100 AR BR\u012aVIEM RADIK\u0100LIEM<\/span><\/span><\/p>\n<hr\/>\n<p>Br\u012bvie radik\u0101li, t.i. \u201csk\u0101bek\u013ca reakt\u012bvas formas\u201d.\u00a0 \u0160is termi\u0146\u0161 noz\u012bm\u0113 da\u017e\u0101du savienojumu ar sk\u0101bekli, kas \u013coti viegli (un \u0101tri) rea\u0123\u0113 ar cit\u0101m viel\u0101m (taukiem, olbaltumviel\u0101m, nukle\u012bnsk\u0101bi&#8230;) un var to stipri boj\u0101t. Var pat b\u016bt par \u0161\u016bnu n\u0101ves iemeslu. Br\u012bvie radik\u0101\u013ci tiek uzskat\u012bti par vienu no galvenajiem cilv\u0113ku noveco\u0161an\u0101s c\u0113lo\u0146iem.<\/p>\n<p><span>Kop\u0161 1945. gada tika public\u0113ti vair\u0101k nek\u0101 200 000 zin\u0101tnisku rakstu par to lomu vesel\u012bbas un slim\u012bbu jom\u0101. Jau ir zin\u0101ms, ka mazie daudzumi ir b\u016btiski vesel\u012bbai &#8212; tie regul\u0113 asinsvadu darbu, im\u016bnsist\u0113mu, musku\u013cu fiziolo\u0123iju, sk\u0101bek\u013ca metabolismu un g\u0113nu aktivit\u0101ti. M\u016bsdienu probl\u0113ma ir savienota ar to, ka t\u0101s ir veidotas ar lielu (p\u0101r\u0101k lielu!) p\u0101rpalikumu. Br\u012bvie radik\u0101li ir \u0161is posms, kur\u0161 \u0161\u016bnu l\u012bmen\u012b apvieno sliktu di\u0113tu, kust\u012bbas tr\u016bkumu, toks\u012bnu (piem., cigare\u0161u d\u016bmi, smogs) ar vesel\u012bbas sek\u0101m.<\/span><\/p>\n<p><span>Galvenais savienojums, ko \u0161\u016bnas izmanto, lai c\u012bn\u012btos pret br\u012bvajiem radik\u0101\u013ciem, ir C vitam\u012bns, bet tas nav vien\u012bgais, kas mums ir, pateicoties dabai.<\/span><\/p>\n<p><span>Augi ir bag\u0101t\u012bgs vielu avots, kas neitraliz\u0113 br\u012bvos radik\u0101\u013cus &#8212; tos sauc par antioksidantiem (pretoksidantiem) vai, vair\u0101k t\u0113laini, \u201cbr\u012bvu radik\u0101\u013cu noslauc\u012bt\u0101jiem\u201d. Bet zin\u0101tnieki no \u017den\u0113vas Universit\u0101tes pirms da\u017eiem gadiem nov\u0113roja, ka antioksidanti tiek izmantoti p\u0101r\u0101k maz, p\u0101r\u0101k v\u0113lu un ir slikti izv\u0113l\u0113ti.1<\/span><\/p>\n<p><span>\u012apa\u0161i dom\u0101jot par \u0161o probl\u0113mu m\u0113s kombin\u0113j\u0101m Grapine un Zambroze vien\u0101 komplekt\u0101, kas ir ide\u0101ls atbalsts c\u012b\u0146\u0101 pret br\u012bvajiem radik\u0101\u013ciem.<br \/><\/span><span>Pretoksid\u0101cijas duets nodro\u0161ina sast\u0101vda\u013cas, kas ir bag\u0101tas ar dab\u012bgiem polifenoliem.<\/span><\/p>\n<p><span>\u2022 <span>SARKANU V\u012aNOGU KAULI\u0145U EKSTRAKTS <\/span><\/span><\/p>\n<p><span>Lielisks antioksidantu avots, kas pal\u012bdz uztur\u0113t norm\u0101lu vesel\u012bbu un \u0161\u016bnu funkciju.<\/span><\/p>\n<p><span>\u2022\u00a0 <span>KURKUMA<\/span><\/span><\/p>\n<p><span>T\u0101 antioksidantu \u012bpa\u0161\u012bbas ir saist\u012btas ar kurkum\u012bnu, demetoksikurkum\u012bnu un bis-demetoksikurkum\u012bnu.<\/span><\/p>\n<p><span>\u2022\u00a0 <span>VITAM\u012aNS C<\/span><\/span><\/p>\n<p><span>\u013boti popul\u0101rs antioksidants. Aizsarg\u0101 \u0161\u016bnas no oksid\u0101cijas stresa.<\/span><\/p>\n<p><span>\u2022\u00a0 <span>ROZMAR\u012aNS<\/span><\/span><\/p>\n<p><span>Sast\u0101vda\u013ca, kas ir bag\u0101ta ar fenola glikoz\u012bdiem, lign\u0101niem un rosmar\u012bnsk\u0101bi.<\/span><\/p>\n<p><span>\u2022\u00a0 <span>PERIKARPS<\/span><\/span><\/p>\n<p><span>Popul\u0101rs sakar\u0101 ar mangost\u012bnu, bifenilu, benzofenonu un ksantonu.<\/span><\/p>\n<hr\/>\n<p><span><span>Dietas bag\u0101tin\u0101t\u0101ji nevar b\u016bt lietoti k\u0101 diferenc\u0113tas di\u0113tas aizst\u0101j\u0113ji. <\/span><\/span><\/p>\n<p><span><span>Balans\u0113ta di\u0113ta un vesels dz\u012bvesveids ir organisma pareizas funkcion\u0113\u0161anas pamats.<\/span><\/span><\/p>\n<div><\/div>\n<\/p><\/div>\n<\/p><\/div>\n","protected":false},"excerpt":{"rendered":"<p>ANTIOKSIDANTU DUBULTS SP\u0112KS J\u016aS NEESAT NEVAR\u012aGI C\u012a\u0145\u0100 AR BR\u012aVIEM RADIK\u0100LIEM Br\u012bvie radik\u0101li, t.i. \u201csk\u0101bek\u013ca reakt\u012bvas formas\u201d.\u00a0 \u0160is termi\u0146\u0161 noz\u012bm\u0113 da\u017e\u0101du savienojumu ar sk\u0101bekli, kas \u013coti viegli (un \u0101tri) rea\u0123\u0113 ar cit\u0101m viel\u0101m (taukiem, olbaltumviel\u0101m, nukle\u012bnsk\u0101bi&#8230;) un var to stipri boj\u0101t. Var pat b\u016bt par \u0161\u016bnu n\u0101ves iemeslu. Br\u012bvie radik\u0101\u013ci tiek uzskat\u012bti par vienu no galvenajiem&#8230;<\/p>\n","protected":false},"featured_media":4060,"comment_status":"open","ping_status":"closed","template":"","meta":{"_kad_blocks_custom_css":"","_kad_blocks_head_custom_js":"","_kad_blocks_body_custom_js":"","_kad_blocks_footer_custom_js":"","_kadence_starter_templates_imported_post":false,"_swpsp_post_exclude":false,"_kad_post_transparent":"","_kad_post_title":"","_kad_post_layout":"","_kad_post_sidebar_id":"","_kad_post_content_style":"","_kad_post_vertical_padding":"","_kad_post_feature":"","_kad_post_feature_position":"","_kad_post_header":false,"_kad_post_footer":false,"_kad_post_classname":""},"product_brand":[],"product_cat":[35],"product_tag":[],"class_list":{"0":"post-4263","1":"product","2":"type-product","3":"status-publish","4":"has-post-thumbnail","6":"product_cat-komplekti","8":"first","9":"instock","10":"sale","11":"taxable","12":"shipping-taxable","13":"purchasable","14":"product-type-simple","15":"entry","16":"content-bg","17":"loop-entry"},"taxonomy_info":{"product_cat":[{"value":35,"label":"Komplekti"}]},"featured_image_src_large":["https:\/\/veselibasskola.lv\/wp-content\/uploads\/2025\/11\/2fc555df6c323c40fa0d420a48655dfb-724x1024.png",724,1024,true],"author_info":[],"comment_info":0,"_links":{"self":[{"href":"https:\/\/veselibasskola.lv\/ru\/wp-json\/wp\/v2\/product\/4263","targetHints":{"allow":["GET"]}}],"collection":[{"href":"https:\/\/veselibasskola.lv\/ru\/wp-json\/wp\/v2\/product"}],"about":[{"href":"https:\/\/veselibasskola.lv\/ru\/wp-json\/wp\/v2\/types\/product"}],"replies":[{"embeddable":true,"href":"https:\/\/veselibasskola.lv\/ru\/wp-json\/wp\/v2\/comments?post=4263"}],"wp:featuredmedia":[{"embeddable":true,"href":"https:\/\/veselibasskola.lv\/ru\/wp-json\/wp\/v2\/media\/4060"}],"wp:attachment":[{"href":"https:\/\/veselibasskola.lv\/ru\/wp-json\/wp\/v2\/media?parent=4263"}],"wp:term":[{"taxonomy":"product_brand","embeddable":true,"href":"https:\/\/veselibasskola.lv\/ru\/wp-json\/wp\/v2\/product_brand?post=4263"},{"taxonomy":"product_cat","embeddable":true,"href":"https:\/\/veselibasskola.lv\/ru\/wp-json\/wp\/v2\/product_cat?post=4263"},{"taxonomy":"product_tag","embeddable":true,"href":"https:\/\/veselibasskola.lv\/ru\/wp-json\/wp\/v2\/product_tag?post=4263"}],"curies":[{"name":"wp","href":"https:\/\/api.w.org\/{rel}","templated":true}]}}