{"id":4264,"date":"2026-02-19T19:44:13","date_gmt":"2026-02-19T17:44:13","guid":{"rendered":"https:\/\/veselibasskola.lv\/?post_type=product&#038;p=4264"},"modified":"2026-02-19T19:44:17","modified_gmt":"2026-02-19T17:44:17","slug":"magnesium-90-kaps","status":"publish","type":"product","link":"https:\/\/veselibasskola.lv\/ru\/p\/magnesium-90-kaps\/","title":{"rendered":"Magnesium (90 kaps.)"},"content":{"rendered":"\n<div>\n<div>\n<h1><span>Magnesium<\/span><\/h1>\n<h4><span>UZTURA BAG\u0100TIN\u0100T\u0100JS<\/span><\/h4>\n<hr\/>\n<h4><span>Magnijs noteikti pieder pie mikroelementu grupas, bez kuras nav iesp\u0113jama cilv\u0113ka \u0137erme\u0146a efekt\u012bva funkcion\u0113\u0161ana. Kop\u0101 ar n\u0101triju, k\u0101liju, kalciju un dzelzi tas veido dz\u012bvei b\u016btisko met\u0101lu \u201czelto piecnieku\u201d.<\/span><\/h4>\n<h4><span>Ir rakst\u012bts vair\u0101k nek\u0101 t\u016bkstotis gr\u0101matu par magnija lomu veselu org\u0101nu darb\u012bb\u0101! Nebr\u012bn\u012bsies &#8212; magnijs tiek uzkr\u0101ts m\u016bsu \u0161\u016bnu mitohondrijos un piedal\u0101s vair\u0101kos simtos enzimatisko reakciju, no kur\u0101m daudzas nevar iztikt bez \u0161\u012b elementa!<\/span><\/h4>\n<h4><span>Magnijs pal\u012bdz mazin\u0101t noguruma saj\u016btu, pal\u012bdz uztur\u0113t elektrol\u012btu l\u012bdzsvaru, veicina norm\u0101las ener\u0123ijas metabolisma uztur\u0113\u0161anu, pal\u012bdz pareiz\u0101 olbaltumvielu sint\u0113z\u0113, atbalsta norm\u0101lu psiholo\u0123isko funkciju uztur\u0113\u0161anu, k\u0101 ar\u012b ir svar\u012bgs \u0161\u016bnu dal\u012b\u0161an\u0101s procesam.<\/span><\/h4>\n<hr\/>\n<h4><span><strong>SAST\u0100VS:<\/strong><\/span><br \/><span>Magnija mal\u0101ts, maltodekstr\u012bns, pretsalipes vielas (tauksk\u0101bju magnija s\u0101\u013ci, sil\u012bcija dioks\u012bds); kapsulas apvalks (\u017eelat\u012bns, \u016bdens)<\/span><\/br><\/h4>\n<hr\/>\n<h4><span><strong>SVAR\u012aGAS SAST\u0100VDA\u013bAS:<\/strong><\/span><br \/><span>Saturs ieteicam\u0101 porcij\u0101 (3 kaps.):<\/span><br \/><span>Magnijs &#8230;&#8230;&#8230;&#8230;&#8230;&#8230;&#8230;&#8230;. 240mg&#8230;.64 IDD*<\/span><br \/><span>\u0100bolsk\u0101be &#8230;&#8230;&#8230;&#8230;&#8230;&#8230;&#8230;&#8230;&#8230;&#8230;.1050mg **<\/span><\/br><\/br><\/br><\/h4>\n<h4><span>*IDD &#8212; ieteicama dienas doze<\/span><\/h4>\n<h4><span>** Nenoteikt\u0101 ieteicama dienas doze<\/span><\/h4>\n<hr\/>\n<h4><span><strong>IETEICAMA PORCIJA DIENAS LIETO\u0160ANAI:<\/strong><\/span><br \/><span>1 kapsula 3 reizes dien\u0101 \u0113diena laik\u0101<\/span><br \/><span>Nedr\u012bkst p\u0101rsniegt rekomend\u0113tas dienas dozi.<\/span><\/h4>\n<hr\/>\n<h4><span><strong>GLAB\u0100\u0160ANA:<\/strong><\/span><\/h4>\n<h4><span>Glab\u0101t saus\u0101 un v\u0113s\u0101, b\u0113rniem nepieejam\u0101 viet\u0101. P\u0113c atv\u0113r\u0161anas glab\u0101t ledusskap\u012b<\/span><\/h4>\n<hr\/>\n<h4><span>Nature\u2019s Sunshine mudina iev\u0113rot vesel\u012bga dz\u012bvesveida principus. Uztura bag\u0101tin\u0101t\u0101ji nevar b\u016bt lietoti k\u0101 diferenc\u0113tas di\u0113tas aizst\u0101j\u0113ji. Balans\u0113ta di\u0113ta un vesels dz\u012bvesveids ir organisma pareizas funkcion\u0113\u0161anas pamats.<\/span><\/p>\n<\/h4>\n<h4><span>\u00a0<\/span><\/h4>\n<div><\/div>\n<\/p><\/div>\n<\/p><\/div>\n","protected":false},"excerpt":{"rendered":"<p>Ir rakst\u012bts vair\u0101k nek\u0101 t\u016bkstotis gr\u0101matu par magnija lomu veselu org\u0101nu darb\u012bb\u0101! Nebr\u012bn\u012bsies &#8212; magnijs tiek uzkr\u0101ts m\u016bsu \u0161\u016bnu mitohondrijos un piedal\u0101s vair\u0101kos simtos enzimatisko reakciju, no kur\u0101m daudzas nevar iztikt bez \u0161\u012b elementa! Magnijs pal\u012bdz mazin\u0101t noguruma saj\u016btu, pal\u012bdz uztur\u0113t elektrol\u012btu l\u012bdzsvaru, veicina norm\u0101las ener\u0123ijas metabolisma uztur\u0113\u0161anu, pal\u012bdz pareiz\u0101 olbaltumvielu sint\u0113z\u0113, atbalsta norm\u0101lu psiholo\u0123isko funkciju uztur\u0113\u0161anu, k\u0101 ar\u012b ir svar\u012bgs \u0161\u016bnu dal\u012b\u0161an\u0101s procesam.<\/p>\n","protected":false},"featured_media":2844,"comment_status":"open","ping_status":"closed","template":"","meta":{"_kad_blocks_custom_css":"","_kad_blocks_head_custom_js":"","_kad_blocks_body_custom_js":"","_kad_blocks_footer_custom_js":"","_kadence_starter_templates_imported_post":false,"_swpsp_post_exclude":false,"_kad_post_transparent":"","_kad_post_title":"","_kad_post_layout":"","_kad_post_sidebar_id":"","_kad_post_content_style":"","_kad_post_vertical_padding":"","_kad_post_feature":"","_kad_post_feature_position":"","_kad_post_header":false,"_kad_post_footer":false,"_kad_post_classname":""},"product_brand":[],"product_cat":[40,36,41,46,45],"product_tag":[],"class_list":{"0":"post-4264","1":"product","2":"type-product","3":"status-publish","4":"has-post-thumbnail","6":"product_cat-asinsrites-sistema","7":"product_cat-dietiskas-piedevas","8":"product_cat-energija-un-vielmaina","9":"product_cat-nervu-sistema","10":"product_cat-skeleta-muskulu-sistema","12":"first","13":"instock","14":"sale","15":"taxable","16":"shipping-taxable","17":"purchasable","18":"product-type-simple","19":"entry","20":"content-bg","21":"loop-entry"},"taxonomy_info":{"product_cat":[{"value":40,"label":"Asinsrites sist\u0113ma"},{"value":36,"label":"Di\u0113tisk\u0101s piedevas"},{"value":41,"label":"Ener\u0123ija un vielmai\u0146a"},{"value":46,"label":"Nervu sist\u0113ma"},{"value":45,"label":"Skeleta-musku\u013cu sist\u0113ma"}]},"featured_image_src_large":["https:\/\/veselibasskola.lv\/wp-content\/uploads\/2023\/12\/244e11512d5ad62b6657712b61db8de5-1024x1024.png",1024,1024,true],"author_info":[],"comment_info":0,"_links":{"self":[{"href":"https:\/\/veselibasskola.lv\/ru\/wp-json\/wp\/v2\/product\/4264","targetHints":{"allow":["GET"]}}],"collection":[{"href":"https:\/\/veselibasskola.lv\/ru\/wp-json\/wp\/v2\/product"}],"about":[{"href":"https:\/\/veselibasskola.lv\/ru\/wp-json\/wp\/v2\/types\/product"}],"replies":[{"embeddable":true,"href":"https:\/\/veselibasskola.lv\/ru\/wp-json\/wp\/v2\/comments?post=4264"}],"wp:featuredmedia":[{"embeddable":true,"href":"https:\/\/veselibasskola.lv\/ru\/wp-json\/wp\/v2\/media\/2844"}],"wp:attachment":[{"href":"https:\/\/veselibasskola.lv\/ru\/wp-json\/wp\/v2\/media?parent=4264"}],"wp:term":[{"taxonomy":"product_brand","embeddable":true,"href":"https:\/\/veselibasskola.lv\/ru\/wp-json\/wp\/v2\/product_brand?post=4264"},{"taxonomy":"product_cat","embeddable":true,"href":"https:\/\/veselibasskola.lv\/ru\/wp-json\/wp\/v2\/product_cat?post=4264"},{"taxonomy":"product_tag","embeddable":true,"href":"https:\/\/veselibasskola.lv\/ru\/wp-json\/wp\/v2\/product_tag?post=4264"}],"curies":[{"name":"wp","href":"https:\/\/api.w.org\/{rel}","templated":true}]}}