{"id":4265,"date":"2026-02-19T19:44:13","date_gmt":"2026-02-19T17:44:13","guid":{"rendered":"https:\/\/veselibasskola.lv\/?post_type=product&#038;p=4265"},"modified":"2026-02-19T19:44:17","modified_gmt":"2026-02-19T17:44:17","slug":"gentle-move-60-kaps","status":"publish","type":"product","link":"https:\/\/veselibasskola.lv\/ru\/p\/gentle-move-60-kaps\/","title":{"rendered":"Gentle Move (60 kaps.)"},"content":{"rendered":"\n<div>\n<div>\n<p><span><strong><span>Gentle Move<\/span><\/strong><\/span><\/p>\n<p>DIETAS BAG\u0100TIN\u0100T\u0100JI<\/p>\n<hr\/>\n<p>Atbalsts gremo\u0161anai un gremo\u0161anas trakta vesel\u012bbai<\/p>\n<p>Triphala (Amalaki, Bibhitaki, Haritaki), sarkan\u0101s gobas un \u0101rstniec\u012bbas altejas saknes mais\u012bjums pozit\u012bvi ietekm\u0113 gremo\u0161anu un atbalsta gremo\u0161anas sist\u0113mas, tostarp zarnu, darb\u012bbu.<\/p>\n<p>Uzturiet dabisko zarnu darb\u012bbu, pateicoties Gentle Move. \u0160is unik\u0101lais magnija un gar\u0161augu, piem\u0113ram, sarkan\u0101s gobas, mais\u012bjums tika izp\u0113t\u012bts un \u012bpa\u0161i izstr\u0101d\u0101ts, lai atbalst\u012btu gremo\u0161anas sist\u0113mu. Magnijs pal\u012bdz uztur\u0113t elektrol\u012btu l\u012bdzsvaru. \u0160\u012b formula satur ar\u012b Triphali ekstraktu, tradicion\u0101lu savva\u013cas augu \u0101jurv\u0113das mais\u012bjumu.<\/p>\n<p>PRIEK\u0160ROC\u012aBAS, PATEICOTIES D\u0100RZE\u0145U IZCELSMES SAST\u0100VDA\u013b\u0100M:<\/p>\n<p>\u2022 Atbalsta gremo\u0161anas traktu un veicina pareizu gremo\u0161anu<\/p>\n<p>\u2022 Var atbalst\u012bt zarnu vesel\u012bbu\u00a0<\/p>\n<p>\u2022 Dabiski atbalsta zarnu kust\u012bbu<\/p>\n<p>\u2022 Satur bot\u0101niskas sast\u0101vda\u013cas<\/p>\n<p><iframe><\/iframe><strong><br \/><\/strong><\/p>\n<p><strong>Magnijs<\/strong><\/p>\n<p>Tiek l\u0113sts, ka, apstr\u0101d\u0101jot p\u0101rtiku, tiek zaud\u0113ti 80-90% magnija. Nav br\u012bnums, ka gandr\u012bz 70% cilv\u0113ku nesa\u0146em pietiekami daudz \u0161\u012b svar\u012bg\u0101 makroelementa. Magnijs atbalsta daudzas funkcijas organism\u0101, piem\u0113ram, kaulu vesel\u012bbu, psiholo\u0123isk\u0101s funkcijas un musku\u013cu darb\u012bbu, tas ar\u012b pal\u012bdz uztur\u0113t norm\u0101lu ener\u0123ijas vielmai\u0146u \u2013 ener\u0123ijas ra\u017eo\u0161anu un musku\u013cu kontrakciju, un ir svar\u012bgs nervu sist\u0113mas vesel\u012bbai.\u00a0<\/p>\n<p><strong>Triphala ekstrakts<\/strong><\/p>\n<p>Triphala ekstrakts, kas ieg\u016bts no amalaki (Amla), bibhitaki un haritaki aug\u013ciem, ir sp\u0113l\u0113jis noz\u012bm\u012bgu lomu \u0101jurv\u0113das trad\u012bcij\u0101s vair\u0101k nek\u0101 1000 gadus. \u0100jurv\u0113d\u0101 uzskat\u012bts par gremo\u0161anas trakta atbalsta p\u012bl\u0101ru, Triphala satur daudz bioakt\u012bvu savienojumu.\u00a0<\/p>\n<p>T\u0101s galven\u0101s sast\u0101vda\u013cas ir tan\u012bni, gallsk\u0101be, elag\u012bnsk\u0101be un hebulsk\u0101be \u2013 sp\u0113c\u012bgi antioksidanti. Satur ar\u012b flavono\u012bdus: kvercet\u012bnu un lutenol\u012bnu, k\u0101 ar\u012b da\u017e\u0101dus sapon\u012bnus, antrahinonus un aminosk\u0101bes.\u00a0<\/p>\n<p>Triphala var ar\u012b atbalst\u012bt pareizu gremo\u0161anu un p\u0101rtikas uzs\u016bk\u0161anos, veicinot zarnu vesel\u012bbu un gremo\u0161anas l\u012bdzsvaru.\u00a0<\/p>\n<p><strong>Sarkan\u0101 goba<\/strong><\/p>\n<p>Sarkan\u0101 goba ir pla\u0161i paz\u012bstama ar savu tradicion\u0101lo lomu zarnu vesel\u012bbas atbalst\u012b\u0161an\u0101. Augs ir bag\u0101ts ar nomierino\u0161\u0101m g\u013cot\u0101m \u2013 biezu, slidenu vielu, kas var p\u0101rkl\u0101t ku\u0146\u0123a un zarnu g\u013cot\u0101du, lai atvieglotu zarnu satura kust\u012bbu.\u00a0<\/p>\n<p>Pieaugot piepras\u012bjumam p\u0113c sarkan\u0101s gobas, kvalit\u0101te un ilgtsp\u0113j\u012bga audz\u0113\u0161ana k\u013cuva par svar\u012bg\u0101kajiem atlases krit\u0113rijiem. M\u0113s str\u0101d\u0101jam tikai ar pieredz\u0113ju\u0161iem sav\u0101c\u0113jiem, kuri atbild\u012bgi un manu\u0101li sav\u0101c mums \u0161\u012b auga elementus. Katru pavasari, izmantojot \u012bpa\u0161us pa\u0146\u0113mienus, m\u016bsu partneri sav\u0101c mizu no kokiem, kas ir vismaz 15 gadus veci. \u0160is br\u012bdis ir iz\u0161\u0137iro\u0161s, jo sula, kas pl\u016bst no apr\u012b\u013ca l\u012bdz j\u016blijam, pal\u012bdz viegli atdal\u012bt \u0101r\u0113jo un iek\u0161\u0113jo mizu, kas \u013cauj koku saglab\u0101t n\u0101kamajai ra\u017eai.\u00a0<\/p>\n<p><strong>\u0100rstniec\u012bbas altejas sakne\u00a0<\/strong><\/p>\n<p>Althaea officinalis, pla\u0161\u0101k paz\u012bstams k\u0101 \u0101rstniec\u012bbas alteja, ir daudzgad\u012bgs z\u0101laugs, kura dzimtene ir Eiropa, Zieme\u013c\u0101frika un Rietum\u0101zija. T\u0101s skaistie baltie un roz\u0101 ziedi ir dabiski sastopami gar upju krastiem un s\u0101\u013ciem purv\u0101jiem, jo dod priek\u0161roku mitr\u0101m smil\u0161ain\u0101m augsn\u0113m.\u00a0<\/p>\n<p>Altejas sakne ir izmantota tradicion\u0101laj\u0101 \u0101rstniec\u012bbas augu medic\u012bn\u0101 gadsimtiem ilgi. Tiek uzskat\u012bts, ka atbalsta g\u013cot\u0101du vesel\u012bbu vis\u0101 gremo\u0161anas trakt\u0101, un t\u0101s g\u013cotas, sulai l\u012bdz\u012bga viela, nomierina jebkuru kairin\u0101jumu.\u00a0<\/p>\n<hr\/>\n<p><strong>SAST\u0100VDA\u013bAS<\/strong><\/p>\n<p>Magnijs, Triphala ekstrakts, cirtain\u0101s sk\u0101benes saknenis, ingvera saknenis, altejas saknes ekstrakts un sarkan\u0101s gobas miza.<\/p>\n<hr\/>\n<p><strong><span>GALVEN\u0100S SAST\u0100VDA\u013bAS<\/span><\/strong><\/p>\n<table>\n<tbody>\n<tr>\n<td>\n<p><strong><span>Akt\u012bv\u0101s sast\u0101vda\u013cas:<\/span><\/strong><\/p>\n<\/td>\n<td>\n<p><strong><span>dienas porcij\u0101 (viena augu kapsula)<\/span><\/strong><\/p>\n<\/td>\n<td>\n<p><strong><span>% NRV (viena augu kapsula)<\/span><\/strong><\/p>\n<\/td>\n<\/tr>\n<tr>\n<td>\n<p><span>Magnijs<\/span><\/p>\n<\/td>\n<td>\n<p><span>200 mg<\/span><\/p>\n<\/td>\n<td>\n<p><span>53\u00a0%<\/span><\/p>\n<\/td>\n<\/tr>\n<tr>\n<td>\n<p><span>Cirtain\u0101s sk\u0101benes sakne<\/span><\/p>\n<\/td>\n<td>\n<p><span>50 mg<\/span><\/p>\n<\/td>\n<td>\n<p><span>**<\/span><\/p>\n<\/td>\n<\/tr>\n<tr>\n<td>\n<p><span>Triju aug\u013cu ekstrakts<\/span><\/p>\n<p><span>\u2014 tostarp:<\/span><\/p>\n<p><span>mirobal\u0101na ekstrakts<\/span><\/p>\n<p><span>termin\u0101lijas ekstrakts<\/span><\/p>\n<p><span>amlas ekstrakts<\/span><\/p>\n<\/td>\n<td>\n<p><span>90 mg<\/span><\/p>\n<p><span><br \/> 30 mg<\/br><\/span><\/p>\n<p><span>30 mg<\/span><\/p>\n<p><span>30 mg<\/span><\/p>\n<\/td>\n<td>\n<p><span>**<\/p>\n<p> **<br \/> **<br \/> **<\/br><\/br><\/span><\/p>\n<\/td>\n<\/tr>\n<tr>\n<td>\n<p><span>Ingvera ekstrakts<\/span><\/p>\n<\/td>\n<td>\n<p><span>25 mg<\/span><\/p>\n<\/td>\n<td>\n<p><span>**<\/span><\/p>\n<\/td>\n<\/tr>\n<tr>\n<td>\n<p><span>\u0100rstniec\u012bbas altejas saknes ekstrakts<\/span><\/p>\n<\/td>\n<td>\n<p><span><br \/> 10 mg<\/span><\/p>\n<\/td>\n<td>\n<p><span><br \/> **<\/span><\/p>\n<\/td>\n<\/tr>\n<tr>\n<td>\n<p><span>Sarkan\u0101s gobas miza<\/span><\/p>\n<\/td>\n<td>\n<p><span>10 mg<\/span><\/p>\n<\/td>\n<td>\n<p><span>**<\/span><\/p>\n<\/td>\n<\/tr>\n<tr>\n<td>\n<p><span>* NRV: uzturvielu atsauces v\u0113rt\u012bbas pieaugu\u0161ajiem.<br \/> ** NRV nav noteiktas.<\/span><\/p>\n<\/td>\n<\/tr>\n<\/tbody>\n<\/table>\n<hr\/>\n<p><strong>IETEICAM\u0100 LIETO\u0160ANA<\/strong><\/p>\n<p>Lietojiet 2 kapsulas vakar\u0101 vai pirms gul\u0113tie\u0161anas. Periodos, kad nepiecie\u0161ams \u012bpa\u0161s atbalsts: Lietojiet l\u012bdz 6 kapsul\u0101m dien\u0101 7-10 dienas.<\/p>\n<hr\/>\n<p><span>NATURE&#8217;S SUNSHINE MUDINA VESEL\u012aGAM DZ\u012aVESVEIDAM.\u00a0<\/span><span>Di\u0113tas bag\u0101tin\u0101t\u0101ji nevar b\u016bt lietoti k\u0101 diferenc\u0113tas di\u0113tas aizst\u0101j\u0113ji. Balans\u0113ta di\u0113ta un vesel\u012bgs dz\u012bvesveids ir organisma pareizas funkcion\u0113\u0161anas pamats.<\/span><\/p>\n<div>\u00a0<\/div>\n<div><\/div>\n<\/p><\/div>\n<\/p><\/div>\n","protected":false},"excerpt":{"rendered":"<p>Triphala (Amalaki, Bibhitaki, Haritaki), sarkan\u0101s gobas un \u0101rstniec\u012bbas altejas saknes mais\u012bjums pozit\u012bvi ietekm\u0113 gremo\u0161anu un atbalsta gremo\u0161anas sist\u0113mas, tostarp zarnu, darb\u012bbu.  Uzturiet dabisko zarnu darb\u012bbu, pateicoties Gentle Move. \u0160is unik\u0101lais magnija un gar\u0161augu, piem\u0113ram, sarkan\u0101s gobas, mais\u012bjums tika izp\u0113t\u012bts un \u012bpa\u0161i izstr\u0101d\u0101ts, lai atbalst\u012btu gremo\u0161anas sist\u0113mu. Magnijs pal\u012bdz uztur\u0113t elektrol\u012btu l\u012bdzsvaru. \u0160\u012b formula satur ar\u012b Triphali ekstraktu, tradicion\u0101lu savva\u013cas augu \u0101jurv\u0113das mais\u012bjumu.<\/p>\n","protected":false},"featured_media":3946,"comment_status":"open","ping_status":"closed","template":"","meta":{"_kad_blocks_custom_css":"","_kad_blocks_head_custom_js":"","_kad_blocks_body_custom_js":"","_kad_blocks_footer_custom_js":"","_kadence_starter_templates_imported_post":false,"_swpsp_post_exclude":false,"_kad_post_transparent":"","_kad_post_title":"","_kad_post_layout":"","_kad_post_sidebar_id":"","_kad_post_content_style":"","_kad_post_vertical_padding":"","_kad_post_feature":"","_kad_post_feature_position":"","_kad_post_header":false,"_kad_post_footer":false,"_kad_post_classname":""},"product_brand":[],"product_cat":[36,41],"product_tag":[],"class_list":{"0":"post-4265","1":"product","2":"type-product","3":"status-publish","4":"has-post-thumbnail","6":"product_cat-dietiskas-piedevas","7":"product_cat-energija-un-vielmaina","9":"first","10":"instock","11":"sale","12":"taxable","13":"shipping-taxable","14":"purchasable","15":"product-type-simple","16":"entry","17":"content-bg","18":"loop-entry"},"taxonomy_info":{"product_cat":[{"value":36,"label":"Di\u0113tisk\u0101s piedevas"},{"value":41,"label":"Ener\u0123ija un vielmai\u0146a"}]},"featured_image_src_large":["https:\/\/veselibasskola.lv\/wp-content\/uploads\/2025\/11\/443197ec77d45a5f30b0cdc0f0b1dbb1-1024x1024.png",1024,1024,true],"author_info":[],"comment_info":0,"_links":{"self":[{"href":"https:\/\/veselibasskola.lv\/ru\/wp-json\/wp\/v2\/product\/4265","targetHints":{"allow":["GET"]}}],"collection":[{"href":"https:\/\/veselibasskola.lv\/ru\/wp-json\/wp\/v2\/product"}],"about":[{"href":"https:\/\/veselibasskola.lv\/ru\/wp-json\/wp\/v2\/types\/product"}],"replies":[{"embeddable":true,"href":"https:\/\/veselibasskola.lv\/ru\/wp-json\/wp\/v2\/comments?post=4265"}],"wp:featuredmedia":[{"embeddable":true,"href":"https:\/\/veselibasskola.lv\/ru\/wp-json\/wp\/v2\/media\/3946"}],"wp:attachment":[{"href":"https:\/\/veselibasskola.lv\/ru\/wp-json\/wp\/v2\/media?parent=4265"}],"wp:term":[{"taxonomy":"product_brand","embeddable":true,"href":"https:\/\/veselibasskola.lv\/ru\/wp-json\/wp\/v2\/product_brand?post=4265"},{"taxonomy":"product_cat","embeddable":true,"href":"https:\/\/veselibasskola.lv\/ru\/wp-json\/wp\/v2\/product_cat?post=4265"},{"taxonomy":"product_tag","embeddable":true,"href":"https:\/\/veselibasskola.lv\/ru\/wp-json\/wp\/v2\/product_tag?post=4265"}],"curies":[{"name":"wp","href":"https:\/\/api.w.org\/{rel}","templated":true}]}}