{"id":4266,"date":"2026-02-19T19:44:13","date_gmt":"2026-02-19T17:44:13","guid":{"rendered":"https:\/\/veselibasskola.lv\/?post_type=product&#038;p=4266"},"modified":"2026-02-19T19:44:18","modified_gmt":"2026-02-19T17:44:18","slug":"immune-formula-90-kaps","status":"publish","type":"product","link":"https:\/\/veselibasskola.lv\/ru\/p\/immune-formula-90-kaps\/","title":{"rendered":"Immune Formula (90 kaps.)"},"content":{"rendered":"\n<div>\n<div>\n<h1><strong><span><span>Immune Formula<\/span><\/span><\/strong><br \/><span>UZTURA BAG\u0100TIN\u0100T\u0100JS<\/span><\/br><\/h1>\n<hr\/>\n<p><span>Immune Formula ir produkts, kas ar savu s\u0101kotn\u0113jo sast\u0101vu gadiem ilgi uzvar Nature&#8217;s Sunshine klientu sirdis. Katr\u0101 uztura bag\u0101tin\u0101t\u0101ja kapsul\u0101 atrodam s\u0113nes, paz\u012bstamas no \u0137\u012bnie\u0161u medic\u012bnas, piem\u0113ram, \u0136\u012bnas miltene, daivain\u0101 \u010demurene un rei\u0161i s\u0113nes. Kompoz\u012bcija ir papildin\u0101ta ar beta-glik\u0101niem no rauga Saccharomyces cerevisiae, lapegles Larix spp. arabinogalatk\u0101nu un jaunpienu.\u00a0<\/span><\/p>\n<p><span><span><strong><img\/><\/strong><\/span><\/span><\/p>\n<p><span><span><strong>\u0136\u012bnas miltene<\/strong><\/span><\/span><span><span>\u00a0 <\/span><\/span><em>Cordyceps sinensis<\/em><span>\u00a0ir s\u0113ne, sastopama Tibetas kalnien\u0113. Milteni \u012bpa\u0161i nov\u0113rt\u0113 \u0137\u012bnie\u0161u medic\u012bnas eksperti, kuri to iek\u013cauj \u010detr\u0101s svar\u012bg\u0101k\u0101s viel\u0101s un sauc par \u201cTibetas burvju augu\u201d.\u00a0<\/span><\/p>\n<p><span><span><strong>Daivain\u0101 \u010demurene\u00a0<\/strong><\/span><\/span>\u00a0<em>Grifola frondosa<\/em><span>\u00a0ir vair\u0101k paz\u012bstama k\u0101 maitake s\u0113ne, kas ar\u012b ir \u012bpa\u0161i atz\u012bta \u0137\u012bnie\u0161u medic\u012bn\u0101. Ir sastopama Jap\u0101n\u0101 un Zieme\u013camerik\u0101, augot uz viet\u0113jo koku stumbriem.<\/span><\/p>\n<p><span><span><strong>Rei\u0161i s\u0113ne\u00a0<\/strong><\/span><\/span><em>Ganoderma lucidum<\/em><span>\u00a0Ganoderma lucidum savuk\u0101rt ir pla\u0161i paz\u012bstam\u0101 rei\u0161i s\u0113ne. \u0160\u012b ir v\u0113l viena Immune Formula sast\u0101vda\u013ca, kas ieg\u016bta no \u0137\u012bnie\u0161u medic\u012bnas. \u0136\u012bnie\u0161i t\u016bksto\u0161iem gadu to pazina k\u0101 Ling Zhi un bie\u017ei to sauc par \u201cnemirst\u012bbas augu\u201d.<\/span><\/p>\n<p><span><span><span><strong>Beta-glik\u0101ni\u00a0<\/strong><\/span><\/span><\/span><span>m\u016bsdienu zin\u0101tn\u0113 tiek uzskat\u012bti par vienu no vissvar\u012bg\u0101kaj\u0101m viel\u0101m, ko ra\u017eo s\u0113nes.\u00a0<\/span><\/p>\n<p><span><span><strong>Arabinogalakt\u0101ns<\/strong><\/span><\/span><span>\u00a0ir lieldali\u0146u polisahar\u012bdu biopolim\u0113rs, ko metaboliz\u0113 zarnu flora, kas no t\u0101 ra\u017eo \u012bs\u0137\u0113des tauksk\u0101bes.\u00a0<\/span><\/p>\n<p><span><span><strong>Jaunpiens\u00a0<\/strong><\/span><\/span><span>ir nekas cits k\u0101 liellopu jaunpiens, t.i., piens, ko govs izdala pirmaj\u0101s stund\u0101s p\u0113c dzemd\u012bb\u0101m. Nutraceitiku tirg\u016b \u0161is produkts ir bijis popul\u0101rs apm\u0113ram 20 gadus.\u00a0<\/span><\/p>\n<p><\/br><\/br><\/br><\/p>\n<hr\/>\n<p><span><span><strong>SAST\u0100VS:<\/strong><\/span><\/span><br \/><span>Beta-glik\u0101nu pulveris, arabinogalakt\u0101na pulveris, jaunpiena pulveris (piens), \u0136\u012bnas miltenes (Cordyceps sinensis) pulveris (no sojas), daivain\u0101s \u010demurenes (Grifola frondosa) s\u0113n\u012b\u0161u ekstrakts, rei\u0161i s\u0113nes (Ganoderma lucidum) pulveris, pretsalipes viela: celuloze, kapsulas apvalks (\u017eelat\u012bns, \u016bdens).\u00a0<\/span><br \/><span><span><strong><br \/><\/strong><\/span><\/span><\/p>\n<hr\/>\n<p><span><span><strong>GALVEN\u0100S SAST\u0100VDA\u013bAS (3 kapsul\u0101s):<\/strong><\/span><\/span><br \/><span>Beta-glik\u0101ni (ieg\u016bti no rauga Saccharomyces cerevisiae) \u2026\u2026\u2026\u2026\u2026\u2026..\u2026\u2026. 600 mg\u00a0<\/span><br \/><span>Arabinogalakt\u0101ns (ekstrah\u0113ts no lapegles (Larix spp.)) \u2026\u2026\u2026\u2026\u2026\u2026\u2026\u2026\u2026\u2026..300 mg\u00a0<\/span><br \/><span>Jaunpiens \u2026\u2026\u2026\u2026\u2026\u2026\u2026\u2026\u2026\u2026\u2026\u2026\u2026\u2026\u2026\u2026\u2026\u2026\u2026\u2026\u2026\u2026\u2026\u2026\u2026\u2026\u2026\u2026\u2026\u2026\u2026\u2026\u2026&#8230;.\u2026.. 150 mg<\/span><br \/><span>\u0136\u012bnas miltenes (Cordyceps sinensis) mic\u0113lijs \u2026\u2026\u2026\u2026\u2026\u2026\u2026\u2026\u2026\u2026\u2026\u2026\u2026\u2026\u2026&#8230;.. 60 mg<\/span><\/p>\n<hr\/>\n<p><span><span><strong>IETEICAMA PORCIJA DIENAS LIETO\u0160ANAI:<\/strong><\/span><\/span><br \/><span>Lietot 3 kapsulas dien\u0101, starp \u0113dieniem.<\/span><\/p>\n<hr\/>\n<p><span><span><strong>GLAB\u0100\u0160ANA<\/strong><\/span><\/span><br \/><span>Glab\u0101t v\u0113s\u0101 un saus\u0101 viet\u0101. Glab\u0101t maziem b\u0113rniem nepieejam\u0101 viet\u0101!<\/span><\/p>\n<p><span>Nep\u0101rsniegt ieteicamo dienas dozi! Ja lietojat z\u0101les, pirms lieto\u0161anas konsult\u0113jieties ar \u0101rstu vai farmaceitu. .<\/span><\/p>\n<hr\/>\n<p><span>Nature\u2019s Sunshine mudina iev\u0113rot vesel\u012bga dz\u012bvesveida principus. Uztura bag\u0101tin\u0101t\u0101ji nevar b\u016bt lietoti k\u0101 diferenc\u0113tas di\u0113tas aizst\u0101j\u0113ji. Balans\u0113ta di\u0113ta un vesels dz\u012bvesveids ir organisma pareizas funkcion\u0113\u0161anas pamats.<\/span><\/p>\n<div><\/div>\n<\/p><\/div>\n<\/p><\/div>\n","protected":false},"excerpt":{"rendered":"<p>Immune Formula ir produkts, kas ar savu s\u0101kotn\u0113jo sast\u0101vu gadiem ilgi uzvar Nature&#8217;s Sunshine klientu sirdis. Katr\u0101 uztura bag\u0101tin\u0101t\u0101ja kapsul\u0101 atrodam s\u0113nes, paz\u012bstamas no \u0137\u012bnie\u0161u medic\u012bnas, piem\u0113ram, \u0136\u012bnas miltene, daivain\u0101 \u010demurene un rei\u0161i s\u0113nes. Kompoz\u012bcija ir papildin\u0101ta ar beta-glik\u0101niem no rauga Saccharomyces cerevisiae, lapegles Larix spp. arabinogalatk\u0101nu un jaunpienu.<\/p>\n","protected":false},"featured_media":2978,"comment_status":"open","ping_status":"closed","template":"","meta":{"_kad_blocks_custom_css":"","_kad_blocks_head_custom_js":"","_kad_blocks_body_custom_js":"","_kad_blocks_footer_custom_js":"","_kadence_starter_templates_imported_post":false,"_swpsp_post_exclude":false,"_kad_post_transparent":"","_kad_post_title":"","_kad_post_layout":"","_kad_post_sidebar_id":"","_kad_post_content_style":"","_kad_post_vertical_padding":"","_kad_post_feature":"","_kad_post_feature_position":"","_kad_post_header":false,"_kad_post_footer":false,"_kad_post_classname":""},"product_brand":[],"product_cat":[36,42],"product_tag":[],"class_list":{"0":"post-4266","1":"product","2":"type-product","3":"status-publish","4":"has-post-thumbnail","6":"product_cat-dietiskas-piedevas","7":"product_cat-imunsistema","9":"first","10":"instock","11":"sale","12":"taxable","13":"shipping-taxable","14":"purchasable","15":"product-type-simple","16":"entry","17":"content-bg","18":"loop-entry"},"taxonomy_info":{"product_cat":[{"value":36,"label":"Di\u0113tisk\u0101s piedevas"},{"value":42,"label":"Im\u016bnsist\u0113ma"}]},"featured_image_src_large":["https:\/\/veselibasskola.lv\/wp-content\/uploads\/2023\/12\/803521138fdcd4fbc4f168d5b120afca-1024x1024.png",1024,1024,true],"author_info":[],"comment_info":0,"_links":{"self":[{"href":"https:\/\/veselibasskola.lv\/ru\/wp-json\/wp\/v2\/product\/4266","targetHints":{"allow":["GET"]}}],"collection":[{"href":"https:\/\/veselibasskola.lv\/ru\/wp-json\/wp\/v2\/product"}],"about":[{"href":"https:\/\/veselibasskola.lv\/ru\/wp-json\/wp\/v2\/types\/product"}],"replies":[{"embeddable":true,"href":"https:\/\/veselibasskola.lv\/ru\/wp-json\/wp\/v2\/comments?post=4266"}],"wp:featuredmedia":[{"embeddable":true,"href":"https:\/\/veselibasskola.lv\/ru\/wp-json\/wp\/v2\/media\/2978"}],"wp:attachment":[{"href":"https:\/\/veselibasskola.lv\/ru\/wp-json\/wp\/v2\/media?parent=4266"}],"wp:term":[{"taxonomy":"product_brand","embeddable":true,"href":"https:\/\/veselibasskola.lv\/ru\/wp-json\/wp\/v2\/product_brand?post=4266"},{"taxonomy":"product_cat","embeddable":true,"href":"https:\/\/veselibasskola.lv\/ru\/wp-json\/wp\/v2\/product_cat?post=4266"},{"taxonomy":"product_tag","embeddable":true,"href":"https:\/\/veselibasskola.lv\/ru\/wp-json\/wp\/v2\/product_tag?post=4266"}],"curies":[{"name":"wp","href":"https:\/\/api.w.org\/{rel}","templated":true}]}}