{"id":4267,"date":"2026-02-19T19:44:13","date_gmt":"2026-02-19T17:44:13","guid":{"rendered":"https:\/\/veselibasskola.lv\/?post_type=product&#038;p=4267"},"modified":"2026-02-19T19:44:18","modified_gmt":"2026-02-19T17:44:18","slug":"blood-pressurex-60-kaps","status":"publish","type":"product","link":"https:\/\/veselibasskola.lv\/ru\/p\/blood-pressurex-60-kaps\/","title":{"rendered":"Blood Pressurex (60 kaps.)"},"content":{"rendered":"\n<div>\n<div>\n<p><span><span><strong>BLOOD PRESSUREX<\/strong><\/span><\/span><\/p>\n<p><span>UZTURA BAG\u0100TIN\u0100T\u0100JS<\/span><\/p>\n<hr\/>\n<p><strong>K\u0101 tas darbojas?<\/strong><\/p>\n<p>Blood Pressurex formula ir izstr\u0101d\u0101ta, lai efekt\u012bvi atbalst\u012btu sirds un asinsvadu vesel\u012bbu. Galven\u0101s sast\u0101vda\u013cas ir \u012bsto v\u012bnogu kauli\u0146u, vilk\u0101beles, liel\u0101 n\u0101tres ekstrakti un L-argin\u012bns.<\/p>\n<p>\u012asto v\u012bnogu s\u0113klu ekstrakts uztur vesel\u012bgus asinsvadus un veicina v\u0113nu mikrocirkul\u0101ciju.\u00a0<\/p>\n<p>Vilk\u0101beles aug\u013cu ekstrakts atbalsta sirds darb\u012bbu, palielina sk\u0101bek\u013ca padevi un uzlabo perif\u0113ro asinsriti.<\/p>\n<div>\u00a0<\/div>\n<p><strong>K\u0101p\u0113c Blood Pressurex?<\/strong><\/p>\n<p>Blood Pressurex ir projekt\u0113ts, lai uzlabotu vesel\u012bgu sirds un asinsvadu sist\u0113mas funkcijas organism\u0101. Blood Pressurex ir izstr\u0101d\u0101ts ar pieredz\u0113ju\u0161u z\u0101\u013cu speci\u0101listu pal\u012bdz\u012bbu un sast\u0101vda\u013cu, kas izv\u0113l\u0113tas, pateicoties to \u012bpa\u0161ai kvalit\u0101tei un t\u012br\u012bbai, izmanto\u0161anu. M\u0113s to zin\u0101m, jo bij\u0101m pie avota.<\/p>\n<div>\n<table>\n<tbody>\n<tr>\n<td>\n<p><strong>Akt\u012bv\u0101s vielas<\/strong><\/p>\n<\/td>\n<td>\n<p>viena kapsula<\/p>\n<\/td>\n<td>\n<p>tr\u012bs kapsulas (dienas porcija)<\/p>\n<\/td>\n<td>\n<p>% NRV*\u00a0<\/p>\n<p>(dienas porcija)<\/p>\n<div>\u00a0<\/div>\n<\/td>\n<\/tr>\n<tr>\n<td>\n<p>E vitam\u012bns\u00a0<\/p>\n<\/td>\n<td>\n<p>10 mg<\/p>\n<\/td>\n<td>\n<p>30 mg<\/p>\n<\/td>\n<td>\n<p>250%<\/p>\n<\/td>\n<\/tr>\n<tr>\n<td>\n<p>L-argin\u012bns\u00a0<\/p>\n<\/td>\n<td>\n<p>120 mg<\/p>\n<\/td>\n<td>\n<p>360 mg<\/p>\n<\/td>\n<td>\n<p>**<\/p>\n<\/td>\n<\/tr>\n<tr>\n<td>\n<p>Eiropas ol\u012bvkoka (Olea europaea) lapu ekstrakts\u00a0<\/p>\n<\/td>\n<td>\n<p>100 mg<\/p>\n<\/td>\n<td>\n<p>300 mg<\/p>\n<\/td>\n<td>\n<p>**<\/p>\n<\/td>\n<\/tr>\n<tr>\n<td>\n<p>\u012asto v\u012bnogu (Vitis vinifera) kauli\u0146u ekstrakts\u00a0<\/p>\n<\/td>\n<td>\n<p>75 mg<\/p>\n<\/td>\n<td>\n<p>225 mg<\/p>\n<\/td>\n<td>\n<p>**<\/p>\n<\/td>\n<\/tr>\n<tr>\n<td>\n<p>Indijas n\u0101tres (Coleus forskohlii) saknes ekstrakts\u00a0<\/p>\n<\/td>\n<td>\n<p>70 mg<\/p>\n<\/td>\n<td>\n<p>210 mg<\/p>\n<\/td>\n<td>\n<p>**<\/p>\n<\/td>\n<\/tr>\n<tr>\n<td>\n<p>Divirbu\u013cu vilk\u0101bele (Crataegus laevigata) aug\u013cu ekstrakts\u00a0<\/p>\n<\/td>\n<td>\n<p>40 mg<\/p>\n<\/td>\n<td>\n<p>120 mg<\/p>\n<\/td>\n<td>\n<p>**<\/p>\n<\/td>\n<\/tr>\n<tr>\n<td>\n<p>Dzelten\u0101s zeltgalv\u012btes (Solidago virgaurea) virszemes da\u013cas\u00a0<\/p>\n<\/td>\n<td>\n<p>10 mg<\/p>\n<\/td>\n<td>\n<p>30 mg<\/p>\n<\/td>\n<td>\n<p>**<\/p>\n<\/td>\n<\/tr>\n<tr>\n<td>\n<p>* NRV: ieteicam\u0101 dienas deva pieaugu\u0161ajiem.<\/p>\n<p>** NRV nav noteikta.<\/p>\n<\/td>\n<\/tr>\n<\/tbody>\n<\/table><\/div>\n<div><strong>Sast\u0101vda\u013cas:<\/strong><br \/>L-argin\u012bns, Eiropas ol\u012bvkoka lapu ekstrakta pulveris (Olea europaea), \u012bsto v\u012bnogu kauli\u0146u ekstrakta pulveris (Vitis vinifera), Indijas n\u0101tres saknes ekstrakta pulveris (Coleus forskohlii), divirbu\u013cu vilk\u0101beles aug\u013cu ekstrakta pulveris (Crataegus laevigata), D-alfa-tokoferols (E vitam\u012bns), dzelten\u0101s zeltgalv\u012btes virszemes pulveris (Solidago virgaurea), pretsalipes vielas (tauksk\u0101bju magnija s\u0101\u013ci, sil\u012bcija dioks\u012bds), kapsulas apvalks (\u017eelat\u012bns).<\/br><\/br><\/div>\n<hr\/>\n<div>\n<div><strong>Ieteicam\u0101 porcija pat\u0113ri\u0146am dienas laik\u0101:<\/strong><\/div>\n<div>\n<div>Viena kapsula tr\u012bs reizes dien\u0101 \u0113dienreizes laik\u0101. Nedr\u012bkst p\u0101rsniegt rekomend\u0113tas dienas dozi.<\/div>\n<div>Nelietot sirds z\u0101\u013cu lieto\u0161anas gad\u012bjum\u0101. Konsult\u0113jieties ar \u0101rstu vai farmaceitu, ja vienlaikus lietojat antikoagulantus.<\/div>\n<div>\u00a0<\/div>\n<div>Glab\u0101t saus\u0101 un v\u0113s\u0101, b\u0113rniem nepieejam\u0101 viet\u0101.<\/div>\n<\/p><\/div>\n<\/p><\/div>\n<hr\/>\n<div>\n<div>\n<div><span>NATURE&#8217;S SUNSHINE MUDINA VESEL\u012aGAM DZ\u012aVESVEIDAM. Di\u0113tas bag\u0101tin\u0101t\u0101ji nevar b\u016bt lietoti k\u0101 diferenc\u0113tas di\u0113tas aizst\u0101j\u0113ji. Balans\u0113ta di\u0113ta un vesel\u012bgs dz\u012bvesveids ir organisma pareizas funkcion\u0113\u0161anas pamats.<\/span><\/div>\n<\/p><\/div>\n<\/p><\/div>\n<div>\u00a0<\/div>\n<div>\u00a0<\/div>\n<div><\/div>\n<\/p><\/div>\n<\/p><\/div>\n","protected":false},"excerpt":{"rendered":"<p>Blood Pressurex formula ir izstr\u0101d\u0101ta, lai efekt\u012bvi atbalst\u012btu sirds un asinsvadu vesel\u012bbu. Galven\u0101s sast\u0101vda\u013cas ir \u012bsto v\u012bnogu kauli\u0146u, vilk\u0101beles, liel\u0101 n\u0101tres ekstrakti un L-argin\u012bns.  \u012asto v\u012bnogu s\u0113klu ekstrakts uztur vesel\u012bgus asinsvadus un veicina v\u0113nu mikrocirkul\u0101ciju.\u00a0  Vilk\u0101beles aug\u013cu ekstrakts atbalsta sirds darb\u012bbu, palielina sk\u0101bek\u013ca padevi un uzlabo perif\u0113ro asinsriti.<\/p>\n","protected":false},"featured_media":4092,"comment_status":"open","ping_status":"closed","template":"","meta":{"_kad_blocks_custom_css":"","_kad_blocks_head_custom_js":"","_kad_blocks_body_custom_js":"","_kad_blocks_footer_custom_js":"","_kadence_starter_templates_imported_post":false,"_swpsp_post_exclude":false,"_kad_post_transparent":"","_kad_post_title":"","_kad_post_layout":"","_kad_post_sidebar_id":"","_kad_post_content_style":"","_kad_post_vertical_padding":"","_kad_post_feature":"","_kad_post_feature_position":"","_kad_post_header":false,"_kad_post_footer":false,"_kad_post_classname":""},"product_brand":[],"product_cat":[40,36],"product_tag":[],"class_list":{"0":"post-4267","1":"product","2":"type-product","3":"status-publish","4":"has-post-thumbnail","6":"product_cat-asinsrites-sistema","7":"product_cat-dietiskas-piedevas","9":"first","10":"instock","11":"sale","12":"taxable","13":"shipping-taxable","14":"purchasable","15":"product-type-simple","16":"entry","17":"content-bg","18":"loop-entry"},"taxonomy_info":{"product_cat":[{"value":40,"label":"Asinsrites sist\u0113ma"},{"value":36,"label":"Di\u0113tisk\u0101s piedevas"}]},"featured_image_src_large":["https:\/\/veselibasskola.lv\/wp-content\/uploads\/2025\/11\/42c45d8e19511acc25d57015bc05c176-1024x1024.png",1024,1024,true],"author_info":[],"comment_info":0,"_links":{"self":[{"href":"https:\/\/veselibasskola.lv\/ru\/wp-json\/wp\/v2\/product\/4267","targetHints":{"allow":["GET"]}}],"collection":[{"href":"https:\/\/veselibasskola.lv\/ru\/wp-json\/wp\/v2\/product"}],"about":[{"href":"https:\/\/veselibasskola.lv\/ru\/wp-json\/wp\/v2\/types\/product"}],"replies":[{"embeddable":true,"href":"https:\/\/veselibasskola.lv\/ru\/wp-json\/wp\/v2\/comments?post=4267"}],"wp:featuredmedia":[{"embeddable":true,"href":"https:\/\/veselibasskola.lv\/ru\/wp-json\/wp\/v2\/media\/4092"}],"wp:attachment":[{"href":"https:\/\/veselibasskola.lv\/ru\/wp-json\/wp\/v2\/media?parent=4267"}],"wp:term":[{"taxonomy":"product_brand","embeddable":true,"href":"https:\/\/veselibasskola.lv\/ru\/wp-json\/wp\/v2\/product_brand?post=4267"},{"taxonomy":"product_cat","embeddable":true,"href":"https:\/\/veselibasskola.lv\/ru\/wp-json\/wp\/v2\/product_cat?post=4267"},{"taxonomy":"product_tag","embeddable":true,"href":"https:\/\/veselibasskola.lv\/ru\/wp-json\/wp\/v2\/product_tag?post=4267"}],"curies":[{"name":"wp","href":"https:\/\/api.w.org\/{rel}","templated":true}]}}