{"id":4268,"date":"2026-02-19T19:44:13","date_gmt":"2026-02-19T17:44:13","guid":{"rendered":"https:\/\/veselibasskola.lv\/?post_type=product&#038;p=4268"},"modified":"2026-02-19T19:44:18","modified_gmt":"2026-02-19T17:44:18","slug":"optimum-komplekts","status":"publish","type":"product","link":"https:\/\/veselibasskola.lv\/ru\/p\/optimum-komplekts\/","title":{"rendered":"Optimum Komplekts"},"content":{"rendered":"\n<div>\n<div>\n<p>Holistiska pieeja vesel\u012bbai\u00a0<\/p>\n<p>Holistiska pieeja cilv\u0113kiem ir l\u012bdzsvara mekl\u0113\u0161ana da\u017e\u0101dos l\u012bme\u0146os. Dz\u012bvesveida aspekti, vesel\u012bba, uzturs, fizisk\u0101 sagatavot\u012bba, ta\u010du ar\u012b dom\u0101\u0161ana, m\u0101ksla un dabas apvieno un caurstr\u0101vo visas dz\u012bves joma.<\/p>\n<p>Uz\u0146\u0113mum\u0101 Nature&#8217;s Sunshine m\u0113s izmantojam holistisku pieeju ikvienam. M\u016bsu ikdienas dz\u012bv\u0113 optim\u0101li integr\u0113tas attiec\u012bbas ar dabu, \u016bdeni, t\u012bru gaisu, skaidrs un mier\u012bgs pr\u0101ts un t\u012brs gars mums ir tikpat svar\u012bgs k\u0101 uzturs, \u0101rstniec\u012bbas augi, fizisk\u0101s aktivit\u0101tes un tuvinieku atbalsts. Nature&#8217;s Sunshine kopienu veido cilv\u0113ki, kuriem \u0161\u012bs v\u0113rt\u012bbas bie\u017ei vien ir vi\u0146u pa\u0161u dz\u012bves b\u016bt\u012bba, paties\u0101 j\u0113ga, glu\u017ei k\u0101 pa\u0161aizliedz\u012bga pal\u012bdz\u012bba citiem.<\/p>\n<hr\/>\n<p>Atg\u016bstiet l\u012bdzsvaru!<\/p>\n<p>Produkt\u0101 Solstic eso\u0161\u0101 guarana sniedz jums papildu dabisk\u0101s ener\u0123ijas devu. Produkt\u0101 <strong>Solstic ener\u0123ija no dabas<\/strong> ir ar\u012b B vitam\u012bni, kas pal\u012bdz uzveikt nogurumu. Ieg\u016bstiet nepiecie\u0161amo sp\u0113ku ikdienas probl\u0113mu risin\u0101\u0161anai.<\/p>\n<p><strong>Cinks ALT <\/strong>ir cinka, a\u013c\u0123u, lucernas un timi\u0101na ide\u0101la kombin\u0101cija. Cinks ne tikai ietekm\u0113 kaulu vesel\u012bbu, bet ar\u012b pal\u012bdz uztur\u0113t \u0137erme\u0146a sk\u0101bju un s\u0101rmu l\u012bdzsvaru. Timi\u0101ns nomierino\u0161i ietekm\u0113 kaklu un balss saites.<\/p>\n<p><strong>Ol\u012bvkoku lapu ekstrakts<\/strong> ir lieliska izv\u0113le imunit\u0101tes un gremo\u0161anas sist\u0113mas stiprin\u0101\u0161anai. Tas atbalsta aug\u0161\u0113jos elpce\u013cus un tradicion\u0101li tiek izmantots asinsrites un asinsspiediena uzlabo\u0161anai.<\/p>\n<p>Izcila antioksidantu bumba ir atrodama produkt\u0101<strong> Zambroza<\/strong>, prec\u012bz\u0101k \u2013 sarkano v\u012bnogu mizi\u0146\u0101s. Pateicoties produkt\u0101 eso\u0161ajiem smilts\u0113rk\u0161\u0137iem, Zambroza stiprina sirdi un uzlabo imunit\u0101ti.<\/p>\n<p><strong>Alvejas sula<\/strong>, kas ir m\u016bsu produkta Alvejas sula galven\u0101 sast\u0101vda\u013ca, pal\u012bdz\u0113s uztur\u0113t j\u016bsu gremo\u0161anas sist\u0113mu perfekt\u0101 l\u012bdzsvar\u0101. Tas stimul\u0113 vielmai\u0146u, veicina gremo\u0161anu un pal\u012bdz nodro\u0161in\u0101t regul\u0101ru v\u0113dera izeju.<\/p>\n<p><strong>Super Omega 3 EPA<\/strong> viena kapsula satur 380 mg EPA sk\u0101bes un 190 mg DHA, kas n\u0101k par labu sirdij un nodro\u0161ina pareizu smadze\u0146u darb\u012bbu.<\/p>\n<p>Produkts <strong>Magnijs<\/strong> nodro\u0161ina 64% no dien\u0101 nepiecie\u0161am\u0101 magnija daudzuma, kas veicina pareizu olbaltumvielu sint\u0113zi, veicina norm\u0101las psiholo\u0123isk\u0101s funkcijas un pal\u012bdz uztur\u0113t elektrol\u012btu l\u012bdzsvaru.\u00a0<\/p>\n<hr\/>\n<p><strong>Komplekts ietver:\u00a0<br \/><\/strong>\u0160\u0137idrais hlorofils<br \/>Cinks ALT<br \/>Ol\u012bvkoka lapu ekstrakts<br \/>Magnijs<br \/>Alvejas sula<br \/>Solstic ener\u0123ija no dabas<br \/>Super Omega 3 EPA<br \/>Zambroza<\/br><\/br><\/br><\/p>\n<hr\/>\n<p><strong>Ieteicam\u0101 lieto\u0161ana:\u00a0<br \/><\/strong>Visus komplekt\u0101 iek\u013cautos produktus lietojiet saska\u0146\u0101 ar nor\u0101d\u0113m uz eti\u0137et\u0113m.\u00a0<\/p>\n<hr\/>\n<p><span><strong>AKCIJA!<br \/><\/strong><\/span><strong>Ieg\u0101d\u0101joties komplektu Optimum, sa\u0146emiet 25% atlaidi produktam Bifidophilus Bacteria vai Vitamin C.<\/strong><\/p>\n<hr\/>\n<p><span><em>Uztura bag\u0101tin\u0101t\u0101jus nav paredz\u0113ts lietot pilnv\u0113rt\u012bga uztura aizst\u0101\u0161anai. Sabalans\u0113ts uzturs un vesel\u012bgs dz\u012bvesveids ir vesel\u012bga \u0137erme\u0146a pamats.<\/em><\/span><\/p>\n<p><\/p>\n<div><\/div>\n<\/p><\/div>\n<\/p><\/div>\n","protected":false},"excerpt":{"rendered":"<p>Holistiska pieeja vesel\u012bbai\u00a0 Holistiska pieeja cilv\u0113kiem ir l\u012bdzsvara mekl\u0113\u0161ana da\u017e\u0101dos l\u012bme\u0146os. Dz\u012bvesveida aspekti, vesel\u012bba, uzturs, fizisk\u0101 sagatavot\u012bba, ta\u010du ar\u012b dom\u0101\u0161ana, m\u0101ksla un dabas apvieno un caurstr\u0101vo visas dz\u012bves joma. Uz\u0146\u0113mum\u0101 Nature&#8217;s Sunshine m\u0113s izmantojam holistisku pieeju ikvienam. M\u016bsu ikdienas dz\u012bv\u0113 optim\u0101li integr\u0113tas attiec\u012bbas ar dabu, \u016bdeni, t\u012bru gaisu, skaidrs un mier\u012bgs pr\u0101ts un t\u012brs gars&#8230;<\/p>\n","protected":false},"featured_media":3947,"comment_status":"open","ping_status":"closed","template":"","meta":{"_kad_blocks_custom_css":"","_kad_blocks_head_custom_js":"","_kad_blocks_body_custom_js":"","_kad_blocks_footer_custom_js":"","_kadence_starter_templates_imported_post":false,"_swpsp_post_exclude":false,"_kad_post_transparent":"","_kad_post_title":"","_kad_post_layout":"","_kad_post_sidebar_id":"","_kad_post_content_style":"","_kad_post_vertical_padding":"","_kad_post_feature":"","_kad_post_feature_position":"","_kad_post_header":false,"_kad_post_footer":false,"_kad_post_classname":""},"product_brand":[],"product_cat":[35],"product_tag":[],"class_list":{"0":"post-4268","1":"product","2":"type-product","3":"status-publish","4":"has-post-thumbnail","6":"product_cat-komplekti","8":"first","9":"instock","10":"sale","11":"taxable","12":"shipping-taxable","13":"purchasable","14":"product-type-simple","15":"entry","16":"content-bg","17":"loop-entry"},"taxonomy_info":{"product_cat":[{"value":35,"label":"Komplekti"}]},"featured_image_src_large":["https:\/\/veselibasskola.lv\/wp-content\/uploads\/2025\/11\/5e426654c7a2fd7d5d08a3dc6c804fce-1024x1024.png",1024,1024,true],"author_info":[],"comment_info":0,"_links":{"self":[{"href":"https:\/\/veselibasskola.lv\/ru\/wp-json\/wp\/v2\/product\/4268","targetHints":{"allow":["GET"]}}],"collection":[{"href":"https:\/\/veselibasskola.lv\/ru\/wp-json\/wp\/v2\/product"}],"about":[{"href":"https:\/\/veselibasskola.lv\/ru\/wp-json\/wp\/v2\/types\/product"}],"replies":[{"embeddable":true,"href":"https:\/\/veselibasskola.lv\/ru\/wp-json\/wp\/v2\/comments?post=4268"}],"wp:featuredmedia":[{"embeddable":true,"href":"https:\/\/veselibasskola.lv\/ru\/wp-json\/wp\/v2\/media\/3947"}],"wp:attachment":[{"href":"https:\/\/veselibasskola.lv\/ru\/wp-json\/wp\/v2\/media?parent=4268"}],"wp:term":[{"taxonomy":"product_brand","embeddable":true,"href":"https:\/\/veselibasskola.lv\/ru\/wp-json\/wp\/v2\/product_brand?post=4268"},{"taxonomy":"product_cat","embeddable":true,"href":"https:\/\/veselibasskola.lv\/ru\/wp-json\/wp\/v2\/product_cat?post=4268"},{"taxonomy":"product_tag","embeddable":true,"href":"https:\/\/veselibasskola.lv\/ru\/wp-json\/wp\/v2\/product_tag?post=4268"}],"curies":[{"name":"wp","href":"https:\/\/api.w.org\/{rel}","templated":true}]}}