{"id":4269,"date":"2026-02-19T19:44:13","date_gmt":"2026-02-19T17:44:13","guid":{"rendered":"https:\/\/veselibasskola.lv\/?post_type=product&#038;p=4269"},"modified":"2026-02-19T19:44:18","modified_gmt":"2026-02-19T17:44:18","slug":"pro-relax-komplekts","status":"publish","type":"product","link":"https:\/\/veselibasskola.lv\/ru\/p\/pro-relax-komplekts\/","title":{"rendered":"Pro Relax Komplekts"},"content":{"rendered":"\n<div>\n<div>\n<p>Esiet mier\u012bgi par savu vesel\u012bbu<\/p>\n<p>M\u016bsu vesel\u012bba bie\u017ei cie\u0161 no stresa un trauksmes. Pasaules strauj\u0101 ikdiena izraisa nemieru. Straujais p\u0101rmai\u0146u temps at\u0146em mums stabilit\u0101ti un bie\u017ei liek justies nedro\u0161iem par lab\u0101ku vai vienk\u0101r\u0161i mier\u012bgu r\u012btdienu. J\u0101, stress ir k\u013cuvis par m\u016bsu ikdienas pavadoni, un m\u0113s katru dienu sastopamies ar stresa situ\u0101cij\u0101m. Zin\u0101tnieki ne\u0161aub\u0101s par to, ka stress ir ar\u012b viens no liel\u0101kajiem draudiem m\u016bsu vesel\u012bbai.\u00a0<\/p>\n<p>Lai efekt\u012bvi tiktu gal\u0101 ar stresu, mums ir j\u0101par\u016bp\u0113jas par kognit\u012bvo un psiholo\u0123isko, k\u0101 ar\u012b smadze\u0146u pareizu darb\u012bbu. Laba atmi\u0146a un pareiza uztvere var pasarg\u0101t m\u016bs no trauksmes.\u00a0<\/p>\n<p>Komplekts Pro Relax tika izstr\u0101d\u0101ts, lai nomierin\u0101tu nervus un sniegtu mums nelielu atelpu straujaj\u0101 pasaul\u0113, k\u0101 ar\u012b veicin\u0101tu m\u016bsu kognit\u012bv\u0101s sp\u0113jas. Komplekta formula ir izstr\u0101d\u0101ta, lai stiprin\u0101tu notur\u012bbu pret stresu, neizraisot nogurumu.<\/p>\n<hr\/>\n<p>Neuztraucieties par savu vesel\u012bbu!<\/p>\n<p><strong>Gotu Kola<\/strong> jeb Centella asiatica ir augs, kuru cilv\u0113ce paz\u012bst jau t\u016bksto\u0161iem gadu. Lai ar\u012b zin\u0101tnieki joproj\u0101m atkl\u0101j t\u0101s jaun\u0101s \u012bpa\u0161\u012bbas, jau ir zin\u0101ms, ka t\u0101 lieliski ietekm\u0113 asinsrites sist\u0113mu un nodro\u0161ina pareizu kognit\u012bvo darb\u012bbu, t.i., koncentr\u0113\u0161an\u0101s sp\u0113ju un atmi\u0146u.<\/p>\n<p>Produkts<strong> Hops &amp; Valerian with Passionflower<\/strong> ir paredz\u0113ts stresa mazin\u0101\u0161anai. Baldri\u0101ns pal\u012bdz nodro\u0161in\u0101t vesel\u012bgu miegu, api\u0146iem ir nomierino\u0161as \u012bpa\u0161\u012bbas, savuk\u0101rt pasiflora uzlabo notur\u012bbu pret stresu.\u00a0<\/p>\n<p>Komplekt\u0101 nevar iztikt bez <strong>lecit\u012bna<\/strong>, kas ir \u013coti svar\u012bgs elements smadzen\u0113m un nervu audiem.<\/p>\n<p>Produkts <strong>Magnijs<\/strong> ir lielisks magnija avots, un komplekt\u0101 tas ir atbild\u012bgs par noguruma un nesp\u0113ka mazin\u0101\u0161anu, k\u0101 ar\u012b par pareizu gar\u012bgo funkciju uztur\u0113\u0161anu.<\/p>\n<p>Neviens nav j\u0101p\u0101rliecina par to, cik svar\u012bgas m\u016bsu vesel\u012bbai ir Omega 3 tauksk\u0101bes. L\u012bdzeklis <strong>Super Omega 3 EPA<\/strong> ir iek\u013cauts komplekt\u0101 Pro Relax, jo taj\u0101 ir dokozaheksa\u0113nsk\u0101be, kas, lietojot vismaz pa 250 mg, pozit\u012bvi ietekm\u0113 smadze\u0146u darb\u012bbu.\u00a0<\/p>\n<p>Produkts <strong>Vitamin B Complex<\/strong>, protams, ir B vitam\u012bnu avots, kas ir vislab\u0101k paz\u012bstami ar savu pozit\u012bvo ietekmi uz gar\u012bgaj\u0101m funkcij\u0101m un pal\u012bdz c\u012bn\u012bties ar nogurumu.<\/p>\n<p>Komplekts ir papildin\u0101ts ar <strong>D3 vitam\u012bnu<\/strong>, kas ir nepiecie\u0161ams katru dienu.<\/p>\n<hr\/>\n<p><strong>Komplekts ietver:\u00a0<br \/><\/strong>Gotu Kola<br \/>Hops &amp; Valerian with Passionflower<br \/>Lecit\u012bns<br \/>Magnijs<br \/>2 x Super Omega 3 EPA<br \/>Vitamin B Complex<br \/>D3 vitam\u012bns<\/br><\/br><\/br><\/p>\n<hr\/>\n<p><strong>Ieteicam\u0101 lieto\u0161ana:\u00a0<br \/><\/strong>Visus komplekt\u0101 iek\u013cautos produktus lietojiet saska\u0146\u0101 ar nor\u0101d\u0113m uz eti\u0137et\u0113m.\u00a0<\/p>\n<hr\/>\n<p><span><strong>AKCIJA!<br \/><\/strong><\/span><strong>Ieg\u0101d\u0101joties komplektu Pro Cardio, sa\u0146emiet 25% atlaidi produktam Solstic vai\u00a0<\/strong><strong>CoQ10<\/strong><strong>.<\/strong><\/p>\n<hr\/>\n<p><span><em>Uztura bag\u0101tin\u0101t\u0101jus nav paredz\u0113ts lietot pilnv\u0113rt\u012bga uztura aizst\u0101\u0161anai. Sabalans\u0113ts uzturs un vesel\u012bgs dz\u012bvesveids ir vesel\u012bga \u0137erme\u0146a pamats.<\/em><\/span><\/p>\n<p><\/p>\n<div><\/div>\n<\/p><\/div>\n<\/p><\/div>\n","protected":false},"excerpt":{"rendered":"<p>Esiet mier\u012bgi par savu vesel\u012bbu M\u016bsu vesel\u012bba bie\u017ei cie\u0161 no stresa un trauksmes. Pasaules strauj\u0101 ikdiena izraisa nemieru. Straujais p\u0101rmai\u0146u temps at\u0146em mums stabilit\u0101ti un bie\u017ei liek justies nedro\u0161iem par lab\u0101ku vai vienk\u0101r\u0161i mier\u012bgu r\u012btdienu. J\u0101, stress ir k\u013cuvis par m\u016bsu ikdienas pavadoni, un m\u0113s katru dienu sastopamies ar stresa situ\u0101cij\u0101m. Zin\u0101tnieki ne\u0161aub\u0101s par to,&#8230;<\/p>\n","protected":false},"featured_media":3963,"comment_status":"open","ping_status":"closed","template":"","meta":{"_kad_blocks_custom_css":"","_kad_blocks_head_custom_js":"","_kad_blocks_body_custom_js":"","_kad_blocks_footer_custom_js":"","_kadence_starter_templates_imported_post":false,"_swpsp_post_exclude":false,"_kad_post_transparent":"","_kad_post_title":"","_kad_post_layout":"","_kad_post_sidebar_id":"","_kad_post_content_style":"","_kad_post_vertical_padding":"","_kad_post_feature":"","_kad_post_feature_position":"","_kad_post_header":false,"_kad_post_footer":false,"_kad_post_classname":""},"product_brand":[],"product_cat":[35],"product_tag":[],"class_list":{"0":"post-4269","1":"product","2":"type-product","3":"status-publish","4":"has-post-thumbnail","6":"product_cat-komplekti","8":"first","9":"instock","10":"sale","11":"taxable","12":"shipping-taxable","13":"purchasable","14":"product-type-simple","15":"entry","16":"content-bg","17":"loop-entry"},"taxonomy_info":{"product_cat":[{"value":35,"label":"Komplekti"}]},"featured_image_src_large":["https:\/\/veselibasskola.lv\/wp-content\/uploads\/2025\/11\/34acea8f76ca656873b91250e23f99a2-1024x1024.png",1024,1024,true],"author_info":[],"comment_info":0,"_links":{"self":[{"href":"https:\/\/veselibasskola.lv\/ru\/wp-json\/wp\/v2\/product\/4269","targetHints":{"allow":["GET"]}}],"collection":[{"href":"https:\/\/veselibasskola.lv\/ru\/wp-json\/wp\/v2\/product"}],"about":[{"href":"https:\/\/veselibasskola.lv\/ru\/wp-json\/wp\/v2\/types\/product"}],"replies":[{"embeddable":true,"href":"https:\/\/veselibasskola.lv\/ru\/wp-json\/wp\/v2\/comments?post=4269"}],"wp:featuredmedia":[{"embeddable":true,"href":"https:\/\/veselibasskola.lv\/ru\/wp-json\/wp\/v2\/media\/3963"}],"wp:attachment":[{"href":"https:\/\/veselibasskola.lv\/ru\/wp-json\/wp\/v2\/media?parent=4269"}],"wp:term":[{"taxonomy":"product_brand","embeddable":true,"href":"https:\/\/veselibasskola.lv\/ru\/wp-json\/wp\/v2\/product_brand?post=4269"},{"taxonomy":"product_cat","embeddable":true,"href":"https:\/\/veselibasskola.lv\/ru\/wp-json\/wp\/v2\/product_cat?post=4269"},{"taxonomy":"product_tag","embeddable":true,"href":"https:\/\/veselibasskola.lv\/ru\/wp-json\/wp\/v2\/product_tag?post=4269"}],"curies":[{"name":"wp","href":"https:\/\/api.w.org\/{rel}","templated":true}]}}