{"id":4271,"date":"2026-02-19T19:44:14","date_gmt":"2026-02-19T17:44:14","guid":{"rendered":"https:\/\/veselibasskola.lv\/?post_type=product&#038;p=4271"},"modified":"2026-02-19T19:44:18","modified_gmt":"2026-02-19T17:44:18","slug":"skidrs-hlorofils-4756-ml","status":"publish","type":"product","link":"https:\/\/veselibasskola.lv\/ru\/p\/skidrs-hlorofils-4756-ml\/","title":{"rendered":"\u0160\u0136IDRS HLOROFILS (475,6 ml)"},"content":{"rendered":"\n<div>\n<div>\n<h1><span>\u0160\u0136IDRS HLOROFILS<\/span><\/h1>\n<h4><span>DIETAS BAG\u0100TIN\u0100T\u0100JI<\/span><\/h4>\n<hr\/>\n<p>\u0160\u0137idrs hlorofils ir absol\u016bts bestsellers starp Nature\u2019s Sunshine produktiem vis\u0101 pasaul\u0113. <br \/>Produkta galven\u0101 sast\u0101vda\u013ca ir n\u0101trija-vara hlorofil\u012bns, sav\u0101kts no s\u0113jas lucernas un z\u012bdkokiem. <br \/>Hlorofil\u012bna \u0137\u012bmisk\u0101 strukt\u016bra ir l\u012bdz\u012bga hemoglob\u012bna da\u013ci\u0146ai, un at\u0161\u0137iras ar da\u013ci\u0146as centru. <br \/>Hemoglobin\u0101 t\u0101 ir dzelzs, un hlorofil\u012bn\u0101 &#8212; var\u0161. Hlorofils raksturos ar piparm\u0113tra atsvaidzino\u0161u gar\u0161u pateicoties piparm\u0113tra e\u013c\u013cai.<\/br><\/br><\/br><\/p>\n<hr\/>\n<p>SAST\u0100VS:<\/p>\n<p>Att\u012br\u012bts \u016bdens; stabilizators: \u0161\u0137\u012bsto\u0161s glicer\u012bns; n\u0101trija-vara hlorofil\u012bns; aromatiz\u0113t\u0101js: piparm\u0113tra e\u013c\u013ca.<\/p>\n<hr\/>\n<p>SVAR\u012aGAS SAST\u0100VDA\u013bAS:<\/p>\n<p>Saturs ieteicam\u0101 porcij\u0101 (5 ml.):<br \/>N\u0101trija-vara hlorofil\u012bns &#8230;&#8230;&#8230;&#8230;&#8230; 15 mg*<br \/>*Nenoteikt\u0101 ieteicama dienas doze.<\/br><\/p>\n<hr\/>\n<p>GLAB\u0100\u0160ANA:<br \/>Glab\u0101t saus\u0101 un v\u0113s\u0101, b\u0113rniem nepieejam\u0101 viet\u0101. P\u0113c atv\u0113r\u0161anas tur\u0113t ledusskap\u012b.<\/p>\n<hr\/>\n<p>IETEICAMA PORCIJA DIENAS LIETO\u0160ANAI:<\/p>\n<p>5 ml (viena t\u0113jkarote) hlorofila samais\u012bt ar gl\u0101zi \u016bdens. Dzert tr\u012bs reizes dien\u0101.<br \/>Nedr\u012bkst p\u0101rsniegt rekomend\u0113tas dienas dozi.<\/p>\n<p><span>NATURE&#8217;S SUNSHINE MUDINA VESEL\u012aGAM DZ\u012aVESVEIDAM.<\/span><br \/><span>Di\u0113tas bag\u0101tin\u0101t\u0101ji nevar b\u016bt lietoti k\u0101 diferenc\u0113tas di\u0113tas aizst\u0101j\u0113ji. Balans\u0113ta di\u0113ta un vesel\u012bgs dz\u012bvesveids ir organisma pareizas funkcion\u0113\u0161anas pamats.<\/span><\/p>\n<div>\u00a0<\/div>\n<div><\/div>\n<\/p><\/div>\n<\/p><\/div>\n","protected":false},"excerpt":{"rendered":"<p>\u0160\u0137idrs hlorofils ir absol\u016bts bestsellers starp Nature\u2019s Sunshine produktiem vis\u0101 pasaul\u0113. Produkta galven\u0101 sast\u0101vda\u013ca ir n\u0101trija-vara hlorofil\u012bns, sav\u0101kts no s\u0113jas lucernas un z\u012bdkokiem. Hlorofil\u012bna \u0137\u012bmisk\u0101 strukt\u016bra ir l\u012bdz\u012bga hemoglob\u012bna da\u013ci\u0146ai, un at\u0161\u0137iras ar da\u013ci\u0146as centru. Hemoglobin\u0101 t\u0101 ir dzelzs, un hlorofil\u012bn\u0101 &#8212; var\u0161. Hlorofils raksturos ar piparm\u0113tra atsvaidzino\u0161u gar\u0161u pateicoties piparm\u0113tra e\u013c\u013cai.<\/p>\n","protected":false},"featured_media":3993,"comment_status":"open","ping_status":"closed","template":"","meta":{"_kad_blocks_custom_css":"","_kad_blocks_head_custom_js":"","_kad_blocks_body_custom_js":"","_kad_blocks_footer_custom_js":"","_kadence_starter_templates_imported_post":false,"_swpsp_post_exclude":false,"_kad_post_transparent":"","_kad_post_title":"","_kad_post_layout":"","_kad_post_sidebar_id":"","_kad_post_content_style":"","_kad_post_vertical_padding":"","_kad_post_feature":"","_kad_post_feature_position":"","_kad_post_header":false,"_kad_post_footer":false,"_kad_post_classname":""},"product_brand":[],"product_cat":[36],"product_tag":[],"class_list":{"0":"post-4271","1":"product","2":"type-product","3":"status-publish","4":"has-post-thumbnail","6":"product_cat-dietiskas-piedevas","8":"first","9":"instock","10":"sale","11":"taxable","12":"shipping-taxable","13":"purchasable","14":"product-type-simple","15":"entry","16":"content-bg","17":"loop-entry"},"taxonomy_info":{"product_cat":[{"value":36,"label":"Di\u0113tisk\u0101s piedevas"}]},"featured_image_src_large":["https:\/\/veselibasskola.lv\/wp-content\/uploads\/2025\/11\/954522588ae024befa9390fc19364fcc-1024x1024.png",1024,1024,true],"author_info":[],"comment_info":0,"_links":{"self":[{"href":"https:\/\/veselibasskola.lv\/ru\/wp-json\/wp\/v2\/product\/4271","targetHints":{"allow":["GET"]}}],"collection":[{"href":"https:\/\/veselibasskola.lv\/ru\/wp-json\/wp\/v2\/product"}],"about":[{"href":"https:\/\/veselibasskola.lv\/ru\/wp-json\/wp\/v2\/types\/product"}],"replies":[{"embeddable":true,"href":"https:\/\/veselibasskola.lv\/ru\/wp-json\/wp\/v2\/comments?post=4271"}],"wp:featuredmedia":[{"embeddable":true,"href":"https:\/\/veselibasskola.lv\/ru\/wp-json\/wp\/v2\/media\/3993"}],"wp:attachment":[{"href":"https:\/\/veselibasskola.lv\/ru\/wp-json\/wp\/v2\/media?parent=4271"}],"wp:term":[{"taxonomy":"product_brand","embeddable":true,"href":"https:\/\/veselibasskola.lv\/ru\/wp-json\/wp\/v2\/product_brand?post=4271"},{"taxonomy":"product_cat","embeddable":true,"href":"https:\/\/veselibasskola.lv\/ru\/wp-json\/wp\/v2\/product_cat?post=4271"},{"taxonomy":"product_tag","embeddable":true,"href":"https:\/\/veselibasskola.lv\/ru\/wp-json\/wp\/v2\/product_tag?post=4271"}],"curies":[{"name":"wp","href":"https:\/\/api.w.org\/{rel}","templated":true}]}}