{"id":4272,"date":"2026-02-19T19:44:14","date_gmt":"2026-02-19T17:44:14","guid":{"rendered":"https:\/\/veselibasskola.lv\/?post_type=product&#038;p=4272"},"modified":"2026-02-19T19:44:19","modified_gmt":"2026-02-19T17:44:19","slug":"breathe-clear-90-kaps","status":"publish","type":"product","link":"https:\/\/veselibasskola.lv\/ru\/p\/breathe-clear-90-kaps\/","title":{"rendered":"Breathe Clear (90 kaps.)"},"content":{"rendered":"\n<div>\n<div>\n<p><strong>BREATH CLEAR<\/strong><\/p>\n<p>Maisto papildai<\/p>\n<p>Breathe Clear (Elpo t\u012br\u012b) ir produkts, kas paredz\u0113ts elpce\u013cu vesel\u012bbas veicin\u0101\u0161anai, jo \u012bpa\u0161i sezon\u0101lu apdraud\u0113jumu, piem\u0113ram, gadalaiku mai\u0146as vai paaugstin\u0101ta putek\u0161\u0146u koncentr\u0101cijas period\u0101.\u00a0<\/p>\n<p>Breathe Clear ir pier\u0101d\u012bjums, ka \u201ckopums ir lab\u0101ks nek\u0101 sast\u0101vda\u013cu summa\u201d. Formula, kas izstr\u0101d\u0101ta pirms daudziem gadiem, joproj\u0101m ir \u013coti popul\u0101ra Nature\u2019s Sunshine klientu vid\u016b ASV, kur t\u0101 ir paz\u012bstama ar nosaukumu HistaBlock.\u00a0<\/p>\n<p>T\u0101pat k\u0101 gandr\u012bz visu m\u016bsu produktu gad\u012bjum\u0101 b\u016btisku lomu pilda dabas velti, galvenok\u0101rt liel\u0101s n\u0101tres lapas (Urtica dioica) un r\u016bgt\u0101 apels\u012bna aug\u013ci (Citrus x aurantium), kas atbalsta pareizu elpce\u013cu darb\u012bbu.\u00a0 \u00a0R\u016bgtajam apels\u012bnam ir ar\u012b remdino\u0161a iedarb\u012bba uz r\u012bkli un balss sait\u0113m.\u00a0 \u00a0Formulu Breathe Clear papildina kvercet\u012bns no Jap\u0101nas soforas pumpuriem (Sophora japonica) un bromela\u012bns no anan\u0101sa aug\u013ciem (Ananas comosus).\u00a0<\/p>\n<p>Visi \u0161ie dabas velti ir apvienoti efekt\u012bv\u0101 formul\u0101 Breathe Clear, lai J\u016bs var\u0113tu elpot ar pilnu kr\u016bti, nebaidoties no sezon\u0101liem apdraud\u0113jumiem.\u00a0\u00a0<\/p>\n<p>]<\/p>\n<p><strong>K\u0101p\u0113c Breathe Clear?\u00a0\u00a0<\/strong><br \/>M\u0113s r\u016bp\u0113jamies par m\u016bsu plan\u0113ti, kas \u013cauj mums ieg\u016bt z\u0101les m\u016bsu produktu ra\u017eo\u0161anai. M\u016bsu n\u0101tre aug savva\u013c\u0101 Alb\u0101nijas kalnos, un m\u016bsu pieg\u0101d\u0101t\u0101js ar \u012bpa\u0161i apm\u0101c\u012bta person\u0101la pal\u012bdz\u012bbu v\u0101c t\u0101s v\u0113rt\u012bgas lapas, r\u016bp\u0113joties par re\u0123iona biolo\u0123isko daudzveid\u012bbu un ilgtsp\u0113j\u012bgu kult\u016bru att\u012bst\u012bbu.\u00a0<\/br><\/p>\n<table>\n<tbody>\n<tr>\n<td>\n<p><strong>Akt\u012bv\u0101s sast\u0101vda\u013cas:\u00a0 \u00a0 \u00a0 \u00a0 \u00a0\u00a0<\/strong><\/p>\n<\/td>\n<td>\n<p><strong>dienas porcij\u0101 (\u010detras kapsulas)<\/strong><\/p>\n<\/td>\n<\/tr>\n<tr>\n<td>\n<p>Liel\u0101s n\u0101tres (Urtica dioica) lapas\u00a0\u00a0\u00a0\u00a0\u00a0\u00a0\u00a0\u00a0\u00a0\u00a0\u00a0\u00a0\u00a0\u00a0\u00a0\u00a0\u00a0\u00a0\u00a0\u00a0\u00a0\u00a0\u00a0\u00a0\u00a0\u00a0\u00a0\u00a0\u00a0\u00a0\u00a0\u00a0\u00a0\u00a0\u00a0\u00a0\u00a0\u00a0\u00a0\u00a0\u00a0\u00a0<\/p>\n<\/td>\n<td>\n<p>360 mg<\/p>\n<\/td>\n<\/tr>\n<tr>\n<td>\n<p>Kvercet\u012bns (no Jap\u0101nas soforas pumpuriem [Sophora japonica])<\/p>\n<\/td>\n<td>\n<p>360 mg<\/p>\n<\/td>\n<\/tr>\n<tr>\n<td>R\u016bgt\u0101 apels\u012bna aug\u013cis(Citrus x aurantium)<\/td>\n<td>\n<p>280 mg<\/p>\n<\/td>\n<\/tr>\n<tr>\n<td>Bromela\u012bns (no anan\u0101sa aug\u013ciem [Ananas comosus])<\/td>\n<td>\n<p>80 mg<\/p>\n<\/td>\n<\/tr>\n<\/tbody>\n<\/table>\n<p><strong>Sast\u0101vda\u013cas:<\/strong><\/br><\/p>\n<p>apjoma palielin\u0101t\u0101js: kalcija fosf\u0101ti, kapsulas apvalks: \u017eelat\u012bns, liel\u0101s n\u0101tres lapu pulveris (Urtica dioica), kvercet\u012bna (no Jap\u0101nas soforas pumpuriem [Sophora japonica]) pulveris, apjoma palielin\u0101t\u0101js: celuloze, r\u016bgt\u0101 apels\u012bna aug\u013cu pulveris (Citrus x aurantium), bromela\u012bna no anan\u0101sa aug\u013ciem (Ananas comosus) pulveris, pretsalipes vielas: tauksk\u0101bju magnija s\u0101\u013ci, sil\u012bcija dioks\u012bds.<\/p>\n<p><strong>IETEICAMA LIETO\u0160ANA<\/strong><\/br><\/p>\n<p>lietot divas kapsulas divas reizes dien\u0101. Nep\u0101rsniegt ieteicamo dienas devu!<\/p>\n<p><strong>Uzglab\u0101\u0161anas apst\u0101k\u013ci:<\/strong><\/p>\n<p>Uzglab\u0101t v\u0113s\u0101 un saus\u0101 viet\u0101. Uzglab\u0101t maziem b\u0113rniem nepieejam\u0101 viet\u0101!<\/p>\n<p>NATURE&#8217;S SUNSHINE MUDINA VESEL\u012aGAM DZ\u012aVESVEIDAM. Di\u0113tas bag\u0101tin\u0101t\u0101ji nevar b\u016bt lietoti k\u0101 diferenc\u0113tas di\u0113tas aizst\u0101j\u0113ji. Balans\u0113ta di\u0113ta un vesel\u012bgs dz\u012bvesveids ir organisma pareizas funkcion\u0113\u0161anas pamats.<\/p>\n<p><\/br><\/p>\n<p>\u00a0<\/p>\n<p>\u00a0<\/p>\n<div><\/div>\n<\/p><\/div>\n<\/p><\/div>\n","protected":false},"excerpt":{"rendered":"<p>Breathe Clear (Elpo t\u012br\u012b) ir produkts, kas paredz\u0113ts elpce\u013cu vesel\u012bbas veicin\u0101\u0161anai, jo \u012bpa\u0161i sezon\u0101lu apdraud\u0113jumu, piem\u0113ram, gadalaiku mai\u0146as vai paaugstin\u0101ta putek\u0161\u0146u koncentr\u0101cijas period\u0101.\u00a0  Breathe Clear ir pier\u0101d\u012bjums, ka \u201ckopums ir lab\u0101ks nek\u0101 sast\u0101vda\u013cu summa\u201d. Formula, kas izstr\u0101d\u0101ta pirms daudziem gadiem, joproj\u0101m ir \u013coti popul\u0101ra Nature\u2019s Sunshine klientu vid\u016b ASV, kur t\u0101 ir paz\u012bstama ar nosaukumu HistaBlock.\u00a0  T\u0101pat k\u0101 gandr\u012bz visu m\u016bsu produktu gad\u012bjum\u0101 b\u016btisku lomu pilda dabas velti, galvenok\u0101rt liel\u0101s n\u0101tres lapas (Urtica dioica) un r\u016bgt\u0101 apels\u012bna aug\u013ci (Citrus x aurantium), kas atbalsta pareizu elpce\u013cu darb\u012bbu.\u00a0 \u00a0R\u016bgtajam apels\u012bnam ir ar\u012b remdino\u0161a iedarb\u012bba uz r\u012bkli un balss sait\u0113m.\u00a0 \u00a0Formulu Breathe Clear papildina kvercet\u012bns no Jap\u0101nas soforas pumpuriem (Sophora japonica) un bromela\u012bns no anan\u0101sa aug\u013ciem (Ananas comosus).<\/p>\n","protected":false},"featured_media":3977,"comment_status":"open","ping_status":"closed","template":"","meta":{"_kad_blocks_custom_css":"","_kad_blocks_head_custom_js":"","_kad_blocks_body_custom_js":"","_kad_blocks_footer_custom_js":"","_kadence_starter_templates_imported_post":false,"_swpsp_post_exclude":false,"_kad_post_transparent":"","_kad_post_title":"","_kad_post_layout":"","_kad_post_sidebar_id":"","_kad_post_content_style":"","_kad_post_vertical_padding":"","_kad_post_feature":"","_kad_post_feature_position":"","_kad_post_header":false,"_kad_post_footer":false,"_kad_post_classname":""},"product_brand":[],"product_cat":[36],"product_tag":[],"class_list":{"0":"post-4272","1":"product","2":"type-product","3":"status-publish","4":"has-post-thumbnail","6":"product_cat-dietiskas-piedevas","8":"first","9":"instock","10":"sale","11":"taxable","12":"shipping-taxable","13":"purchasable","14":"product-type-simple","15":"entry","16":"content-bg","17":"loop-entry"},"taxonomy_info":{"product_cat":[{"value":36,"label":"Di\u0113tisk\u0101s piedevas"}]},"featured_image_src_large":["https:\/\/veselibasskola.lv\/wp-content\/uploads\/2025\/11\/7ab115d2e672e44e2075292f15e5bc6c-1024x1024.png",1024,1024,true],"author_info":[],"comment_info":0,"_links":{"self":[{"href":"https:\/\/veselibasskola.lv\/ru\/wp-json\/wp\/v2\/product\/4272","targetHints":{"allow":["GET"]}}],"collection":[{"href":"https:\/\/veselibasskola.lv\/ru\/wp-json\/wp\/v2\/product"}],"about":[{"href":"https:\/\/veselibasskola.lv\/ru\/wp-json\/wp\/v2\/types\/product"}],"replies":[{"embeddable":true,"href":"https:\/\/veselibasskola.lv\/ru\/wp-json\/wp\/v2\/comments?post=4272"}],"wp:featuredmedia":[{"embeddable":true,"href":"https:\/\/veselibasskola.lv\/ru\/wp-json\/wp\/v2\/media\/3977"}],"wp:attachment":[{"href":"https:\/\/veselibasskola.lv\/ru\/wp-json\/wp\/v2\/media?parent=4272"}],"wp:term":[{"taxonomy":"product_brand","embeddable":true,"href":"https:\/\/veselibasskola.lv\/ru\/wp-json\/wp\/v2\/product_brand?post=4272"},{"taxonomy":"product_cat","embeddable":true,"href":"https:\/\/veselibasskola.lv\/ru\/wp-json\/wp\/v2\/product_cat?post=4272"},{"taxonomy":"product_tag","embeddable":true,"href":"https:\/\/veselibasskola.lv\/ru\/wp-json\/wp\/v2\/product_tag?post=4272"}],"curies":[{"name":"wp","href":"https:\/\/api.w.org\/{rel}","templated":true}]}}