{"id":4273,"date":"2026-02-19T19:44:14","date_gmt":"2026-02-19T17:44:14","guid":{"rendered":"https:\/\/veselibasskola.lv\/?post_type=product&#038;p=4273"},"modified":"2026-02-19T19:44:19","modified_gmt":"2026-02-19T17:44:19","slug":"kajenas-pipari-kiploks-petersilis-100-kaps","status":"publish","type":"product","link":"https:\/\/veselibasskola.lv\/ru\/p\/kajenas-pipari-kiploks-petersilis-100-kaps\/","title":{"rendered":"KAJ\u0112NAS PIPARI, \u0136IPLOKS, P\u0112TERS\u012aLIS (100 kaps.)"},"content":{"rendered":"\n<div>\n<div>\n<h1><span>KAJ\u0112NAS PIPARI &amp; \u0136IPLOKS &amp; P\u0112TERS\u012aLIS<\/span><\/h1>\n<h4><span>DIETAS BAG\u0100TIN\u0100T\u0100JI<\/span><\/h4>\n<hr\/>\n<p>Kaj\u0113nas pipari &amp; \u0136iploks &amp; P\u0113ters\u012blis &#8212; tas ir produkts, kas sast\u0101v no augiem, zin\u0101miem t\u016bksto\u0161us gadus. <br \/>Klienti Nature\u2019s Susnhine lieliski paz\u012bst to produktu sakar\u0101 ar firmas nodibin\u0101\u0161anas v\u0113sturi. <br \/>Kaj\u0113nas pipari bija pirmais z\u0101laugs, kas bija novietots Hughes \u0123imenes \u017eelat\u012bna kapsul\u0101s.<br \/>Pam\u0113\u0123iniet visp\u0101r\u0113ji paz\u012bstamu kaj\u0113nas piparu un \u0137iploku \u012bpa\u0161\u012bbu. \u0136iploks (Allium sativum) raksturos ar pretbakt\u0113riju \u012bpa\u0161\u012bb\u0101m, uzlabo organisma insul\u012bna jut\u012bbu un uzlabo cukura pozit\u012bvu metabolismu organism\u0101. <br \/>\u00a0<br \/>\u0136iploks pal\u012bdz ar\u012b saglab\u0101t holester\u012bna norm\u0101lo l\u012bmeni, pal\u012bdz saglab\u0101t lip\u012bdu pareizo l\u012bmeni asin\u012b un homociste\u012bna l\u012bmeni. <br \/>Kaj\u0113nas pipari mudina v\u0101jin\u0101\u0161anu dietas ietvaros.<\/br><\/br><\/br><\/br><\/p>\n<ul>\n<li>\u0136iploks ir ar\u012b izmantots asins cirkul\u0101cijas uzlabo\u0161anai mikroasinsvados un pal\u012bdz saglab\u0101t asinsvadu vesel\u012bbu.<\/li>\n<li>Kaj\u0113nas pipari pal\u012bdz reduc\u0113t svaru.<\/li>\n<\/ul>\n<hr\/>\n<p><strong><span>SAST\u0100VS:<\/span><\/strong><\/p>\n<p>\u0137iploks; d\u0101rze\u0146pipari; p\u0113ters\u012blis; kapsulas \u010daula: \u017eelat\u012bns<\/p>\n<hr\/>\n<p><strong><span>SVAR\u012aGAS SAST\u0100VDA\u013bAS:<\/span><\/strong><\/p>\n<p>Saturs ieteicam\u0101 porcij\u0101 (6 kaps.):<br \/>\u0136iploks &#8230;&#8230;&#8230;&#8230;&#8230;&#8230;&#8230;&#8230;&#8230;&#8230;&#8230;&#8230;&#8230;&#8230;&#8230;&#8230;&#8230;&#8230;&#8230; 1500 mg * <br \/>D\u0101rze\u0146pipari &#8230;&#8230;&#8230;&#8230;&#8230;&#8230;&#8230;&#8230;&#8230;&#8230;&#8230;&#8230; 750 mg * <br \/>P\u0113ters\u012b\u013cu lapa &#8230;&#8230;&#8230;&#8230;&#8230;&#8230;&#8230;&#8230;&#8230;&#8230;&#8230;&#8230;&#8230;&#8230;&#8230;. 750 mg *<br \/>*Nenoteikt\u0101 ieteicama dienas doze.<\/p>\n<hr\/>\n<p><strong><span>IETEICAMA PORCIJA DIENAS LIETO\u0160ANAI:<\/span><\/strong><br \/>2 kapsula 2-3 reizes dien\u0101 \u0113diena laik\u0101. Nedr\u012bkst p\u0101rsniegt rekomend\u0113tas dienas dozi.<\/p>\n<hr\/>\n<p><strong><span>GLAB\u0100\u0160ANA:<\/span><\/strong><\/p>\n<p>Glab\u0101t saus\u0101 un v\u0113s\u0101, b\u0113rniem nepieejam\u0101 viet\u0101.<\/p>\n<p><span>NATURE&#8217;S SUNSHINE MUDINA VESEL\u012aGAM DZ\u012aVESVEIDAM.<\/span><br \/><span>Di\u0113tas bag\u0101tin\u0101t\u0101ji nevar b\u016bt lietoti k\u0101 diferenc\u0113tas di\u0113tas aizst\u0101j\u0113ji. Balans\u0113ta di\u0113ta un vesel\u012bgs dz\u012bvesveids ir organisma pareizas funkcion\u0113\u0161anas pamats.<\/span><\/p>\n<div>\u00a0<\/div>\n<div><\/div>\n<\/p><\/div>\n<\/p><\/div>\n","protected":false},"excerpt":{"rendered":"<p>CAYENNE PIPIRAI &#038; \u010cESNAKAS &#038; PETRA\u017dOL\u0116MAISTO PAPILDASCayenne pipirai &#038; \u010cesnakas &#038; Petra\u017eol\u0117 yra produktas, sudarytas i\u0161 augal\u0173, \u017einom\u0173 pasaulyje jau t\u016bkstan\u010dius met\u0173.Nature\u2019s Susnhine klientai puikiai \u017eino \u0161\u012f produkt\u0105 i\u0161 \u012fmon\u0117s istorijos.Kajano pipirai buvo pirmosios \u017eolel\u0117s, kurias \u012f \u017eelatinos kapsules \u012fd\u0117jo Ponas ir Ponia Hughes.I\u0161bandykite pla\u010diai \u017einomas Kajano pipir\u0173 ir \u010desnako savybes. \u010cesnakas (Allium sativum) turi antibakterini\u0173 savybi\u0173, padidina organizmo jautrum\u0105 insulinui ir turi teigiam\u0105 poveik\u012f cukraus apykaitai organizme.\u010cesnakas taip pat padeda i\u0161laikyti normal\u0173 cholesterolio lyg\u012f,\u00a0 tinkam\u0105 lipid\u0173 kiek\u012f kraujyje ir tinkam\u0105 homocisteino lyg\u012f organizme. Cayenne pipirai skatina liekn\u0117jim\u0105 laikantis tinkamos dietos.\u010cesnakas naudojamas kraujo apytakai mikrokraujagysl\u0117se pagerinti ir prisideda prie kraujagysli\u0173 tiprinimo.Cayenne pipirai prisideda prie svorio ma\u017einimo.SUDEDAMOSIOS DALYS:\u010desnakai; viename\u010diai pipirai; petra\u017eol\u0117s lapai; kapsul\u0117s apvalkalas: \u017eelatinaPAGRINDIN\u0116S SUDEDAMOSIOS DALYS:Kiekis rekomenduojamoje normoje (6 kaps.):\u010cesnakai &#8230;&#8230;&#8230;&#8230;&#8230;&#8230;&#8230;&#8230;&#8230;&#8230;&#8230;&#8230;&#8230;&#8230;&#8230;&#8230;&#8230;&#8230;&#8230; 1500 mg *Viename\u010diai pipirai &#8230;&#8230;&#8230;&#8230;&#8230;&#8230;&#8230;&#8230;&#8230;&#8230;&#8230;&#8230; 750 mg *Petra\u017eol\u0117s lapai &#8230;&#8230;&#8230;&#8230;&#8230;&#8230;&#8230;&#8230;&#8230;&#8230;&#8230;&#8230;&#8230;&#8230;&#8230;. 750 mg **Rekomenduojama paros norma nenustatyta.REKOMENDUOJAMA SUVARTOTI PAROS NORMA:2 kapsul\u0117s 2-3 kartus per dien\u0105 valgio metu. Nevir\u0161yti rekomenduojamos suvartoti paros normos.LAIKYMO S\u0104LYGOS:Laikyti sausoje ir v\u0117sioje, ma\u017eiems vaikams neprieinamoje vietoje.Maisto papildai negali b\u016bti naudojami kaip subalansuotos mitybos pakaitalas.Subalansuota mityba bei sveikas gyvenimo b\u016bdas yra teisingo organizmo funkcionavimo papild<\/p>\n","protected":false},"featured_media":4037,"comment_status":"open","ping_status":"closed","template":"","meta":{"_kad_blocks_custom_css":"","_kad_blocks_head_custom_js":"","_kad_blocks_body_custom_js":"","_kad_blocks_footer_custom_js":"","_kadence_starter_templates_imported_post":false,"_swpsp_post_exclude":false,"_kad_post_transparent":"","_kad_post_title":"","_kad_post_layout":"","_kad_post_sidebar_id":"","_kad_post_content_style":"","_kad_post_vertical_padding":"","_kad_post_feature":"","_kad_post_feature_position":"","_kad_post_header":false,"_kad_post_footer":false,"_kad_post_classname":""},"product_brand":[],"product_cat":[36,42],"product_tag":[],"class_list":{"0":"post-4273","1":"product","2":"type-product","3":"status-publish","4":"has-post-thumbnail","6":"product_cat-dietiskas-piedevas","7":"product_cat-imunsistema","9":"first","10":"instock","11":"sale","12":"taxable","13":"shipping-taxable","14":"purchasable","15":"product-type-simple","16":"entry","17":"content-bg","18":"loop-entry"},"taxonomy_info":{"product_cat":[{"value":36,"label":"Di\u0113tisk\u0101s piedevas"},{"value":42,"label":"Im\u016bnsist\u0113ma"}]},"featured_image_src_large":["https:\/\/veselibasskola.lv\/wp-content\/uploads\/2025\/11\/afed3ae075fc977e0baaf94b5dfc2b6c-1024x1024.png",1024,1024,true],"author_info":[],"comment_info":0,"_links":{"self":[{"href":"https:\/\/veselibasskola.lv\/ru\/wp-json\/wp\/v2\/product\/4273","targetHints":{"allow":["GET"]}}],"collection":[{"href":"https:\/\/veselibasskola.lv\/ru\/wp-json\/wp\/v2\/product"}],"about":[{"href":"https:\/\/veselibasskola.lv\/ru\/wp-json\/wp\/v2\/types\/product"}],"replies":[{"embeddable":true,"href":"https:\/\/veselibasskola.lv\/ru\/wp-json\/wp\/v2\/comments?post=4273"}],"wp:featuredmedia":[{"embeddable":true,"href":"https:\/\/veselibasskola.lv\/ru\/wp-json\/wp\/v2\/media\/4037"}],"wp:attachment":[{"href":"https:\/\/veselibasskola.lv\/ru\/wp-json\/wp\/v2\/media?parent=4273"}],"wp:term":[{"taxonomy":"product_brand","embeddable":true,"href":"https:\/\/veselibasskola.lv\/ru\/wp-json\/wp\/v2\/product_brand?post=4273"},{"taxonomy":"product_cat","embeddable":true,"href":"https:\/\/veselibasskola.lv\/ru\/wp-json\/wp\/v2\/product_cat?post=4273"},{"taxonomy":"product_tag","embeddable":true,"href":"https:\/\/veselibasskola.lv\/ru\/wp-json\/wp\/v2\/product_tag?post=4273"}],"curies":[{"name":"wp","href":"https:\/\/api.w.org\/{rel}","templated":true}]}}