{"id":4276,"date":"2026-02-19T19:44:20","date_gmt":"2026-02-19T17:44:20","guid":{"rendered":"https:\/\/veselibasskola.lv\/?post_type=product&#038;p=4276"},"modified":"2026-02-19T19:44:24","modified_gmt":"2026-02-19T17:44:24","slug":"ashwagandha-60-kaps","status":"publish","type":"product","link":"https:\/\/veselibasskola.lv\/ru\/p\/ashwagandha-60-kaps\/","title":{"rendered":"Ashwagandha (60 kaps.)"},"content":{"rendered":"\n<div>\n<div>\n<p><span><strong><span>Ashwagandha<\/span><\/strong><\/span><\/p>\n<p><span>DIETAS BAG\u0100TIN\u0100T\u0100JI<\/span><\/p>\n<hr\/>\n<p>MOSTIETIES UN DZ\u012aVOJIET VESEL\u012aGI.<\/p>\n<p><span>Mekl\u0113jumi atkl\u0101t savu LAB\u0100KO ES ir v\u0113rt\u012bgi, m\u016b\u017ea garum\u0101 mekl\u0113jumi&#8230; un liel\u0101 m\u0113r\u0101 ir atkar\u012bgi no vesel\u012bbas. Att\u012bstiet l\u012bdzsvarotu pieeju past\u0101v\u012bgai pr\u0101ta skaidr\u012bbai un vesel\u012bbai. Piedz\u012bvojiet A\u0161vagandas atmodu.<\/span><\/p>\n<p><span>\u2022 Pal\u012bdz stiprin\u0101t pr\u0101ta un \u0137erme\u0146a saikni<\/span><\/p>\n<p><span>\u2022 To tradicion\u0101li lieto gar\u012bg\u0101s vesel\u012bbas atbalstam un atmi\u0146as uzlabo\u0161anai<\/span><\/p>\n<p><span>\u2022 Veicina labsaj\u016btu<\/span><\/p>\n<p><span>\u2022 Atbalsta fizisko veiktsp\u0113ju un iztur\u012bbu<\/span><\/p>\n<p><iframe><\/iframe><span><strong><br \/><\/strong><\/span><\/p>\n<p><span><strong>K\u0100P\u0112C M\u016aSU ASHWAGANDHA<\/strong><\/span><\/p>\n<p><span>Ashwagandha z\u0101laugu mais\u012bjums izmanto dabiskas, adaptog\u0113nas augu sast\u0101vda\u013cas, par kur\u0101m ir zin\u0101tniski pier\u0101d\u012bts, ka t\u0101s pal\u012bdz uzlabot centr\u0101l\u0101s nervu sist\u0113mas darb\u012bbu, ko past\u0101v\u012bgi ietekm\u0113 emocion\u0101lie un vides stresa faktori. Adaptog\u0113ni un tiem saist\u012btas priek\u0161roc\u012bbas ir saist\u012btas ar hipotal\u0101ma-hipof\u012bzes-virsnieru (HPA) asi. Kop\u0101 \u0161\u012bs tr\u012bs sast\u0101vda\u013cas pal\u012bdz \u0137ermenim atbalst\u012bt vesel\u012bgu pr\u0101ta un \u0137erme\u0146a savienojumu.<\/span><\/p>\n<hr\/>\n<p><span><strong>SAST\u0100VDA\u013bAS<\/strong><\/span><\/p>\n<p><span>A\u0161vagandas (Withania somnifera) sak\u0146u ekstrakts, bakopas (Bacopa Monniera) lapu ekstrakts, ro\u017eain\u0101s radiolas (Rhodiola Rosea) sak\u0146u ekstrakts, pildviela (celuloze), r\u012bsu koncentr\u0101ts, citronli\u0101nas (Schisandra chinensis) aug\u013cu pulveris, melno piparu (Piper nigrum) aug\u013cu ekstrakts, augu kapsula [saistviela (hipromeloze), \u016bdens].<\/span><\/p>\n<hr\/>\n<p><strong><span>GALVEN\u0100S SAST\u0100VDA\u013bAS<br \/><\/span><\/strong><\/p>\n<table>\n<tbody>\n<tr>\n<td>\n<p><strong><span>Akt\u012bv\u0101s sast\u0101vda\u013cas:<\/span><\/strong><\/p>\n<\/td>\n<td>\n<p><strong><span>dienas porcij\u0101 (viena kapsula)<\/span><\/strong><\/p>\n<\/td>\n<\/tr>\n<tr>\n<td>\n<p><span>A\u0161vagandas saknes ekstrakts<\/span><\/p>\n<p><span>(10 mg vitanol\u012bdu)<\/span><\/p>\n<\/td>\n<td>\n<p><span><br \/> 200 mg<\/br><\/span><\/p>\n<\/td>\n<\/tr>\n<tr>\n<td>\n<p><span>Bakopas lapu ekstrakts<\/span><\/p>\n<\/td>\n<td>\n<p><span><br \/> 125 mg<\/br><\/span><\/p>\n<\/td>\n<\/tr>\n<tr>\n<td>\n<p><span>Ro\u017eain\u0101s rodiolas saknes ekstrakts<\/span><\/p>\n<\/td>\n<td>\n<p><span><br \/> 100 mg<\/span><\/p>\n<\/td>\n<\/tr>\n<tr>\n<td>\n<p><span>Citronli\u0101nas aug\u013cu ekstrakts<\/span><\/p>\n<\/td>\n<td>\n<p><span>5 mg<\/span><\/p>\n<\/td>\n<\/tr>\n<tr>\n<td>\n<p><span>Melno piparu aug\u013cu ekstrakts<\/span><\/p>\n<\/td>\n<td>\n<p><span>5 mg<\/span><\/p>\n<\/td>\n<\/tr>\n<tr>\n<td>\n<p><span>% uzturvielu atsauces v\u0113rt\u012bbas (NRV)<\/span><\/p>\n<\/td>\n<\/tr>\n<\/tbody>\n<\/table>\n<p><span><strong>\u00a0<\/strong><\/span><\/p>\n<p><span><strong>IETEICAMA LIETO\u0160ANA<\/strong><\/span><\/p>\n<p><span>Lietot 1 kapsulu dien\u0101, dzerot \u016bdeni.<\/span><\/p>\n<hr\/>\n<p><span>NATURE&#8217;S SUNSHINE MUDINA VESEL\u012aGAM DZ\u012aVESVEIDAM.\u00a0<\/span><span>Di\u0113tas bag\u0101tin\u0101t\u0101ji nevar b\u016bt lietoti k\u0101 diferenc\u0113tas di\u0113tas aizst\u0101j\u0113ji. Balans\u0113ta di\u0113ta un vesel\u012bgs dz\u012bvesveids ir organisma pareizas funkcion\u0113\u0161anas pamats.<\/span><\/p>\n<div><\/div>\n<\/p><\/div>\n<\/p><\/div>\n","protected":false},"excerpt":{"rendered":"<p>Ashwagandha z\u0101laugu mais\u012bjums izmanto dabiskas, adaptog\u0113nas augu sast\u0101vda\u013cas, par kur\u0101m ir zin\u0101tniski pier\u0101d\u012bts, ka t\u0101s pal\u012bdz uzlabot centr\u0101l\u0101s nervu sist\u0113mas darb\u012bbu, ko past\u0101v\u012bgi ietekm\u0113 emocion\u0101lie un vides stresa faktori. Adaptog\u0113ni un tiem saist\u012btas priek\u0161roc\u012bbas ir saist\u012btas ar hipotal\u0101ma-hipof\u012bzes-virsnieru (HPA) asi. Kop\u0101 \u0161\u012bs tr\u012bs sast\u0101vda\u013cas pal\u012bdz \u0137ermenim atbalst\u012bt vesel\u012bgu pr\u0101ta un \u0137erme\u0146a savienojumu.<\/p>\n","protected":false},"featured_media":3950,"comment_status":"open","ping_status":"closed","template":"","meta":{"_kad_blocks_custom_css":"","_kad_blocks_head_custom_js":"","_kad_blocks_body_custom_js":"","_kad_blocks_footer_custom_js":"","_kadence_starter_templates_imported_post":false,"_swpsp_post_exclude":false,"_kad_post_transparent":"","_kad_post_title":"","_kad_post_layout":"","_kad_post_sidebar_id":"","_kad_post_content_style":"","_kad_post_vertical_padding":"","_kad_post_feature":"","_kad_post_feature_position":"","_kad_post_header":false,"_kad_post_footer":false,"_kad_post_classname":""},"product_brand":[],"product_cat":[36,47,41,46],"product_tag":[],"class_list":{"0":"post-4276","1":"product","2":"type-product","3":"status-publish","4":"has-post-thumbnail","6":"product_cat-dietiskas-piedevas","7":"product_cat-endokrina-sistema","8":"product_cat-energija-un-vielmaina","9":"product_cat-nervu-sistema","11":"first","12":"instock","13":"sale","14":"taxable","15":"shipping-taxable","16":"purchasable","17":"product-type-simple","18":"entry","19":"content-bg","20":"loop-entry"},"taxonomy_info":{"product_cat":[{"value":36,"label":"Di\u0113tisk\u0101s piedevas"},{"value":47,"label":"Endokr\u012bn\u0101 sist\u0113ma"},{"value":41,"label":"Ener\u0123ija un vielmai\u0146a"},{"value":46,"label":"Nervu sist\u0113ma"}]},"featured_image_src_large":["https:\/\/veselibasskola.lv\/wp-content\/uploads\/2025\/11\/02137b67e8d71277aeeb9407c2c0a6eb-1024x1024.png",1024,1024,true],"author_info":[],"comment_info":0,"_links":{"self":[{"href":"https:\/\/veselibasskola.lv\/ru\/wp-json\/wp\/v2\/product\/4276","targetHints":{"allow":["GET"]}}],"collection":[{"href":"https:\/\/veselibasskola.lv\/ru\/wp-json\/wp\/v2\/product"}],"about":[{"href":"https:\/\/veselibasskola.lv\/ru\/wp-json\/wp\/v2\/types\/product"}],"replies":[{"embeddable":true,"href":"https:\/\/veselibasskola.lv\/ru\/wp-json\/wp\/v2\/comments?post=4276"}],"wp:featuredmedia":[{"embeddable":true,"href":"https:\/\/veselibasskola.lv\/ru\/wp-json\/wp\/v2\/media\/3950"}],"wp:attachment":[{"href":"https:\/\/veselibasskola.lv\/ru\/wp-json\/wp\/v2\/media?parent=4276"}],"wp:term":[{"taxonomy":"product_brand","embeddable":true,"href":"https:\/\/veselibasskola.lv\/ru\/wp-json\/wp\/v2\/product_brand?post=4276"},{"taxonomy":"product_cat","embeddable":true,"href":"https:\/\/veselibasskola.lv\/ru\/wp-json\/wp\/v2\/product_cat?post=4276"},{"taxonomy":"product_tag","embeddable":true,"href":"https:\/\/veselibasskola.lv\/ru\/wp-json\/wp\/v2\/product_tag?post=4276"}],"curies":[{"name":"wp","href":"https:\/\/api.w.org\/{rel}","templated":true}]}}