{"id":4277,"date":"2026-02-19T19:44:20","date_gmt":"2026-02-19T17:44:20","guid":{"rendered":"https:\/\/veselibasskola.lv\/?post_type=product&#038;p=4277"},"modified":"2026-02-19T19:44:24","modified_gmt":"2026-02-19T17:44:24","slug":"pro-immune-komplekts","status":"publish","type":"product","link":"https:\/\/veselibasskola.lv\/ru\/p\/pro-immune-komplekts\/","title":{"rendered":"Pro Immune Komplekts"},"content":{"rendered":"\n<div>\n<div>\n<p>Sp\u0113c\u012bga imunit\u0101te<\/p>\n<p>Kad m\u0113s veidoj\u0101m Pro Immune komplektu, m\u0113s \u0146\u0113m\u0101m v\u0113r\u0101 to, ka im\u016bnsist\u0113mas st\u0101voklis ir atkar\u012bgs ne tikai no laika apst\u0101k\u013ciem, bet ar\u012b galvenok\u0101rt no t\u0101, kas notiek m\u016bsu \u0137ermen\u012b. Tagad pied\u0101v\u0101jam jums komplektu, kas nostiprin\u0101s j\u016bsu imunit\u0101ti visos aspektos.<\/p>\n<hr\/>\n<p>Imunit\u0101te ir peln\u012bjusi liel\u0101ku uzman\u012bbu!<\/p>\n<p>Kad dom\u0101jam par imunit\u0101tes uzlabo\u0161anu, <strong>C vitam\u012bns<\/strong> ir pirmais, kas n\u0101k pr\u0101t\u0101. Katr\u0101 tablet\u0113 ir 1000 mg L-askorb\u012bnsk\u0101bes.<\/p>\n<p>Produkts <strong>Ol\u012bvkoka lapas<\/strong>, prec\u012bz\u0101k, ol\u012bvkoka lapu ekstrakts, veicina imunit\u0101ti pat vissare\u017e\u0123\u012bt\u0101kajos apst\u0101k\u013cos un stiprina aug\u0161\u0113jos elpce\u013cus.<\/p>\n<p><strong>Vitam\u012bns D3<\/strong> labv\u0113l\u012bgi ietekm\u0113 im\u016bnsist\u0113mu, ta\u010du ir b\u016btiski svar\u012bgs ar\u012b kauliem un musku\u013ciem.<\/p>\n<p>Nevienam nav j\u0101saka, cik \u013coti \u0137iploki uzlabo imunit\u0101ti. Tom\u0113r <strong>\u0137iploki<\/strong> var sniegt v\u0113l daudz vair\u0101k! Tie pal\u012bdz uztur\u0113t vesel\u012bgas aknas un nodro\u0161ina norm\u0101lu holester\u012bna l\u012bmeni.<\/p>\n<p><strong>Cinks ALT\u00a0\u00a0<\/strong>ir lucernas, timi\u0101na lapu, a\u013c\u0123u un cinka ide\u0101la kombin\u0101cija. Imunit\u0101tes atsl\u0113ga ir timi\u0101na lapas, kur\u0101m piem\u012bt antibakteri\u0101la iedarb\u012bba un kas veicina organisma dabisko aizsargsp\u0113ju. Cinks ir akt\u012bva da\u013ca daudzos enz\u012bmos, kas ir atbild\u012bgi par im\u016bnsist\u0113mas optim\u0101lu darb\u012bbu.<\/p>\n<p><strong>Pro B11 <\/strong>komplekt\u0101 Pro Immune tr\u0101pa tie\u0161i m\u0113r\u0137\u012b. Produkts bag\u0101tina j\u016bsu bakteri\u0101lo floru ar 11 da\u017e\u0101du bakt\u0113riju celmiem. Gremo\u0161anas sist\u0113mas vesel\u012bbai ir iz\u0161\u0137iro\u0161a noz\u012bme preizas imunit\u0101tes uztur\u0113\u0161anai.<\/p>\n<p><strong>Imunit\u0101tes formula\u00a0<\/strong>ir unik\u0101ls s\u0113\u0146u mais\u012bjums, kas ir paz\u012bstams no \u0137\u012bnie\u0161u medic\u012bnas (kordiceps, maitake, reishi), apvienojum\u0101 ar beta-glik\u0101nu, arabinogalakt\u0101nu un jaunpienu.\u00a0<\/p>\n<p><strong>Defense Maintenance<\/strong> ir produkts, kura pamat\u0101 ir r\u016bpes par imunit\u0101ti. Vitam\u012bnu C, A, E kombin\u0101cija ar kurkumu, sel\u0113nu un cinku ir ide\u0101ls mais\u012bjums, kas uzlabo im\u016bnsist\u0113mu.\u00a0<\/p>\n<hr\/>\n<p><strong>Komplekts ietver:\u00a0<br \/><\/strong>Cinks ALT<br \/>\u0136iploki<br \/>Defense Maintenance<br \/>Imunit\u0101tes formula\u00a0<br \/>2 x Ol\u012bvkoku lapu ekstrakts<br \/>Pro B11<br \/>C vitam\u012bns ar bioflavono\u012bdiem<br \/>D3 vitam\u012bns<\/br><\/br><\/br><\/p>\n<hr\/>\n<p><strong>Ieteicam\u0101 lieto\u0161ana:\u00a0<br \/><\/strong>Visus komplekt\u0101 iek\u013cautos produktus lietojiet saska\u0146\u0101 ar nor\u0101d\u0113m uz eti\u0137et\u0113m.\u00a0<\/p>\n<hr\/>\n<p><span><strong>AKCIJA!<br \/><\/strong><\/span><strong>Ieg\u0101d\u0101joties komplektu Pro Immune, sa\u0146emiet 25% atlaidi produktam Grapin and Antioxidants vai Vitamin B Complex.<\/strong><\/p>\n<hr\/>\n<p><span><em>Uztura bag\u0101tin\u0101t\u0101jus nav paredz\u0113ts lietot pilnv\u0113rt\u012bga uztura aizst\u0101\u0161anai. Sabalans\u0113ts uzturs un vesel\u012bgs dz\u012bvesveids ir vesel\u012bga \u0137erme\u0146a pamats.<\/em><\/span><\/p>\n<div><\/div>\n<\/p><\/div>\n<\/p><\/div>\n","protected":false},"excerpt":{"rendered":"<p>Sp\u0113c\u012bga imunit\u0101te Kad m\u0113s veidoj\u0101m Pro Immune komplektu, m\u0113s \u0146\u0113m\u0101m v\u0113r\u0101 to, ka im\u016bnsist\u0113mas st\u0101voklis ir atkar\u012bgs ne tikai no laika apst\u0101k\u013ciem, bet ar\u012b galvenok\u0101rt no t\u0101, kas notiek m\u016bsu \u0137ermen\u012b. Tagad pied\u0101v\u0101jam jums komplektu, kas nostiprin\u0101s j\u016bsu imunit\u0101ti visos aspektos. Imunit\u0101te ir peln\u012bjusi liel\u0101ku uzman\u012bbu! Kad dom\u0101jam par imunit\u0101tes uzlabo\u0161anu, C vitam\u012bns ir pirmais,&#8230;<\/p>\n","protected":false},"featured_media":4071,"comment_status":"open","ping_status":"closed","template":"","meta":{"_kad_blocks_custom_css":"","_kad_blocks_head_custom_js":"","_kad_blocks_body_custom_js":"","_kad_blocks_footer_custom_js":"","_kadence_starter_templates_imported_post":false,"_swpsp_post_exclude":false,"_kad_post_transparent":"","_kad_post_title":"","_kad_post_layout":"","_kad_post_sidebar_id":"","_kad_post_content_style":"","_kad_post_vertical_padding":"","_kad_post_feature":"","_kad_post_feature_position":"","_kad_post_header":false,"_kad_post_footer":false,"_kad_post_classname":""},"product_brand":[],"product_cat":[35],"product_tag":[],"class_list":{"0":"post-4277","1":"product","2":"type-product","3":"status-publish","4":"has-post-thumbnail","6":"product_cat-komplekti","8":"first","9":"instock","10":"sale","11":"taxable","12":"shipping-taxable","13":"purchasable","14":"product-type-simple","15":"entry","16":"content-bg","17":"loop-entry"},"taxonomy_info":{"product_cat":[{"value":35,"label":"Komplekti"}]},"featured_image_src_large":["https:\/\/veselibasskola.lv\/wp-content\/uploads\/2025\/11\/dfa0486ad98df8e4f73403712459b8f5-1024x1024.png",1024,1024,true],"author_info":[],"comment_info":0,"_links":{"self":[{"href":"https:\/\/veselibasskola.lv\/ru\/wp-json\/wp\/v2\/product\/4277","targetHints":{"allow":["GET"]}}],"collection":[{"href":"https:\/\/veselibasskola.lv\/ru\/wp-json\/wp\/v2\/product"}],"about":[{"href":"https:\/\/veselibasskola.lv\/ru\/wp-json\/wp\/v2\/types\/product"}],"replies":[{"embeddable":true,"href":"https:\/\/veselibasskola.lv\/ru\/wp-json\/wp\/v2\/comments?post=4277"}],"wp:featuredmedia":[{"embeddable":true,"href":"https:\/\/veselibasskola.lv\/ru\/wp-json\/wp\/v2\/media\/4071"}],"wp:attachment":[{"href":"https:\/\/veselibasskola.lv\/ru\/wp-json\/wp\/v2\/media?parent=4277"}],"wp:term":[{"taxonomy":"product_brand","embeddable":true,"href":"https:\/\/veselibasskola.lv\/ru\/wp-json\/wp\/v2\/product_brand?post=4277"},{"taxonomy":"product_cat","embeddable":true,"href":"https:\/\/veselibasskola.lv\/ru\/wp-json\/wp\/v2\/product_cat?post=4277"},{"taxonomy":"product_tag","embeddable":true,"href":"https:\/\/veselibasskola.lv\/ru\/wp-json\/wp\/v2\/product_tag?post=4277"}],"curies":[{"name":"wp","href":"https:\/\/api.w.org\/{rel}","templated":true}]}}