{"id":4278,"date":"2026-02-19T19:44:20","date_gmt":"2026-02-19T17:44:20","guid":{"rendered":"https:\/\/veselibasskola.lv\/?post_type=product&#038;p=4278"},"modified":"2026-02-19T19:44:24","modified_gmt":"2026-02-19T17:44:24","slug":"aizsardzibas-sudrabs-118-ml","status":"publish","type":"product","link":"https:\/\/veselibasskola.lv\/ru\/p\/aizsardzibas-sudrabs-118-ml\/","title":{"rendered":"Aizsardz\u012bbas Sudrabs (118 ml)"},"content":{"rendered":"\n<div>\n<div>\n<p><span><strong><span>AIZSARDZ\u012aBAS SUDRABS<\/span><\/strong><\/span><\/p>\n<hr\/>\n<div>\n<div>\n<div>\n<div>\n<p><span>Aizsardz\u012bbas sudrabs &#8212; tas ir visjaun\u0101kais NSP sudraba produkts. Raksturos ar stipr\u0101m bakteric\u012bda \u012bpa\u0161\u012bb\u0101m.<br \/><\/span><\/p>\n<p><span>Produkta sudrabs ir \u013coti r\u016bp\u012bgi izsmalcin\u0101ts, t\u0101p\u0113c var b\u016bt viegl\u0101k absorb\u0113ts un raksturos ar \u013coti efekt\u012bvu darb\u012bbu.<br \/>Sudraba koncentr\u0101cija produkt\u0101 ir 18 ppm.<\/br><\/span><\/p>\n<p><span><strong><span>LIETO\u0160ANA:<\/span><\/strong><br \/>Izsm\u0113r\u0113jiet \u0161\u0137idrumu uz \u0101das ar kosm\u0113tikas vates pici\u0146u. \u0100r\u0113jai lieto\u0161anai.<br \/><\/br><\/span><\/p>\n<\/p><\/div>\n<\/p><\/div>\n<div>\u00a0<\/div>\n<\/p><\/div>\n<\/p><\/div>\n<div><\/div>\n<\/p><\/div>\n<\/p><\/div>\n","protected":false},"excerpt":{"rendered":"<p>AIZSARDZ\u012aBAS SUDRABS Aizsardz\u012bbas sudrabs &#8212; tas ir visjaun\u0101kais NSP sudraba produkts. Raksturos ar stipr\u0101m bakteric\u012bda \u012bpa\u0161\u012bb\u0101m. Produkta sudrabs ir \u013coti r\u016bp\u012bgi izsmalcin\u0101ts, t\u0101p\u0113c var b\u016bt viegl\u0101k absorb\u0113ts un raksturos ar \u013coti efekt\u012bvu darb\u012bbu.Sudraba koncentr\u0101cija produkt\u0101 ir 18 ppm. LIETO\u0160ANA:Izsm\u0113r\u0113jiet \u0161\u0137idrumu uz \u0101das ar kosm\u0113tikas vates pici\u0146u. \u0100r\u0113jai lieto\u0161anai. \u00a0<\/p>\n","protected":false},"featured_media":3948,"comment_status":"open","ping_status":"closed","template":"","meta":{"_kad_blocks_custom_css":"","_kad_blocks_head_custom_js":"","_kad_blocks_body_custom_js":"","_kad_blocks_footer_custom_js":"","_kadence_starter_templates_imported_post":false,"_swpsp_post_exclude":false,"_kad_post_transparent":"","_kad_post_title":"","_kad_post_layout":"","_kad_post_sidebar_id":"","_kad_post_content_style":"","_kad_post_vertical_padding":"","_kad_post_feature":"","_kad_post_feature_position":"","_kad_post_header":false,"_kad_post_footer":false,"_kad_post_classname":""},"product_brand":[],"product_cat":[37],"product_tag":[],"class_list":{"0":"post-4278","1":"product","2":"type-product","3":"status-publish","4":"has-post-thumbnail","6":"product_cat-kosmetika","8":"first","9":"instock","10":"sale","11":"taxable","12":"shipping-taxable","13":"purchasable","14":"product-type-simple","15":"entry","16":"content-bg","17":"loop-entry"},"taxonomy_info":{"product_cat":[{"value":37,"label":"Kosm\u0113tika"}]},"featured_image_src_large":["https:\/\/veselibasskola.lv\/wp-content\/uploads\/2025\/11\/4a838a3846b56aba0215b472b58726e4-1024x1024.png",1024,1024,true],"author_info":[],"comment_info":0,"_links":{"self":[{"href":"https:\/\/veselibasskola.lv\/ru\/wp-json\/wp\/v2\/product\/4278","targetHints":{"allow":["GET"]}}],"collection":[{"href":"https:\/\/veselibasskola.lv\/ru\/wp-json\/wp\/v2\/product"}],"about":[{"href":"https:\/\/veselibasskola.lv\/ru\/wp-json\/wp\/v2\/types\/product"}],"replies":[{"embeddable":true,"href":"https:\/\/veselibasskola.lv\/ru\/wp-json\/wp\/v2\/comments?post=4278"}],"wp:featuredmedia":[{"embeddable":true,"href":"https:\/\/veselibasskola.lv\/ru\/wp-json\/wp\/v2\/media\/3948"}],"wp:attachment":[{"href":"https:\/\/veselibasskola.lv\/ru\/wp-json\/wp\/v2\/media?parent=4278"}],"wp:term":[{"taxonomy":"product_brand","embeddable":true,"href":"https:\/\/veselibasskola.lv\/ru\/wp-json\/wp\/v2\/product_brand?post=4278"},{"taxonomy":"product_cat","embeddable":true,"href":"https:\/\/veselibasskola.lv\/ru\/wp-json\/wp\/v2\/product_cat?post=4278"},{"taxonomy":"product_tag","embeddable":true,"href":"https:\/\/veselibasskola.lv\/ru\/wp-json\/wp\/v2\/product_tag?post=4278"}],"curies":[{"name":"wp","href":"https:\/\/api.w.org\/{rel}","templated":true}]}}