{"id":4279,"date":"2026-02-19T19:44:20","date_gmt":"2026-02-19T17:44:20","guid":{"rendered":"https:\/\/veselibasskola.lv\/?post_type=product&#038;p=4279"},"modified":"2026-02-19T19:44:24","modified_gmt":"2026-02-19T17:44:24","slug":"ultrabiome-dtx-30-maisini","status":"publish","type":"product","link":"https:\/\/veselibasskola.lv\/ru\/p\/ultrabiome-dtx-30-maisini\/","title":{"rendered":"UltraBiome DTX (30 Maisi\u0146i)"},"content":{"rendered":"\n<div>\n<div>\n<p>P\u0101rtikas, \u016bdens un gaisa toks\u012bni var izpost\u012bt j\u016bsu \u0137ermeni, jo tie taj\u0101 uzkr\u0101jas. Ne\u013caujiet tiem to dar\u012bt! Unik\u0101lais \u0161\u0137iedrvielu, aug\u013cu un d\u0101rze\u0146u mais\u012bjums UltraBiome DTX, kas ir pazi\u0146ots patent\u0113\u0161anai, stimul\u0113 zarnu un gremo\u0161anas traktu, lai pal\u012bdz\u0113tu detoksic\u0113t \u0137ermeni. Ar\u012b atbalsta vesel\u012bgu zarnu g\u013cot\u0101du.<\/p>\n<p><iframe><\/iframe><\/p>\n<p><strong>K\u0101p\u0113c UltraBiome DTX?<\/strong><\/p>\n<p>Ja j\u016bs dz\u012bvojat, elpojat, \u0113dat vai dzerat m\u016bsu m\u016bsdienu pasaul\u0113, j\u016bs katru dienu pak\u013caujat sevi pies\u0101r\u0146ojumam un toks\u012bniem. Bet, pateicoties UltraBiome DTX, j\u016bs joproj\u0101m varat dz\u012bvot vesel\u012bgi un zelt!\u00a0<\/p>\n<p>M\u0113s zin\u0101m, ar ko c\u012bn\u0101s j\u016bsu \u0137ermenis, t\u0101p\u0113c esam mekl\u0113ju\u0161i vis\u0101 pasaul\u0113 augst\u0101k\u0101s kvalit\u0101tes augu izcelsmes sast\u0101vda\u013cas, kas dabiski atvieglos j\u016bs \u0161aj\u0101 c\u012b\u0146\u0101. \u0145emiet, piem\u0113ram, sarkano bie\u0161u sakni un broko\u013cu ziedus. No Ung\u0101rijas za\u013cajiem laukiem nov\u0101ktas, biolo\u0123iski audz\u0113tas un nesatur \u0122MO, t\u0101p\u0113c nodro\u0161ina visas dab\u012bg\u0101s sast\u0101vda\u013cas, bez nek\u0101, ko m\u0113s negrib\u0113tu un nevajadz\u0113tu.\u00a0<\/p>\n<div>\u00a0<\/div>\n<p><strong>PRIEK\u0160ROC\u012aBAS<\/strong><\/p>\n<p>\u2022 Cigori\u0146u saknes un rozmar\u012bna lapas atbalsta organisma dabiskos att\u012br\u012b\u0161anas meh\u0101nismus <br \/>\u2022 \u0100bolu aug\u013cu un ol\u012bvu lapu ekstrakti atbalsta pareizu gremo\u0161anas procesa norisi zarn\u0101s <br \/>\u2022 Pal\u012bdz uztur\u0113t aug\u0161\u0113jo elpce\u013cu optim\u0101lu darb\u012bbu <br \/>\u2022 Za\u013c\u0101s t\u0113jas lapu ekstrakts nodro\u0161ina ilgsto\u0161u ener\u0123iju un optimiz\u0113 uzturvielu uzs\u016bk\u0161anos<br \/>\u2022 Rozmar\u012bna lapas atbalsta aknu pareizu darb\u012bbu<br \/>\u2022 Burk\u0101nu sak\u0146u pulveris atbalsta l\u012bdzsvarotu glikozes reakciju<br \/>\u2022 Atbalsta vesel\u012bgu gremo\u0161anu <br \/>\u2022 Cigori\u0146u saknes un rozmar\u012bna lapas atbalsta gremo\u0161anas sekr\u0113ciju un ku\u0146\u0123a-zarnu trakta kust\u012bgumu, veicina p\u0101rm\u0113r\u012bgu g\u0101zu elimin\u0101ciju<br \/>\u2022 Pulverveida lins\u0113klas un cigori\u0146u saknes palielina s\u0101ta saj\u016btu<\/br><\/br><\/br><\/br><\/p>\n<p><iframe><\/iframe><\/p>\n<table>\n<tbody>\n<tr>\n<td>\n<p><strong><span>Inform\u0101cija par produktu\/Uzturv\u0113rt\u012bba<br \/> <\/span><\/strong><span>Viena porcija: 13\u00a0g (1\u00a0paci\u0146a)<br \/> Porciju skaits iepakojum\u0101: 30<\/span><\/p>\n<\/td>\n<\/tr>\n<tr>\n<td>\n<p><span>\u00a0<\/span><\/p>\n<\/td>\n<td>\n<p><span>13\u00a0g<\/span><\/p>\n<\/td>\n<td>\n<p><span>%NRV*<\/span><\/p>\n<\/td>\n<td>\n<p><span>26\u00a0g<\/span><\/p>\n<\/td>\n<td>\n<p><span>% NRV*<\/span><\/p>\n<\/td>\n<td>\n<p><span>100\u00a0g<\/span><\/p>\n<\/td>\n<td>\n<p><span>% NRV*<\/span><\/p>\n<\/td>\n<\/tr>\n<tr>\n<td>\n<p><span>Ener\u0123\u0113tisk\u0101 v\u0113rt\u012bba<\/span><\/p>\n<\/td>\n<td>\n<p><span>171\u00a0kJ\/<br \/> 41\u00a0kcal<\/span><\/p>\n<\/td>\n<td>\n<p><span>2\u00a0%<\/span><\/p>\n<\/td>\n<td>\n<p><span>342\u00a0kJ\/<br \/> 82\u00a0kcal<\/span><\/p>\n<\/td>\n<td>\n<p><span>4\u00a0%<\/span><\/p>\n<\/td>\n<td>\n<p><span>1330\u00a0kJ\/<br \/> 318\u00a0kcal<\/span><\/p>\n<\/td>\n<td>\n<p><span>16\u00a0%<\/span><\/p>\n<\/td>\n<\/tr>\n<tr>\n<td>\n<p><span>Tauki<\/span><\/p>\n<\/td>\n<td>\n<p><span>0,19\u00a0g<\/span><\/p>\n<\/td>\n<td>\n<p><span>0\u00a0%<\/span><\/p>\n<\/td>\n<td>\n<p><span>0,38\u00a0g<\/span><\/p>\n<\/td>\n<td>\n<p><span>0\u00a0%<\/span><\/p>\n<\/td>\n<td>\n<p><span>1,50\u00a0g<\/span><\/p>\n<\/td>\n<td>\n<p><span>2\u00a0%<\/span><\/p>\n<\/td>\n<\/tr>\n<tr>\n<td>\n<p><span>&#8212; tostarp pies\u0101tin\u0101t\u0101s tauksk\u0101bes<\/span><\/p>\n<\/td>\n<td>\n<p><span>0,09\u00a0g<\/span><\/p>\n<\/td>\n<td>\n<p><span>0\u00a0%<\/span><\/p>\n<\/td>\n<td>\n<p><span>0,18\u00a0g<\/span><\/p>\n<\/td>\n<td>\n<p><span>1\u00a0%<\/span><\/p>\n<\/td>\n<td>\n<p><span>0,71\u00a0g<\/span><\/p>\n<\/td>\n<td>\n<p><span>4\u00a0%<\/span><\/p>\n<\/td>\n<\/tr>\n<tr>\n<td>\n<p><span>Og\u013chidr\u0101ti<\/span><\/p>\n<\/td>\n<td>\n<p><span>8,54\u00a0g<\/span><\/p>\n<\/td>\n<td>\n<p><span>3\u00a0%<\/span><\/p>\n<\/td>\n<td>\n<p><span>17,08\u00a0g<\/span><\/p>\n<\/td>\n<td>\n<p><span>7\u00a0%<\/span><\/p>\n<\/td>\n<td>\n<p><span>66,90\u00a0g<\/span><\/p>\n<\/td>\n<td>\n<p><span>26\u00a0%<\/span><\/p>\n<\/td>\n<\/tr>\n<tr>\n<td>\n<p><span>&#8212; tostarp cukuri<\/span><\/p>\n<\/td>\n<td>\n<p><span>0,55\u00a0g<\/span><\/p>\n<\/td>\n<td>\n<p><span>1\u00a0%<\/span><\/p>\n<\/td>\n<td>\n<p><span>1,10\u00a0g<\/span><\/p>\n<\/td>\n<td>\n<p><span>1\u00a0%<\/span><\/p>\n<\/td>\n<td>\n<p><span>4,33\u00a0g<\/span><\/p>\n<\/td>\n<td>\n<p><span>5\u00a0%<\/span><\/p>\n<\/td>\n<\/tr>\n<tr>\n<td>\n<p><span>\u0160\u0137iedrviela<\/span><\/p>\n<\/td>\n<td>\n<p><span>5,04\u00a0g<\/span><\/p>\n<\/td>\n<td>\n<p><span>***<\/span><\/p>\n<\/td>\n<td>\n<p><span>10,08\u00a0g<\/span><\/p>\n<\/td>\n<td>\n<p><span>***<\/span><\/p>\n<\/td>\n<td>\n<p><span>39,49\u00a0g<\/span><\/p>\n<\/td>\n<td>\n<p><span>***<\/span><\/p>\n<\/td>\n<\/tr>\n<tr>\n<td>\n<p><span>Olbaltumvielas<\/span><\/p>\n<\/td>\n<td>\n<p><span>0,48\u00a0g<\/span><\/p>\n<\/td>\n<td>\n<p><span>1\u00a0%<\/span><\/p>\n<\/td>\n<td>\n<p><span>0,96\u00a0g<\/span><\/p>\n<\/td>\n<td>\n<p><span>2\u00a0%<\/span><\/p>\n<\/td>\n<td>\n<p><span>3,74\u00a0g<\/span><\/p>\n<\/td>\n<td>\n<p><span>8\u00a0%<\/span><\/p>\n<\/td>\n<\/tr>\n<tr>\n<td>\n<p><span>S\u0101ls<\/span><\/p>\n<\/td>\n<td>\n<p><span>0,061\u00a0g<\/span><\/p>\n<\/td>\n<td>\n<p><span>1\u00a0%<\/span><\/p>\n<\/td>\n<td>\n<p><span>0,122\u00a0g<\/span><\/p>\n<\/td>\n<td>\n<p><span>2\u00a0%<\/span><\/p>\n<\/td>\n<td>\n<p><span>0,478\u00a0g<\/span><\/p>\n<\/td>\n<td>\n<p><span>8\u00a0%<\/span><\/p>\n<\/td>\n<\/tr>\n<tr>\n<td>\n<p><strong><span>Akt\u012bv\u0101s sast\u0101vda\u013cas<\/span><\/strong><\/p>\n<\/td>\n<\/tr>\n<tr>\n<td>\n<p><span>\u00a0<\/span><\/p>\n<\/td>\n<td>\n<p><span>13\u00a0g<\/span><\/p>\n<\/td>\n<td>\n<p><span>%NRV*<\/span><\/p>\n<\/td>\n<td>\n<p><span>26\u00a0g<\/span><\/p>\n<\/td>\n<td>\n<p><span>% NRV*<\/span><\/p>\n<\/td>\n<td>\n<p><span>100\u00a0g<\/span><\/p>\n<\/td>\n<td>\n<p><span>% NRV*<\/span><\/p>\n<\/td>\n<\/tr>\n<tr>\n<td>\n<p><span>Cinks<\/span><\/p>\n<\/td>\n<td>\n<p><span>7,5\u00a0mg<\/span><\/p>\n<\/td>\n<td>\n<p><span>75\u00a0%<\/span><\/p>\n<\/td>\n<td>\n<p><span>15\u00a0mg<\/span><\/p>\n<\/td>\n<td>\n<p><span>150\u00a0%<\/span><\/p>\n<\/td>\n<td>\n<p><span>60\u00a0mg<\/span><\/p>\n<\/td>\n<td>\n<p><span>600\u00a0%<\/span><\/p>\n<\/td>\n<\/tr>\n<tr>\n<td>\n<p><span>L-glutam\u012bns<\/span><\/p>\n<\/td>\n<td>\n<p><span>2,5\u00a0g<\/span><\/p>\n<\/td>\n<td>\n<p><span>***<\/span><\/p>\n<\/td>\n<td>\n<p><span>5\u00a0g<\/span><\/p>\n<\/td>\n<td>\n<p><span>***<\/span><\/p>\n<\/td>\n<td>\n<p><span>20\u00a0g<\/span><\/p>\n<\/td>\n<td>\n<p><span>***<\/span><\/p>\n<\/td>\n<\/tr>\n<tr>\n<td>\n<p><span>Olveida ce\u013ctekas s\u0113klapvalki<\/span><\/p>\n<\/td>\n<td>\n<p><span>2,5\u00a0g<\/span><\/p>\n<\/td>\n<td>\n<p><span>***<\/span><\/p>\n<\/td>\n<td>\n<p><span>5\u00a0g<\/span><\/p>\n<\/td>\n<td>\n<p><span>***<\/span><\/p>\n<\/td>\n<td>\n<p><span>20\u00a0g<\/span><\/p>\n<\/td>\n<td>\n<p><span>***<\/span><\/p>\n<\/td>\n<\/tr>\n<tr>\n<td>\n<p><span>* NRV: uzturvielu atsauces v\u0113rt\u012bbas pieaugu\u0161ajiem. Ieteicam\u0101 deva vidusm\u0113ra pieaugu\u0161ajam (8400\u00a0kJ\/2000\u00a0kcal).<\/span><\/p>\n<\/td>\n<\/tr>\n<\/tbody>\n<\/table>\n<p><strong>\u00a0<\/strong><\/p>\n<p><strong>SAST\u0100VDA\u013bAS<\/strong><\/p>\n<p>L-glutam\u012bns, Indikas ce\u013cteku (Plantago ovata) mizi\u0146u\/s\u0113nalu pulveris, FOS (frukto-oligosahar\u012bdi), \u0101bolu aug\u013cu \u0161\u0137iedra, biezin\u0101t\u0101ji (ak\u0101cijas un gu\u0101ra sve\u0137i), pulverveida linu (Linum usitatissimum) s\u0113klas, inul\u012bns (cigori\u0146u sak\u0146u ekstrakts), gar\u0161as pastiprin\u0101t\u0101js (citronsk\u0101be), apels\u012bnu aromatiz\u0113t\u0101js, pulverveida broko\u013cu (Brassica oleracea var. italic) ziedi, r\u012bsu koncentr\u0101ts, citrusaug\u013cu aromatiz\u0113t\u0101ji (apels\u012bns, citrons, laims, mandar\u012bns, mandar\u012bns un vani\u013ca), vara n\u0101trija hlorofil\u012bns, saldin\u0101t\u0101js (ekstrakts no st\u0113vijas lap\u0101m (Stevia rebaudiana)), \u0101bolu aug\u013cu (Malus pumila) ekstrakts, cinka citr\u0101ts, za\u013c\u0101s t\u0113jas (Camellia sinensis) lapu ekstrakta pulveris, kurkumas (Curcuma longa) sak\u0146u pulveris, tom\u0101tu (Solanum lycopersicum) aug\u013cu ekstrakts, burk\u0101nu (Daucus carota) sak\u0146u pulveris, k\u0101postu (Brassica oleracea var. Capitate) lapu pulveris, bie\u0161u (Beta vulgaris) sak\u0146u pulveris, rozmar\u012bna (Rosmarinus ocinalis) lapu pulveris, v\u012bnogu (Vitis vinifera) kauli\u0146u ekstrakts, ol\u012bvu (Olea europaea) lapu ekstrakts\u00a0<\/p>\n<hr\/>\n<p><strong><u>IETEICAM\u0100 LIETO\u0160ANA<\/u><\/strong><\/p>\n<p>Sajauciet 1 paci\u0146u 260 ml \u016bdens. Ener\u0123iski sakratiet vai samaisiet un nekav\u0113joties izdzeriet.<\/p>\n<p>To varat lietot divas reizes dien\u0101.\u00a0Nep\u0101rsniegt ieteicamo dienas devu!\u00a0Z\u0101\u013cu pie\u0146em\u0161anas gad\u012bjum\u0101 pirms lieto\u0161anas konsult\u0113jieties ar \u0101rstu vai farmaceitu.<\/p>\n<hr\/>\n<p><span><span>NATURE&#8217;S SUNSHINE MUDINA VESEL\u012aGAM DZ\u012aVESVEIDAM. Di\u0113tas bag\u0101tin\u0101t\u0101ji nevar b\u016bt lietoti k\u0101 diferenc\u0113tas di\u0113tas aizst\u0101j\u0113ji. Balans\u0113ta di\u0113ta un vesel\u012bgs dz\u012bvesveids ir organisma pareizas funkcion\u0113\u0161anas pamats.<\/span><\/span><\/p>\n<div><\/div>\n<\/p><\/div>\n<\/p><\/div>\n","protected":false},"excerpt":{"rendered":"<p>Ja j\u016bs dz\u012bvojat, elpojat, \u0113dat vai dzerat m\u016bsu m\u016bsdienu pasaul\u0113, j\u016bs katru dienu pak\u013caujat sevi pies\u0101r\u0146ojumam un toks\u012bniem. Bet, pateicoties UltraBiome DTX, j\u016bs joproj\u0101m varat dz\u012bvot vesel\u012bgi un zelt!\u00a0  M\u0113s zin\u0101m, ar ko c\u012bn\u0101s j\u016bsu \u0137ermenis, t\u0101p\u0113c esam mekl\u0113ju\u0161i vis\u0101 pasaul\u0113 augst\u0101k\u0101s kvalit\u0101tes augu izcelsmes sast\u0101vda\u013cas, kas dabiski atvieglos j\u016bs \u0161aj\u0101 c\u012b\u0146\u0101. \u0145emiet, piem\u0113ram, sarkano bie\u0161u sakni un broko\u013cu ziedus. No Ung\u0101rijas za\u013cajiem laukiem nov\u0101ktas, biolo\u0123iski audz\u0113tas un nesatur \u0122MO, t\u0101p\u0113c nodro\u0161ina visas dab\u012bg\u0101s sast\u0101vda\u013cas, bez nek\u0101, ko m\u0113s negrib\u0113tu un nevajadz\u0113tu.<\/p>\n","protected":false},"featured_media":4088,"comment_status":"open","ping_status":"closed","template":"","meta":{"_kad_blocks_custom_css":"","_kad_blocks_head_custom_js":"","_kad_blocks_body_custom_js":"","_kad_blocks_footer_custom_js":"","_kadence_starter_templates_imported_post":false,"_swpsp_post_exclude":false,"_kad_post_transparent":"","_kad_post_title":"","_kad_post_layout":"","_kad_post_sidebar_id":"","_kad_post_content_style":"","_kad_post_vertical_padding":"","_kad_post_feature":"","_kad_post_feature_position":"","_kad_post_header":false,"_kad_post_footer":false,"_kad_post_classname":""},"product_brand":[],"product_cat":[36],"product_tag":[],"class_list":{"0":"post-4279","1":"product","2":"type-product","3":"status-publish","4":"has-post-thumbnail","6":"product_cat-dietiskas-piedevas","8":"first","9":"instock","10":"sale","11":"taxable","12":"shipping-taxable","13":"purchasable","14":"product-type-simple","15":"entry","16":"content-bg","17":"loop-entry"},"taxonomy_info":{"product_cat":[{"value":36,"label":"Di\u0113tisk\u0101s piedevas"}]},"featured_image_src_large":["https:\/\/veselibasskola.lv\/wp-content\/uploads\/2025\/11\/b18095e98a6d545b6a1a154f28c3c3a7-974x1024.png",974,1024,true],"author_info":[],"comment_info":0,"_links":{"self":[{"href":"https:\/\/veselibasskola.lv\/ru\/wp-json\/wp\/v2\/product\/4279","targetHints":{"allow":["GET"]}}],"collection":[{"href":"https:\/\/veselibasskola.lv\/ru\/wp-json\/wp\/v2\/product"}],"about":[{"href":"https:\/\/veselibasskola.lv\/ru\/wp-json\/wp\/v2\/types\/product"}],"replies":[{"embeddable":true,"href":"https:\/\/veselibasskola.lv\/ru\/wp-json\/wp\/v2\/comments?post=4279"}],"wp:featuredmedia":[{"embeddable":true,"href":"https:\/\/veselibasskola.lv\/ru\/wp-json\/wp\/v2\/media\/4088"}],"wp:attachment":[{"href":"https:\/\/veselibasskola.lv\/ru\/wp-json\/wp\/v2\/media?parent=4279"}],"wp:term":[{"taxonomy":"product_brand","embeddable":true,"href":"https:\/\/veselibasskola.lv\/ru\/wp-json\/wp\/v2\/product_brand?post=4279"},{"taxonomy":"product_cat","embeddable":true,"href":"https:\/\/veselibasskola.lv\/ru\/wp-json\/wp\/v2\/product_cat?post=4279"},{"taxonomy":"product_tag","embeddable":true,"href":"https:\/\/veselibasskola.lv\/ru\/wp-json\/wp\/v2\/product_tag?post=4279"}],"curies":[{"name":"wp","href":"https:\/\/api.w.org\/{rel}","templated":true}]}}