{"id":4280,"date":"2026-02-19T19:44:20","date_gmt":"2026-02-19T17:44:20","guid":{"rendered":"https:\/\/veselibasskola.lv\/?post_type=product&#038;p=4280"},"modified":"2026-02-19T19:44:24","modified_gmt":"2026-02-19T17:44:24","slug":"power-meal-vanila-840g","status":"publish","type":"product","link":"https:\/\/veselibasskola.lv\/ru\/p\/power-meal-vanila-840g\/","title":{"rendered":"Power Meal Vani\u013ca (840g)"},"content":{"rendered":"\n<div>\n<div>\n<div>\n<section>\n<div>\n<section><img\/><\/section>\n<\/p><\/div>\n<\/section>\n<section>\n<div>\n<section>\n<p><span><strong>LAB\u0100KA UZTURA VIELA<\/strong><\/span><\/p>\n<ul>\n<li>Uzturviel\u0101m bag\u0101ta super\u0113diena \u0113diens<\/li>\n<li>25 grami augst\u0101k\u0101s kvalit\u0101tes veg\u0101n\u0101 prote\u012bna ar sabalans\u0113tiem og\u013chidr\u0101tiem un vesel\u012bgiem taukiem<\/li>\n<li>Bag\u0101ts ar uzturviel\u0101m, ar rok\u0101m iev\u0101ktiem augiem, d\u0101rze\u0146iem un super\u0113dieniem<\/li>\n<li>Izstr\u0101d\u0101ts ar z\u0101\u013cu speci\u0101listiem, zin\u0101tniekiem un vesel\u012bbas speci\u0101listiem<\/li>\n<\/ul>\n<\/section><\/div>\n<div>\n<section><img\/><\/section>\n<\/p><\/div>\n<\/section>\n<section>\n<div>\n<section><img\/><\/section>\n<\/p><\/div>\n<div>\n<section>\n<p><span><strong>LAB\u0100KA VEIKTSP\u0112JA<\/strong><\/span><\/p>\n<ul>\n<li>Nodro\u0161ina ener\u0123iju, pateicoties pantot\u0113nsk\u0101bei, magnijam, niac\u012bnam, riboflav\u012bnam, B12 vitam\u012bnam, B6 vitam\u012bnam un C vitam\u012bnam, kas pal\u012bdz samazin\u0101t noguruma un noguruma saj\u016btu<\/li>\n<li>Pal\u012bdz pareizi darboties im\u016bnsist\u0113mai un uztur\u0113t norm\u0101lu ener\u0123ijas vielmai\u0146u, pateicoties vara, B12 vitam\u012bna, B6 vitam\u012bna un C vitam\u012bna kl\u0101tb\u016btnei<\/li>\n<li>S\u0101t\u012bguma saj\u016bta, pateicoties augstam \u0161\u0137iedrvielu saturam<\/li>\n<\/ul>\n<\/section><\/div>\n<\/section>\n<section>\n<div>\n<section>\n<p><span><strong>LAB\u0100KA GAR\u0160A<\/strong><\/span><\/p>\n<ul>\n<li>Kr\u0113m\u012bgs vani\u013cas gar\u0161as kokteilis<\/li>\n<li>Gluda un kr\u0113m\u012bga konsistence<\/li>\n<li>Bez pievienotiem cukuriem, m\u0101ksl\u012bgiem saldin\u0101t\u0101jiem un konservantiem<\/li>\n<\/ul>\n<\/section><\/div>\n<div>\n<section><img\/><\/section>\n<\/p><\/div>\n<\/section>\n<section>\n<div>\n<section>\n<table>\n<tbody>\n<tr>\n<td>\n<p>Uzturv\u0113rt\u012bba<\/p>\n<\/td>\n<\/tr>\n<tr>\n<td>\n<p><strong>Dienas porcija:\u00a0<\/strong>(56 g)<br \/><strong>Porciju skaits iepakojum\u0101:<\/strong> 15<\/br><\/p>\n<\/td>\n<\/tr>\n<tr>\n<td><\/td>\n<td>\n<p><strong>56 g<\/strong><\/p>\n<\/td>\n<td>\n<p><strong>%DRV*<\/strong><\/p>\n<\/td>\n<td>\n<p><strong>Uz 100 g<\/strong><\/p>\n<\/td>\n<td>\n<p><strong>%DRV*<\/strong><\/p>\n<\/td>\n<\/tr>\n<tr>\n<td>\n<p>Ener\u0123\u0113tisk\u0101 v\u0113rt\u012bba<\/p>\n<\/td>\n<td>\n<p>937kJ \/ 224 kcal<\/p>\n<\/td>\n<td>\n<p>11&amp;<\/p>\n<\/td>\n<td>\n<p>1673 kJ \/ 399 ckal<\/p>\n<\/td>\n<td>\n<p>20%<\/p>\n<\/td>\n<\/tr>\n<tr>\n<td>\n<p>Tauki<\/p>\n<\/td>\n<td>\n<p>7 g<\/p>\n<\/td>\n<td>\n<p>10%<\/p>\n<\/td>\n<td>\n<p>13 g<\/p>\n<\/td>\n<td>\n<p>19%<\/p>\n<\/td>\n<\/tr>\n<tr>\n<td>\n<p>\u00a0 \u00a0 tai skait\u0101 pies\u0101tin\u0101t\u0101s tauksk\u0101bes<\/p>\n<\/td>\n<td>\n<p>2.8 g<\/p>\n<\/td>\n<td>\n<p>14%<\/p>\n<\/td>\n<td>\n<p>5 g<\/p>\n<\/td>\n<td>\n<p>25%<\/p>\n<\/td>\n<\/tr>\n<tr>\n<td>\n<p>Og\u013chidr\u0101ti<\/p>\n<\/td>\n<td>\n<p>8.8 g<\/p>\n<\/td>\n<td>\n<p>3%<\/p>\n<\/td>\n<td>\n<p>15.7 g<\/p>\n<\/td>\n<td>\n<p>6%<\/p>\n<\/td>\n<\/tr>\n<tr>\n<td>\n<p>\u00a0 tai skait\u0101 cukuri<\/p>\n<\/td>\n<td>\n<p>0 g<\/p>\n<\/td>\n<td>\n<p>0%<\/p>\n<\/td>\n<td>\n<p>0.7 g<\/p>\n<\/td>\n<td>\n<p>0.8%<\/p>\n<\/td>\n<\/tr>\n<tr>\n<td>\n<p>\u0160\u0137iedrvielas<\/p>\n<\/td>\n<td>\n<p>10 g<\/p>\n<\/td>\n<td>\n<p>\u00a033%<\/p>\n<\/td>\n<td>\n<p>18 g<\/p>\n<\/td>\n<td>\n<p>60%<\/p>\n<\/td>\n<\/tr>\n<tr>\n<td>\n<p>Olbaltumvielas<\/p>\n<\/td>\n<td>\n<p>25 g<\/p>\n<\/td>\n<td>\n<p>50%<\/p>\n<\/td>\n<td>\n<p>42 g<\/p>\n<\/td>\n<td>\n<p>84%<\/p>\n<\/td>\n<\/tr>\n<tr>\n<td>\n<p>S\u0101ls<\/p>\n<\/td>\n<td>\n<p>0.8 g<\/p>\n<\/td>\n<td>\n<p>13 %<\/p>\n<\/td>\n<td>\n<p>1.4 g<\/p>\n<\/td>\n<td>\n<p>23%<\/p>\n<\/td>\n<\/tr>\n<tr>\n<td>\n<p><strong>Vitam\u012bni un miner\u0101lvielas<\/strong><\/p>\n<\/td>\n<td>\n<p><strong>56 g<\/strong><\/p>\n<\/td>\n<td>\n<p><strong>%DRV**<\/strong><\/p>\n<\/td>\n<td>\n<p><strong>Uz 100 g<\/strong><\/p>\n<\/td>\n<td>\n<p><strong>%DRV*<\/strong><\/p>\n<\/td>\n<\/tr>\n<tr>\n<td>\n<p>A vitam\u012bns<\/p>\n<\/td>\n<td>\n<p>237 \u03bcg\u00a0 RE<\/p>\n<\/td>\n<td>\n<p>30%<\/p>\n<\/td>\n<td>\n<p>423 \u03bcg\u00a0 RE<\/p>\n<\/td>\n<td>\n<p>53%<\/p>\n<\/td>\n<\/tr>\n<tr>\n<td>\n<p>D vitam\u012bns<\/p>\n<\/td>\n<td>\n<p>1.5 \u03bcg<\/p>\n<\/td>\n<td>\n<p>30%<\/p>\n<\/td>\n<td>\n<p>2.7 \u03bcg<\/p>\n<\/td>\n<td>\n<p>54%<\/p>\n<\/td>\n<\/tr>\n<tr>\n<td>\n<p>E vitam\u012bns<\/p>\n<\/td>\n<td>\n<p>3.6 mg \u03b1-TE<\/p>\n<\/td>\n<td>\n<p>30%<\/p>\n<\/td>\n<td>\n<p>6.5 mg \u03b1-TE<\/p>\n<\/td>\n<td>\n<p>54%<\/p>\n<\/td>\n<\/tr>\n<tr>\n<td>\n<p>K1 vitam\u012bns<\/p>\n<\/td>\n<td>\n<p>23 \u03bcg<\/p>\n<\/td>\n<td>\n<p>31%<\/p>\n<\/td>\n<td>\n<p>41.1 \u03bcg<\/p>\n<\/td>\n<td>\n<p>55%<\/p>\n<\/td>\n<\/tr>\n<tr>\n<td>\n<p>C vitam\u012bns<\/p>\n<\/td>\n<td>\n<p>25 mg<\/p>\n<\/td>\n<td>\n<p>31%<\/p>\n<\/td>\n<td>\n<p>45 mg<\/p>\n<\/td>\n<td>\n<p>56%<\/p>\n<\/td>\n<\/tr>\n<tr>\n<td>\n<p>Tiam\u012bns<\/p>\n<\/td>\n<td>\n<p>0.33 mg<\/p>\n<\/td>\n<td>\n<p>30%<\/p>\n<\/td>\n<td>\n<p>0.6 mg<\/p>\n<\/td>\n<td>\n<p>55%<\/p>\n<\/td>\n<\/tr>\n<tr>\n<td>\n<p>Riboflav\u012bns<\/p>\n<\/td>\n<td>\n<p>0.43 mg<\/p>\n<\/td>\n<td>\n<p>31%<\/p>\n<\/td>\n<td>\n<p>0.76 mg<\/p>\n<\/td>\n<td>\n<p>54%<\/p>\n<\/td>\n<\/tr>\n<tr>\n<td>\n<p>Niac\u012bns<\/p>\n<\/td>\n<td>\n<p>4.9 mg NE<\/p>\n<\/td>\n<td>\n<p>31%<\/p>\n<\/td>\n<td>\n<p>8.8 mg NE<\/p>\n<\/td>\n<td>\n<p>55%<\/p>\n<\/td>\n<\/tr>\n<tr>\n<td>\n<p>B6 vitam\u012bns<\/p>\n<\/td>\n<td>\n<p>0.45 mg<\/p>\n<\/td>\n<td>\n<p>32%<\/p>\n<\/td>\n<td>\n<p>0.8 mg<\/p>\n<\/td>\n<td>\n<p>57%<\/p>\n<\/td>\n<\/tr>\n<tr>\n<td>\n<p>Folijsk\u0101be<\/p>\n<\/td>\n<td>\n<p>60 \u03bcg<\/p>\n<\/td>\n<td>\n<p>30%<\/p>\n<\/td>\n<td>\n<p>107 \u03bcg<\/p>\n<\/td>\n<td>\n<p>54%<\/p>\n<\/td>\n<\/tr>\n<tr>\n<td>\n<p>B12 vitam\u012bns<\/p>\n<\/td>\n<td>\n<p>0.75 \u03bcg<\/p>\n<\/td>\n<td>\n<p>30%<\/p>\n<\/td>\n<td>\n<p>1.3 \u03bcg<\/p>\n<\/td>\n<td>\n<p>52%<\/p>\n<\/td>\n<\/tr>\n<tr>\n<td>\n<p>Biot\u012bns<\/p>\n<\/td>\n<td>\n<p>16 \u03bcg<\/p>\n<\/td>\n<td>\n<p>32%<\/p>\n<\/td>\n<td>\n<p>29 \u03bcg<\/p>\n<\/td>\n<td>\n<p>58%<\/p>\n<\/td>\n<\/tr>\n<tr>\n<td>\n<p>Pantot\u0113nsk\u0101be<\/p>\n<\/td>\n<td>\n<p>2 mg<\/p>\n<\/td>\n<td>\n<p>33%<\/p>\n<\/td>\n<td>\n<p>3.6 mg<\/p>\n<\/td>\n<td>\n<p>60%<\/p>\n<\/td>\n<\/tr>\n<tr>\n<td>\n<p>K\u0101lijs<\/p>\n<\/td>\n<td>\n<p>600 mg<\/p>\n<\/td>\n<td>\n<p>30%<\/p>\n<\/td>\n<td>\n<p>1075 mg<\/p>\n<\/td>\n<td>\n<p>54%<\/p>\n<\/td>\n<\/tr>\n<tr>\n<td>\n<p>Kalcijs<\/p>\n<\/td>\n<td>\n<p>250 mg<\/p>\n<\/td>\n<td>\n<p>31%<\/p>\n<\/td>\n<td>\n<p>450 mg<\/p>\n<\/td>\n<td>\n<p>56%<\/p>\n<\/td>\n<\/tr>\n<tr>\n<td>\n<p>Fosfors<\/p>\n<\/td>\n<td>\n<p>380 mg<\/p>\n<\/td>\n<td>\n<p>54%<\/p>\n<\/td>\n<td>\n<p>679 mg<\/p>\n<\/td>\n<td>\n<p>97%<\/p>\n<\/td>\n<\/tr>\n<tr>\n<td>\n<p>Magnijs<\/p>\n<\/td>\n<td>\n<p>140 mg<\/p>\n<\/td>\n<td>\n<p>37%<\/p>\n<\/td>\n<td>\n<p>250 mg<\/p>\n<\/td>\n<td>\n<p>67%<\/p>\n<\/td>\n<\/tr>\n<tr>\n<td>\n<p>Dzelzs<\/p>\n<\/td>\n<td>\n<p>9 mg<\/p>\n<\/td>\n<td>\n<p>64%<\/p>\n<\/td>\n<td>\n<p>16 mg<\/p>\n<\/td>\n<td>\n<p>114%<\/p>\n<\/td>\n<\/tr>\n<tr>\n<td>\n<p>Cinks<\/p>\n<\/td>\n<td>\n<p>5 mg<\/p>\n<\/td>\n<td>\n<p>50%<\/p>\n<\/td>\n<td>\n<p>9 mg<\/p>\n<\/td>\n<td>\n<p>90%<\/p>\n<\/td>\n<\/tr>\n<tr>\n<td>\n<p>Var\u0161<\/p>\n<\/td>\n<td>\n<p>0.4 mg<\/p>\n<\/td>\n<td>\n<p>40%<\/p>\n<\/td>\n<td>\n<p>0.7 mg<\/p>\n<\/td>\n<td>\n<p>70%<\/p>\n<\/td>\n<\/tr>\n<tr>\n<td>\n<p>Mang\u0101ns<\/p>\n<\/td>\n<td>\n<p>1 mg<\/p>\n<\/td>\n<td>\n<p>50%<\/p>\n<\/td>\n<td>\n<p>2 mg<\/p>\n<\/td>\n<td>\n<p>100%<\/p>\n<\/td>\n<\/tr>\n<tr>\n<td>\n<p>Sel\u0113ns<\/p>\n<\/td>\n<td>\n<p>16.8 \u03bcg<\/p>\n<\/td>\n<td>\n<p>31%<\/p>\n<\/td>\n<td>\n<p>29.6 \u03bcg<\/p>\n<\/td>\n<td>\n<p>54%<\/p>\n<\/td>\n<\/tr>\n<tr>\n<td>\n<p>Molibd\u0113ns<\/p>\n<\/td>\n<td>\n<p>36 \u03bcg<\/p>\n<\/td>\n<td>\n<p>72%<\/p>\n<\/td>\n<td>\n<p>65 \u03bcg<\/p>\n<\/td>\n<td>\n<p>130%<\/p>\n<\/td>\n<\/tr>\n<tr>\n<td>\n<p>Jods<\/p>\n<\/td>\n<td>\n<p>44.4 \u03bcg<\/p>\n<\/td>\n<td>\n<p>30%<\/p>\n<\/td>\n<td>\n<p>79.3 \u03bcg<\/p>\n<\/td>\n<td>\n<p>53%<\/p>\n<\/td>\n<\/tr>\n<tr>\n<td>\n<p><strong>Citas sast\u0101vda\u013cas<\/strong><\/p>\n<\/td>\n<td>\n<p><strong>56 g<\/strong><\/p>\n<\/td>\n<td><\/td>\n<td>\n<p><strong>Uz 100g<\/strong><\/p>\n<\/td>\n<td><\/td>\n<\/tr>\n<tr>\n<td>\n<p>Augu aug\u013cu un d\u0101rze\u0146u mais\u012bjums:<\/p>\n<p>Maniokas sak\u0146u ciete, acai ekstrakts, spin\u0101tu lapa, broko\u013cu k\u0101ts un ziedkopas, burk\u0101nu sakne, tom\u0101tu auglis, k\u0101postu lapa, broko\u013cu dzinumu s\u0113klas, \u0137ir\u0161u auglis, dz\u0113rve\u0146u auglis, zeme\u0146u auglis, ave\u0146u auglis, zem\u0101s mellenes auglis<\/p>\n<\/td>\n<td>\n<p>3.55 g<\/p>\n<\/td>\n<td><\/td>\n<td>\n<p>6.34 g<\/p>\n<\/td>\n<td><\/td>\n<\/tr>\n<tr>\n<td>\n<p>Gar\u0161augu un sak\u0146u mais\u012bjums:<\/p>\n<p>Ingvera saknenis, maca sakne, a\u0161vagandas ekstrakts, Panax \u017ee\u0146\u0161e\u0146a ekstrakts, kan\u0113lis<\/p>\n<\/td>\n<td>\n<p>1100 mg<\/p>\n<\/td>\n<td><\/td>\n<td>\n<p>1964 mg<\/p>\n<\/td>\n<td><\/td>\n<\/tr>\n<tr>\n<td>\n<p>Imunit\u0101tes un gremo\u0161anas vesel\u012bbas mais\u012bjums:<\/p>\n<p>Beta-glik\u0101ns no maizes rauga, amil\u0101ze, prote\u0101ze, celul\u0101ze, lip\u0101ze, lakt\u0101ze, apels\u012bnu sula, apels\u012bnu e\u013c\u013ca, meln\u0101 pl\u016b\u0161koka auglis<\/p>\n<\/td>\n<td>\n<p>100 mg<\/p>\n<\/td>\n<td><\/td>\n<td>\n<p>179 mg<\/p>\n<\/td>\n<td><\/td>\n<\/tr>\n<tr>\n<td>\n<p>*DRV: Dienas rekomend\u0113jam\u0101 v\u0113rt\u012bba vidusm\u0113ra pieaugu\u0161ajam (8 400 kJ\/2 000 kcal)<br \/>**DRV: Uzturv\u0113rt\u012bbas atsauces v\u0113rt\u012bba<\/br><\/p>\n<\/td>\n<\/tr>\n<\/tbody>\n<\/table>\n<p><strong>Sast\u0101vda\u013cas:<br \/><\/strong>Augu olbaltumvielu mais\u012bjums [zir\u0146u olbaltumvielu izol\u0101ts, turku zir\u0146u olbaltumvielu koncentr\u0101ts, r\u012bsu olbaltumvielu koncentr\u0101ts, spirulina (Arthrospira platensis), hlorella (Chlorella vulgaris)], \u0161\u0137iedru mais\u012bjums [ak\u0101cijas \u0161\u0137iedra, maltas linu s\u0113klas (Linum usitatissimum), gu\u0101ra sve\u0137i, \u0101bolu \u0161\u0137iedra (Malus pumila), burk\u0101nu \u0161\u0137iedra (Daucus carota), melle\u0146u \u0161\u0137iedra (Vaccinium corymbosum), dz\u0113rve\u0146u \u0161\u0137iedra (Vaccinium macrocarpon)], augu aug\u013cu un d\u0101rze\u0146u mais\u012bjums [manioka saknes ciete, acai ekstrakts (Euterpe oleracea), spin\u0101tu lapas (Spinacia oleracea), broko\u013cu k\u0101ts un ziedkopa (Brassica oleracea var. italica), burk\u0101nu sakne (Daucus carota ssp. sativus), tom\u0101tu auglis (Lycopersicon esculentum), lapu k\u0101postu lapa (Brassica oleracea var. acephala), broko\u013cu s\u0113klas (Brassica oleracea var. italica), \u0137ir\u0161u auglis (Prunus cerasus), dz\u0113rve\u0146u auglis (Vaccinium macrocarpon), zeme\u0146u auglis (Fragaria virginiana), ave\u0146u auglis (Rubus idaeus), zemu melle\u0146u auglis (Vaccinium angustifolium)], vitam\u012bnu un miner\u0101lvielu mais\u012bjums (kalcija s\u0101\u013ci ortofosforsk\u0101be, k\u0101lija hlor\u012bds, magnija oks\u012bds, askorb\u012bnsk\u0101be, dzelzs pirofosf\u0101ts, DL-alfa-tokoferila acet\u0101ts, cinka sulf\u0101ts, n\u0101trija selen\u012bts, folijsk\u0101be, k\u0101lija jod\u012bds, vara sulf\u0101ts, nikot\u012bnsk\u0101bes am\u012bds, piridoks\u012bna hidrohlor\u012bds, riboflav\u012bns, tiam\u012bna mononitr\u0101ts, retinila acet\u0101ts, fitomenadions, kalcija D-pantoten\u0101ts, D-biot\u012bns, mang\u0101na sulf\u0101ts, cianokobalam\u012bns, holekalciferols), augu un sak\u0146u mais\u012bjums [ingvera saknes pulveris (Zingiber officinale), maca saknes pulveris (Lepidium meyenii), a\u0161vagandas ekstrakts (Withania somnifera), korejie\u0161u \u017ee\u0146\u0161e\u0146a ekstrakts (Panax ginseng), kan\u0113\u013ca pulveris (Cinnamomum burmanii blume)], \u201cImunit\u0101tes un gremo\u0161anas vesel\u012bbas mais\u012bjums\u201d [beta-glik\u0101ns no cep\u0113ju rauga (Saccharomyces cerevisiae), amil\u0101ze, prote\u0101ze, celul\u0101ze, lip\u0101ze, lakt\u0101ze, apels\u012bnu sula, apels\u012bnu e\u013c\u013ca, pl\u016b\u0161koka auglis (Sambucus nigra)], saulespu\u0137u e\u013c\u013ca pulver\u012b, vid\u0113jas \u0137\u0113des triglicer\u012bdi pulver\u012b (kokosriekstu e\u013c\u013ca, ak\u0101cijas \u0161\u0137iedras), maltodekstr\u012bns, dab\u012bgs arom\u0101ts, biezin\u0101t\u0101js (ksant\u0101na sve\u0137i), saldin\u0101t\u0101ji (fermentat\u012bvi apstr\u0101d\u0101ti steviolio glikoz\u012bdi, steviolio glikoz\u012bdi no stevia), saulespu\u0137u lecit\u012bns, pretsalip\u0161anas l\u012bdzeklis: k\u0101lija fosf\u0101ti, pretsalip\u0161anas l\u012bdzeklis: sil\u012bcija dioks\u012bds.<\/p>\n<p><strong>Ieteicam\u0101 dienas deva:<\/strong><\/p>\n<p>Sajauciet 2 pilnus kausi\u0146us (56 g) ar 350 ml \u016bdens, atkar\u012bb\u0101 no gar\u0161as v\u0113lm\u0113m. \u0160is produkts aizvieto vienu galveno malt\u012bti dien\u0101.<\/p>\n<p><strong>Uzglab\u0101\u0161anas apst\u0101k\u013ci:<\/strong><\/p>\n<p>Uzglab\u0101t saus\u0101 un v\u0113s\u0101 viet\u0101. Uzglab\u0101t b\u0113rniem nepieejam\u0101 viet\u0101.<\/p>\n<\/section><\/div>\n<\/section>\n<section>\n<div>\u00a0<img\/><\/div>\n<\/section>\n<section>\n<div>\u00a0<\/div>\n<\/section>\n<section>\n<div>\n<section>\n<hr\/>\n<p><span>NATURE&#8217;S SUNSHINE MUDINA VESEL\u012aGAM DZ\u012aVESVEIDAM.<\/span><br \/><span>Di\u0113tas bag\u0101tin\u0101t\u0101ji nevar b\u016bt lietoti k\u0101 diferenc\u0113tas di\u0113tas aizst\u0101j\u0113ji. Balans\u0113ta di\u0113ta un vesel\u012bgs dz\u012bvesveids ir organisma pareizas funkcion\u0113\u0161anas pamats.<\/span><\/br><\/p>\n<\/section><\/div>\n<section><\/section>\n<\/section><\/div>\n<div><\/div>\n<\/p><\/div>\n<\/p><\/div>\n","protected":false},"excerpt":{"rendered":"<p>Kr\u0113mveida Power Meal kokteilis ar vani\u013cas gar\u0161u &#8212; dabas sp\u0113ks katr\u0101 pilien\u0101!  M\u0113s esam izveidoju\u0161i izcilu kr\u0113mveida kokteili, kas apmierin\u0101s pat vispras\u012bg\u0101k\u0101s gar\u0161as. M\u016bsu produkts ir lielisks augstas kvalit\u0101tes augu prote\u012bna, zarnu vesel\u012bbu atbalsto\u0161u \u0161\u0137iedrvielu, aug\u013cu un d\u0101rze\u0146u mais\u012bjums. Power Meal ir bag\u0101ts ar uzturviel\u0101m, kas atbalsta j\u016bsu ikdienas sniegumu un sp\u0113ku.<\/p>\n","protected":false},"featured_media":3981,"comment_status":"open","ping_status":"closed","template":"","meta":{"_kad_blocks_custom_css":"","_kad_blocks_head_custom_js":"","_kad_blocks_body_custom_js":"","_kad_blocks_footer_custom_js":"","_kadence_starter_templates_imported_post":false,"_swpsp_post_exclude":false,"_kad_post_transparent":"","_kad_post_title":"","_kad_post_layout":"","_kad_post_sidebar_id":"","_kad_post_content_style":"","_kad_post_vertical_padding":"","_kad_post_feature":"","_kad_post_feature_position":"","_kad_post_header":false,"_kad_post_footer":false,"_kad_post_classname":""},"product_brand":[],"product_cat":[36],"product_tag":[],"class_list":{"0":"post-4280","1":"product","2":"type-product","3":"status-publish","4":"has-post-thumbnail","6":"product_cat-dietiskas-piedevas","8":"first","9":"instock","10":"sale","11":"taxable","12":"shipping-taxable","13":"purchasable","14":"product-type-simple","15":"entry","16":"content-bg","17":"loop-entry"},"taxonomy_info":{"product_cat":[{"value":36,"label":"Di\u0113tisk\u0101s piedevas"}]},"featured_image_src_large":["https:\/\/veselibasskola.lv\/wp-content\/uploads\/2025\/11\/19e57f80aa23437f7182ba0dabcf8074-800x1024.png",800,1024,true],"author_info":[],"comment_info":0,"_links":{"self":[{"href":"https:\/\/veselibasskola.lv\/ru\/wp-json\/wp\/v2\/product\/4280","targetHints":{"allow":["GET"]}}],"collection":[{"href":"https:\/\/veselibasskola.lv\/ru\/wp-json\/wp\/v2\/product"}],"about":[{"href":"https:\/\/veselibasskola.lv\/ru\/wp-json\/wp\/v2\/types\/product"}],"replies":[{"embeddable":true,"href":"https:\/\/veselibasskola.lv\/ru\/wp-json\/wp\/v2\/comments?post=4280"}],"wp:featuredmedia":[{"embeddable":true,"href":"https:\/\/veselibasskola.lv\/ru\/wp-json\/wp\/v2\/media\/3981"}],"wp:attachment":[{"href":"https:\/\/veselibasskola.lv\/ru\/wp-json\/wp\/v2\/media?parent=4280"}],"wp:term":[{"taxonomy":"product_brand","embeddable":true,"href":"https:\/\/veselibasskola.lv\/ru\/wp-json\/wp\/v2\/product_brand?post=4280"},{"taxonomy":"product_cat","embeddable":true,"href":"https:\/\/veselibasskola.lv\/ru\/wp-json\/wp\/v2\/product_cat?post=4280"},{"taxonomy":"product_tag","embeddable":true,"href":"https:\/\/veselibasskola.lv\/ru\/wp-json\/wp\/v2\/product_tag?post=4280"}],"curies":[{"name":"wp","href":"https:\/\/api.w.org\/{rel}","templated":true}]}}