{"id":4283,"date":"2026-02-19T19:44:20","date_gmt":"2026-02-19T17:44:20","guid":{"rendered":"https:\/\/veselibasskola.lv\/?post_type=product&#038;p=4283"},"modified":"2026-02-19T19:44:25","modified_gmt":"2026-02-19T17:44:25","slug":"hsn-w-100-kaps","status":"publish","type":"product","link":"https:\/\/veselibasskola.lv\/ru\/p\/hsn-w-100-kaps\/","title":{"rendered":"HSN-W (100 kaps.)"},"content":{"rendered":"\n<div>\n<div>\n<p><span><strong>HSN-W<\/strong><\/span><\/p>\n<p>UZTURA BAG\u0100TIN\u0100T\u0100JS<\/p>\n<p>HSN-W (Hair Skin Nails &#8212; Woman) \u2013 Skaisti mati, vesela \u0101da un stipri nagi!<\/p>\n<p>Mekl\u0113jat kompleksu atbalstu matiem, \u0101dai un nagiem? HSN-W ir \u012bpa\u0161s uztura bag\u0101tin\u0101t\u0101js, kas izstr\u0101d\u0101ts speci\u0101li sieviet\u0113m, lai pal\u012bdz\u0113tu ieg\u016bt skaistus un vesel\u012bgus matus, mirdzo\u0161u \u0101du un sp\u0113c\u012bgus nagus.<\/p>\n<p>HSN-W galven\u0101s sast\u0101vda\u013cas:<\/p>\n<p><strong>Sarkan\u0101 a\u013c\u0123e <\/strong>ir dabisks antioksidantu avots, kas pal\u012bdz aizsarg\u0101t \u0101das \u0161\u016bnas no br\u012bvo radik\u0101\u013cu kait\u012bg\u0101s ietekmes.<\/p>\n<p><strong>T\u012bruma kosa <\/strong>ir bag\u0101ta ar bar\u012bbas viel\u0101m, piem\u0113ram sil\u012bcijus, kas ir nepiecie\u0161ams kolag\u0113na ra\u017eo\u0161anai. Tas ir prote\u012bns, kas atbild par \u0101das, matu un nagu elast\u012bbu un vesel\u012bgu izskatu. T\u012bruma kosa stiprina ar\u012b matus un nagus, pal\u012bdzot saglab\u0101t to vesel\u012bgu izskatu.<\/p>\n<p><strong>Salvijas lapas<\/strong> veicina labsaj\u016btu menstru\u0101ciju cikla laik\u0101.<\/p>\n<p><strong>Rozmar\u012bna lapas <\/strong>ir bag\u0101tas ar antioksidantiem, kas pal\u012bdz organismam c\u012bn\u012bties ar kait\u012bgajiem br\u012bvajiem radik\u0101\u013ciem un veicina \u0101das \u0161\u016bnu vesel\u012bbu. Turkl\u0101t rozmar\u012bns sekm\u0113 \u016bdens izdal\u012b\u0161anos caur ur\u012bnce\u013ciem.<\/p>\n<p>K\u0101 tas darbojas?<\/p>\n<p><strong>Mati:<\/strong> HSN-W pal\u012bdz uztur\u0113t vesel\u012bgus matus, saglab\u0101jot to sp\u0113ku, sp\u012bdumu un elast\u012bbu. T\u0101das sast\u0101vda\u013cas k\u0101 t\u012bruma kosa un sarkan\u0101 a\u013c\u0123e labv\u0113l\u012bgi ietekm\u0113 matu st\u0101vokli, nodro\u0161inot tos ar nepiecie\u0161amaj\u0101m bar\u012bbas viel\u0101m.<\/p>\n<p><strong>\u0100da:<\/strong> Rozmar\u012bns pal\u012bdz uztur\u0113t vesel\u012bgu un mirdzo\u0161u \u0101du. Tam ir antioksid\u0113jo\u0161a iedarb\u012bba, aizsarg\u0101jot \u0101du no boj\u0101jumiem un veicinot dabiski re\u0123enerat\u012bvus procesus.<\/p>\n<p><strong>Nagi:<\/strong> HSN-W stiprina nagus, pal\u012bdzot tiem saglab\u0101t vesel\u012bgu izskatu un imunit\u0101ti. T\u012bruma kosa pal\u012bdz palielin\u0101t nagu iztur\u012bbu.<\/p>\n<p>Par\u016bp\u0113jieties par matiem, \u0101du un nagiem ar HSN-W (Hair Skin Nails &#8212; Woman). Izv\u0113lieties dabisku atbalstu skaistumam un vesel\u012bbai, kas rad\u012bts speci\u0101li Jums.<\/p>\n<p><strong>GALVEN\u0100S SAST\u0100VDA\u013bAS:<\/strong><\/p>\n<table>\n<tbody>\n<tr>\n<td>\n<p>Akt\u012bv\u0101s vielas:<\/p>\n<\/td>\n<td>\n<p>Diennakts deva<br \/> (6 kapsulas)<\/br><\/p>\n<\/td>\n<\/tr>\n<tr>\n<td>\n<p>Sarkan\u0101 a\u013c\u0123e <br \/> <em>(Rhodymenia palmata)<\/em><\/br><\/p>\n<\/td>\n<td>\n<p> 984 mg<\/br><\/p>\n<\/td>\n<\/tr>\n<tr>\n<td>\n<p>T\u012bruma kosas virszemes da\u013cas <br \/> <em>(Equisetum arvense)<\/em><\/br><\/p>\n<\/td>\n<td>\n<p> 738 mg<\/p>\n<\/td>\n<\/tr>\n<tr>\n<td>\n<p>\u0100rstniecisk\u0101s salvijas lapu pulveris<br \/> <em>(Salvia o\u00adcinalis)<\/em><\/p>\n<\/td>\n<td>\n<p> 492 mg<\/p>\n<\/td>\n<\/tr>\n<tr>\n<td>\n<p>\u0100rstniecisk\u0101 rozmar\u012bna lapu pulveris<br \/> (<em>Rosmarinus o\u00adcinalis)<\/em><\/p>\n<\/td>\n<td>\n<p> 246 mg<\/p>\n<\/td>\n<\/tr>\n<\/tbody>\n<\/table>\n<p><strong>SAST\u0100VS:<\/strong> <br \/> Sarkan\u0101s a\u013c\u0123es lapo\u0146a pulveris <em>(Rhodymenia palmata),<\/em> t\u012bruma kosas virszemes da\u013cu pulveris <em>(Equisetum arvense),<\/em> kapsulas apvalks (\u017eelat\u012bns), \u0101rstniecisk\u0101s salvijas lapu pulveris <em>(Salvia o\u00adcinalis),<\/em> \u0101rstniecisk\u0101 rozmar\u012bna lapu pulveris <em>(Rosmarinus o\u00adcinalis).<\/em><\/p>\n<p><strong>IETEICAM\u0100 DIENNAKTS DEVA:<\/strong> <br \/> 3 kapsulas 2 reizes dien\u0101 \u0113\u0161anas laik\u0101.<\/p>\n<p>Nep\u0101rsniedziet ieteicamo diennakts devu! Pirms medikamentu lieto\u0161anas konsult\u0113jieties ar \u0101rstu vai farmaceitu. Neizmantojiet uztura bag\u0101tin\u0101t\u0101ju k\u0101 pilnv\u0113rt\u012bga un sabalans\u0113ta uztura aizvietot\u0101ju. Pudele ir plomb\u0113ta. Nelietojiet, ja plomba ir boj\u0101ta vai tr\u016bkst.<\/p>\n<p>Ieteicams izlietot l\u012bdz (m\u0113nesis\/gads), Partijas numurs: sk. iepakojuma apak\u0161pus\u0113.<\/p>\n<p>Uzglab\u0101\u0161anas nosac\u012bjumi: Uzglab\u0101t v\u0113s\u0101, saus\u0101, b\u0113rniem neredzam\u0101 un nepieejam\u0101 viet\u0101!<\/p>\n<hr\/>\n<p><span>NATURE&#8217;S SUNSHINE MUDINA VESEL\u012aGAM DZ\u012aVESVEIDAM.\u00a0<\/span><span>Di\u0113tas bag\u0101tin\u0101t\u0101ji nevar b\u016bt lietoti k\u0101 diferenc\u0113tas di\u0113tas aizst\u0101j\u0113ji. Balans\u0113ta di\u0113ta un vesel\u012bgs dz\u012bvesveids ir organisma pareizas funkcion\u0113\u0161anas pamats.<\/span><\/p>\n<div><\/div>\n<\/p><\/div>\n<\/p><\/div>\n","protected":false},"excerpt":{"rendered":"<p>HSN-W (Hair Skin Nails &#8212; Woman) \u2013 Skaisti mati, vesela \u0101da un stipri nagi!  Mekl\u0113jat kompleksu atbalstu matiem, \u0101dai un nagiem? HSN-W ir \u012bpa\u0161s uztura bag\u0101tin\u0101t\u0101js, kas izstr\u0101d\u0101ts speci\u0101li sieviet\u0113m, lai pal\u012bdz\u0113tu ieg\u016bt skaistus un vesel\u012bgus matus, mirdzo\u0161u \u0101du un sp\u0113c\u012bgus nagus.<\/p>\n","protected":false},"featured_media":4083,"comment_status":"open","ping_status":"closed","template":"","meta":{"_kad_blocks_custom_css":"","_kad_blocks_head_custom_js":"","_kad_blocks_body_custom_js":"","_kad_blocks_footer_custom_js":"","_kadence_starter_templates_imported_post":false,"_swpsp_post_exclude":false,"_kad_post_transparent":"","_kad_post_title":"","_kad_post_layout":"","_kad_post_sidebar_id":"","_kad_post_content_style":"","_kad_post_vertical_padding":"","_kad_post_feature":"","_kad_post_feature_position":"","_kad_post_header":false,"_kad_post_footer":false,"_kad_post_classname":""},"product_brand":[],"product_cat":[36],"product_tag":[],"class_list":{"0":"post-4283","1":"product","2":"type-product","3":"status-publish","4":"has-post-thumbnail","6":"product_cat-dietiskas-piedevas","8":"first","9":"instock","10":"sale","11":"taxable","12":"shipping-taxable","13":"purchasable","14":"product-type-simple","15":"entry","16":"content-bg","17":"loop-entry"},"taxonomy_info":{"product_cat":[{"value":36,"label":"Di\u0113tisk\u0101s piedevas"}]},"featured_image_src_large":["https:\/\/veselibasskola.lv\/wp-content\/uploads\/2025\/11\/bf89828b344ad82ed8a4c58cb91381e2-1024x1024.png",1024,1024,true],"author_info":[],"comment_info":0,"_links":{"self":[{"href":"https:\/\/veselibasskola.lv\/ru\/wp-json\/wp\/v2\/product\/4283","targetHints":{"allow":["GET"]}}],"collection":[{"href":"https:\/\/veselibasskola.lv\/ru\/wp-json\/wp\/v2\/product"}],"about":[{"href":"https:\/\/veselibasskola.lv\/ru\/wp-json\/wp\/v2\/types\/product"}],"replies":[{"embeddable":true,"href":"https:\/\/veselibasskola.lv\/ru\/wp-json\/wp\/v2\/comments?post=4283"}],"wp:featuredmedia":[{"embeddable":true,"href":"https:\/\/veselibasskola.lv\/ru\/wp-json\/wp\/v2\/media\/4083"}],"wp:attachment":[{"href":"https:\/\/veselibasskola.lv\/ru\/wp-json\/wp\/v2\/media?parent=4283"}],"wp:term":[{"taxonomy":"product_brand","embeddable":true,"href":"https:\/\/veselibasskola.lv\/ru\/wp-json\/wp\/v2\/product_brand?post=4283"},{"taxonomy":"product_cat","embeddable":true,"href":"https:\/\/veselibasskola.lv\/ru\/wp-json\/wp\/v2\/product_cat?post=4283"},{"taxonomy":"product_tag","embeddable":true,"href":"https:\/\/veselibasskola.lv\/ru\/wp-json\/wp\/v2\/product_tag?post=4283"}],"curies":[{"name":"wp","href":"https:\/\/api.w.org\/{rel}","templated":true}]}}