{"id":4284,"date":"2026-02-19T19:44:21","date_gmt":"2026-02-19T17:44:21","guid":{"rendered":"https:\/\/veselibasskola.lv\/?post_type=product&#038;p=4284"},"modified":"2026-02-19T19:44:25","modified_gmt":"2026-02-19T17:44:25","slug":"boost-100-kaps","status":"publish","type":"product","link":"https:\/\/veselibasskola.lv\/ru\/p\/boost-100-kaps\/","title":{"rendered":"Boost (100 kaps.)"},"content":{"rendered":"\n<div>\n<div>\n<p><strong><span>BOOST<\/span><\/strong><\/p>\n<p>UZTURA BAG\u0100TIN\u0100T\u0100JS<\/p>\n<hr\/>\n<p><strong>Atblo\u0137\u0113jiet savu potenci\u0101lu!\u00a0<\/strong><\/p>\n<p>Iepaz\u012bstieties ar Boost \u2014 unik\u0101lu produktu, kas, pateicoties r\u016bp\u012bgi atlas\u012bt\u0101m sast\u0101vda\u013c\u0101m, nog\u0101d\u0101 Jums t\u016bl\u012bt\u0113ju ener\u0123ijas piepl\u016bdumu un paaugstina J\u016bsu vitalit\u0101ti.<\/p>\n<p>Boost ir uzturvielu mais\u012bjums ar lielisku kvalit\u0101ti un izcil\u0101m vesel\u012bbu veicino\u0161\u0101m \u012bpa\u0161\u012bb\u0101m. Katra kapsula satur sp\u0113c\u012bgu makas, L-argin\u012bna, \u017ee\u0146\u0161e\u0146a, auzu ekstrakta, ave\u0146u un dami\u0101na lapu, lakricas saknes un smilaksa saknes ekstrakta apvienojumu. T\u0101 ir unik\u0101la kombin\u0101cija, kas rad\u012bta, lai nodro\u0161in\u0101tu Jums ne tikai ilgsto\u0161u ener\u0123iju, bet ar\u012b atbalstu visam J\u016bsu organismam.<\/p>\n<p>Ar Boost J\u016bs sajut\u012bsiet, ka J\u016bsu ener\u0123ija sasniedz jaunu l\u012bmeni. J\u016bs b\u016bsiet gatavs katram dienas izaicin\u0101jumam, neatkar\u012bgi no t\u0101, vai tas ir intens\u012bvs treni\u0146\u0161, pien\u0101kumu pilna profesion\u0101l\u0101 dz\u012bve vai dinamiska \u0123imenes dz\u012bve. Paaugstiniet savu produktivit\u0101ti, koncentr\u0101ciju un iztur\u012bbu, pateicoties \u0161ai revolucion\u0101rajai formulai.<\/p>\n<p>Boost \u013coti \u0101tri k\u013c\u016bs par J\u016bsu iecien\u012bt\u0101ko ieroci c\u012b\u0146\u0101 pret ikdienas nogurumu un ener\u0123ijas kritumu. At\u013caujiet sev revitaliz\u0101cju un atg\u016bstiet kontroli! Atjaunojiet savu iek\u0161\u0113jo sp\u0113ku ar Boost \u2014 uztura bag\u0101tin\u0101t\u0101ju, kas sniegs Jums ener\u0123iju, par kuru esat vienm\u0113r sap\u0146ojis.<\/p>\n<p>Uzziniet, k\u0101 ener\u0123ijas piepl\u016bdums var piln\u012bb\u0101 izmain\u012bt J\u016bsu dz\u012bvi.<\/p>\n<p><strong>K\u0101 tas darbojas?<\/strong><br \/>Boost iedarb\u012bbu nodro\u0161ina izcila dabisku augu sast\u0101vda\u013cu kombin\u0101cija, kas ir paz\u012bstamas ar sav\u0101m vesel\u012bbu veicino\u0161aj\u0101m \u012bpa\u0161\u012bb\u0101m. Te nu ir \u0161\u012bs sast\u0101vda\u013cas un to galven\u0101s \u012bpa\u0161\u012bbas:<\/br><\/p>\n<p>\u2022 <strong>Makas bumbu\u013cu ekstrakts (Lepidium meyenii)<\/strong><br \/>&#8212; Veicina fizisko un gar\u012bgo veiktsp\u0113ju.<br \/>&#8212; Pal\u012bdz uztur\u0113t dabisku seksu\u0101lo aktivit\u0101ti un ener\u0123iju.<br \/>&#8212; Atbalsta seksu\u0101lo iek\u0101ri.<br \/>\u2022<strong> Sib\u012brijas \u017ee\u0146\u0161e\u0146a sakne (Eleutherocococcus senticosus)<\/strong><br \/>&#8212; Ietekm\u0113 norm\u0101la asinsspiediena uztur\u0113\u0161anu.<br \/>&#8212; Ietekm\u0113 pareiza glikozes l\u012bme\u0146a asin\u012bs uztur\u0113\u0161anu.<br \/>&#8212; Pal\u012bdz ieg\u016bt atsl\u0101bin\u0101\u0161anas efektu.<br \/>\u2022 <strong>Auzu ekstrakts (Avena sativa)<br \/><\/strong>&#8212; Lietots pie gar\u012bg\u0101 un fizisk\u0101 noguruma. <br \/>&#8212; Veicina gar\u012bg\u0101s veiktsp\u0113jas un fizisko sp\u0113ju paaugstin\u0101\u0161anu.<br \/>\u2022 <strong>Dami\u0101na lapas (Turnera diffusa)<br \/><\/strong>&#8212; Veicina labu fizisko un gar\u012bgo labsaj\u016btu.<br \/>&#8212; Veicina seksu\u0101l\u0101 libido paaugstin\u0101\u0161anu.<br \/>&#8212; Veicina cukura l\u012bme\u0146a asin\u012bs regul\u0113\u0161anu.<br \/>\u2022 <strong>Kail\u0101s lakricas sakne (Glycyrrhiza glabra)<\/strong><br \/>&#8212; Pal\u012bdz uztur\u0113t ener\u0123ijas l\u012bmeni.<\/br><\/br><\/br><\/p>\n<hr\/>\n<p><strong>SAST\u0100VDA\u013bAS:<br \/><\/strong>kapsulas apvalks (saistviela [hidroksipropilmetilceluloze], \u016bdens), L-argin\u012bns, makas bumbu\u013cu pulveris (Lepidium meyenii), Sib\u012brijas \u017ee\u0146\u0161e\u0146a pulveris (Eleutherocococcus senticosus), auzu ekstrakta pulveris (Avena sativa), ave\u0146u lapu pulveris (Rubus idaeus), dami\u0101na lapu pulveris (Turnera diusa), kail\u0101s lakricas sakne (Glycyrrhiza glabra), smilaksa saknes pulveris (Smilax o cinalis), pildviela (celuloze).<\/p>\n<hr\/>\n<p><strong>GALVEN\u0100S SAST\u0100VDA\u013bAS:<\/strong><\/p>\n<table>\n<tbody>\n<tr>\n<td>\n<p><strong>Akt\u012bv\u0101s sast\u0101vda\u013cas:<\/strong><\/p>\n<\/td>\n<td>\n<p><strong>Dienas porcij\u0101<\/strong><br \/><strong>(se\u0161as augu kapsulas)<\/strong><\/p>\n<\/td>\n<\/tr>\n<tr>\n<td>\n<p>Makas bumbu\u013cu ekstrakts <br \/>(Lepidium meyenii)<\/p>\n<\/td>\n<td>\n<p> 450mg<\/p>\n<\/td>\n<\/tr>\n<tr>\n<td>\n<p>L-argin\u012bns<\/p>\n<\/td>\n<td>\n<p>450 mg<\/p>\n<\/td>\n<\/tr>\n<tr>\n<td>\n<p>Sib\u012brijas \u017ee\u0146\u0161e\u0146a sakne<br \/>(Eleutherocococcus senticosus)<\/p>\n<\/td>\n<td>\n<p> 300 mg<\/p>\n<\/td>\n<\/tr>\n<tr>\n<td>\n<p>Auzu ekstrakts<br \/>(Avena sativa)<\/p>\n<\/td>\n<td>\n<p>300 mg<\/p>\n<\/td>\n<\/tr>\n<tr>\n<td>\n<p>Ave\u0146u lapas (Rubus idaeus)<\/p>\n<\/td>\n<td>\n<p>300 mg<\/p>\n<\/td>\n<\/tr>\n<tr>\n<td>Dami\u0101na lapas (Tumera diffusa)<\/td>\n<td>240 mg<\/td>\n<\/tr>\n<tr>\n<td>Kail\u0101s lakricas sakne<br \/>(Glycyrrhiza glabra)<\/td>\n<td>228 mg<\/td>\n<\/tr>\n<tr>\n<td>Smilaksa saknes ekstrakts<br \/>(Smilax officinalis)<\/td>\n<td>45 mg<\/td>\n<\/tr>\n<\/tbody>\n<\/table>\n<hr\/>\n<p><strong>IETEICAM\u0100 PORCIJA PAT\u0112RI\u0145AM DIENAS LAIK\u0100:<\/strong><\/p>\n<p>lietot divas kapsulas tr\u012bs reizes kop\u0101 ar \u0113dienu.<\/p>\n<p>Nep\u0101rsniegt ieteicamo dienas dozi!<\/p>\n<hr\/>\n<p><span>Nature\u2019s Sunshine mudina iev\u0113rot vesel\u012bga dz\u012bvesveida principus. Uztura bag\u0101tin\u0101t\u0101ji nevar b\u016bt lietoti k\u0101 diferenc\u0113tas di\u0113tas aizst\u0101j\u0113ji. Balans\u0113ta di\u0113ta un vesels dz\u012bvesveids ir organisma pareizas funkcion\u0113\u0161anas pamats.<\/span><\/p>\n<div><\/div>\n<\/p><\/div>\n<\/p><\/div>\n","protected":false},"excerpt":{"rendered":"<p>Iepaz\u012bstieties ar Boost \u2014 unik\u0101lu produktu, kas, pateicoties r\u016bp\u012bgi atlas\u012bt\u0101m sast\u0101vda\u013c\u0101m, nog\u0101d\u0101 Jums t\u016bl\u012bt\u0113ju ener\u0123ijas piepl\u016bdumu un paaugstina J\u016bsu vitalit\u0101ti.  Boost ir uzturvielu mais\u012bjums ar lielisku kvalit\u0101ti un izcil\u0101m vesel\u012bbu veicino\u0161\u0101m \u012bpa\u0161\u012bb\u0101m. Katra kapsula satur sp\u0113c\u012bgu makas, L-argin\u012bna, \u017ee\u0146\u0161e\u0146a, auzu ekstrakta, ave\u0146u un dami\u0101na lapu, lakricas saknes un smilaksa saknes ekstrakta apvienojumu. T\u0101 ir unik\u0101la kombin\u0101cija, kas rad\u012bta, lai nodro\u0161in\u0101tu Jums ne tikai ilgsto\u0161u ener\u0123iju, bet ar\u012b atbalstu visam J\u016bsu organismam.<\/p>\n","protected":false},"featured_media":3961,"comment_status":"open","ping_status":"closed","template":"","meta":{"_kad_blocks_custom_css":"","_kad_blocks_head_custom_js":"","_kad_blocks_body_custom_js":"","_kad_blocks_footer_custom_js":"","_kadence_starter_templates_imported_post":false,"_swpsp_post_exclude":false,"_kad_post_transparent":"","_kad_post_title":"","_kad_post_layout":"","_kad_post_sidebar_id":"","_kad_post_content_style":"","_kad_post_vertical_padding":"","_kad_post_feature":"","_kad_post_feature_position":"","_kad_post_header":false,"_kad_post_footer":false,"_kad_post_classname":""},"product_brand":[],"product_cat":[36,41],"product_tag":[],"class_list":{"0":"post-4284","1":"product","2":"type-product","3":"status-publish","4":"has-post-thumbnail","6":"product_cat-dietiskas-piedevas","7":"product_cat-energija-un-vielmaina","9":"first","10":"instock","11":"sale","12":"taxable","13":"shipping-taxable","14":"purchasable","15":"product-type-simple","16":"entry","17":"content-bg","18":"loop-entry"},"taxonomy_info":{"product_cat":[{"value":36,"label":"Di\u0113tisk\u0101s piedevas"},{"value":41,"label":"Ener\u0123ija un vielmai\u0146a"}]},"featured_image_src_large":["https:\/\/veselibasskola.lv\/wp-content\/uploads\/2025\/11\/73ef769e807f4e5d90e97fe539c1551b-1024x1024.png",1024,1024,true],"author_info":[],"comment_info":0,"_links":{"self":[{"href":"https:\/\/veselibasskola.lv\/ru\/wp-json\/wp\/v2\/product\/4284","targetHints":{"allow":["GET"]}}],"collection":[{"href":"https:\/\/veselibasskola.lv\/ru\/wp-json\/wp\/v2\/product"}],"about":[{"href":"https:\/\/veselibasskola.lv\/ru\/wp-json\/wp\/v2\/types\/product"}],"replies":[{"embeddable":true,"href":"https:\/\/veselibasskola.lv\/ru\/wp-json\/wp\/v2\/comments?post=4284"}],"wp:featuredmedia":[{"embeddable":true,"href":"https:\/\/veselibasskola.lv\/ru\/wp-json\/wp\/v2\/media\/3961"}],"wp:attachment":[{"href":"https:\/\/veselibasskola.lv\/ru\/wp-json\/wp\/v2\/media?parent=4284"}],"wp:term":[{"taxonomy":"product_brand","embeddable":true,"href":"https:\/\/veselibasskola.lv\/ru\/wp-json\/wp\/v2\/product_brand?post=4284"},{"taxonomy":"product_cat","embeddable":true,"href":"https:\/\/veselibasskola.lv\/ru\/wp-json\/wp\/v2\/product_cat?post=4284"},{"taxonomy":"product_tag","embeddable":true,"href":"https:\/\/veselibasskola.lv\/ru\/wp-json\/wp\/v2\/product_tag?post=4284"}],"curies":[{"name":"wp","href":"https:\/\/api.w.org\/{rel}","templated":true}]}}