{"id":4285,"date":"2026-02-19T19:44:21","date_gmt":"2026-02-19T17:44:21","guid":{"rendered":"https:\/\/veselibasskola.lv\/?post_type=product&#038;p=4285"},"modified":"2026-02-19T19:44:25","modified_gmt":"2026-02-19T17:44:25","slug":"essential-oil-lavender","status":"publish","type":"product","link":"https:\/\/veselibasskola.lv\/ru\/p\/essential-oil-lavender\/","title":{"rendered":"Essential Oil &#8212; Lavender"},"content":{"rendered":"\n<div>\n<div>\n<p><span><strong>LAVENDER ORGANIC<\/strong><\/span><\/p>\n<p><strong>ATP\u016aTA UN ATSLABIN\u0100\u0160AN\u0100S<\/strong><\/p>\n<p>Lavanda, kas nov\u0113rt\u0113ta par nomierino\u0161o un relaks\u0113jo\u0161o arom\u0101tu, ir ide\u0101li piem\u0113rota daudziem produktiem. Tiek nov\u0113rt\u0113ta par nomierino\u0161o un relaks\u0113jo\u0161o iedarb\u012bbu.<\/p>\n<p><span>\u2022\u00a0<\/span><span><strong><em>nomierin\u0101\u0161an\u0101s un relaks\u0101cija<\/em><\/strong><\/span><\/p>\n<p><span>\u2022\u00a0<\/span><span><strong><em>miega uzlabo\u0161ana<\/em><\/strong><\/span><\/p>\n<p><span>\u2022\u00a0<\/span><span><strong><em>mitrin\u0101\u0161ana<\/em><\/strong><\/span><\/p>\n<p><strong>Sast\u0101vda\u013cas:<\/strong><\/p>\n<p>Lavandula angustifolia &#8212; \u012bst\u0101 lavanda<\/p>\n<p>Sast\u0101vda\u013cu izcelsme: Francija<\/p>\n<p>Ieg\u016bta destil\u0101cijas proces\u0101.<\/p>\n<div><strong>Izmantojiet\u00a0<a>Nature\u2019s Sunshine difuzor\u0101.<\/a><\/strong><\/div>\n<div><\/div>\n<\/p><\/div>\n<\/p><\/div>\n","protected":false},"excerpt":{"rendered":"<p>Lavanda, kas nov\u0113rt\u0113ta par nomierino\u0161o un relaks\u0113jo\u0161o arom\u0101tu, ir ide\u0101li piem\u0113rota daudziem produktiem. Tiek nov\u0113rt\u0113ta par nomierino\u0161o un relaks\u0113jo\u0161o iedarb\u012bbu.<\/p>\n","protected":false},"featured_media":2793,"comment_status":"open","ping_status":"closed","template":"","meta":{"_kad_blocks_custom_css":"","_kad_blocks_head_custom_js":"","_kad_blocks_body_custom_js":"","_kad_blocks_footer_custom_js":"","_kadence_starter_templates_imported_post":false,"_swpsp_post_exclude":false,"_kad_post_transparent":"","_kad_post_title":"","_kad_post_layout":"","_kad_post_sidebar_id":"","_kad_post_content_style":"","_kad_post_vertical_padding":"","_kad_post_feature":"","_kad_post_feature_position":"","_kad_post_header":false,"_kad_post_footer":false,"_kad_post_classname":""},"product_brand":[],"product_cat":[44],"product_tag":[],"class_list":{"0":"post-4285","1":"product","2":"type-product","3":"status-publish","4":"has-post-thumbnail","6":"product_cat-autentiskas-eteriskas-ellas","8":"first","9":"instock","10":"sale","11":"taxable","12":"shipping-taxable","13":"purchasable","14":"product-type-simple","15":"entry","16":"content-bg","17":"loop-entry"},"taxonomy_info":{"product_cat":[{"value":44,"label":"Autentiskas \u0113terisk\u0101s e\u013c\u013cas"}]},"featured_image_src_large":["https:\/\/veselibasskola.lv\/wp-content\/uploads\/2023\/12\/baf38a5dedca362eafe69c5fb43c3093.png",283,283,false],"author_info":[],"comment_info":0,"_links":{"self":[{"href":"https:\/\/veselibasskola.lv\/ru\/wp-json\/wp\/v2\/product\/4285","targetHints":{"allow":["GET"]}}],"collection":[{"href":"https:\/\/veselibasskola.lv\/ru\/wp-json\/wp\/v2\/product"}],"about":[{"href":"https:\/\/veselibasskola.lv\/ru\/wp-json\/wp\/v2\/types\/product"}],"replies":[{"embeddable":true,"href":"https:\/\/veselibasskola.lv\/ru\/wp-json\/wp\/v2\/comments?post=4285"}],"wp:featuredmedia":[{"embeddable":true,"href":"https:\/\/veselibasskola.lv\/ru\/wp-json\/wp\/v2\/media\/2793"}],"wp:attachment":[{"href":"https:\/\/veselibasskola.lv\/ru\/wp-json\/wp\/v2\/media?parent=4285"}],"wp:term":[{"taxonomy":"product_brand","embeddable":true,"href":"https:\/\/veselibasskola.lv\/ru\/wp-json\/wp\/v2\/product_brand?post=4285"},{"taxonomy":"product_cat","embeddable":true,"href":"https:\/\/veselibasskola.lv\/ru\/wp-json\/wp\/v2\/product_cat?post=4285"},{"taxonomy":"product_tag","embeddable":true,"href":"https:\/\/veselibasskola.lv\/ru\/wp-json\/wp\/v2\/product_tag?post=4285"}],"curies":[{"name":"wp","href":"https:\/\/api.w.org\/{rel}","templated":true}]}}