{"id":4287,"date":"2026-02-19T19:44:21","date_gmt":"2026-02-19T17:44:21","guid":{"rendered":"https:\/\/veselibasskola.lv\/?post_type=product&#038;p=4287"},"modified":"2026-02-19T19:44:26","modified_gmt":"2026-02-19T17:44:26","slug":"power-meal-sokolade-900g","status":"publish","type":"product","link":"https:\/\/veselibasskola.lv\/ru\/p\/power-meal-sokolade-900g\/","title":{"rendered":"Power Meal \u0160okol\u0101de (900g)"},"content":{"rendered":"\n<div>\n<div>\n<div>\n<section>\n<div>\n<section><img\/><\/section>\n<\/p><\/div>\n<\/section>\n<section>\n<div>\n<section>\n<p><span><strong>LAB\u0100KA UZTURA VIELA<\/strong><\/span><\/p>\n<ul>\n<li>Uzturviel\u0101m bag\u0101ta super\u0113diena \u0113diens<\/li>\n<li>25 grami augst\u0101k\u0101s kvalit\u0101tes veg\u0101n\u0101 prote\u012bna ar sabalans\u0113tiem og\u013chidr\u0101tiem un vesel\u012bgiem taukiem<\/li>\n<li>Bag\u0101ts ar uzturviel\u0101m, ar rok\u0101m iev\u0101ktiem augiem, d\u0101rze\u0146iem un super\u0113dieniem<\/li>\n<li>Izstr\u0101d\u0101ts ar z\u0101\u013cu speci\u0101listiem, zin\u0101tniekiem un vesel\u012bbas speci\u0101listiem<\/li>\n<\/ul>\n<\/section><\/div>\n<div>\n<section><img\/><\/section>\n<\/p><\/div>\n<\/section>\n<section>\n<div>\n<section><img\/><\/section>\n<\/p><\/div>\n<div>\n<section>\n<p><span><strong>LAB\u0100KA VEIKTSP\u0112JA<\/strong><\/span><\/p>\n<ul>\n<li>Nodro\u0161ina ener\u0123iju, pateicoties pantot\u0113nsk\u0101bei, magnijam, niac\u012bnam, riboflav\u012bnam, B12 vitam\u012bnam, B6 vitam\u012bnam un C vitam\u012bnam, kas pal\u012bdz samazin\u0101t noguruma un noguruma saj\u016btu<\/li>\n<li>Pal\u012bdz pareizi darboties im\u016bnsist\u0113mai un uztur\u0113t norm\u0101lu ener\u0123ijas vielmai\u0146u, pateicoties vara, B12 vitam\u012bna, B6 vitam\u012bna un C vitam\u012bna kl\u0101tb\u016btnei<\/li>\n<li>S\u0101t\u012bguma saj\u016bta, pateicoties augstam \u0161\u0137iedrvielu saturam<\/li>\n<\/ul>\n<\/section><\/div>\n<\/section>\n<section>\n<div>\n<section>\n<p><span><strong>LAB\u0100KA GAR\u0160A<\/strong><\/span><\/p>\n<ul>\n<li>Kr\u0113m\u012bgs \u0161okol\u0101des gar\u0161as kokteilis<\/li>\n<li>Gluda un kr\u0113m\u012bga konsistence<\/li>\n<li>Bez pievienotiem cukuriem, m\u0101ksl\u012bgiem saldin\u0101t\u0101jiem un konservantiem<\/li>\n<\/ul>\n<\/section><\/div>\n<div>\n<section><img\/><\/section>\n<\/p><\/div>\n<\/section>\n<section>\n<div>\n<section>\n<table>\n<tbody>\n<tr>\n<td>\n<p>Uzturv\u0113rt\u012bba<\/p>\n<\/td>\n<\/tr>\n<tr>\n<td>\n<p><strong>Dienas porcija:\u00a0<\/strong>(60 g)<br \/><strong>Porciju skaits iepakojum\u0101:<\/strong> 15<\/br><\/p>\n<\/td>\n<\/tr>\n<tr>\n<td><\/td>\n<td>\n<p><strong>60 g<\/strong><\/p>\n<\/td>\n<td>\n<p><strong>%DRV*<\/strong><\/p>\n<\/td>\n<td>\n<p><strong>Uz 100 g<\/strong><\/p>\n<\/td>\n<td>\n<p><strong>%DRV*<\/strong><\/p>\n<\/td>\n<\/tr>\n<tr>\n<td>\n<p>Ener\u0123\u0113tisk\u0101 v\u0113rt\u012bba<\/p>\n<\/td>\n<td>\n<p>984kJ \/ 235 kcal<\/p>\n<\/td>\n<td>\n<p>12&amp;<\/p>\n<\/td>\n<td>\n<p>1640 kJ \/ 392 ckal<\/p>\n<\/td>\n<td>\n<p>20%<\/p>\n<\/td>\n<\/tr>\n<tr>\n<td>\n<p>Tauki<\/p>\n<\/td>\n<td>\n<p>8 g<\/p>\n<\/td>\n<td>\n<p>11%<\/p>\n<\/td>\n<td>\n<p>13 g<\/p>\n<\/td>\n<td>\n<p>19%<\/p>\n<\/td>\n<\/tr>\n<tr>\n<td>\n<p>\u00a0 \u00a0 tai skait\u0101 pies\u0101tin\u0101t\u0101s tauksk\u0101bes<\/p>\n<\/td>\n<td>\n<p>3.1 g<\/p>\n<\/td>\n<td>\n<p>16%<\/p>\n<\/td>\n<td>\n<p>5.2 g<\/p>\n<\/td>\n<td>\n<p>26%<\/p>\n<\/td>\n<\/tr>\n<tr>\n<td>\n<p>Og\u013chidr\u0101ti<\/p>\n<\/td>\n<td>\n<p>8.6 g<\/p>\n<\/td>\n<td>\n<p>3%<\/p>\n<\/td>\n<td>\n<p>14 g<\/p>\n<\/td>\n<td>\n<p>5%<\/p>\n<\/td>\n<\/tr>\n<tr>\n<td>\n<p>\u00a0 tai skait\u0101 cukuri<\/p>\n<\/td>\n<td>\n<p>0 g<\/p>\n<\/td>\n<td>\n<p>0%<\/p>\n<\/td>\n<td>\n<p>0.6 g<\/p>\n<\/td>\n<td>\n<p>0.1%<\/p>\n<\/td>\n<\/tr>\n<tr>\n<td>\n<p>\u0160\u0137iedrvielas<\/p>\n<\/td>\n<td>\n<p>10 g<\/p>\n<\/td>\n<td>\n<p>\u00a033%<\/p>\n<\/td>\n<td>\n<p>17 g<\/p>\n<\/td>\n<td>\n<p>57%<\/p>\n<\/td>\n<\/tr>\n<tr>\n<td>\n<p>Olbaltumvielas<\/p>\n<\/td>\n<td>\n<p>25 g<\/p>\n<\/td>\n<td>\n<p>50%<\/p>\n<\/td>\n<td>\n<p>42 g<\/p>\n<\/td>\n<td>\n<p>84%<\/p>\n<\/td>\n<\/tr>\n<tr>\n<td>\n<p>S\u0101ls<\/p>\n<\/td>\n<td>\n<p>0.78 g<\/p>\n<\/td>\n<td>\n<p>13 %<\/p>\n<\/td>\n<td>\n<p>1.4 g<\/p>\n<\/td>\n<td>\n<p>22%<\/p>\n<\/td>\n<\/tr>\n<tr>\n<td>\n<p><strong>Vitam\u012bni un miner\u0101lvielas<\/strong><\/p>\n<\/td>\n<td>\n<p><strong>60 g<\/strong><\/p>\n<\/td>\n<td>\n<p><strong>%DRV**<\/strong><\/p>\n<\/td>\n<td>\n<p><strong>Uz 100 g<\/strong><\/p>\n<\/td>\n<td>\n<p><strong>%DRV**<\/strong><\/p>\n<\/td>\n<\/tr>\n<tr>\n<td>\n<p>A vitam\u012bns<\/p>\n<\/td>\n<td>\n<p>237 \u03bcg\u00a0 RE<\/p>\n<\/td>\n<td>\n<p>30%<\/p>\n<\/td>\n<td>\n<p>395 \u03bcg\u00a0 RE<\/p>\n<\/td>\n<td>\n<p>49%<\/p>\n<\/td>\n<\/tr>\n<tr>\n<td>\n<p>D vitam\u012bns<\/p>\n<\/td>\n<td>\n<p>1.5 \u03bcg<\/p>\n<\/td>\n<td>\n<p>30%<\/p>\n<\/td>\n<td>\n<p>2.5 \u03bcg<\/p>\n<\/td>\n<td>\n<p>50%<\/p>\n<\/td>\n<\/tr>\n<tr>\n<td>\n<p>E vitam\u012bns<\/p>\n<\/td>\n<td>\n<p>3.6 mg \u03b1-TE<\/p>\n<\/td>\n<td>\n<p>31%<\/p>\n<\/td>\n<td>\n<p>6.0 mg \u03b1-TE<\/p>\n<\/td>\n<td>\n<p>50%<\/p>\n<\/td>\n<\/tr>\n<tr>\n<td>\n<p>K1 vitam\u012bns<\/p>\n<\/td>\n<td>\n<p>23 \u03bcg<\/p>\n<\/td>\n<td>\n<p>31%<\/p>\n<\/td>\n<td>\n<p>38.3 \u03bcg<\/p>\n<\/td>\n<td>\n<p>51%<\/p>\n<\/td>\n<\/tr>\n<tr>\n<td>\n<p>C vitam\u012bns<\/p>\n<\/td>\n<td>\n<p>25 mg<\/p>\n<\/td>\n<td>\n<p>31%<\/p>\n<\/td>\n<td>\n<p>42 mg<\/p>\n<\/td>\n<td>\n<p>53%<\/p>\n<\/td>\n<\/tr>\n<tr>\n<td>\n<p>Tiam\u012bns<\/p>\n<\/td>\n<td>\n<p>0.34 mg<\/p>\n<\/td>\n<td>\n<p>31%<\/p>\n<\/td>\n<td>\n<p>0.56 mg<\/p>\n<\/td>\n<td>\n<p>51%<\/p>\n<\/td>\n<\/tr>\n<tr>\n<td>\n<p>Riboflav\u012bns<\/p>\n<\/td>\n<td>\n<p>0.44 mg<\/p>\n<\/td>\n<td>\n<p>31%<\/p>\n<\/td>\n<td>\n<p>0.74 mg<\/p>\n<\/td>\n<td>\n<p>53%<\/p>\n<\/td>\n<\/tr>\n<tr>\n<td>\n<p>Niac\u012bns<\/p>\n<\/td>\n<td>\n<p>5.5 mg NE<\/p>\n<\/td>\n<td>\n<p>34%<\/p>\n<\/td>\n<td>\n<p>9.2 mg NE<\/p>\n<\/td>\n<td>\n<p>58%<\/p>\n<\/td>\n<\/tr>\n<tr>\n<td>\n<p>B6 vitam\u012bns<\/p>\n<\/td>\n<td>\n<p>0.46 mg<\/p>\n<\/td>\n<td>\n<p>33%<\/p>\n<\/td>\n<td>\n<p>0.77 mg<\/p>\n<\/td>\n<td>\n<p>55%<\/p>\n<\/td>\n<\/tr>\n<tr>\n<td>\n<p>Folijsk\u0101be<\/p>\n<\/td>\n<td>\n<p>60 \u03bcg<\/p>\n<\/td>\n<td>\n<p>30%<\/p>\n<\/td>\n<td>\n<p>100 \u03bcg<\/p>\n<\/td>\n<td>\n<p>50%<\/p>\n<\/td>\n<\/tr>\n<tr>\n<td>\n<p>B12 vitam\u012bns<\/p>\n<\/td>\n<td>\n<p>0.75 \u03bcg<\/p>\n<\/td>\n<td>\n<p>30%<\/p>\n<\/td>\n<td>\n<p>1.3 \u03bcg<\/p>\n<\/td>\n<td>\n<p>52%<\/p>\n<\/td>\n<\/tr>\n<tr>\n<td>\n<p>Biot\u012bns<\/p>\n<\/td>\n<td>\n<p>16 \u03bcg<\/p>\n<\/td>\n<td>\n<p>32%<\/p>\n<\/td>\n<td>\n<p>27 \u03bcg<\/p>\n<\/td>\n<td>\n<p>54%<\/p>\n<\/td>\n<\/tr>\n<tr>\n<td>\n<p>Pantot\u0113nsk\u0101be<\/p>\n<\/td>\n<td>\n<p>2.2 mg<\/p>\n<\/td>\n<td>\n<p>37%<\/p>\n<\/td>\n<td>\n<p>3.7 mg<\/p>\n<\/td>\n<td>\n<p>62%<\/p>\n<\/td>\n<\/tr>\n<tr>\n<td>\n<p>K\u0101lijs<\/p>\n<\/td>\n<td>\n<p>830 mg<\/p>\n<\/td>\n<td>\n<p>42%<\/p>\n<\/td>\n<td>\n<p>1383 mg<\/p>\n<\/td>\n<td>\n<p>69%<\/p>\n<\/td>\n<\/tr>\n<tr>\n<td>\n<p>Kalcijs<\/p>\n<\/td>\n<td>\n<p>260 mg<\/p>\n<\/td>\n<td>\n<p>33%<\/p>\n<\/td>\n<td>\n<p>433 mg<\/p>\n<\/td>\n<td>\n<p>54%<\/p>\n<\/td>\n<\/tr>\n<tr>\n<td>\n<p>Fosfors<\/p>\n<\/td>\n<td>\n<p>420 mg<\/p>\n<\/td>\n<td>\n<p>60%<\/p>\n<\/td>\n<td>\n<p>700 mg<\/p>\n<\/td>\n<td>\n<p>100%<\/p>\n<\/td>\n<\/tr>\n<tr>\n<td>\n<p>Magnijs<\/p>\n<\/td>\n<td>\n<p>170 mg<\/p>\n<\/td>\n<td>\n<p>45%<\/p>\n<\/td>\n<td>\n<p>283 mg<\/p>\n<\/td>\n<td>\n<p>75%<\/p>\n<\/td>\n<\/tr>\n<tr>\n<td>\n<p>Dzelzs<\/p>\n<\/td>\n<td>\n<p>11 mg<\/p>\n<\/td>\n<td>\n<p>79%<\/p>\n<\/td>\n<td>\n<p>19 mg<\/p>\n<\/td>\n<td>\n<p>136%<\/p>\n<\/td>\n<\/tr>\n<tr>\n<td>\n<p>Cinks<\/p>\n<\/td>\n<td>\n<p>5.5 mg<\/p>\n<\/td>\n<td>\n<p>55%<\/p>\n<\/td>\n<td>\n<p>9.2 mg<\/p>\n<\/td>\n<td>\n<p>92%<\/p>\n<\/td>\n<\/tr>\n<tr>\n<td>\n<p>Var\u0161<\/p>\n<\/td>\n<td>\n<p>0.7 mg<\/p>\n<\/td>\n<td>\n<p>70%<\/p>\n<\/td>\n<td>\n<p>1.2 mg<\/p>\n<\/td>\n<td>\n<p>120%<\/p>\n<\/td>\n<\/tr>\n<tr>\n<td>\n<p>Mang\u0101ns<\/p>\n<\/td>\n<td>\n<p>1.1 mg<\/p>\n<\/td>\n<td>\n<p>55%<\/p>\n<\/td>\n<td>\n<p>2 mg<\/p>\n<\/td>\n<td>\n<p>100%<\/p>\n<\/td>\n<\/tr>\n<tr>\n<td>\n<p>Sel\u0113ns<\/p>\n<\/td>\n<td>\n<p>16.8 \u03bcg<\/p>\n<\/td>\n<td>\n<p>31%<\/p>\n<\/td>\n<td>\n<p>28 \u03bcg<\/p>\n<\/td>\n<td>\n<p>51%<\/p>\n<\/td>\n<\/tr>\n<tr>\n<td>\n<p>Molibd\u0113ns<\/p>\n<\/td>\n<td>\n<p>35 \u03bcg<\/p>\n<\/td>\n<td>\n<p>70%<\/p>\n<\/td>\n<td>\n<p>58 \u03bcg<\/p>\n<\/td>\n<td>\n<p>116%<\/p>\n<\/td>\n<\/tr>\n<tr>\n<td>\n<p>Jods<\/p>\n<\/td>\n<td>\n<p>44.4 \u03bcg<\/p>\n<\/td>\n<td>\n<p>30%<\/p>\n<\/td>\n<td>\n<p>74 \u03bcg<\/p>\n<\/td>\n<td>\n<p>49%<\/p>\n<\/td>\n<\/tr>\n<tr>\n<td>\n<p><strong>Citas sast\u0101vda\u013cas<\/strong><\/p>\n<\/td>\n<td>\n<p><strong>60 g<\/strong><\/p>\n<\/td>\n<td><\/td>\n<td>\n<p><strong>Uz 100g<\/strong><\/p>\n<\/td>\n<td><\/td>\n<\/tr>\n<tr>\n<td>\n<p>Augu aug\u013cu un d\u0101rze\u0146u mais\u012bjums:<\/p>\n<p>Maniokas sak\u0146u ciete, acai ekstrakts, spin\u0101tu lapa, broko\u013cu k\u0101ts un ziedkopas, burk\u0101nu sakne, tom\u0101tu auglis, k\u0101postu lapa, broko\u013cu dzinumu s\u0113klas, \u0137ir\u0161u auglis, dz\u0113rve\u0146u auglis, zeme\u0146u auglis, ave\u0146u auglis, zem\u0101s mellenes auglis<\/p>\n<\/td>\n<td>\n<p>3.55 g<\/p>\n<\/td>\n<td><\/td>\n<td>\n<p>5.92 g<\/p>\n<\/td>\n<td><\/td>\n<\/tr>\n<tr>\n<td>\n<p>Gar\u0161augu un sak\u0146u mais\u012bjums:<\/p>\n<p>Ingvera saknenis, maca sakne, a\u0161vagandas ekstrakts, Panax \u017ee\u0146\u0161e\u0146a ekstrakts, kan\u0113lis<\/p>\n<\/td>\n<td>\n<p>1100 mg<\/p>\n<\/td>\n<td><\/td>\n<td>\n<p>1833 mg<\/p>\n<\/td>\n<td><\/td>\n<\/tr>\n<tr>\n<td>\n<p>Imunit\u0101tes un gremo\u0161anas vesel\u012bbas mais\u012bjums:<\/p>\n<p>Beta-glik\u0101ns no maizes rauga, amil\u0101ze, prote\u0101ze, celul\u0101ze, lip\u0101ze, lakt\u0101ze, apels\u012bnu sula, apels\u012bnu e\u013c\u013ca, meln\u0101 pl\u016b\u0161koka auglis<\/p>\n<\/td>\n<td>\n<p>100 mg<\/p>\n<\/td>\n<td><\/td>\n<td>\n<p>167 mg<\/p>\n<\/td>\n<td><\/td>\n<\/tr>\n<tr>\n<td>\n<p>*DRV: Dienas rekomend\u0113jam\u0101 v\u0113rt\u012bba vidusm\u0113ra pieaugu\u0161ajam (8 400 kJ\/2 000 kcal)<br \/>**DRV: Uzturv\u0113rt\u012bbas atsauces v\u0113rt\u012bba<\/br><\/p>\n<\/td>\n<\/tr>\n<\/tbody>\n<\/table>\n<p> <\/p>\n<p><strong>Sast\u0101vda\u013cas:<br \/><\/strong>Augu olbaltumvielu mais\u012bjums [zir\u0146u olbaltumvielu izol\u0101ts, p\u0101k\u0161augu olbaltumvielu koncentr\u0101ts, r\u012bsu olbaltumvielu koncentr\u0101ts, spirul\u012bna (Arthrospira platensis), hlore\u013c\u013ca (Chlorella vulgaris)], \u0161\u0137iedrvielu mais\u012bjums [ak\u0101cijas \u0161\u0137iedra, malti lins\u0113klu (Linum usitatissimum) s\u0113klas, guar gumijs, \u0101bolu \u0161\u0137iedra (Malus pumila), burk\u0101nu \u0161\u0137iedra (Daucus carota), zil\u0101s ogas \u0161\u0137iedra (Vaccinium corymbosum), dz\u0113rvenu ogu \u0161\u0137iedra (Vaccinium macrocarpon)], aug\u013cu un d\u0101rze\u0146u mais\u012bjums [kazavas sak\u0146u ciete, acai ekstrakts (Euterpe oleracea), spin\u0101tu lapas (Spinacia oleracea), broko\u013cu stumbru un ziedu pupi\u0146as (Brassica oleracea var. italica), burk\u0101nu saknes (Daucus carota ssp. sativus), tom\u0101tu aug\u013ci (Lycopersicon esculentum), ka\u013c\u0137u lapas (Brassica oleracea var. acephala), broko\u013cu s\u0113klas (Brassica oleracea var. italica), \u0137ir\u0161u aug\u013ci (Prunus cerasus), dz\u0113rvenu aug\u013ci (Vaccinium macrocarpon), zemenes aug\u013ci (Fragaria virginiana), kazenes aug\u013ci (Rubus idaeus), mazu ogu zemenes aug\u013ci (Vaccinium angustifolium)], vitam\u012bnu un miner\u0101lvielu mais\u012bjums (kalcija ortofosf\u0101ta s\u0101\u013ci, k\u0101lija hlor\u012bds, magnija oks\u012bds, askorb\u012bnsk\u0101be, dzelzs pirofosf\u0101ts (III), DL-alfa-tokoferilacet\u0101ts, cinka sulf\u0101ts, n\u0101trija sel\u0113n\u0101ts (IV), folijsk\u0101be, k\u0101lija jod\u012bds, vara sulf\u0101ts (II), nikot\u012bnam\u012bds, piridoks\u012bna hlor\u012bds, riboflav\u012bns, tiam\u012bna mononitr\u0101ts, retinila acet\u0101ts, fitomenadions, kalcija D-pantoten\u0101ts, D-biot\u012bns, mang\u0101na sulf\u0101ts, cianokobalam\u012bns, holekalciferols), gar\u0161augu un sak\u0146u mais\u012bjums [malti ingvera sak\u0146u (Zingiber ocinale), malti maka sak\u0146u (Lepidium meyenii), ashwagandha ekstrakts (Withania somnifera), korejie\u0161u \u017een\u0161en\u0327a ekstrakts (Panax ginseng), maltas kan\u0113lis (Cinnamomum burmanii blume)], Imunit\u0101tes un gremo\u0161anas vesel\u012bbas mais\u012bjums [beta gluk\u0101ns no maize\u0161u rauga (Saccharomyces cerevisiae), amil\u0101ze, prote\u0101ze, celul\u0101ze, lip\u0101ze, laktoze, apels\u012bnu sula, apels\u012bnu e\u013c\u013ca, \u0101bolu ziedu (Sambucus nigra)], zems tauku kakao pulveris, dab\u012bgs aromatiz\u0113t\u0101js, saulespu\u0137u e\u013c\u013cas pulveris, vid\u0113ja \u0137\u0113des triglicer\u012bdu pulveris (kokosriekstu e\u013c\u013ca, ak\u0101cijas \u0161\u0137iedra), maltodekstr\u012bns, biezin\u0101t\u0101js (ksant\u0101na guma), saldin\u0101t\u0101ji (enz\u012bmatiski ra\u017eoti steviola glikoz\u012bdi, steviola glikoz\u012bdi no stevijas), saulespu\u0137u lecit\u012bns, pretgru\u0161anas l\u012bdzeklis.<\/p>\n<p><strong>Ieteicam\u0101 dienas deva:<\/strong><\/p>\n<p>Sajauciet 2 pilnus kausi\u0146us (60 g) ar 350 ml \u016bdens, atkar\u012bb\u0101 no gar\u0161as v\u0113lm\u0113m. \u0160is produkts aizvieto vienu galveno malt\u012bti dien\u0101.<\/p>\n<p><strong>Uzglab\u0101\u0161anas apst\u0101k\u013ci:<\/strong><\/p>\n<p>Uzglab\u0101t saus\u0101 un v\u0113s\u0101 viet\u0101. Uzglab\u0101t b\u0113rniem nepieejam\u0101 viet\u0101.<\/p>\n<p> <\/br><\/section>\n<\/p><\/div>\n<\/section>\n<section>\n<div>\u00a0<img\/><\/div>\n<\/section>\n<section>\n<div>\u00a0<\/div>\n<\/section>\n<section>\n<div>\n<section>\n<hr\/>\n<p><span>NATURE&#8217;S SUNSHINE MUDINA VESEL\u012aGAM DZ\u012aVESVEIDAM.<\/span><br \/><span>Di\u0113tas bag\u0101tin\u0101t\u0101ji nevar b\u016bt lietoti k\u0101 diferenc\u0113tas di\u0113tas aizst\u0101j\u0113ji. Balans\u0113ta di\u0113ta un vesel\u012bgs dz\u012bvesveids ir organisma pareizas funkcion\u0113\u0161anas pamats.<\/span><\/p>\n<\/section><\/div>\n<section><\/section>\n<\/section><\/div>\n<div><\/div>\n<\/p><\/div>\n<\/p><\/div>\n","protected":false},"excerpt":{"rendered":"<p>Kr\u0113mveida Power Meal kokteilis ar \u0161okol\u0101des gar\u0161u &#8212; dabas sp\u0113ks katr\u0101 pilien\u0101!  M\u0113s esam izveidoju\u0161i izcilu kr\u0113mveida kokteili, kas apmierin\u0101s pat vispras\u012bg\u0101k\u0101s gar\u0161as. M\u016bsu produkts ir lielisks augstas kvalit\u0101tes augu prote\u012bna, zarnu vesel\u012bbu atbalsto\u0161u \u0161\u0137iedrvielu, aug\u013cu un d\u0101rze\u0146u mais\u012bjums. Power Meal ir bag\u0101ts ar uzturviel\u0101m, kas atbalsta j\u016bsu ikdienas sniegumu un sp\u0113ku.<\/p>\n","protected":false},"featured_media":4021,"comment_status":"open","ping_status":"closed","template":"","meta":{"_kad_blocks_custom_css":"","_kad_blocks_head_custom_js":"","_kad_blocks_body_custom_js":"","_kad_blocks_footer_custom_js":"","_kadence_starter_templates_imported_post":false,"_swpsp_post_exclude":false,"_kad_post_transparent":"","_kad_post_title":"","_kad_post_layout":"","_kad_post_sidebar_id":"","_kad_post_content_style":"","_kad_post_vertical_padding":"","_kad_post_feature":"","_kad_post_feature_position":"","_kad_post_header":false,"_kad_post_footer":false,"_kad_post_classname":""},"product_brand":[],"product_cat":[36],"product_tag":[],"class_list":{"0":"post-4287","1":"product","2":"type-product","3":"status-publish","4":"has-post-thumbnail","6":"product_cat-dietiskas-piedevas","8":"first","9":"instock","10":"sale","11":"taxable","12":"shipping-taxable","13":"purchasable","14":"product-type-simple","15":"entry","16":"content-bg","17":"loop-entry"},"taxonomy_info":{"product_cat":[{"value":36,"label":"Di\u0113tisk\u0101s piedevas"}]},"featured_image_src_large":["https:\/\/veselibasskola.lv\/wp-content\/uploads\/2025\/11\/2013e89e874b35dc676d09d46053a8bd-800x1024.png",800,1024,true],"author_info":[],"comment_info":0,"_links":{"self":[{"href":"https:\/\/veselibasskola.lv\/ru\/wp-json\/wp\/v2\/product\/4287","targetHints":{"allow":["GET"]}}],"collection":[{"href":"https:\/\/veselibasskola.lv\/ru\/wp-json\/wp\/v2\/product"}],"about":[{"href":"https:\/\/veselibasskola.lv\/ru\/wp-json\/wp\/v2\/types\/product"}],"replies":[{"embeddable":true,"href":"https:\/\/veselibasskola.lv\/ru\/wp-json\/wp\/v2\/comments?post=4287"}],"wp:featuredmedia":[{"embeddable":true,"href":"https:\/\/veselibasskola.lv\/ru\/wp-json\/wp\/v2\/media\/4021"}],"wp:attachment":[{"href":"https:\/\/veselibasskola.lv\/ru\/wp-json\/wp\/v2\/media?parent=4287"}],"wp:term":[{"taxonomy":"product_brand","embeddable":true,"href":"https:\/\/veselibasskola.lv\/ru\/wp-json\/wp\/v2\/product_brand?post=4287"},{"taxonomy":"product_cat","embeddable":true,"href":"https:\/\/veselibasskola.lv\/ru\/wp-json\/wp\/v2\/product_cat?post=4287"},{"taxonomy":"product_tag","embeddable":true,"href":"https:\/\/veselibasskola.lv\/ru\/wp-json\/wp\/v2\/product_tag?post=4287"}],"curies":[{"name":"wp","href":"https:\/\/api.w.org\/{rel}","templated":true}]}}