{"id":4288,"date":"2026-02-19T19:44:21","date_gmt":"2026-02-19T17:44:21","guid":{"rendered":"https:\/\/veselibasskola.lv\/?post_type=product&#038;p=4288"},"modified":"2026-02-19T19:44:26","modified_gmt":"2026-02-19T17:44:26","slug":"cinks-alt-120-tabl","status":"publish","type":"product","link":"https:\/\/veselibasskola.lv\/ru\/p\/cinks-alt-120-tabl\/","title":{"rendered":"Cinks ALT (120 tabl.)"},"content":{"rendered":"\n<div>\n<div>\n<h1><span>CINKS ALT<\/span><\/h1>\n<h4><span>DIETAS BAG\u0100TIN\u0100T\u0100JI<\/span><\/h4>\n<hr\/>\n<p>Cinks ALT &#8212; tas ir lielisks a\u013c\u0123u, s\u0113jas lucernas, m\u0101rsila un cinka mais\u012bjums. Cinks produkt\u0101 pal\u012bdz saglab\u0101t veselu kaulu, veselu nagu, matu un \u0101du. <br \/>Turkl\u0101t cinks pal\u012bdz saglab\u0101t pareizu sk\u0101bju-s\u0101rmu l\u012bdzsvaru, saglab\u0101t attiec\u012bgu baro\u0161anas mikrosast\u0101vda\u013cu metabolismu, k\u0101 ar\u012b fertilit\u0101tes un reprodukt\u012bvo funkciju pareiz\u012bbu.<br \/>Ar\u012b j\u0101uzsver, ka cinks pal\u012bdz saglab\u0101t pareizu redzam\u012bbu. Cinks ALT satur ar\u012b parasta timi\u0101na lapu, kas tradicion\u0101li bija izmantots gremo\u0161anas atvieglo\u0161anai, un apmierina kaklu un balsek\u013cus.<\/br><\/br><\/p>\n<ul>\n<li>Produkts papildina ikdienas dietu ar cinku.<\/li>\n<li>Cinks pal\u012bdz saglab\u0101t vesel\u012bgu kaulu.<\/li>\n<li>Timi\u0101na lapa bija parasti izmantota gremo\u0161anas atvieglo\u0161anai.<\/li>\n<li>Produkta sast\u0101v\u0101 ir j\u016brasz\u0101les (ascophyllum nodosum), lai samazin\u0101tu tauku absorb\u0113\u0161anu un sav\u0101ktu tauku nov\u0101k\u0161anu, t.i. ietekm\u0113jot uz svaru.<\/li>\n<\/ul>\n<hr\/>\n<p><strong><span>SAST\u0100VS:<\/span><\/strong><br \/>Nes\u0113js: kalcija fosf\u0101ti; cinka glukon\u0101ts; pretsalipes viela: celuloze; j\u016brasz\u0101les; s\u0113jas lucerna z\u0101laugs; timi\u0101na lapa; pretsalipes viela: tauksk\u0101bju magnija s\u0101\u013ci<strong><span><br \/><\/span><\/strong><\/br><\/p>\n<hr\/>\n<p><strong><span>SVAR\u012aGAS SAST\u0100VDA\u013bAS:<\/span><\/strong><br \/>Saturs ieteicam\u0101 porcij\u0101 (1 tabl.):<br \/>Cinks &#8230;&#8230;&#8230;&#8230;&#8230;&#8230;&#8230;&#8230;&#8230;&#8230;&#8230;..15 mg \/ 150% IDD* <br \/>J\u016brasz\u0101le &#8230;&#8230;.. 85 mg**<br \/>S\u0113jas lucerna &#8230;&#8230;&#8230;&#8230;&#8230;&#8230;&#8230;&#8230;&#8230;&#8230;&#8230;&#8230;.\u00a0 27\u00a0 mg** <br \/>Tim\u0101na lapa &#8230;&#8230;&#8230;&#8230;&#8230;&#8230;&#8230;&#8230;&#8230;&#8230;&#8230;&#8230;&#8230;.\u00a0\u00a0 27\u00a0\u00a0 mg**<br \/>*IDD &#8212; ieteicama dienas doze.<br \/>** &#8212; Nenoteikt\u0101 IDD.<\/p>\n<hr\/>\n<p><strong><span>IETEICAMA PORCIJA DIENAS LIETO\u0160ANAI:<\/span><\/strong><br \/>1 tablete viena reize dien\u0101 \u0113diena laik\u0101.<br \/>Nep\u0101rsniegt ieteicamo dienas dozi.<\/p>\n<hr\/>\n<p><strong><span>GLAB\u0100\u0160ANA:<\/span><\/strong><br \/>Glab\u0101t saus\u0101 un v\u0113s\u0101, b\u0113rniem nepieejam\u0101 viet\u0101.<\/p>\n<p><span>NATURE&#8217;S SUNSHINE MUDINA VESEL\u012aGAM DZ\u012aVESVEIDAM.<\/span><br \/><span>Di\u0113tas bag\u0101tin\u0101t\u0101ji nevar b\u016bt lietoti k\u0101 diferenc\u0113tas di\u0113tas aizst\u0101j\u0113ji. Balans\u0113ta di\u0113ta un vesel\u012bgs dz\u012bvesveids ir organisma pareizas funkcion\u0113\u0161anas pamats.<\/span><\/p>\n<div><\/div>\n<\/p><\/div>\n<\/p><\/div>\n","protected":false},"excerpt":{"rendered":"<p>Cinks ALT &#8212; tas ir lielisks a\u013c\u0123u, s\u0113jas lucernas, m\u0101rsila un cinka mais\u012bjums. Cinks produkt\u0101 pal\u012bdz saglab\u0101t veselu kaulu, veselu nagu, matu un \u0101du. Turkl\u0101t cinks pal\u012bdz saglab\u0101t pareizu sk\u0101bju-s\u0101rmu l\u012bdzsvaru, saglab\u0101t attiec\u012bgu baro\u0161anas mikrosast\u0101vda\u013cu metabolismu, k\u0101 ar\u012b fertilit\u0101tes un reprodukt\u012bvo funkciju pareiz\u012bbu. Ar\u012b j\u0101uzsver, ka cinks pal\u012bdz saglab\u0101t pareizu redzam\u012bbu. Cinks ALT satur ar\u012b parasta timi\u0101na lapu, kas tradicion\u0101li bija izmantots gremo\u0161anas atvieglo\u0161anai, un apmierina kaklu un balsek\u013cus.<\/p>\n","protected":false},"featured_media":2938,"comment_status":"open","ping_status":"closed","template":"","meta":{"_kad_blocks_custom_css":"","_kad_blocks_head_custom_js":"","_kad_blocks_body_custom_js":"","_kad_blocks_footer_custom_js":"","_kadence_starter_templates_imported_post":false,"_swpsp_post_exclude":false,"_kad_post_transparent":"","_kad_post_title":"","_kad_post_layout":"","_kad_post_sidebar_id":"","_kad_post_content_style":"","_kad_post_vertical_padding":"","_kad_post_feature":"","_kad_post_feature_position":"","_kad_post_header":false,"_kad_post_footer":false,"_kad_post_classname":""},"product_brand":[],"product_cat":[36,49,41,45],"product_tag":[],"class_list":{"0":"post-4288","1":"product","2":"type-product","3":"status-publish","4":"has-post-thumbnail","6":"product_cat-dietiskas-piedevas","7":"product_cat-elposanas-sistema","8":"product_cat-energija-un-vielmaina","9":"product_cat-skeleta-muskulu-sistema","11":"first","12":"instock","13":"sale","14":"taxable","15":"shipping-taxable","16":"purchasable","17":"product-type-simple","18":"entry","19":"content-bg","20":"loop-entry"},"taxonomy_info":{"product_cat":[{"value":36,"label":"Di\u0113tisk\u0101s piedevas"},{"value":49,"label":"Elpo\u0161anas sist\u0113ma"},{"value":41,"label":"Ener\u0123ija un vielmai\u0146a"},{"value":45,"label":"Skeleta-musku\u013cu sist\u0113ma"}]},"featured_image_src_large":["https:\/\/veselibasskola.lv\/wp-content\/uploads\/2023\/12\/6c027821a47a8a248e58c08bf786ad48-1024x1024.png",1024,1024,true],"author_info":[],"comment_info":0,"_links":{"self":[{"href":"https:\/\/veselibasskola.lv\/ru\/wp-json\/wp\/v2\/product\/4288","targetHints":{"allow":["GET"]}}],"collection":[{"href":"https:\/\/veselibasskola.lv\/ru\/wp-json\/wp\/v2\/product"}],"about":[{"href":"https:\/\/veselibasskola.lv\/ru\/wp-json\/wp\/v2\/types\/product"}],"replies":[{"embeddable":true,"href":"https:\/\/veselibasskola.lv\/ru\/wp-json\/wp\/v2\/comments?post=4288"}],"wp:featuredmedia":[{"embeddable":true,"href":"https:\/\/veselibasskola.lv\/ru\/wp-json\/wp\/v2\/media\/2938"}],"wp:attachment":[{"href":"https:\/\/veselibasskola.lv\/ru\/wp-json\/wp\/v2\/media?parent=4288"}],"wp:term":[{"taxonomy":"product_brand","embeddable":true,"href":"https:\/\/veselibasskola.lv\/ru\/wp-json\/wp\/v2\/product_brand?post=4288"},{"taxonomy":"product_cat","embeddable":true,"href":"https:\/\/veselibasskola.lv\/ru\/wp-json\/wp\/v2\/product_cat?post=4288"},{"taxonomy":"product_tag","embeddable":true,"href":"https:\/\/veselibasskola.lv\/ru\/wp-json\/wp\/v2\/product_tag?post=4288"}],"curies":[{"name":"wp","href":"https:\/\/api.w.org\/{rel}","templated":true}]}}