{"id":4289,"date":"2026-02-19T19:44:21","date_gmt":"2026-02-19T17:44:21","guid":{"rendered":"https:\/\/veselibasskola.lv\/?post_type=product&#038;p=4289"},"modified":"2026-02-19T19:44:26","modified_gmt":"2026-02-19T17:44:26","slug":"pro-active-komplekts","status":"publish","type":"product","link":"https:\/\/veselibasskola.lv\/ru\/p\/pro-active-komplekts\/","title":{"rendered":"Pro Active Komplekts"},"content":{"rendered":"\n<div>\n<div>\n<p><span>Pro Active\u00a0<\/span><\/p>\n<p><span><span>Akt\u012bvi c\u012bnieties par vesel\u012bbu!\u00a0<\/span><\/span><\/p>\n<div>\u00a0<\/div>\n<p>Uztura bag\u0101tin\u0101t\u0101ju komplekts\u00a0<\/p>\n<p><strong>J\u0101, saglab\u0101t vesel\u012bbu ir vienk\u0101r\u0161i! Pietiek \u0113st vesel\u012bgi un atcer\u0113ties par bie\u017e\u0101m fizisk\u0101m aktivit\u0101t\u0113m. Ir maz\u0101k svar\u012bgi, vai skrienat, braucat ar velosip\u0113du vai peldat. Ir svar\u012bgi, lai to dar\u012btu regul\u0101ri. Fizisk\u0101s aktivit\u0101tes ir iek\u013cautas vesel\u012bgas \u0113\u0161anas piram\u012bd\u0101 k\u0101 pamats vesel\u012bbai un fiziskai sagatavot\u012bbai.\u00a0<\/strong><\/p>\n<p><strong>Protams, bie\u017eas sporta aktivit\u0101tes neatbr\u012bvo j\u016bs no vesel\u012bga uztura. Tikai vesel\u012bgas \u0113\u0161anas un fizisko aktivit\u0101\u0161u kombin\u0101cija nodro\u0161in\u0101s apmierino\u0161us rezult\u0101tus.<\/strong><\/p>\n<p><span><span><img><br \/><\/img><\/span><\/span><\/p>\n<hr\/>\n<p><span>S\u0101ciet dz\u012bvot vesel\u012bgi! Jau tagad! Ar Pro Active komplektu un regul\u0101ru aktivit\u0101ti j\u016bs \u0101tri paman\u012bsiet pirm\u0101s pozit\u012bv\u0101s izmai\u0146as! Pro Active nodro\u0161in\u0101s jums nepiecie\u0161amo ener\u0123iju, vitam\u012bnu un miner\u0101lvielu kompleksu, perfektu olbaltumvielu un \u0161\u0137iedrvielu da\u013cu un daudz, daudz vair\u0101k!<\/span><\/p>\n<p><strong>Aktivit\u0101te ir atsl\u0113ga vesel\u012bbai!\u00a0<\/strong><\/p>\n<p><strong>Solstic Ener\u0123ija no Dabas <\/strong>ir ener\u0123iska guar\u0101na un B grupas vitam\u012bni, un t\u0101 sast\u0101vs tika izstr\u0101d\u0101ts, dom\u0101jot par ikdienas aktivit\u0101t\u0113m. S\u0101ciet savu dienu, viegli ieg\u016bstot papildu ener\u0123iju, kas jums priec\u0113s vair\u0101kas stundas!<\/p>\n<p><strong>PowerMeal\u00a0<\/strong>pal\u012bdz\u0113s paman\u012bt pirmos rezult\u0101tus agr\u0101k, nek\u0101 j\u016bs gaid\u0101t. 25g veg\u0101na olbaltumvielu pal\u012bdz\u0113s jums veidot musku\u013cus, un \u0161\u0137iedrvielas, k\u0101 ar\u012b vitam\u012bnu un miner\u0101lvielu komplekss nodro\u0161ina vesel\u012bbas saj\u016btu katru dienu!<\/p>\n<p><strong>Collagen+ <\/strong>noteikti ir vair\u0101k nek\u0101 kolag\u0113ns. C vitam\u012bns pal\u012bdz\u0113s atjaunoties p\u0113c treni\u0146a, un produkts ar\u012b papildin\u0101s j\u016bsu uzturu ar cinku, kuru j\u016bs \u0101tri zaud\u0113jat fizisk\u0101s slodzes laik\u0101. Visi Pro Active komplekta produkti lieliski iek\u013caujas ikdienas aktivit\u0101t\u0113. Pateicoties pulvera formai un \u0113rtaj\u0101m paci\u0146\u0101m, j\u016bs varat tos \u0146emt l\u012bdzi visur.<\/p>\n<p>Dariet to! Akt\u012bvi c\u012bnieties par vesel\u012bbu!<\/p>\n<hr\/>\n<p><strong>Komplekta sast\u0101vs:\u00a0<\/strong><\/p>\n<p>Solstic Ener\u0123ija no Dabas<br \/>Power Meal \u0160okol\u0101de<br \/>Power Meal Vani\u013ca<br \/>Collagen+<\/br><\/br><\/br><\/p>\n<hr\/>\n<div><strong>Ieteicama lieto\u0161ana:\u00a0<\/strong><\/div>\n<div>Visus komplekta produktus lietojiet saska\u0146\u0101 ar nor\u0101d\u012bjumiem, novietotiem uz eti\u0137et\u0113m.\u00a0<\/div>\n<hr\/>\n<div><strong>PROMOAKCIJA!\u00a0<\/strong><\/div>\n<p>P\u0113rkot ProActive, j\u016bs varat izmantot 25% atlaidi Tei-fu vai Super Complex produktam.\u00a0<\/p>\n<hr\/>\n<p><span>Uztura bag\u0101tin\u0101t\u0101ji nevar b\u016bt lietoti k\u0101 diferenc\u0113tas di\u0113tas aizst\u0101j\u0113ji. Balans\u0113ta di\u0113ta un vesels dz\u012bvesveids ir organisma pareizas funkcion\u0113\u0161anas pamats<\/span><\/p>\n<p><strong>\u00a0<\/strong><\/p>\n<p><strong><\/strong><\/p>\n<div><\/div>\n<\/p><\/div>\n<\/p><\/div>\n","protected":false},"excerpt":{"rendered":"<p>Pro Active\u00a0 Akt\u012bvi c\u012bnieties par vesel\u012bbu!\u00a0 \u00a0 Uztura bag\u0101tin\u0101t\u0101ju komplekts\u00a0 J\u0101, saglab\u0101t vesel\u012bbu ir vienk\u0101r\u0161i! Pietiek \u0113st vesel\u012bgi un atcer\u0113ties par bie\u017e\u0101m fizisk\u0101m aktivit\u0101t\u0113m. Ir maz\u0101k svar\u012bgi, vai skrienat, braucat ar velosip\u0113du vai peldat. Ir svar\u012bgi, lai to dar\u012btu regul\u0101ri. Fizisk\u0101s aktivit\u0101tes ir iek\u013cautas vesel\u012bgas \u0113\u0161anas piram\u012bd\u0101 k\u0101 pamats vesel\u012bbai un fiziskai sagatavot\u012bbai.\u00a0 Protams, bie\u017eas&#8230;<\/p>\n","protected":false},"featured_media":4049,"comment_status":"open","ping_status":"closed","template":"","meta":{"_kad_blocks_custom_css":"","_kad_blocks_head_custom_js":"","_kad_blocks_body_custom_js":"","_kad_blocks_footer_custom_js":"","_kadence_starter_templates_imported_post":false,"_swpsp_post_exclude":false,"_kad_post_transparent":"","_kad_post_title":"","_kad_post_layout":"","_kad_post_sidebar_id":"","_kad_post_content_style":"","_kad_post_vertical_padding":"","_kad_post_feature":"","_kad_post_feature_position":"","_kad_post_header":false,"_kad_post_footer":false,"_kad_post_classname":""},"product_brand":[],"product_cat":[35],"product_tag":[],"class_list":{"0":"post-4289","1":"product","2":"type-product","3":"status-publish","4":"has-post-thumbnail","6":"product_cat-komplekti","8":"first","9":"instock","10":"sale","11":"taxable","12":"shipping-taxable","13":"purchasable","14":"product-type-simple","15":"entry","16":"content-bg","17":"loop-entry"},"taxonomy_info":{"product_cat":[{"value":35,"label":"Komplekti"}]},"featured_image_src_large":["https:\/\/veselibasskola.lv\/wp-content\/uploads\/2025\/11\/15c2aa244e3b2e3e346020d8c8026234-1024x1024.png",1024,1024,true],"author_info":[],"comment_info":0,"_links":{"self":[{"href":"https:\/\/veselibasskola.lv\/ru\/wp-json\/wp\/v2\/product\/4289","targetHints":{"allow":["GET"]}}],"collection":[{"href":"https:\/\/veselibasskola.lv\/ru\/wp-json\/wp\/v2\/product"}],"about":[{"href":"https:\/\/veselibasskola.lv\/ru\/wp-json\/wp\/v2\/types\/product"}],"replies":[{"embeddable":true,"href":"https:\/\/veselibasskola.lv\/ru\/wp-json\/wp\/v2\/comments?post=4289"}],"wp:featuredmedia":[{"embeddable":true,"href":"https:\/\/veselibasskola.lv\/ru\/wp-json\/wp\/v2\/media\/4049"}],"wp:attachment":[{"href":"https:\/\/veselibasskola.lv\/ru\/wp-json\/wp\/v2\/media?parent=4289"}],"wp:term":[{"taxonomy":"product_brand","embeddable":true,"href":"https:\/\/veselibasskola.lv\/ru\/wp-json\/wp\/v2\/product_brand?post=4289"},{"taxonomy":"product_cat","embeddable":true,"href":"https:\/\/veselibasskola.lv\/ru\/wp-json\/wp\/v2\/product_cat?post=4289"},{"taxonomy":"product_tag","embeddable":true,"href":"https:\/\/veselibasskola.lv\/ru\/wp-json\/wp\/v2\/product_tag?post=4289"}],"curies":[{"name":"wp","href":"https:\/\/api.w.org\/{rel}","templated":true}]}}