{"id":4290,"date":"2026-02-19T19:44:21","date_gmt":"2026-02-19T17:44:21","guid":{"rendered":"https:\/\/veselibasskola.lv\/?post_type=product&#038;p=4290"},"modified":"2026-02-19T19:44:26","modified_gmt":"2026-02-19T17:44:26","slug":"bakterijas-bifidophilus-90-kaps","status":"publish","type":"product","link":"https:\/\/veselibasskola.lv\/ru\/p\/bakterijas-bifidophilus-90-kaps\/","title":{"rendered":"BAKT\u0112RIJAS BIFIDOPHILUS (90 kaps.)"},"content":{"rendered":"\n<div>\n<div>\n<p><strong>BAKT\u0112RIJAS BIFIDOPHILUS<\/strong><\/p>\n<p>DIETAS BAG\u0100TIN\u0100T\u0100JI<\/p>\n<hr\/>\n<div>Bakt\u0113rijas Bifidophilus &#8212; tas ir dietas bag\u0101tin\u0101t\u0101js, kur atrodas lactobacillus acidophilus un bifidobacterium longum bakt\u0113riju kult\u016bras. Produkt\u0101 tika samais\u012bti ar\u012b \u012bsu un garu \u0137\u0113\u017eu fruktooligosahar\u012bdi. Bifidobacterium\u00a0 longum un lactgobacillus acidophilus atrodas cilv\u0113ka gremo\u0161anas trakt\u0101 un t\u0101s ir uzskatamas par vissvar\u012bg\u0101k\u0101m starp bakt\u0113rij\u0101m.<\/div>\n<hr\/>\n<p><span>SAST\u0100VS:<br \/><\/span><\/p>\n<p>Lactobacillus acidophilus; bifidobacterium longum, fruktooligosahar\u012bdi, burk\u0101nu pulveris, saflora e\u013c\u013ca; maltodekstr\u012bns; kapsulas \u010daula: \u017eelat\u012bns; pretsalipes viela: celuloze; emulgators: tauksk\u0101bju magnija s\u0101\u013ci.<\/p>\n<hr\/>\n<p><span>SVAR\u012aGAS SAST\u0100VDA\u013bAS:<\/span><\/p>\n<p>Saturs ieteicam\u0101 porcij\u0101 (2 kaps.):<br \/>Lactobacillus acidophilus &#8230;&#8230;&#8230;&#8230;&#8230;.. 5 x 10\u2079 CFU* <br \/>Bifidobacterium longum &#8230;&#8230;&#8230;&#8230;&#8230;&#8230;. 2 x 10\u2079 CFU*<\/br><\/br><\/p>\n<p>*CFU &#8212; (no ang. colony formit unit) &#8212; vien\u012bba mikroorganismu daudzuma noteik\u0161anai p\u0113t\u012bt\u0101 materi\u0101l\u0101, izmantojot s\u0113\u0161anas metodi. Dati aktu\u0101li uz izgatavo\u0161anas dienu.<\/p>\n<hr\/>\n<p><strong>IETEICAMA PORCIJA DIENAS LIETO\u0160ANAI:<\/strong><br \/>1 kapsula 1-2 reizes dien\u0101 \u0113diena laik\u0101. Nedr\u012bkst p\u0101rsniegt rekomend\u0113tas dienas dozi.<\/br><\/p>\n<hr\/>\n<p><strong>GLAB\u0100\u0160ANA:<\/strong><\/p>\n<p>Glab\u0101t saus\u0101 un v\u0113s\u0101, b\u0113rniem nepieejam\u0101 viet\u0101. P\u0113c atv\u0113r\u0161anas tur\u0113t ledusskap\u012b.<\/p>\n<p><span>NATURE&#8217;S SUNSHINE MUDINA VESEL\u012aGAM DZ\u012aVESVEIDAM.<\/span><br \/><span><span>Di\u0113tas bag\u0101tin\u0101t\u0101ji nevar b\u016bt lietoti k\u0101 diferenc\u0113tas di\u0113tas aizst\u0101j\u0113ji. Balans\u0113ta di\u0113ta un vesel\u012bgs dz\u012bvesveids ir organisma pareizas funkcion\u0113\u0161anas pamats<\/span>.<\/span><\/p>\n<div><\/div>\n<\/p><\/div>\n<\/p><\/div>\n","protected":false},"excerpt":{"rendered":"<p>Bakt\u0113rijas Bifidophilus &#8212; tas ir dietas bag\u0101tin\u0101t\u0101js, kur atrodas lactobacillus acidophilus un bifidobacterium longum bakt\u0113riju kult\u016bras. Produkt\u0101 tika samais\u012bti ar\u012b \u012bsu un garu \u0137\u0113\u017eu fruktooligosahar\u012bdi. Bifidobacterium\u00a0 longum un lactgobacillus acidophilus atrodas cilv\u0113ka gremo\u0161anas trakt\u0101 un t\u0101s ir uzskatamas par vissvar\u012bg\u0101k\u0101m starp bakt\u0113rij\u0101m.<\/p>\n","protected":false},"featured_media":3971,"comment_status":"open","ping_status":"closed","template":"","meta":{"_kad_blocks_custom_css":"","_kad_blocks_head_custom_js":"","_kad_blocks_body_custom_js":"","_kad_blocks_footer_custom_js":"","_kadence_starter_templates_imported_post":false,"_swpsp_post_exclude":false,"_kad_post_transparent":"","_kad_post_title":"","_kad_post_layout":"","_kad_post_sidebar_id":"","_kad_post_content_style":"","_kad_post_vertical_padding":"","_kad_post_feature":"","_kad_post_feature_position":"","_kad_post_header":false,"_kad_post_footer":false,"_kad_post_classname":""},"product_brand":[],"product_cat":[36,39],"product_tag":[],"class_list":{"0":"post-4290","1":"product","2":"type-product","3":"status-publish","4":"has-post-thumbnail","6":"product_cat-dietiskas-piedevas","7":"product_cat-gremosanas-sistema","9":"first","10":"instock","11":"sale","12":"taxable","13":"shipping-taxable","14":"purchasable","15":"product-type-simple","16":"entry","17":"content-bg","18":"loop-entry"},"taxonomy_info":{"product_cat":[{"value":36,"label":"Di\u0113tisk\u0101s piedevas"},{"value":39,"label":"Gremo\u0161anas sist\u0113ma"}]},"featured_image_src_large":["https:\/\/veselibasskola.lv\/wp-content\/uploads\/2025\/11\/565b8e523194d37a917262e207b6869f-1024x1024.png",1024,1024,true],"author_info":[],"comment_info":0,"_links":{"self":[{"href":"https:\/\/veselibasskola.lv\/ru\/wp-json\/wp\/v2\/product\/4290","targetHints":{"allow":["GET"]}}],"collection":[{"href":"https:\/\/veselibasskola.lv\/ru\/wp-json\/wp\/v2\/product"}],"about":[{"href":"https:\/\/veselibasskola.lv\/ru\/wp-json\/wp\/v2\/types\/product"}],"replies":[{"embeddable":true,"href":"https:\/\/veselibasskola.lv\/ru\/wp-json\/wp\/v2\/comments?post=4290"}],"wp:featuredmedia":[{"embeddable":true,"href":"https:\/\/veselibasskola.lv\/ru\/wp-json\/wp\/v2\/media\/3971"}],"wp:attachment":[{"href":"https:\/\/veselibasskola.lv\/ru\/wp-json\/wp\/v2\/media?parent=4290"}],"wp:term":[{"taxonomy":"product_brand","embeddable":true,"href":"https:\/\/veselibasskola.lv\/ru\/wp-json\/wp\/v2\/product_brand?post=4290"},{"taxonomy":"product_cat","embeddable":true,"href":"https:\/\/veselibasskola.lv\/ru\/wp-json\/wp\/v2\/product_cat?post=4290"},{"taxonomy":"product_tag","embeddable":true,"href":"https:\/\/veselibasskola.lv\/ru\/wp-json\/wp\/v2\/product_tag?post=4290"}],"curies":[{"name":"wp","href":"https:\/\/api.w.org\/{rel}","templated":true}]}}