{"id":4292,"date":"2026-02-19T19:44:22","date_gmt":"2026-02-19T17:44:22","guid":{"rendered":"https:\/\/veselibasskola.lv\/?post_type=product&#038;p=4292"},"modified":"2026-02-19T19:44:26","modified_gmt":"2026-02-19T17:44:26","slug":"collagen-30-maisini","status":"publish","type":"product","link":"https:\/\/veselibasskola.lv\/ru\/p\/collagen-30-maisini\/","title":{"rendered":"Collagen+ (30 Maisi\u0146i)"},"content":{"rendered":"\n<div>\n<div>\n<h1><span><span>COLLAGEN+<\/span><\/span><\/h1>\n<p><span>UZTURA BAG\u0100TIN\u0100T\u0100JS<\/span><\/p>\n<hr\/>\n<p><span>Collagen+ tika rad\u012bts, lai sniegtu skaistu \u0101du, vesel\u012bgus matus un nagus, k\u0101 ar\u012b nodro\u0161in\u0101tu ide\u0101lu loc\u012btavu fizisko vesel\u012bbu. Speci\u0101listi ir izstr\u0101d\u0101ju\u0161i kolag\u0113na pept\u012bdu, C vitam\u012bna, cinka un hialuronsk\u0101bes kombin\u0101ciju, kas jums pal\u012bdz\u0113s r\u016bp\u0113ties par visiem savas vesel\u012bbas un skaistuma aspektiem.<\/span><\/p>\n<p><span>Kolag\u0113ns ir bag\u0101tin\u0101ts ar t\u0101d\u0101m aminosk\u0101b\u0113m k\u0101 glic\u012bns, prol\u012bns, hidroksiprol\u012bns un hidroksiliz\u012bns. P\u0113t\u012bjumos ir secin\u0101ts, ka kolag\u0113ns organism\u0101 tiek uz\u0146emts k\u0101 bipept\u012bdi un tripept\u012bdi, kas pa asinsvadiem tiek pieg\u0101d\u0101ti \u0101dai un skrim\u0161\u013ciem.\u00a0<\/span><\/p>\n<p><span>C vitam\u012bns, cinks un hialuronsk\u0101be paaugstina Collagen+ iedarb\u012bbu. Tie veicina atbilsto\u0161u kolag\u0113na ra\u017eo\u0161anu m\u016bsu organism\u0101, kas ir nepiecie\u0161ams kaulu, asinsvadu, skrim\u0161\u013cu, \u0101das un loc\u012btavu vesel\u012bbai. Cinks stiprina kaulus, nagus, \u0101du un matus, uzlabo mikroelementu vielmai\u0146u un veicina atbilsto\u0161u olbaltumvielu sint\u0113zi, kas ir svar\u012bga simbiozei ar kolag\u0113nu. Hialuronsk\u0101be papildina produkta lielisko formulu.<\/span><\/p>\n<p><\/br><\/p>\n<p>\u00a0<\/p>\n<hr\/>\n<p><span><span><strong>SAST\u0100VDA\u013bAS<\/strong><\/span><\/span><\/p>\n<p><span>Hidroliz\u0113ts liellopa kolag\u0113ns, sk\u0101buma regul\u0113t\u0101js (citronsk\u0101be), L-askorb\u012bnsk\u0101be, cinka citr\u0101ts, cinka glikon\u0101ts, hialuronsk\u0101bes n\u0101trija s\u0101ls, saldin\u0101t\u0101js (steviolglikoz\u012bdi).<\/span><\/p>\n<hr\/>\n<p><span><span><strong>GALVEN\u0100S SAST\u0100VDA\u013bAS<\/strong><\/span><\/span><\/p>\n<p><span>Kolag\u0113na pept\u012bdi&#8230;&#8230;&#8230;&#8230;&#8230;&#8230;&#8230;&#8230;&#8230;&#8230;&#8230; 5,81 g**<\/span><br \/><span>C vitam\u012bns&#8230;&#8230;&#8230;&#8230;&#8230;&#8230;&#8230;&#8230;&#8230;&#8230;&#8230;&#8230;&#8230;&#8230;.. 60 mg\/75 % NRV*<\/span><br \/><span>Cinks&#8230;&#8230;&#8230;&#8230;&#8230;&#8230;&#8230;&#8230;&#8230;&#8230;&#8230;&#8230;&#8230;&#8230;&#8230;&#8230;&#8230;. 8,19 mg\/82 % NRV<\/span><br \/><span>Hialuronsk\u0101be&#8230;&#8230;&#8230;&#8230;&#8230;&#8230;&#8230;&#8230;&#8230;&#8230;&#8230;&#8230;. 9 mg**<\/span><br \/><span>* NRV: uzturvielu atsauces v\u0113rt\u012bbas. **NRV nav nor\u0101d\u012btas.<\/span><\/br><\/br><\/p>\n<hr\/>\n<p><span><strong>IETEIKTAIS DAUDZUMS LIETO\u0160ANAI IKDIEN\u0100\u00a0<\/strong><\/span><\/p>\n<p><span>Vienu devu Collagen+ (6 g) iejauciet kafij\u0101, t\u0113j\u0101, sm\u016btij\u0101, \u016bden\u012b, aug\u013cu sul\u0101 vai cit\u0101 dz\u0113rien\u0101. Nepievienojiet verdo\u0161u \u016bdeni. Lietojiet vienreiz dien\u0101.<\/span><\/p>\n<hr\/>\n<p>Uzglab\u0101jiet v\u0113s\u0101 un saus\u0101 viet\u0101, kur produktam nevar piek\u013c\u016bt mazi b\u0113rni. Produkts nav j\u0101atdzes\u0113.<\/p>\n<hr\/>\n<p><span>Nature\u2019s Sunshine atbalsta vesel\u012bgu dz\u012bvesveidu. Uztura bag\u0101tin\u0101t\u0101jus nav paredz\u0113ts lietot pilnv\u0113rt\u012bga uztura aizst\u0101\u0161anai. Sabalans\u0113ts uzturs un vesel\u012bgs dz\u012bvesveids ir pareizas \u0137erme\u0146a funkciju darb\u012bbas pamatelementi.<\/span><\/p>\n<p>\u00a0<\/p>\n<\/p>\n<div><\/div>\n<\/p><\/div>\n<\/p><\/div>\n","protected":false},"excerpt":{"rendered":"<p>Collagen+ tika rad\u012bts, lai sniegtu skaistu \u0101du, vesel\u012bgus matus un nagus, k\u0101 ar\u012b nodro\u0161in\u0101tu ide\u0101lu loc\u012btavu fizisko vesel\u012bbu. Speci\u0101listi ir izstr\u0101d\u0101ju\u0161i kolag\u0113na pept\u012bdu, C vitam\u012bna, cinka un hialuronsk\u0101bes kombin\u0101ciju, kas jums pal\u012bdz\u0113s r\u016bp\u0113ties par visiem savas vesel\u012bbas un skaistuma aspektiem.  Kolag\u0113ns ir bag\u0101tin\u0101ts ar t\u0101d\u0101m aminosk\u0101b\u0113m k\u0101 glic\u012bns, prol\u012bns, hidroksiprol\u012bns un hidroksiliz\u012bns. P\u0113t\u012bjumos ir secin\u0101ts, ka kolag\u0113ns organism\u0101 tiek uz\u0146emts k\u0101 bipept\u012bdi un tripept\u012bdi, kas pa asinsvadiem tiek pieg\u0101d\u0101ti \u0101dai un skrim\u0161\u013ciem.<\/p>\n","protected":false},"featured_media":2962,"comment_status":"open","ping_status":"closed","template":"","meta":{"_kad_blocks_custom_css":"","_kad_blocks_head_custom_js":"","_kad_blocks_body_custom_js":"","_kad_blocks_footer_custom_js":"","_kadence_starter_templates_imported_post":false,"_swpsp_post_exclude":false,"_kad_post_transparent":"","_kad_post_title":"","_kad_post_layout":"","_kad_post_sidebar_id":"","_kad_post_content_style":"","_kad_post_vertical_padding":"","_kad_post_feature":"","_kad_post_feature_position":"","_kad_post_header":false,"_kad_post_footer":false,"_kad_post_classname":""},"product_brand":[],"product_cat":[36,45],"product_tag":[],"class_list":{"0":"post-4292","1":"product","2":"type-product","3":"status-publish","4":"has-post-thumbnail","6":"product_cat-dietiskas-piedevas","7":"product_cat-skeleta-muskulu-sistema","9":"first","10":"instock","11":"sale","12":"taxable","13":"shipping-taxable","14":"purchasable","15":"product-type-simple","16":"entry","17":"content-bg","18":"loop-entry"},"taxonomy_info":{"product_cat":[{"value":36,"label":"Di\u0113tisk\u0101s piedevas"},{"value":45,"label":"Skeleta-musku\u013cu sist\u0113ma"}]},"featured_image_src_large":["https:\/\/veselibasskola.lv\/wp-content\/uploads\/2023\/12\/f91403cea5050f2dc92eb579e6186ca3.png",1000,1000,false],"author_info":[],"comment_info":0,"_links":{"self":[{"href":"https:\/\/veselibasskola.lv\/ru\/wp-json\/wp\/v2\/product\/4292","targetHints":{"allow":["GET"]}}],"collection":[{"href":"https:\/\/veselibasskola.lv\/ru\/wp-json\/wp\/v2\/product"}],"about":[{"href":"https:\/\/veselibasskola.lv\/ru\/wp-json\/wp\/v2\/types\/product"}],"replies":[{"embeddable":true,"href":"https:\/\/veselibasskola.lv\/ru\/wp-json\/wp\/v2\/comments?post=4292"}],"wp:featuredmedia":[{"embeddable":true,"href":"https:\/\/veselibasskola.lv\/ru\/wp-json\/wp\/v2\/media\/2962"}],"wp:attachment":[{"href":"https:\/\/veselibasskola.lv\/ru\/wp-json\/wp\/v2\/media?parent=4292"}],"wp:term":[{"taxonomy":"product_brand","embeddable":true,"href":"https:\/\/veselibasskola.lv\/ru\/wp-json\/wp\/v2\/product_brand?post=4292"},{"taxonomy":"product_cat","embeddable":true,"href":"https:\/\/veselibasskola.lv\/ru\/wp-json\/wp\/v2\/product_cat?post=4292"},{"taxonomy":"product_tag","embeddable":true,"href":"https:\/\/veselibasskola.lv\/ru\/wp-json\/wp\/v2\/product_tag?post=4292"}],"curies":[{"name":"wp","href":"https:\/\/api.w.org\/{rel}","templated":true}]}}