{"id":4294,"date":"2026-02-19T19:44:22","date_gmt":"2026-02-19T17:44:22","guid":{"rendered":"https:\/\/veselibasskola.lv\/?post_type=product&#038;p=4294"},"modified":"2026-02-19T19:44:27","modified_gmt":"2026-02-19T17:44:27","slug":"kapsulu-tablesu-konteiners-1-gab-jauns","status":"publish","type":"product","link":"https:\/\/veselibasskola.lv\/ru\/p\/kapsulu-tablesu-konteiners-1-gab-jauns\/","title":{"rendered":"Kapsulu\/table\u0161u konteiners (1 gab.) &#8212; JAUNS"},"content":{"rendered":"\n<div>\n<div>\n<p>Trauks izgatavots no p\u0101rtikas kontaktam paredz\u0113tas materi\u0101la un ir 100% p\u0101rstr\u0101d\u0101jams. Sadal\u012bts 5 pla\u0161\u0101s nodal\u012bjumos, tas \u013cauj \u0146emt l\u012bdzi j\u016bsu m\u012b\u013c\u0101k\u0101s piedevas tur, kur t\u0101s jums ir vajadz\u012bgas. Trauka izm\u0113ri: 12,5 cm x 7,5 cm x 3,5 cm.<\/p>\n<div><\/div>\n<\/p><\/div>\n<\/p><\/div>\n","protected":false},"excerpt":{"rendered":"<p>Trauks izgatavots no p\u0101rtikas kontaktam paredz\u0113tas materi\u0101la un ir 100% p\u0101rstr\u0101d\u0101jams. Sadal\u012bts 5 pla\u0161\u0101s nodal\u012bjumos, tas \u013cauj \u0146emt l\u012bdzi j\u016bsu m\u012b\u013c\u0101k\u0101s piedevas tur, kur t\u0101s jums ir vajadz\u012bgas. Trauka izm\u0113ri: 12,5 cm x 7,5 cm x 3,5 cm.<\/p>\n","protected":false},"featured_media":2671,"comment_status":"open","ping_status":"closed","template":"","meta":{"_kad_blocks_custom_css":"","_kad_blocks_head_custom_js":"","_kad_blocks_body_custom_js":"","_kad_blocks_footer_custom_js":"","_kadence_starter_templates_imported_post":false,"_swpsp_post_exclude":false,"_kad_post_transparent":"","_kad_post_title":"","_kad_post_layout":"","_kad_post_sidebar_id":"","_kad_post_content_style":"","_kad_post_vertical_padding":"","_kad_post_feature":"","_kad_post_feature_position":"","_kad_post_header":false,"_kad_post_footer":false,"_kad_post_classname":""},"product_brand":[],"product_cat":[34],"product_tag":[],"class_list":{"0":"post-4294","1":"product","2":"type-product","3":"status-publish","4":"has-post-thumbnail","6":"product_cat-aksesuari","8":"first","9":"instock","10":"sale","11":"taxable","12":"shipping-taxable","13":"purchasable","14":"product-type-simple","15":"entry","16":"content-bg","17":"loop-entry"},"taxonomy_info":{"product_cat":[{"value":34,"label":"Aksesu\u0101ri"}]},"featured_image_src_large":["https:\/\/veselibasskola.lv\/wp-content\/uploads\/2023\/12\/3c458787ab8628c0de8de63c78dcbdae-1024x1024.jpg",1024,1024,true],"author_info":[],"comment_info":0,"_links":{"self":[{"href":"https:\/\/veselibasskola.lv\/ru\/wp-json\/wp\/v2\/product\/4294","targetHints":{"allow":["GET"]}}],"collection":[{"href":"https:\/\/veselibasskola.lv\/ru\/wp-json\/wp\/v2\/product"}],"about":[{"href":"https:\/\/veselibasskola.lv\/ru\/wp-json\/wp\/v2\/types\/product"}],"replies":[{"embeddable":true,"href":"https:\/\/veselibasskola.lv\/ru\/wp-json\/wp\/v2\/comments?post=4294"}],"wp:featuredmedia":[{"embeddable":true,"href":"https:\/\/veselibasskola.lv\/ru\/wp-json\/wp\/v2\/media\/2671"}],"wp:attachment":[{"href":"https:\/\/veselibasskola.lv\/ru\/wp-json\/wp\/v2\/media?parent=4294"}],"wp:term":[{"taxonomy":"product_brand","embeddable":true,"href":"https:\/\/veselibasskola.lv\/ru\/wp-json\/wp\/v2\/product_brand?post=4294"},{"taxonomy":"product_cat","embeddable":true,"href":"https:\/\/veselibasskola.lv\/ru\/wp-json\/wp\/v2\/product_cat?post=4294"},{"taxonomy":"product_tag","embeddable":true,"href":"https:\/\/veselibasskola.lv\/ru\/wp-json\/wp\/v2\/product_tag?post=4294"}],"curies":[{"name":"wp","href":"https:\/\/api.w.org\/{rel}","templated":true}]}}