{"id":4295,"date":"2026-02-19T19:44:22","date_gmt":"2026-02-19T17:44:22","guid":{"rendered":"https:\/\/veselibasskola.lv\/?post_type=product&#038;p=4295"},"modified":"2026-02-19T19:44:27","modified_gmt":"2026-02-19T17:44:27","slug":"veseligas-zarnas-komplekts","status":"publish","type":"product","link":"https:\/\/veselibasskola.lv\/ru\/p\/veseligas-zarnas-komplekts\/","title":{"rendered":"Vesel\u012bgas zarnas Komplekts"},"content":{"rendered":"\n<div>\n<div>\n<p>Viss s\u0101kas \u0161eit<\/p>\n<p>\u201eViss s\u0101kas zarn\u0101s\u201d \u2014 j\u016bs noteikti esat dzird\u0113ju\u0161i \u0161o teicienu. M\u016bsu vesel\u012bba ir cie\u0161i saist\u012bta ar pareizu zarnu un gremo\u0161anas trakta darb\u012bbu kopum\u0101. Tam, k\u0101 m\u016bsu \u0137ermenis uzs\u016bc bar\u012bbas vielas un k\u0101 darbojas gremo\u0161ana, ir iz\u0161\u0137iro\u0161a noz\u012bme ikvienam \u0137erme\u0146a org\u0101nam. Nav nejau\u0161\u012bba, ka zin\u0101tnieki un \u0101rsti vesel\u012bgu un daudzveid\u012bgu uzturu visbie\u017e\u0101k min k\u0101 labas vesel\u012bbas pamatu.\u00a0<\/p>\n<p>Komplekts Healthy Intestines ir rad\u012bts, dom\u0101jot par harmonisku gremo\u0161anas sist\u0113mu un zarnu vesel\u012bbu<\/p>\n<hr\/>\n<p><img\/><\/p>\n<hr\/>\n<p>Viss s\u0101kas zarn\u0101s!<\/p>\n<p><strong>Pro B11<\/strong> un<strong> Bacillus Coagulans<\/strong> papildina j\u016bsu uzturu ar 12 probiotisko bakt\u0113riju celmiem, kas bag\u0101tina j\u016bsu zarnu floru.\u00a0<\/p>\n<p>Produkta<strong> Bowel Build<\/strong> galven\u0101s sast\u0101vda\u013cas ir olveida ce\u013cteka, kas pal\u012bdz uztur\u0113t zarnu vesel\u012bbu, un ingvers, kas veicina gremo\u0161anas sist\u0113mas visp\u0101r\u0113jo vesel\u012bbu un og\u013chidr\u0101tu metabolismu, k\u0101 ar\u012b vitam\u012bni C, A un cinks.<\/p>\n<p><strong>Loclo <\/strong>ir p\u0101rtikas \u0161\u0137iedrvielu avots, ko m\u016bsu klienti \u013coti labi paz\u012bst, ta\u010du taj\u0101 ir ar\u012b kurkuma, kas pal\u012bdz uztur\u0113t vesel\u012bgas aknas, kan\u0113lis ku\u0146\u0123a komfortam un rozmar\u012bns lab\u0101kai tauku sagremo\u0161anai.\u00a0<\/p>\n<p><strong>Alvejas sula<\/strong> ir popul\u0101ra ar\u012b t\u0101p\u0113c, ka t\u0101 uzlabo gremo\u0161anas sist\u0113mas vesel\u012bbu. T\u0101 stimul\u0113 vielmai\u0146u un pal\u012bdz nodro\u0161in\u0101t regul\u0101ru v\u0113dera izeju.\u00a0<\/p>\n<p>Produkts<strong> Zambroza<\/strong> ir iek\u013cauts komplekt\u0101, pateicoties t\u0101 labv\u0113l\u012bgajai ietekmei uz gremo\u0161anas sist\u0113mas aktiviz\u0101ciju, kas ir rakstur\u012bgi smilts\u0113rk\u0161\u0137iem.<\/p>\n<p>Komplektu papildina l\u012bdzeklis <strong>\u0160\u0137idrais hlorofils<\/strong>, m\u016bsu vislab\u0101k p\u0101rdotais produkts vis\u0101 pasaul\u0113.<\/p>\n<hr\/>\n<p><strong>Komplekts ietver:\u00a0<br \/><\/strong>Bacillus Coagulans<br \/>Bowel Build<br \/>\u0160\u0137idrais hlorofils<br \/>Loclo<br \/>Pro B11<br \/>Alvejas sula<br \/>Zambroza<\/br><\/br><\/br><\/p>\n<hr\/>\n<p><strong>Ieteicam\u0101 lieto\u0161ana:\u00a0<br \/><\/strong>Visus komplekt\u0101 iek\u013cautos produktus lietojiet saska\u0146\u0101 ar nor\u0101d\u0113m uz eti\u0137et\u0113m.\u00a0<\/p>\n<hr\/>\n<p><span><strong>AKCIJA!<br \/><\/strong><\/span><strong>Ieg\u0101d\u0101joties komplektu Healthy Intestines, sa\u0146emiet 25% atlaidi produktam Fat Grabbers vai Cayenne Pepper, Garlic, Parsley.<\/strong><\/p>\n<hr\/>\n<p><span><em>Uztura bag\u0101tin\u0101t\u0101jus nav paredz\u0113ts lietot pilnv\u0113rt\u012bga uztura aizst\u0101\u0161anai. Sabalans\u0113ts uzturs un vesel\u012bgs dz\u012bvesveids ir vesel\u012bga \u0137erme\u0146a pamats.<\/em><\/span><\/p>\n<p><\/p>\n<div><\/div>\n<\/p><\/div>\n<\/p><\/div>\n","protected":false},"excerpt":{"rendered":"<p>Viss s\u0101kas \u0161eit \u201eViss s\u0101kas zarn\u0101s\u201d \u2014 j\u016bs noteikti esat dzird\u0113ju\u0161i \u0161o teicienu. M\u016bsu vesel\u012bba ir cie\u0161i saist\u012bta ar pareizu zarnu un gremo\u0161anas trakta darb\u012bbu kopum\u0101. Tam, k\u0101 m\u016bsu \u0137ermenis uzs\u016bc bar\u012bbas vielas un k\u0101 darbojas gremo\u0161ana, ir iz\u0161\u0137iro\u0161a noz\u012bme ikvienam \u0137erme\u0146a org\u0101nam. Nav nejau\u0161\u012bba, ka zin\u0101tnieki un \u0101rsti vesel\u012bgu un daudzveid\u012bgu uzturu visbie\u017e\u0101k min&#8230;<\/p>\n","protected":false},"featured_media":4076,"comment_status":"open","ping_status":"closed","template":"","meta":{"_kad_blocks_custom_css":"","_kad_blocks_head_custom_js":"","_kad_blocks_body_custom_js":"","_kad_blocks_footer_custom_js":"","_kadence_starter_templates_imported_post":false,"_swpsp_post_exclude":false,"_kad_post_transparent":"","_kad_post_title":"","_kad_post_layout":"","_kad_post_sidebar_id":"","_kad_post_content_style":"","_kad_post_vertical_padding":"","_kad_post_feature":"","_kad_post_feature_position":"","_kad_post_header":false,"_kad_post_footer":false,"_kad_post_classname":""},"product_brand":[],"product_cat":[35],"product_tag":[],"class_list":{"0":"post-4295","1":"product","2":"type-product","3":"status-publish","4":"has-post-thumbnail","6":"product_cat-komplekti","8":"first","9":"instock","10":"sale","11":"taxable","12":"shipping-taxable","13":"purchasable","14":"product-type-simple","15":"entry","16":"content-bg","17":"loop-entry"},"taxonomy_info":{"product_cat":[{"value":35,"label":"Komplekti"}]},"featured_image_src_large":["https:\/\/veselibasskola.lv\/wp-content\/uploads\/2025\/11\/253182694519afea933951d307da669d-1024x1024.png",1024,1024,true],"author_info":[],"comment_info":0,"_links":{"self":[{"href":"https:\/\/veselibasskola.lv\/ru\/wp-json\/wp\/v2\/product\/4295","targetHints":{"allow":["GET"]}}],"collection":[{"href":"https:\/\/veselibasskola.lv\/ru\/wp-json\/wp\/v2\/product"}],"about":[{"href":"https:\/\/veselibasskola.lv\/ru\/wp-json\/wp\/v2\/types\/product"}],"replies":[{"embeddable":true,"href":"https:\/\/veselibasskola.lv\/ru\/wp-json\/wp\/v2\/comments?post=4295"}],"wp:featuredmedia":[{"embeddable":true,"href":"https:\/\/veselibasskola.lv\/ru\/wp-json\/wp\/v2\/media\/4076"}],"wp:attachment":[{"href":"https:\/\/veselibasskola.lv\/ru\/wp-json\/wp\/v2\/media?parent=4295"}],"wp:term":[{"taxonomy":"product_brand","embeddable":true,"href":"https:\/\/veselibasskola.lv\/ru\/wp-json\/wp\/v2\/product_brand?post=4295"},{"taxonomy":"product_cat","embeddable":true,"href":"https:\/\/veselibasskola.lv\/ru\/wp-json\/wp\/v2\/product_cat?post=4295"},{"taxonomy":"product_tag","embeddable":true,"href":"https:\/\/veselibasskola.lv\/ru\/wp-json\/wp\/v2\/product_tag?post=4295"}],"curies":[{"name":"wp","href":"https:\/\/api.w.org\/{rel}","templated":true}]}}