{"id":4296,"date":"2026-02-19T19:44:22","date_gmt":"2026-02-19T17:44:22","guid":{"rendered":"https:\/\/veselibasskola.lv\/?post_type=product&#038;p=4296"},"modified":"2026-02-19T19:44:27","modified_gmt":"2026-02-19T17:44:27","slug":"veseligi-kauli-un-locitavas-komplekts","status":"publish","type":"product","link":"https:\/\/veselibasskola.lv\/ru\/p\/veseligi-kauli-un-locitavas-komplekts\/","title":{"rendered":"Vesel\u012bgi kauli un loc\u012btavas Komplekts"},"content":{"rendered":"\n<div>\n<div>\n<p>Saglab\u0101jiet neatkar\u012bbu<\/p>\n<p>Vissvar\u012bg\u0101k\u0101s ir kust\u012bbas, un kust\u012bbas bez s\u0101p\u0113m un diskomforta ir lieliskas. Kaulu un loc\u012btavu vesel\u012bbas uztur\u0113\u0161ana ir pamats mobilit\u0101tes saglab\u0101\u0161anai, un mobilit\u0101te ir m\u016bsu neatkar\u012bbas st\u016brakmens. M\u0113s visi zin\u0101m, ka laika rit\u0113jums visbie\u017e\u0101k liek par sevi man\u012bt loc\u012btav\u0101s un kaulos.\u00a0<\/p>\n<p>Kalcijs, cinks, vitam\u012bni C un D, k\u0101 ar\u012b fizisk\u0101s aktivit\u0101tes ir atbilde. Visas nepiecie\u0161am\u0101s sast\u0101vda\u013cas ir pieejamas komplekt\u0101 \u201eHealthy Bones and Joints\u201d.<\/p>\n<hr\/>\n<p><img\/><\/p>\n<hr\/>\n<p>Esiet kust\u012bgi! Saglab\u0101jiet savu neatkar\u012bbu!<\/p>\n<p><strong>Kalcijs un D vitam\u012bns <\/strong>ir komplekta svar\u012bg\u0101k\u0101 sast\u0101vda\u013ca. Tas satur sast\u0101vda\u013cas, kuras ir nepiecie\u0161amas kaulu un loc\u012btavu vesel\u012bbai, un t\u0101 sast\u0101vs nodro\u0161ina kalcija un fosfora efekt\u012bvu uzs\u016bk\u0161anos.\u00a0<\/p>\n<p><strong>Cinks ALT <\/strong>ir perfekts uztura bag\u0101tin\u0101t\u0101js kaulu vesel\u012bbas uztur\u0113\u0161anai.\u00a0<\/p>\n<p><strong>EverFlex<\/strong> ir hondroit\u012bna, glikozam\u012bna un MSM (metilsulfonilmet\u0101na) lieliska kombin\u0101cija.<\/p>\n<p><strong>Vitam\u012bns C <\/strong>ir atbild\u012bgs par kolag\u0113na ra\u017eo\u0161anu, kas ir nepiecie\u0161ams loc\u012btavu vesel\u012bbai.\u00a0<\/p>\n<p><strong>Kolag\u0113ns <\/strong>satur 17 g kolag\u0113na pept\u012bdu, kas padara to par \u013coti bag\u0101t\u012bgu uztura bag\u0101tin\u0101t\u0101ju.\u00a0<\/p>\n<p><strong>D3 vitam\u012bns<\/strong> ir saist\u012bts ar imunit\u0101ti, ta\u010du nav \u0161aubu, ka tas ir nepiecie\u0161ams ar\u012b kaulu vesel\u012bbai. Turkl\u0101t tas pal\u012bdz absorb\u0113t kauliem nepiecie\u0161amo kalciju un fosforu.\u00a0<\/p>\n<p>Komplekts papildin\u0101ts ar <strong>MSM<\/strong>, t.i., sinovi\u0101laj\u0101 \u0161\u0137idrum\u0101 dabiski sastopamo metilsulfonilmet\u0101nu.<\/p>\n<hr\/>\n<p><strong>Komplekts ietver:\u00a0<br \/><\/strong>Kolag\u0113ns<br \/>Cinks ALT<br \/>2 x EverFlex<br \/>Kalcijs un D vitam\u012bns.<br \/>C vitam\u012bns ar bioflavono\u012bdiem<br \/>D3 vitam\u012bns<br \/>MSM-Metilsulfonilmet\u0101ns<\/p>\n<p><\/br><\/br><\/br><\/p>\n<hr\/>\n<p><strong>Ieteicam\u0101 lieto\u0161ana:\u00a0<br \/><\/strong>Visus komplekt\u0101 iek\u013cautos produktus lietojiet saska\u0146\u0101 ar nor\u0101d\u0113m uz eti\u0137et\u0113m.\u00a0<\/p>\n<hr\/>\n<p><span><strong>AKCIJA!<br \/><\/strong><\/span><strong>Ieg\u0101d\u0101joties komplektu Healthy Bones, sa\u0146emiet 25% atlaidi produktam Chondroitin vai MSM.<\/strong><\/p>\n<hr\/>\n<p><span><em>Uztura bag\u0101tin\u0101t\u0101jus nav paredz\u0113ts lietot pilnv\u0113rt\u012bga uztura aizst\u0101\u0161anai. Sabalans\u0113ts uzturs un vesel\u012bgs dz\u012bvesveids ir vesel\u012bga \u0137erme\u0146a pamats.<\/em><\/span><\/p>\n<p><\/p>\n<div><\/div>\n<\/p><\/div>\n<\/p><\/div>\n","protected":false},"excerpt":{"rendered":"<p>Saglab\u0101jiet neatkar\u012bbu Vissvar\u012bg\u0101k\u0101s ir kust\u012bbas, un kust\u012bbas bez s\u0101p\u0113m un diskomforta ir lieliskas. Kaulu un loc\u012btavu vesel\u012bbas uztur\u0113\u0161ana ir pamats mobilit\u0101tes saglab\u0101\u0161anai, un mobilit\u0101te ir m\u016bsu neatkar\u012bbas st\u016brakmens. M\u0113s visi zin\u0101m, ka laika rit\u0113jums visbie\u017e\u0101k liek par sevi man\u012bt loc\u012btav\u0101s un kaulos.\u00a0 Kalcijs, cinks, vitam\u012bni C un D, k\u0101 ar\u012b fizisk\u0101s aktivit\u0101tes ir atbilde. Visas&#8230;<\/p>\n","protected":false},"featured_media":3992,"comment_status":"open","ping_status":"closed","template":"","meta":{"_kad_blocks_custom_css":"","_kad_blocks_head_custom_js":"","_kad_blocks_body_custom_js":"","_kad_blocks_footer_custom_js":"","_kadence_starter_templates_imported_post":false,"_swpsp_post_exclude":false,"_kad_post_transparent":"","_kad_post_title":"","_kad_post_layout":"","_kad_post_sidebar_id":"","_kad_post_content_style":"","_kad_post_vertical_padding":"","_kad_post_feature":"","_kad_post_feature_position":"","_kad_post_header":false,"_kad_post_footer":false,"_kad_post_classname":""},"product_brand":[],"product_cat":[35],"product_tag":[],"class_list":{"0":"post-4296","1":"product","2":"type-product","3":"status-publish","4":"has-post-thumbnail","6":"product_cat-komplekti","8":"first","9":"instock","10":"sale","11":"taxable","12":"shipping-taxable","13":"purchasable","14":"product-type-simple","15":"entry","16":"content-bg","17":"loop-entry"},"taxonomy_info":{"product_cat":[{"value":35,"label":"Komplekti"}]},"featured_image_src_large":["https:\/\/veselibasskola.lv\/wp-content\/uploads\/2025\/11\/21e36efb42a514972895aba2807c80f6-1024x1024.png",1024,1024,true],"author_info":[],"comment_info":0,"_links":{"self":[{"href":"https:\/\/veselibasskola.lv\/ru\/wp-json\/wp\/v2\/product\/4296","targetHints":{"allow":["GET"]}}],"collection":[{"href":"https:\/\/veselibasskola.lv\/ru\/wp-json\/wp\/v2\/product"}],"about":[{"href":"https:\/\/veselibasskola.lv\/ru\/wp-json\/wp\/v2\/types\/product"}],"replies":[{"embeddable":true,"href":"https:\/\/veselibasskola.lv\/ru\/wp-json\/wp\/v2\/comments?post=4296"}],"wp:featuredmedia":[{"embeddable":true,"href":"https:\/\/veselibasskola.lv\/ru\/wp-json\/wp\/v2\/media\/3992"}],"wp:attachment":[{"href":"https:\/\/veselibasskola.lv\/ru\/wp-json\/wp\/v2\/media?parent=4296"}],"wp:term":[{"taxonomy":"product_brand","embeddable":true,"href":"https:\/\/veselibasskola.lv\/ru\/wp-json\/wp\/v2\/product_brand?post=4296"},{"taxonomy":"product_cat","embeddable":true,"href":"https:\/\/veselibasskola.lv\/ru\/wp-json\/wp\/v2\/product_cat?post=4296"},{"taxonomy":"product_tag","embeddable":true,"href":"https:\/\/veselibasskola.lv\/ru\/wp-json\/wp\/v2\/product_tag?post=4296"}],"curies":[{"name":"wp","href":"https:\/\/api.w.org\/{rel}","templated":true}]}}