{"id":4297,"date":"2026-02-19T19:44:22","date_gmt":"2026-02-19T17:44:22","guid":{"rendered":"https:\/\/veselibasskola.lv\/?post_type=product&#038;p=4297"},"modified":"2026-02-19T19:44:27","modified_gmt":"2026-02-19T17:44:27","slug":"msm-metilsulfonilmetans-90-tabl","status":"publish","type":"product","link":"https:\/\/veselibasskola.lv\/ru\/p\/msm-metilsulfonilmetans-90-tabl\/","title":{"rendered":"MSM-Metilsulfonilmet\u0101ns (90 tabl.)"},"content":{"rendered":"\n<div>\n<div>\n<h1><span>MSM &#8212; Metilsulfonilmet\u0101ns<\/span><\/h1>\n<h4><span>Uztura bag\u0101tin\u0101t\u0101js\u00a0<\/span><\/h4>\n<hr\/>\n<p>Metilsulfonilmet\u0101ns izklaus\u0101s diezgan drausm\u012bgi, vai ne? Patie\u0161\u0101m nav ko baid\u012bties, jo MSM ir tikai organiska s\u0113ra savienojums, kas atrodas cilv\u0113ka \u0137ermen\u012b k\u0101 olbaltumvielu strukt\u016bras vai sinovi\u0101l\u0101 \u0161\u0137idruma sast\u0101vda\u013ca. Tiek uzskat\u012bts, ka s\u0113rs rodas katr\u0101 \u0137erme\u0146a \u0161\u016bn\u0101 un ir nepiecie\u0161ams t\u0101 pareizai funkcion\u0113\u0161anai. S\u0113ru varam atrast d\u0101rze\u0146os (piem\u0113ram, s\u012bpolos, k\u0101postos, broko\u013cos), ol\u0101s vai aug\u013cos (piem\u0113ram, avokado, upene).\u00a0 Diem\u017e\u0113l tas ir \u013coti viegli \u201cizn\u012bcin\u0101ts\u201d gatavo\u0161anas, pasteriz\u0101cijas un sasald\u0113\u0161anas procesos. T\u0101p\u0113c ir v\u0113rts padom\u0101t par papildin\u0101\u0161anu, kas kombin\u0101cij\u0101 ar pareizi sabalans\u0113tu uzturu pal\u012bdz\u0113s nodro\u0161in\u0101t \u0137ermeni ar mums tik svar\u012bgo s\u0113ru.<\/p>\n<p>Katra MSM tablete nodro\u0161ina l\u012bdz 750 mg metilsulfonilmet\u0101na.<\/p>\n<p>Metilsulfonilmet\u0101ns (MSM) ir s\u0113ra organiska forma.\u00a0<\/p>\n<hr\/>\n<p><strong>Sast\u0101vs:<\/strong><br \/>Metilsulfonilmet\u0101ns (MSM), pildvielas (celuloze, maltodekstr\u012bns, tauksk\u0101bes), pretsalipes vielas (sil\u012bcija dioks\u012bds, tauksk\u0101bju magnija s\u0101\u013ci).\u00a0<\/br><\/p>\n<hr\/>\n<p><span>SVAR\u012aGAS SAST\u0100VDA\u013bAS:<\/span><br \/><span>Saturs ieteicam\u0101 porcij\u0101 (2 tabl.):<\/span><br \/>Metilsulfonilmet\u0101ns (MSM)&#8230;&#8230;&#8230;&#8230;&#8230;&#8230;&#8230;.1500 mg*<br \/>*Nenoteikt\u0101 ieteicama dienas doze.<\/br><\/br><\/br><\/p>\n<p><strong>Ieteicama porcija dienas lieto\u0161anai:<\/strong><\/p>\n<p>Lietot divas tabletes dien\u0101 \u0113diena laik\u0101.<br \/>Nep\u0101rsniegt ieteicamo dienas dozi.<\/p>\n<p>Neizmantojiet boj\u0101\u0161anas vai iek\u0161\u0113j\u0101 bl\u012bv\u0113juma tr\u016bkuma gad\u012bjum\u0101.<\/p>\n<hr\/>\n<p><strong>Glab\u0101\u0161ana:<\/strong><br \/>Glab\u0101t v\u0113s\u0101 un saus\u0101 viet\u0101. Glab\u0101t maziem b\u0113rniem nepieejam\u0101 viet\u0101!<\/p>\n<hr\/>\n<p><span>NATURE&#8217;S SUNSHINE MUDINA VESEL\u012aGAM DZ\u012aVESVEIDAM.\u00a0<\/span><span>Di\u0113tas bag\u0101tin\u0101t\u0101ji nevar b\u016bt lietoti k\u0101 diferenc\u0113tas di\u0113tas aizst\u0101j\u0113ji. Balans\u0113ta di\u0113ta un vesel\u012bgs dz\u012bvesveids ir organisma pareizas funkcion\u0113\u0161anas pamats.<\/span><\/p>\n<div><\/div>\n<\/p><\/div>\n<\/p><\/div>\n","protected":false},"excerpt":{"rendered":"<p>Metilsulfonilmet\u0101ns izklaus\u0101s diezgan drausm\u012bgi, vai ne? Patie\u0161\u0101m nav ko baid\u012bties, jo MSM ir tikai organiska s\u0113ra savienojums, kas atrodas cilv\u0113ka \u0137ermen\u012b k\u0101 olbaltumvielu strukt\u016bras vai sinovi\u0101l\u0101 \u0161\u0137idruma sast\u0101vda\u013ca. Tiek uzskat\u012bts, ka s\u0113rs rodas katr\u0101 \u0137erme\u0146a \u0161\u016bn\u0101 un ir nepiecie\u0161ams t\u0101 pareizai funkcion\u0113\u0161anai. S\u0113ru varam atrast d\u0101rze\u0146os (piem\u0113ram, s\u012bpolos, k\u0101postos, broko\u013cos), ol\u0101s vai aug\u013cos (piem\u0113ram, avokado, upene).\u00a0 Diem\u017e\u0113l tas ir \u013coti viegli \u201cizn\u012bcin\u0101ts\u201d gatavo\u0161anas, pasteriz\u0101cijas un sasald\u0113\u0161anas procesos. T\u0101p\u0113c ir v\u0113rts padom\u0101t par papildin\u0101\u0161anu, kas kombin\u0101cij\u0101 ar pareizi sabalans\u0113tu uzturu pal\u012bdz\u0113s nodro\u0161in\u0101t \u0137ermeni ar mums tik svar\u012bgo s\u0113ru.<\/p>\n","protected":false},"featured_media":4034,"comment_status":"open","ping_status":"closed","template":"","meta":{"_kad_blocks_custom_css":"","_kad_blocks_head_custom_js":"","_kad_blocks_body_custom_js":"","_kad_blocks_footer_custom_js":"","_kadence_starter_templates_imported_post":false,"_swpsp_post_exclude":false,"_kad_post_transparent":"","_kad_post_title":"","_kad_post_layout":"","_kad_post_sidebar_id":"","_kad_post_content_style":"","_kad_post_vertical_padding":"","_kad_post_feature":"","_kad_post_feature_position":"","_kad_post_header":false,"_kad_post_footer":false,"_kad_post_classname":""},"product_brand":[],"product_cat":[36,45],"product_tag":[],"class_list":{"0":"post-4297","1":"product","2":"type-product","3":"status-publish","4":"has-post-thumbnail","6":"product_cat-dietiskas-piedevas","7":"product_cat-skeleta-muskulu-sistema","9":"first","10":"instock","11":"sale","12":"taxable","13":"shipping-taxable","14":"purchasable","15":"product-type-simple","16":"entry","17":"content-bg","18":"loop-entry"},"taxonomy_info":{"product_cat":[{"value":36,"label":"Di\u0113tisk\u0101s piedevas"},{"value":45,"label":"Skeleta-musku\u013cu sist\u0113ma"}]},"featured_image_src_large":["https:\/\/veselibasskola.lv\/wp-content\/uploads\/2025\/11\/e1fa0a443a0c641dc6e639bb6bb69fb0-1024x1024.png",1024,1024,true],"author_info":[],"comment_info":0,"_links":{"self":[{"href":"https:\/\/veselibasskola.lv\/ru\/wp-json\/wp\/v2\/product\/4297","targetHints":{"allow":["GET"]}}],"collection":[{"href":"https:\/\/veselibasskola.lv\/ru\/wp-json\/wp\/v2\/product"}],"about":[{"href":"https:\/\/veselibasskola.lv\/ru\/wp-json\/wp\/v2\/types\/product"}],"replies":[{"embeddable":true,"href":"https:\/\/veselibasskola.lv\/ru\/wp-json\/wp\/v2\/comments?post=4297"}],"wp:featuredmedia":[{"embeddable":true,"href":"https:\/\/veselibasskola.lv\/ru\/wp-json\/wp\/v2\/media\/4034"}],"wp:attachment":[{"href":"https:\/\/veselibasskola.lv\/ru\/wp-json\/wp\/v2\/media?parent=4297"}],"wp:term":[{"taxonomy":"product_brand","embeddable":true,"href":"https:\/\/veselibasskola.lv\/ru\/wp-json\/wp\/v2\/product_brand?post=4297"},{"taxonomy":"product_cat","embeddable":true,"href":"https:\/\/veselibasskola.lv\/ru\/wp-json\/wp\/v2\/product_cat?post=4297"},{"taxonomy":"product_tag","embeddable":true,"href":"https:\/\/veselibasskola.lv\/ru\/wp-json\/wp\/v2\/product_tag?post=4297"}],"curies":[{"name":"wp","href":"https:\/\/api.w.org\/{rel}","templated":true}]}}