{"id":4298,"date":"2026-02-19T19:44:23","date_gmt":"2026-02-19T17:44:23","guid":{"rendered":"https:\/\/veselibasskola.lv\/?post_type=product&#038;p=4298"},"modified":"2026-02-19T19:44:27","modified_gmt":"2026-02-19T17:44:27","slug":"intensivs-pretgrumbu-nakts-sejas-krems-40-50-ml","status":"publish","type":"product","link":"https:\/\/veselibasskola.lv\/ru\/p\/intensivs-pretgrumbu-nakts-sejas-krems-40-50-ml\/","title":{"rendered":"Intens\u012bvs Pretgrumbu Nakts Sejas Kr\u0113ms 40+ (50 ml)"},"content":{"rendered":"\n<div>\n<div>\n<p><span><strong>Intens\u012bvs nakts kr\u0113ms ir ide\u0101li piem\u0113rots sejas \u0101dai, kam nepiecie\u0161ama pretnoveco\u0161an\u0101s apr\u016bpe un dzi\u013ca baro\u0161ana.<\/strong><\/span><\/p>\n<p><span><strong>\u00a0<\/strong><\/span><\/p>\n<p><span><strong>\u00a0<\/strong><\/span><\/p>\n<p><span>Fantastisks, bag\u0101ts un vienlaikus smalks nakts kr\u0113ms, izveidots \u012bpa\u0161i \u0101das kop\u0161anai miega laik\u0101, kad \u0161\u016bnu atjauno\u0161anas process ir visintens\u012bv\u0101kais. akt\u012bvi apkaro grumbas, padara t\u0101s maz\u0101k redzamas, jo t\u0101s bl\u012bv\u0113 un pul\u0113. Nekav\u0113joties darbojas ar noguru\u0161o un bez sp\u012bduma seju. Satur sast\u0101vda\u013cas ar augstu pretnoveco\u0161an\u0101s aktivit\u0101ti, atjaunojot \u0101das stingr\u012bbu un stiprinot audus. Katru dienu, kad j\u016bs pamod\u012bsieties, j\u016bs b\u016bsiet pat\u012bkami p\u0101rsteigti: atsvaidzin\u0101ta \u0101da, redzams pacel\u0161anas efekts, saglab\u0101ts vair\u0101ku stundu laik\u0101.<\/span><\/p>\n<p><span><span>\u00a0<\/span><\/span><\/p>\n<p><span>Bag\u0101ts. Biezs, Nav taukains. Viegli izplat\u012bt.<\/span><\/p>\n<p><span>\u00a0<\/span><\/p>\n<p><span>Iedarb\u012bba:<\/span><\/p>\n<ul>\n<li><span><span>mitrin\u0101\u0161ana<\/span><\/span><\/li>\n<li><span><span>sejas kont\u016bras pacel\u0161ana un uzlabo\u0161ana<\/span><\/span><\/li>\n<li><span><span>pretnoveco\u0161an\u0101s apr\u016bpe <\/span><\/span><\/li>\n<li><span><span>antioksidantu \u012bpa\u0161\u012bbas<\/span><\/span><\/li>\n<li><span><span>pretgrumbu iedarb\u012bba <\/span><\/span><\/li>\n<li><span><span>\u0101das balin\u0101\u0161ana<\/span><\/span><\/li>\n<\/ul>\n<p><span>\u00a0<\/span><\/p>\n<p><span>Galven\u0101s akt\u012bv\u0101s sast\u0101vda\u013cas:<\/span><\/p>\n<p><strong>Hialuronsk\u0101be<\/strong><span>\u00a0<\/span><\/p>\n<p><span><span>pateicoties savai saisto\u0161ajai un notur\u012bgajai kapacit\u0101tei, darbojas k\u0101 tie\u0161a mitrino\u0161a viela, kas nodro\u0161ina \u016bdeni raga sl\u0101nim, k\u0101 ar\u012b starpposma mitrin\u0101t\u0101js, izveidojot sl\u0101ni, lai nov\u0113rstu mitruma iztvaiko\u0161anu. \u0100da ilgu laiku tiek mitrin\u0101ta.<\/span><\/span><\/p>\n<p><strong>Karit\u0113 sviests un saulespu\u0137u s\u0113klu e\u013c\u013cu<\/strong><\/p>\n<p><span><span>nobriedusi \u0101da m\u012bl sast\u0101vda\u013cas, kas bag\u0101tas ar E, D3, A, F un K vitam\u012bniem. E\u013c\u013cas veicina \u0161\u016bnu atjauno\u0161anos, ir bag\u0101tas ar polinepies\u0101tin\u0101t\u0101m tauksk\u0101b\u0113m. Ide\u0101li piem\u0113rots sausai \u0101dai, \u013coti labi mitrina.<\/span><\/span><\/p>\n<p><strong>\u0415 vitam\u012bns<\/strong><span>\u00a0<\/span><\/p>\n<p><span><span> jaun\u012bbas vitam\u012bns, sp\u0113c\u012bgsantioksidants.\u00a0<\/span><\/span><span>Izl\u012bdzina, nomierina un saglab\u0101 \u0101das mitruma l\u012bmeni.<\/span><\/p>\n<p><strong>Mie\u017eu graudu ekstrakts<\/strong><\/p>\n<p><span><span>bag\u0101ts ar polifenola atvasin\u0101jumiem, ar antioksidantu \u012bpa\u0161\u012bb\u0101m. Pretnoveco\u0161an\u0101s sast\u0101vda\u013ca, nov\u0113r\u0161 grumbu veido\u0161anos. Uzlabo mikrocirkul\u0101ciju, baro \u0101du.<\/span><\/span><\/p>\n<p><strong>Augu glicer\u012bns<\/strong><\/p>\n<p><span><span>veido mitru aizsargsl\u0101ni uz epidermas virsmas, baro \u0101du un nov\u0113r\u0161 mitruma zudumu. Atjauno elast\u012bbu, maigumu un gludumu.<\/span><\/span><\/p>\n<p><span><span>\u00a0<\/span><\/span><\/p>\n<p><span><span>Priek\u0161roc\u012bbas: bez parab\u0113niem, paraf\u012bnu, formaldeh\u012bda, kr\u0101sviel\u0101m, silikoniem, alkohola, EDTA<\/span><\/span><\/p>\n<p><span><span>\u00a0<\/span><\/span><\/p>\n<p><span><span>Lieto\u0161ana: vakar\u0101 pirms gul\u0113tie\u0161anas uz m\u012bkst\u0101s sejas un kakla \u0101das maigi uzkl\u0101jiet.\u00a0<\/span><\/span><\/p>\n<p><span><span>\u00a0<\/span><\/span><\/p>\n<p><span><span>Efekts: kori\u0123\u0113ta sejas kont\u016bra, grumbu izl\u012bdzin\u0101\u0161ana, \u0101da k\u013c\u016bst stingra, maiga un atg\u016bst vesel\u012bgu\u00a0<\/span><\/span><span>kr\u0101su.\u00a0<\/span><\/p>\n<hr\/>\n<p><span>Ingredients: aqua, isononyl isononanoate, cetearyl alcohol, octyldodecyl myristate, butyrospermum parkii butter, cetyl alcohol, glycerin, helianthus annuus seed oil, cetearyl glucoside, phenoxyethanol, ammonium acryloyldimethyltaurate-\/vp copolymer, phenoxyethanol, propylene glycol, propanediol, parfum, xanthan gum, decylene glycol, tocopheryl acetate, PVP, hordeum vulgare seed extract, sodium hyaluronate<\/span><span><br \/><\/span><\/p>\n<p><span><span>\u00a0<\/span><\/span><\/p>\n<p><span><span>\u00a0<\/span><\/span><\/p>\n<div>\u00a0<\/div>\n<div><\/div>\n<\/p><\/div>\n<\/p><\/div>\n","protected":false},"excerpt":{"rendered":"<p>Fantastisks, bag\u0101ts un vienlaikus smalks nakts kr\u0113ms, izveidots \u012bpa\u0161i \u0101das kop\u0161anai miega laik\u0101, kad \u0161\u016bnu atjauno\u0161anas process ir visintens\u012bv\u0101kais. akt\u012bvi apkaro grumbas, padara t\u0101s maz\u0101k redzamas, jo t\u0101s bl\u012bv\u0113 un pul\u0113. Nekav\u0113joties darbojas ar noguru\u0161o un bez sp\u012bduma seju. Satur sast\u0101vda\u013cas ar augstu pretnoveco\u0161an\u0101s aktivit\u0101ti, atjaunojot \u0101das stingr\u012bbu un stiprinot audus. Katru dienu, kad j\u016bs pamod\u012bsieties, j\u016bs b\u016bsiet pat\u012bkami p\u0101rsteigti: atsvaidzin\u0101ta \u0101da, redzams pacel\u0161anas efekts, saglab\u0101ts vair\u0101ku stundu laik\u0101.<\/p>\n","protected":false},"featured_media":4226,"comment_status":"open","ping_status":"closed","template":"","meta":{"_kad_blocks_custom_css":"","_kad_blocks_head_custom_js":"","_kad_blocks_body_custom_js":"","_kad_blocks_footer_custom_js":"","_kadence_starter_templates_imported_post":false,"_swpsp_post_exclude":false,"_kad_post_transparent":"","_kad_post_title":"","_kad_post_layout":"","_kad_post_sidebar_id":"","_kad_post_content_style":"","_kad_post_vertical_padding":"","_kad_post_feature":"","_kad_post_feature_position":"","_kad_post_header":false,"_kad_post_footer":false,"_kad_post_classname":""},"product_brand":[],"product_cat":[43],"product_tag":[],"class_list":{"0":"post-4298","1":"product","2":"type-product","3":"status-publish","4":"has-post-thumbnail","6":"product_cat-bremani-care","8":"first","9":"instock","10":"sale","11":"taxable","12":"shipping-taxable","13":"purchasable","14":"product-type-simple","15":"entry","16":"content-bg","17":"loop-entry"},"taxonomy_info":{"product_cat":[{"value":43,"label":"BREMANI CARE"}]},"featured_image_src_large":["https:\/\/veselibasskola.lv\/wp-content\/uploads\/2026\/02\/88068604cc117e3814c5d6a1c3671dd9.png",470,470,false],"author_info":[],"comment_info":0,"_links":{"self":[{"href":"https:\/\/veselibasskola.lv\/ru\/wp-json\/wp\/v2\/product\/4298","targetHints":{"allow":["GET"]}}],"collection":[{"href":"https:\/\/veselibasskola.lv\/ru\/wp-json\/wp\/v2\/product"}],"about":[{"href":"https:\/\/veselibasskola.lv\/ru\/wp-json\/wp\/v2\/types\/product"}],"replies":[{"embeddable":true,"href":"https:\/\/veselibasskola.lv\/ru\/wp-json\/wp\/v2\/comments?post=4298"}],"wp:featuredmedia":[{"embeddable":true,"href":"https:\/\/veselibasskola.lv\/ru\/wp-json\/wp\/v2\/media\/4226"}],"wp:attachment":[{"href":"https:\/\/veselibasskola.lv\/ru\/wp-json\/wp\/v2\/media?parent=4298"}],"wp:term":[{"taxonomy":"product_brand","embeddable":true,"href":"https:\/\/veselibasskola.lv\/ru\/wp-json\/wp\/v2\/product_brand?post=4298"},{"taxonomy":"product_cat","embeddable":true,"href":"https:\/\/veselibasskola.lv\/ru\/wp-json\/wp\/v2\/product_cat?post=4298"},{"taxonomy":"product_tag","embeddable":true,"href":"https:\/\/veselibasskola.lv\/ru\/wp-json\/wp\/v2\/product_tag?post=4298"}],"curies":[{"name":"wp","href":"https:\/\/api.w.org\/{rel}","templated":true}]}}