{"id":4301,"date":"2026-02-19T19:44:23","date_gmt":"2026-02-19T17:44:23","guid":{"rendered":"https:\/\/veselibasskola.lv\/?post_type=product&#038;p=4301"},"modified":"2026-02-19T19:44:28","modified_gmt":"2026-02-19T17:44:28","slug":"pretgrumbu-dienas-sejas-krems-spf15-40-50-ml","status":"publish","type":"product","link":"https:\/\/veselibasskola.lv\/ru\/p\/pretgrumbu-dienas-sejas-krems-spf15-40-50-ml\/","title":{"rendered":"Pretgrumbu dienas sejas kr\u0113ms spf15. 40+ (50 ml)"},"content":{"rendered":"\n<div>\n<div>\n<p><span><strong><span>Pretgrumbu dienas kr\u0113ma ar \u201cgravity control\u201d kompleksu uzdevums ir uzlabot sejas kont\u016bru. Lielisks pamats grim\u0113\u0161anai.<\/span><\/strong><\/span><strong><span>Nobriedu\u0161ai, norm\u0101lai un sausai \u0101dai.<\/span><\/strong><\/p>\n<p><strong><span>\u00a0<\/span><\/strong><\/p>\n<p><strong><span>\u00a0<\/span><\/strong><\/p>\n<p><span>Sp\u0113c\u012bgs kr\u0113ms, kura pamat\u0101 ir uzlabotas pretnoveco\u0161an\u0101s sast\u0101vda\u013cas, pept\u012bdi, e\u013c\u013cas, vitam\u012bni un roz\u0101 pipari tiks gal\u0101 ar pat dzi\u013c\u0101ko epidermas sl\u0101\u0146u mitrin\u0101\u0161anu. Formula balst\u0101s uz inovat\u012bva \u201cgravity control\u201d kompleksa, kas c\u012bn\u0101s pret \u0101das uzliesmojumu un palielina t\u0101s iztur\u012bbu pret smaguma sp\u0113ku. Regul\u0101ri lietojot kr\u0113mu, uzlabo, mitrina un atjauno \u0101du.<\/span><\/p>\n<p><span><span>\u00a0<\/span><\/span><\/p>\n<p><span><span>Maigs. Z\u012bdains. \u0100tri uzs\u016bcas. Viegli izplat\u012bt.<\/span><\/span><\/p>\n<p><span><span>\u00a0<\/span><\/span><\/p>\n<p><span><span>Iedarb\u012bba:<\/span><\/span><\/p>\n<ul>\n<li><span><span>aizsarg\u0101 pret fotonoveco\u0161anu<\/span><\/span><\/li>\n<li><span><span>balina<\/span><\/span><\/li>\n<li><span><span>uzlabo sejas kont\u016bru<\/span><\/span><\/li>\n<li><span><span>mitrina<\/span><\/span><\/li>\n<\/ul>\n<p><span><span>\u00a0<\/span><\/span><\/p>\n<p><span><span>Galven\u0101s akt\u012bv\u0101s sast\u0101vda\u013cas:<\/span><\/span><\/p>\n<p><strong>Sau\u013co\u0161an\u0101s l\u012bdzek\u013ci<\/strong><span>\u00a0<\/span><\/p>\n<p><span><span>ikdienas aizsardz\u012bba pret UV starojumu, aizkav\u0113 fotonoveco\u0161anas procesu.<\/span><\/span><\/p>\n<p><strong>Pept\u012bda komplekss<\/strong><span>\u00a0<\/span><\/p>\n<p><span><span>c\u012bn\u0101s pret \u0101das uzliesmojumu un palielina t\u0101s iztur\u012bbu pret smaguma sp\u0113ku. Stimul\u0113 elast\u012bna sint\u0113zi, veicina \u0101das elast\u012bgo \u0161\u0137iedru pareizu konstrukciju un nodro\u0161ina redzamu pacel\u0161anas efektu.<\/span><\/span><\/p>\n<p><strong>Peru\u0101\u0146u s\u0101rto piparu ekstrakts\u00a0<\/strong><\/p>\n<p><span><span>dabiska sast\u0101vda\u013ca, kas ieg\u016bta no peru\u0101\u0146u piparukoku aug\u013ciem (Schinus molle). Bag\u0101ts ar sp\u0113c\u012bgiem biolo\u0123iski pieejamiem polifenoliem &#8212; kvercet\u012bnu un mikelianinu. Atjauno \u0101das aizsargbarjeru un pal\u012bdz samazin\u0101t t\u0101s caurlaid\u012bbu. Tam ir atjaunojo\u0161s efekts, samazina grumbas un pie\u0161\u0137ir \u0101dai svaigumu. Att\u012br\u012b\u0161anas efekts: samazina sebumas sekr\u0113ciju, samazina poru izskatu, mitrina.<\/span><\/span><\/p>\n<p><strong>Karit\u0113 sviests<\/strong><\/p>\n<p><span><span>m\u012bkstina, mitrina un atjauno \u0101das aizsargfunkcijas.\u00a0<\/span><\/span><span>Pretgrumbu \u012bpa\u0161\u012bbas, uzlabo \u0101das elast\u012bbu.\u00a0<\/span><span>Bag\u0101ts ar \u0415 vitam\u012bnu \u2014 zin\u0101mu antioksidantu, jaun\u012bbas vitam\u012bnu.<\/span><\/p>\n<p><strong>Gran\u0101t\u0101bolu s\u0113klu e\u013c\u013ca<\/strong><span>\u00a0<\/span><\/p>\n<p><span>m\u012b\u013c\u0101k\u0101 sast\u0101vda\u013ca nobriedu\u0161ai \u0101dai. Baro, mitrina, ar antioksidantu \u012bpa\u0161\u012bb\u0101m.<\/span><\/p>\n<p><strong>\u0136ir\u0161u s\u0113klu e\u013c\u013ca\u00a0<\/strong><\/p>\n<p><span><span>\u012bsts eliks\u012brs nobriedu\u0161ai \u0101dai. Antioksidants.\u00a0<\/span><\/span><span>Aizsarg\u0101 pret fotonoveco\u0161anu, mitrina, nomierina.<\/span><\/p>\n<p><strong>Stabiliz\u0113ts C vitam\u012bns<\/strong><\/p>\n<p><span>stimul\u0113 kolag\u0113na veido\u0161anos. Samazina melanog\u0113zes aktivit\u0101ti, izl\u012bdzina un uzlabo \u0101du.<\/span><\/p>\n<p><strong>Trehaloze\u00a0<\/strong><\/p>\n<p><span><span>dab\u012bgs mitrino\u0161s l\u012bdzeklis ar augstu higroskopiskumu. Uztur optim\u0101lu epidermas hidrat\u0101cijas l\u012bmeni.<\/span><\/span><\/p>\n<p><strong>Augu glicer\u012bns<\/strong><span>\u00a0<\/span><\/p>\n<p><span>veido mitru aizsargsl\u0101ni uz epidermas virsmas, baro \u0101du un nov\u0113r\u0161 mitruma zudumu. Atjauno elast\u012bbu, maigumu un gludumu.<\/span><\/p>\n<p><span><span>\u00a0<\/span><\/span><\/p>\n<p><span><span>Priek\u0161roc\u012bbas: bez parab\u0113niem, paraf\u012bnu, formaldeh\u012bda, kr\u0101sviel\u0101m, silikoniem un alkohola.<\/span><\/span><\/p>\n<p><span>\u00a0<\/span><\/p>\n<p><span>Lieto\u0161ana: r\u012bt\u0101 vai dienas laik\u0101 uzkl\u0101jiet uz att\u012br\u012btas sejas, viegli kratot gar mas\u0101\u017eas l\u012bniju.<\/span><\/p>\n<p><span><span>\u00a0<\/span><\/span><\/p>\n<p><span><span>Efekts: m\u012bksta, stingra, mitrin\u0101ta \u0101da, piln\u012bgi sarg\u0101ta pret saules gaismu kait\u012bgo iedarb\u012bbu. Noz\u012bm\u012bga\u00a0<\/span><\/span><span>grumbu samazin\u0101\u0161ana un uzlabota sejas kont\u016bra.<\/span><\/p>\n<hr\/>\n<p><span>Ingredients: aqua, ethylhexyl methoxycinnamate, glycerin, dicaprylyl carbonate, butylene glycol, caprylic\/capric triglyceride, dicaprylyl ether, cetyl alcohol, glyceryl stearate, butyl methoxydibenzoylmethane, octocrylene, propanediol, butyrospermum parkii butter, polymethyl methacrylate, punica granatum seed oil, benzyl alcohol, peg-75 stearate, sodium polyacrylate, trehalose, cera alba, prunus avium seed oil, steareth-20, ceteth-20, ethylhexylglycerin, parfum, sorbitan laurate, 3-o-ethyl ascorbic acid, disodium edta, lactic acid, hydroxyethylcellulose, sodium hydroxide, acetyl dipeptide-1 cetyl es-ter, BHT, schinus molle extract, tocopherol.<\/span><span><br \/><\/span><\/p>\n<div>\u00a0<\/div>\n<p><span><span>\u00a0<\/span><\/span><\/p>\n<p><span><span>\u00a0<\/span><\/span><\/p>\n<p><span><span>\u00a0<\/span><\/span><\/p>\n<p><span><span>\u00a0<\/span><\/span><\/p>\n<div><\/div>\n<\/p><\/div>\n<\/p><\/div>\n","protected":false},"excerpt":{"rendered":"<p>Sp\u0113c\u012bgs kr\u0113ms, kura pamat\u0101 ir uzlabotas pretnoveco\u0161an\u0101s sast\u0101vda\u013cas, pept\u012bdi, e\u013c\u013cas, vitam\u012bni un roz\u0101 pipari tiks gal\u0101 ar pat dzi\u013c\u0101ko epidermas sl\u0101\u0146u mitrin\u0101\u0161anu. Formula balst\u0101s uz inovat\u012bva \u201cgravity control\u201d kompleksa, kas c\u012bn\u0101s pret \u0101das uzliesmojumu un palielina t\u0101s iztur\u012bbu pret smaguma sp\u0113ku. Regul\u0101ri lietojot kr\u0113mu, uzlabo, mitrina un atjauno \u0101du.<\/p>\n","protected":false},"featured_media":4194,"comment_status":"open","ping_status":"closed","template":"","meta":{"_kad_blocks_custom_css":"","_kad_blocks_head_custom_js":"","_kad_blocks_body_custom_js":"","_kad_blocks_footer_custom_js":"","_kadence_starter_templates_imported_post":false,"_swpsp_post_exclude":false,"_kad_post_transparent":"","_kad_post_title":"","_kad_post_layout":"","_kad_post_sidebar_id":"","_kad_post_content_style":"","_kad_post_vertical_padding":"","_kad_post_feature":"","_kad_post_feature_position":"","_kad_post_header":false,"_kad_post_footer":false,"_kad_post_classname":""},"product_brand":[],"product_cat":[43],"product_tag":[],"class_list":{"0":"post-4301","1":"product","2":"type-product","3":"status-publish","4":"has-post-thumbnail","6":"product_cat-bremani-care","8":"first","9":"instock","10":"sale","11":"taxable","12":"shipping-taxable","13":"purchasable","14":"product-type-simple","15":"entry","16":"content-bg","17":"loop-entry"},"taxonomy_info":{"product_cat":[{"value":43,"label":"BREMANI CARE"}]},"featured_image_src_large":["https:\/\/veselibasskola.lv\/wp-content\/uploads\/2026\/02\/edcfb5d699085546967bbec0a237d367.png",470,470,false],"author_info":[],"comment_info":0,"_links":{"self":[{"href":"https:\/\/veselibasskola.lv\/ru\/wp-json\/wp\/v2\/product\/4301","targetHints":{"allow":["GET"]}}],"collection":[{"href":"https:\/\/veselibasskola.lv\/ru\/wp-json\/wp\/v2\/product"}],"about":[{"href":"https:\/\/veselibasskola.lv\/ru\/wp-json\/wp\/v2\/types\/product"}],"replies":[{"embeddable":true,"href":"https:\/\/veselibasskola.lv\/ru\/wp-json\/wp\/v2\/comments?post=4301"}],"wp:featuredmedia":[{"embeddable":true,"href":"https:\/\/veselibasskola.lv\/ru\/wp-json\/wp\/v2\/media\/4194"}],"wp:attachment":[{"href":"https:\/\/veselibasskola.lv\/ru\/wp-json\/wp\/v2\/media?parent=4301"}],"wp:term":[{"taxonomy":"product_brand","embeddable":true,"href":"https:\/\/veselibasskola.lv\/ru\/wp-json\/wp\/v2\/product_brand?post=4301"},{"taxonomy":"product_cat","embeddable":true,"href":"https:\/\/veselibasskola.lv\/ru\/wp-json\/wp\/v2\/product_cat?post=4301"},{"taxonomy":"product_tag","embeddable":true,"href":"https:\/\/veselibasskola.lv\/ru\/wp-json\/wp\/v2\/product_tag?post=4301"}],"curies":[{"name":"wp","href":"https:\/\/api.w.org\/{rel}","templated":true}]}}