{"id":4303,"date":"2026-02-19T19:44:23","date_gmt":"2026-02-19T17:44:23","guid":{"rendered":"https:\/\/veselibasskola.lv\/?post_type=product&#038;p=4303"},"modified":"2026-02-19T19:44:28","modified_gmt":"2026-02-19T17:44:28","slug":"dtxbasics-30-maisini","status":"publish","type":"product","link":"https:\/\/veselibasskola.lv\/ru\/p\/dtxbasics-30-maisini\/","title":{"rendered":"DTXBasics (30 Maisi\u0146i)"},"content":{"rendered":"\n<div>\n<div>\n<p><em><span><strong>DTX Basics<\/strong><\/span><\/em><span><br \/>Ikdienas atbalsts organisma att\u012br\u012b\u0161anai.<\/p>\n<p>J\u016bsu \u0137ermenis ir ide\u0101li projekt\u0113ts, lai neitraliz\u0113tu pla\u0161u b\u012bstamu toks\u012bnu kl\u0101stu, ar k\u0101du t\u0101s saskaras katru dienu.<\/br><\/br><\/br><\/span><\/p>\n<p><span>Gaisa pies\u0101r\u0146ojo\u0161as vielas, alerg\u0113ni, \u0137\u012bmisk\u0101s vielas, p\u0101rtikas piedevas u.\u00a0tml. ir nep\u0101rtraukti p\u0101rtverti un izvad\u012bti, pateicoties dabiskiem procesiem, kas notiek J\u016bsu organism\u0101. Ta\u010du pat vislab\u0101kajiem J\u016bsu \u0137erme\u0146a meh\u0101nismiem var b\u016bt nepiecie\u0161ama pal\u012bdz\u012bba. Smags darbs, ko katru dienu veic J\u016bsu organisms, prasa ikdienas atbalstu.<\/span><\/p>\n<p><span>Tie\u0161i t\u0101p\u0113c ir r\u0101d\u012bts\u00a0<em>DTX Basics<\/em>\u00a0\u2014 unik\u0101la z\u0101\u013cu, vitam\u012bnu un probioti\u0137u kompoz\u012bcija, kas ir nepiecie\u0161ama J\u016bsu \u0137ermenim, lai katru dienu efekt\u012bvi neitraliz\u0113tu, p\u0101rveidotu un izvad\u012btu toks\u012bnus.\u00a0<br \/><\/span><\/p>\n<p><span><br \/><span>K\u0101 tas darbojas?<\/span><\/span><\/p>\n<p><span>J\u016bsu \u0137ermenis lieliski tiek gal\u0101 ar att\u012br\u012b\u0161anas procesu, ta\u010du p\u0101rstr\u0101d\u0101ta p\u0101rtika, fizisk\u0101s aktivit\u0101tes tr\u016bkums vai z\u0101\u013cu dzer\u0161ana var izr\u0101d\u012bties p\u0101r\u0101k liela slodze dabiskam detosik\u0101cijas procesam. Organisms var inform\u0113t par to ar past\u0101v\u012bgu noguruma saj\u016btu, probl\u0113m\u0101m ar \u0101du vai svara pieaugumu un galvass\u0101p\u0113m. Organisms att\u012br\u0101s, izmantojot daudzus ce\u013cus: \u0101du, elpce\u013cus, nieres un zarnas. Protams, galven\u0101s ir aknas un to pareiza darb\u012bba. Visus \u0161os ce\u013cus atbalsta z\u0101les, kas ir\u00a0<em>DTX Basic<\/em>\u00a0sast\u0101v\u0101. Ikdienas labi paradumi un regul\u0101ra\u00a0<em>DTX Basic<\/em>\u00a0lieto\u0161ana var pa\u0101trin\u0101t att\u012br\u012b\u0161anas procesu un padar\u012bt J\u016bsu \u0137ermeni br\u012bvu no toks\u012bniem.<\/span><\/p>\n<p><span><br \/><span>\u010cetri produkti. Viens kop\u012bgs m\u0113r\u0137is.<\/span><br \/><em>DTX Basics<\/em>\u00a0apvieno sev\u012b \u010detru da\u017e\u0101du\u00a0<em>Nature\u2019s Sunshine<\/em>\u00a0produktu priek\u0161roc\u012bbas. To siner\u0123iska darb\u012bba \u013cauj ieg\u016bt m\u0113r\u0137i, kas ir organisma atbalsts ikdienas att\u012br\u012b\u0161anai. Katra porcija ir\u00a0<em>Milk Thistle Combination<\/em>,\u00a0<em>Super Antioxidant<\/em>,\u00a0<em>Cinnamon Balance<\/em>\u00a0un\u00a0<em>Bacillus Coagulans<\/em>\u00a0vispus\u012bga darb\u012bba. \u0160o \u010detru produktu kombin\u0101cija dod lieliskus rezult\u0101tus un katru dienu nodro\u0161ina lieto\u0161anas dro\u0161\u012bbu.<\/p>\n<p><\/span><\/p>\n<p><strong><em><span>Milk Thistle Combination<\/span><\/em><\/strong><span>\u00a0ir A un C vitam\u012bni, kas apvienoti ar t\u0101d\u0101m z\u0101l\u0113m k\u0101 \u012bstais m\u0101rdadzis un \u0101rstniec\u012bbas pienene. Produkta galvenais uzdevums ir atbalst\u012bt aknas, kur\u0101m organisma att\u012br\u012b\u0161anas proces\u0101 ir galven\u0101 lom\u0101. \u012ast\u0101 m\u0101rdad\u017ea s\u0113klu ekstrakts veicina pareizu aknu darb\u012bbu un \u017eulta ra\u017eo\u0161anu. L\u012bdz\u012bga \u0101rstniec\u012bbas pienenes saknes iedarb\u012bba, kas papildus tam pal\u012bdz uztur\u0113t ur\u012bnce\u013cu funkciju, padara\u00a0<em>Milk Thistle<\/em>\u00a0par produktu, kas ir nepiecie\u0161ams katru dienu. A un C vitam\u012bniem ir svar\u012bga loma dzelzs, ko J\u016bsu organisms nesp\u0113j ra\u017eot patst\u0101v\u012bgi, metabolism\u0101. Papildpriek\u0161roc\u012bba ir hol\u012bna saturs, kas veicina pareizu tauku metabolisma uztur\u0113\u0161anu un aknu darb\u012bbu.<\/span><\/p>\n<p><span>\u00a0<\/span><\/p>\n<table>\n<tbody>\n<tr>\n<td>\n<p><strong><span>Akt\u012bv\u0101s vielas<\/span><\/strong><\/p>\n<\/td>\n<td>\n<p><strong><span>Dienas porcij\u0101 (viena tablete)<\/span><\/strong><\/p>\n<\/td>\n<td>\n<p><strong><span>% NRV*<\/span><\/strong><\/p>\n<\/td>\n<\/tr>\n<tr>\n<td>\n<p><span>A vitam\u012bns (beta-karot\u012bns)<\/span><\/p>\n<\/td>\n<td>\n<p><span>4\u00a0mg<\/span><\/p>\n<\/td>\n<td>\n<p><span>500\u00a0%<\/span><\/p>\n<\/td>\n<\/tr>\n<tr>\n<td>\n<p><span>C vitam\u012bns<\/span><\/p>\n<\/td>\n<td>\n<p><span>240\u00a0mg<\/span><\/p>\n<\/td>\n<td>\n<p><span>300\u00a0%<\/span><\/p>\n<\/td>\n<\/tr>\n<tr>\n<td>\n<p><span>\u012ast\u0101 m\u0101rdad\u017ea s\u0113klu ekstrakts (80\u00a0% silimar\u012bna)<\/span><\/p>\n<\/td>\n<td>\n<p><span>175\u00a0mg<\/span><\/p>\n<\/td>\n<td>\n<p><span>**<\/span><\/p>\n<\/td>\n<\/tr>\n<tr>\n<td>\n<p><span>\u0100rstniec\u012bbas pienenes sakne<\/span><\/p>\n<\/td>\n<td>\n<p><span>150\u00a0mg<\/span><\/p>\n<\/td>\n<td>\n<p><span>**<\/span><\/p>\n<\/td>\n<\/tr>\n<tr>\n<td>\n<p><span>Hol\u012bns (hol\u012bna bitartr\u0101ts)<\/span><\/p>\n<\/td>\n<td>\n<p><span>60\u00a0mg<\/span><\/p>\n<\/td>\n<td>\n<p><span>**<\/span><\/p>\n<\/td>\n<\/tr>\n<tr>\n<td>\n<p><span>Inozitols<\/span><\/p>\n<\/td>\n<td>\n<p><span>55\u00a0mg<\/span><\/p>\n<\/td>\n<td>\n<p><span>**<\/span><\/p>\n<\/td>\n<\/tr>\n<tr>\n<td>\n<p><span>N-acetil-L-ciste\u012bns<\/span><\/p>\n<\/td>\n<td>\n<p><span>55\u00a0mg<\/span><\/p>\n<\/td>\n<td>\n<p><span>**<\/span><\/p>\n<\/td>\n<\/tr>\n<tr>\n<td>\n<p><span>* NRV: ieteicam\u0101 dienas deva pieaugu\u0161ajiem.<\/span><\/p>\n<p><span>** NRV nav noteikta.<\/span><\/p>\n<\/td>\n<\/tr>\n<\/tbody>\n<\/table>\n<p><strong><span>Ingredients:<br \/> <\/span><\/strong><span>Ascorbic acid, milk thistle seed extract (Silybum marianum), dandelion root powder (Taraxacum o\u00adcinale), bulking agent (microcrystalline cellulose), anti-caking agent (stearic acid), choline bitartrate, inositol, N-Acetyl-L-Cysteine, bulking agent (cellulose), beta-carotene, maltodextrin, anti-caking agents (salts magnesium fatty acids, silicon dioxide), firming agent (hydroxypropylmethylcellulose), sweetener (maltodextrin), stabilizer (polyethylene glycol), glazing agent (carnauba leaf wax).<\/span><\/p>\n<p><strong><em><span>\u00a0<\/span><\/em><\/strong><\/p>\n<p><strong><em><span>Super Antioxidant<\/span><\/em><\/strong><span>\u00a0ir \u012bsta antioksidantu bumba. Gaisu pies\u0101r\u0146ojo\u0161as vielas, toks\u012bni, p\u0101rtikas piedevas liek J\u016bsu \u0137ermenim smagi str\u0101d\u0101t un pak\u013cauj \u0161\u016bnas oksidat\u012bvajam stresam. \u012apa\u0161a loma \u0161eit ir me\u017erozes aug\u013ciem, kas satur dab\u012bgus antioksidantus un veicina nieru, ur\u012bnp\u016b\u0161\u013ca un gremo\u0161anas trakta pareizu darb\u012bbu. Kurkumas saknenis ir lielisks atbalsts akn\u0101m un aug\u0161\u0113jiem elpce\u013ciem.<\/span><\/p>\n<table>\n<tbody>\n<tr>\n<td>\n<p><strong><span>Akt\u012bv\u0101s vielas<\/span><\/strong><\/p>\n<\/td>\n<td>\n<p><strong><span>Dienas porcij\u0101 (viena kapsula)<\/span><\/strong><\/p>\n<\/td>\n<\/tr>\n<tr>\n<td>\n<p><span>Kurkumas saknenis<\/span><\/p>\n<\/td>\n<td>\n<p><span>153\u00a0mg<\/span><\/p>\n<\/td>\n<\/tr>\n<tr>\n<td>\n<p><span>M\u0113\u017erozes aug\u013ci<\/span><\/p>\n<\/td>\n<td>\n<p><span>123\u00a0mg<\/span><\/p>\n<\/td>\n<\/tr>\n<tr>\n<td>\n<p><span>\u012ast\u0101 m\u0101rdad\u017ea s\u0113klas<\/span><\/p>\n<\/td>\n<td>\n<p><span>87\u00a0mg<\/span><\/p>\n<\/td>\n<\/tr>\n<tr>\n<td>\n<p><span>Tokotrienoli<\/span><\/p>\n<\/td>\n<td>\n<p><span>132\u00a0mg<\/span><\/p>\n<\/td>\n<\/tr>\n<tr>\n<td>\n<p><span>Fitoster\u012bni<\/span><\/p>\n<\/td>\n<td>\n<p><span>0,2\u00a0mg<\/span><\/p>\n<\/td>\n<\/tr>\n<tr>\n<td>\n<p><span>Likop\u0113ns<\/span><\/p>\n<\/td>\n<td>\n<p><span>28\u00a0mg<\/span><\/p>\n<\/td>\n<\/tr>\n<tr>\n<td>\n<p><span>Alfa-liponsk\u0101be<\/span><\/p>\n<\/td>\n<td>\n<p><span>2\u00a0mg<\/span><\/p>\n<\/td>\n<\/tr>\n<tr>\n<td><\/td>\n<td>\n<p><span>\u00a0<\/span><\/p>\n<\/td>\n<\/tr>\n<\/tbody>\n<\/table>\n<p><strong><span>Ingredients:<br \/> <\/span><\/strong><span>Turmeric root powder (Curcuma longa), tocotrienol blend powder (gelatin, sucrose, modified corn starch, palm oil, tocotrienols [d-Gamma Tocotrienol, d-Delta Tocotrienol, d-Alpha Tocotrienol], tocopherol [d-Alpha tocopherol], antioxidant (ascorbyl palmitate), palm squalene, phytosterols (0.04%), phyto-carotenoids, co-enzyme Q10 and water), rose hips powder (Rosa canina), milk thistle seed powder (Silybum marianum), lycopene, anti-caking agents (salts magnesium fatty acids, silicon dioxide), alpha lipoic acid, capsule shell (gelatin, water).<\/span><\/p>\n<p><strong><em><span>\u00a0<\/span><\/em><\/strong><\/p>\n<p><strong><em><span>Cinnamon Balance<\/span><\/em><\/strong><span>\u00a0ir vair\u0101k nek\u0101 tikai kan\u0113lis \u2014 tas ir grie\u0137u trigonellas, astrag\u0101la, liel\u0101 dad\u017ea un \u0101rstniec\u012bbas pienenes siner\u0123iska darb\u012bba. Grie\u0137u trigonellas s\u0113klas veicina pareizu ku\u0146\u0123a sk\u0101bes pH l\u012bme\u0146a uztur\u0113\u0161anu un atvieglo gremo\u0161anu. Astrag\u0101la sakne veicina \u0101das aizsardz\u012bbu pret UV staru izrais\u012btiem boj\u0101jumiem, un liel\u0101 dad\u017ea sakne pal\u012bdz uztur\u0113t pareizu glikozes l\u012bmeni asin\u012bs.<\/span><\/p>\n<table>\n<tbody>\n<tr>\n<td>\n<p><strong><span>Akt\u012bv\u0101s vielas<\/span><\/strong><\/p>\n<\/td>\n<td>\n<p><strong><span>Dienas porcij\u0101<br \/> (\u010detras auru kapsulas)<\/span><\/strong><\/p>\n<\/td>\n<\/tr>\n<tr>\n<td>\n<p><span>\u0136\u012bnie\u0161u kan\u0113\u013ca miza<\/span><\/p>\n<\/td>\n<td>\n<p><span>1000\u00a0mg<\/span><\/p>\n<\/td>\n<\/tr>\n<tr>\n<td>\n<p><span>Indijas v\u012b\u0123u lapas<\/span><\/p>\n<\/td>\n<td>\n<p><span>500\u00a0mg<\/span><\/p>\n<\/td>\n<\/tr>\n<tr>\n<td>\n<p><span>Grie\u0137u trigonellas s\u0113klas<\/span><\/p>\n<\/td>\n<td>\n<p><span>250\u00a0mg<\/span><\/p>\n<\/td>\n<\/tr>\n<tr>\n<td>\n<p><span>Astrag\u0101la sakne<\/span><\/p>\n<\/td>\n<td>\n<p><span>126\u00a0mg<\/span><\/p>\n<\/td>\n<\/tr>\n<tr>\n<td>\n<p><span>Liel\u0101 di\u017edad\u017ea sakne<\/span><\/p>\n<\/td>\n<td>\n<p><span>62\u00a0mg<\/span><\/p>\n<\/td>\n<\/tr>\n<tr>\n<td>\n<p><span>\u0100rstniec\u012bbas pienenes sakne un lapas<\/span><\/p>\n<\/td>\n<td>\n<p><span>62\u00a0mg<\/span><\/p>\n<\/td>\n<\/tr>\n<\/tbody>\n<\/table>\n<p><strong><span>Ingredients:<br \/> <\/span><\/strong><span>Cassia cinnamon bark powder (Cinnamomum spp.), nopal leaf powder (Opuntia ficus-indica), fenugreek seed powder (Trigonella foenum-graecum), astragalus root powder (Astragalus membranaceus), burdock root powder (Arctium lappa), dandelion root and leaf powder (Taraxacum o\u00adcinale), vegetable capsule [firming agent (hydroxylpropylmethylcellulose), water].<\/span><\/p>\n<p><em><span><strong>\u00a0<\/strong><\/span><\/em><\/p>\n<p><em><span><strong>Bacillus Coagulans<\/strong><\/span><\/em><span>\u00a0papildina\u00a0<em>DTX Basics<\/em>\u00a0kompoz\u012bciju, pieg\u0101d\u0101jot J\u016bsu \u0137ermenim probiotisko bakt\u0113riju porciju, kas ir nepiecie\u0161amas katr\u0101 gremo\u0161anas trakt\u0101.<\/span><\/p>\n<p><strong><span>Ingredients:<br \/> <\/span><\/strong><span>Bacillus coagulans bacteria, inulin powder (chicory root extract), anti-caking agents (salts magnesium fatty acids, silicon dioxide), vegetable capsule [firming agent (hydroxylpropylmethylcellulose), water].<\/span><\/p>\n<table>\n<tbody>\n<tr>\n<td>\n<p><strong><span>Akt\u012bv\u0101s vielas<\/span><\/strong><\/p>\n<\/td>\n<td>\n<p><strong><span>Dienas porcij\u0101 (viena kapsula)<\/span><\/strong><\/p>\n<\/td>\n<\/tr>\n<tr>\n<td>\n<p><span>Bakt\u0113rijas <em>Bacillus coagulans<\/em><\/span><\/p>\n<\/td>\n<td>\n<p><span>1 miljards KVV*<\/span><\/p>\n<\/td>\n<\/tr>\n<tr>\n<td>\n<p><span>Inul\u012bns<\/span><\/p>\n<\/td>\n<td>\n<p><span>270\u00a0mg<\/span><\/p>\n<\/td>\n<\/tr>\n<tr>\n<td>\n<p><span>* Koloniju veidojo\u0161a vien\u012bba.<\/span><\/p>\n<\/td>\n<\/tr>\n<\/tbody>\n<\/table>\n<p><strong><u><span>IETEICAM\u0100 PORCIJA PAT\u0112RI\u0145AM DIENAS LAIK\u0100:<\/span><\/u><\/strong><\/p>\n<p><span>Viena iepakojuma saturu (viena tablete, se\u0161as kapsulas) pie\u0146emt vienu reizi dien\u0101 pirms \u0113dienreizes.<\/span><\/p>\n<p><span>Nep\u0101rsniegt ieteicamo dienas devu!\u00a0<\/span><\/p>\n<p><span>Z\u0101\u013cu pie\u0146em\u0161anas gad\u012bjum\u0101 pirms lieto\u0161anas konsult\u0113jieties ar \u0101rstu vai farmaceitu.<\/span><\/p>\n<hr\/>\n<p><span><span>NATURE&#8217;S SUNSHINE MUDINA VESEL\u012aGAM DZ\u012aVESVEIDAM.<\/span><br \/><span>Di\u0113tas bag\u0101tin\u0101t\u0101ji nevar b\u016bt lietoti k\u0101 diferenc\u0113tas di\u0113tas aizst\u0101j\u0113ji. Balans\u0113ta di\u0113ta un vesel\u012bgs dz\u012bvesveids ir organisma pareizas funkcion\u0113\u0161anas pamats.<\/span><\/p>\n<p><\/span><\/p>\n<p><span>\u00a0<\/span><\/p>\n<div><\/div>\n<\/p><\/div>\n<\/p><\/div>\n","protected":false},"excerpt":{"rendered":"<p>J\u016bsu \u0137ermenis ir ide\u0101li projekt\u0113ts, lai neitraliz\u0113tu pla\u0161u b\u012bstamu toks\u012bnu kl\u0101stu, ar k\u0101du t\u0101s saskaras katru dienu.  Gaisa pies\u0101r\u0146ojo\u0161as vielas, alerg\u0113ni, \u0137\u012bmisk\u0101s vielas, p\u0101rtikas piedevas u.\u00a0tml. ir nep\u0101rtraukti p\u0101rtverti un izvad\u012bti, pateicoties dabiskiem procesiem, kas notiek J\u016bsu organism\u0101. Ta\u010du pat vislab\u0101kajiem J\u016bsu \u0137erme\u0146a meh\u0101nismiem var b\u016bt nepiecie\u0161ama pal\u012bdz\u012bba. Smags darbs, ko katru dienu veic J\u016bsu organisms, prasa ikdienas atbalstu.  Tie\u0161i t\u0101p\u0113c ir r\u0101d\u012bts\u00a0DTX Basics\u00a0\u2014 unik\u0101la z\u0101\u013cu, vitam\u012bnu un probioti\u0137u kompoz\u012bcija, kas ir nepiecie\u0161ama J\u016bsu \u0137ermenim, lai katru dienu efekt\u012bvi neitraliz\u0113tu, p\u0101rveidotu un izvad\u012btu toks\u012bnus.<\/p>\n","protected":false},"featured_media":2870,"comment_status":"open","ping_status":"closed","template":"","meta":{"_kad_blocks_custom_css":"","_kad_blocks_head_custom_js":"","_kad_blocks_body_custom_js":"","_kad_blocks_footer_custom_js":"","_kadence_starter_templates_imported_post":false,"_swpsp_post_exclude":false,"_kad_post_transparent":"","_kad_post_title":"","_kad_post_layout":"","_kad_post_sidebar_id":"","_kad_post_content_style":"","_kad_post_vertical_padding":"","_kad_post_feature":"","_kad_post_feature_position":"","_kad_post_header":false,"_kad_post_footer":false,"_kad_post_classname":""},"product_brand":[],"product_cat":[36,39],"product_tag":[],"class_list":{"0":"post-4303","1":"product","2":"type-product","3":"status-publish","4":"has-post-thumbnail","6":"product_cat-dietiskas-piedevas","7":"product_cat-gremosanas-sistema","9":"first","10":"instock","11":"sale","12":"taxable","13":"shipping-taxable","14":"purchasable","15":"product-type-simple","16":"entry","17":"content-bg","18":"loop-entry"},"taxonomy_info":{"product_cat":[{"value":36,"label":"Di\u0113tisk\u0101s piedevas"},{"value":39,"label":"Gremo\u0161anas sist\u0113ma"}]},"featured_image_src_large":["https:\/\/veselibasskola.lv\/wp-content\/uploads\/2023\/12\/dabb37f4caee15b95939ff2025fab4e7-1024x696.png",1024,696,true],"author_info":[],"comment_info":0,"_links":{"self":[{"href":"https:\/\/veselibasskola.lv\/ru\/wp-json\/wp\/v2\/product\/4303","targetHints":{"allow":["GET"]}}],"collection":[{"href":"https:\/\/veselibasskola.lv\/ru\/wp-json\/wp\/v2\/product"}],"about":[{"href":"https:\/\/veselibasskola.lv\/ru\/wp-json\/wp\/v2\/types\/product"}],"replies":[{"embeddable":true,"href":"https:\/\/veselibasskola.lv\/ru\/wp-json\/wp\/v2\/comments?post=4303"}],"wp:featuredmedia":[{"embeddable":true,"href":"https:\/\/veselibasskola.lv\/ru\/wp-json\/wp\/v2\/media\/2870"}],"wp:attachment":[{"href":"https:\/\/veselibasskola.lv\/ru\/wp-json\/wp\/v2\/media?parent=4303"}],"wp:term":[{"taxonomy":"product_brand","embeddable":true,"href":"https:\/\/veselibasskola.lv\/ru\/wp-json\/wp\/v2\/product_brand?post=4303"},{"taxonomy":"product_cat","embeddable":true,"href":"https:\/\/veselibasskola.lv\/ru\/wp-json\/wp\/v2\/product_cat?post=4303"},{"taxonomy":"product_tag","embeddable":true,"href":"https:\/\/veselibasskola.lv\/ru\/wp-json\/wp\/v2\/product_tag?post=4303"}],"curies":[{"name":"wp","href":"https:\/\/api.w.org\/{rel}","templated":true}]}}