{"id":4304,"date":"2026-02-19T19:44:23","date_gmt":"2026-02-19T17:44:23","guid":{"rendered":"https:\/\/veselibasskola.lv\/?post_type=product&#038;p=4304"},"modified":"2026-02-19T19:44:28","modified_gmt":"2026-02-19T17:44:28","slug":"clean-start-komplekts","status":"publish","type":"product","link":"https:\/\/veselibasskola.lv\/ru\/p\/clean-start-komplekts\/","title":{"rendered":"Clean Start Komplekts"},"content":{"rendered":"\n<div>\n<div>\n<p><strong>Clean Start<br \/> <\/br><\/strong>Uztura bag\u0101tin\u0101t\u0101ju komplekts jaunam s\u0101kumam!<\/p>\n<p>V\u0113laties savlaic\u012bgi r\u016bp\u0113ties par savu vesel\u012bbu un labsaj\u016btu? Iepaz\u012bstieties ar Clean Start &#8212; uztura bag\u0101tin\u0101t\u0101ju komplektu, kas izstr\u0101d\u0101ts tiem, kuri dod priek\u0161roku dabiskiem risin\u0101jumiem organisma att\u012br\u012b\u0161anai. Ar m\u016bsu uztura bag\u0101tin\u0101t\u0101ju komplektu J\u016bs visu s\u0101ksiet no baltas lapas!<\/p>\n<p>Kas ietilpst Clean Start komplekt\u0101?<\/p>\n<ul>\n<li><strong>UltraBiome DTX:<\/strong> M\u016bsu vado\u0161ais, organismu att\u012bro\u0161ais produkts, kas, cita starp\u0101, satur cigori\u0146u sakni un rozmar\u012bna lapas. \u0160\u012b unik\u0101l\u0101 formula veicina organisma dabiskos att\u012br\u012b\u0161an\u0101s procesus, pal\u012bdzot izvad\u012bt toks\u012bnus un nodro\u0161inot ar ener\u0123iju visas dienas garum\u0101.<\/li>\n<li><strong>\u0160\u0137idrais hlorofils:<\/strong> Pat\u012bkamas un atsvaidzino\u0161as saj\u016btas J\u016bsu \u0137ermenim! \u0160\u0137idrais hlorofils ir ide\u0101ls papildin\u0101jums ikdienas organisma att\u012br\u012b\u0161anas ritu\u0101lam. Piparm\u0113tru gar\u0161a atsvaidzina un ir lieliski piem\u0113rota piedz\u012bvojuma s\u0101kumam ar uztura bag\u0101tin\u0101t\u0101ju.<\/li>\n<li><strong>Gentle Move:<\/strong> Ja gremo\u0161anai ir nepiecie\u0161ams viegls atbalsts, Gentle Move ir dom\u0101ts tie\u0161i Jums. \u0160is unik\u0101lais uztura bag\u0101tin\u0101t\u0101js pal\u012bdz uztur\u0113t pareizu zarnu darb\u012bbu un v\u0113dera izejas regularit\u0101ti, lai J\u016bs var\u0113tu izbaud\u012bt viegluma saj\u016btu.<\/li>\n<li><strong>DTX Basics:<\/strong> \u0160\u012b sp\u0113c\u012bg\u0101 formula ir \u010detru da\u017e\u0101du uztura bag\u0101tin\u0101t\u0101ju kombin\u0101cija, kas harmoniski veicina organisma dabiskos att\u012br\u012b\u0161an\u0101s procesus. Ar DTX Basics J\u016bsu organisms sa\u0146em visaptvero\u0161u atbalstu ce\u013c\u0101 uz att\u012br\u012b\u0161anos un l\u012bdzsvaru.<\/li>\n<\/ul>\n<p><strong>K\u0101d\u0113\u013c ir v\u0113rts izv\u0113l\u0113ties komplektu Clean Start?<\/strong><\/p>\n<ul>\n<li>Speci\u0101li izstr\u0101d\u0101ts cilv\u0113kiem, kuri s\u0101k savu piedz\u012bvojumu ar uztura bag\u0101tin\u0101t\u0101jiem. <br \/> \u2022 Unik\u0101las organismu att\u012bro\u0161as un harmoniz\u0113jo\u0161as \u012bpa\u0161\u012bbas.<br \/> \u2022 Visas sast\u0101vda\u013cas ir r\u016bp\u012bgi atlas\u012btas un nodro\u0161ina augstu kvalit\u0101ti.<br \/> \u2022 Clean Start sniedz atbalsta saj\u016btu katr\u0101 ce\u013ca posm\u0101 uz vesel\u012bgu dz\u012bvesveidu.<\/br><\/br><\/br><\/li>\n<\/ul>\n<p>S\u0101ciet r\u016bp\u0113ties par savu organismu ar Clean Start jau \u0161odien! Atkl\u0101jiet, k\u0101 organisma att\u012br\u012b\u0161ana sniedz labumu J\u016bsu vesel\u012bbai un labsaj\u016btai. Clean Start komplekts organismam nodro\u0161ina jaunu, ener\u0123ijas pilnu s\u0101kumu!<\/p>\n<p>K\u0101p\u0113c uztura bag\u0101tin\u0101\u0161anu ir v\u0113rts s\u0101kt ar organisma att\u012br\u012b\u0161anu?<\/p>\n<p>Atsvaidzin\u0101\u0161ana un att\u012br\u012b\u0161ana: M\u016bsu organisms ikdien\u0101 ir pak\u013cauts da\u017e\u0101du toks\u012bnu iedarb\u012bbai, gan \u0101r\u0113ju (piem\u0113ram, vides pies\u0101r\u0146ojums), gan iek\u0161\u0113ju (piem\u0113ram, metabolisma atkritumi). Organisma att\u012br\u012b\u0161anai ir b\u016btiska noz\u012bme vesel\u012bgas funkcionalit\u0101tes saglab\u0101\u0161an\u0101. S\u0101kot uztura bag\u0101tin\u0101\u0161anu ar organisma att\u012br\u012b\u0161anu, organismam tiek nodro\u0161in\u0101ta iesp\u0113ja izvad\u012bt uzkr\u0101tos toks\u012bnus.<\/p>\n<p>B\u0101zes sagatavo\u0161ana: Organisma att\u012br\u012b\u0161ana ir svar\u012bgs pirmais solis pirms citu uztura bag\u0101tin\u0101\u0161anas programmu uzs\u0101k\u0161anas. Izvadot toks\u012bnus un liekos atkritumus no organisma, tiek veidota labv\u0113l\u012bga un t\u012bra b\u0101ze turpm\u0101k uz\u0146emto uztura bag\u0101tin\u0101t\u0101ju efekt\u012bvai iedarb\u012bbai.<\/p>\n<p>Bar\u012bbas vielu absorbcijas uzlabo\u0161ana: Organisma att\u012br\u012b\u0161ana var pal\u012bdz\u0113t uzlabot sp\u0113ju absorb\u0113t un izmantot bar\u012bbas vielas. Aizsprostojumu un toks\u012bnu slodzes no\u0146em\u0161ana \u013cauj organismam lab\u0101k izmantot uzturvielas no uztura un uztura bag\u0101tin\u0101t\u0101jiem, kas noz\u012bm\u0113 liel\u0101kus ieguvumus vesel\u012bbai.<\/p>\n<p>Ener\u0123ijas un labsaj\u016btas palielin\u0101\u0161ana: Organisma att\u012br\u012b\u0161ana sniedz j\u016btamas priek\u0161roc\u012bbas, t\u0101das k\u0101 ener\u0123ijas piepl\u016bdums, koncentr\u0113\u0161an\u0101s sp\u0113ju uzlabo\u0161an\u0101s, lab\u0101ka pa\u0161saj\u016bta un vitalit\u0101te. Toks\u012bnu izvad\u012b\u0161ana pal\u012bdz organismam darboties efekt\u012bv\u0101k un lietder\u012bg\u0101k, palielinot dz\u012bves komfortu un kvalit\u0101ti.<\/p>\n<p>Vesel\u012bga dz\u012bvesveida iniciat\u012bva: Uztura bag\u0101tin\u0101\u0161anas s\u0101kums ar organisma att\u012br\u012b\u0161anu ir sp\u0113c\u012bga iniciat\u012bva vesel\u012bga dz\u012bvesveida virzien\u0101. Tas ir pirmais solis, kas par\u0101da, ka J\u016bs r\u016bp\u0113jaties par savu organismu un esat gatavs r\u012bkoties, lai uzlabotu vesel\u012bbu un labsaj\u016btu.<\/p>\n<p>Komplekta saturs: UltraBiome DTX, \u0160\u0137idrais hlorofils, Gentle Move, DTX Basics<\/p>\n<p><span>NATURE&#8217;S SUNSHINE MUDINA VESEL\u012aGAM DZ\u012aVESVEIDAM.<\/span><br \/><span>Di\u0113tas bag\u0101tin\u0101t\u0101ji nevar b\u016bt lietoti k\u0101 diferenc\u0113tas di\u0113tas aizst\u0101j\u0113ji. Balans\u0113ta di\u0113ta un vesel\u012bgs dz\u012bvesveids ir organisma pareizas funkcion\u0113\u0161anas pamats.<\/span><\/p>\n<div><\/div>\n<\/p><\/div>\n<\/p><\/div>\n","protected":false},"excerpt":{"rendered":"<p>V\u0113laties savlaic\u012bgi r\u016bp\u0113ties par savu vesel\u012bbu un labsaj\u016btu? Iepaz\u012bstieties ar Clean Start &#8212; uztura bag\u0101tin\u0101t\u0101ju komplektu, kas izstr\u0101d\u0101ts tiem, kuri dod priek\u0161roku dabiskiem risin\u0101jumiem organisma att\u012br\u012b\u0161anai. Ar m\u016bsu uztura bag\u0101tin\u0101t\u0101ju komplektu J\u016bs visu s\u0101ksiet no baltas lapas!<\/p>\n","protected":false},"featured_media":4005,"comment_status":"open","ping_status":"closed","template":"","meta":{"_kad_blocks_custom_css":"","_kad_blocks_head_custom_js":"","_kad_blocks_body_custom_js":"","_kad_blocks_footer_custom_js":"","_kadence_starter_templates_imported_post":false,"_swpsp_post_exclude":false,"_kad_post_transparent":"","_kad_post_title":"","_kad_post_layout":"","_kad_post_sidebar_id":"","_kad_post_content_style":"","_kad_post_vertical_padding":"","_kad_post_feature":"","_kad_post_feature_position":"","_kad_post_header":false,"_kad_post_footer":false,"_kad_post_classname":""},"product_brand":[],"product_cat":[35],"product_tag":[],"class_list":{"0":"post-4304","1":"product","2":"type-product","3":"status-publish","4":"has-post-thumbnail","6":"product_cat-komplekti","8":"first","9":"instock","10":"sale","11":"taxable","12":"shipping-taxable","13":"purchasable","14":"product-type-simple","15":"entry","16":"content-bg","17":"loop-entry"},"taxonomy_info":{"product_cat":[{"value":35,"label":"Komplekti"}]},"featured_image_src_large":["https:\/\/veselibasskola.lv\/wp-content\/uploads\/2025\/11\/1b78121675b3a7283a970218b065c2fd-1024x1024.png",1024,1024,true],"author_info":[],"comment_info":0,"_links":{"self":[{"href":"https:\/\/veselibasskola.lv\/ru\/wp-json\/wp\/v2\/product\/4304","targetHints":{"allow":["GET"]}}],"collection":[{"href":"https:\/\/veselibasskola.lv\/ru\/wp-json\/wp\/v2\/product"}],"about":[{"href":"https:\/\/veselibasskola.lv\/ru\/wp-json\/wp\/v2\/types\/product"}],"replies":[{"embeddable":true,"href":"https:\/\/veselibasskola.lv\/ru\/wp-json\/wp\/v2\/comments?post=4304"}],"wp:featuredmedia":[{"embeddable":true,"href":"https:\/\/veselibasskola.lv\/ru\/wp-json\/wp\/v2\/media\/4005"}],"wp:attachment":[{"href":"https:\/\/veselibasskola.lv\/ru\/wp-json\/wp\/v2\/media?parent=4304"}],"wp:term":[{"taxonomy":"product_brand","embeddable":true,"href":"https:\/\/veselibasskola.lv\/ru\/wp-json\/wp\/v2\/product_brand?post=4304"},{"taxonomy":"product_cat","embeddable":true,"href":"https:\/\/veselibasskola.lv\/ru\/wp-json\/wp\/v2\/product_cat?post=4304"},{"taxonomy":"product_tag","embeddable":true,"href":"https:\/\/veselibasskola.lv\/ru\/wp-json\/wp\/v2\/product_tag?post=4304"}],"curies":[{"name":"wp","href":"https:\/\/api.w.org\/{rel}","templated":true}]}}