{"id":4305,"date":"2026-02-19T19:44:29","date_gmt":"2026-02-19T17:44:29","guid":{"rendered":"https:\/\/veselibasskola.lv\/?post_type=product&#038;p=4305"},"modified":"2026-02-19T19:44:34","modified_gmt":"2026-02-19T17:44:34","slug":"balinasanas-sejas-maska-pelnruskites-efekts-50-ml","status":"publish","type":"product","link":"https:\/\/veselibasskola.lv\/ru\/p\/balinasanas-sejas-maska-pelnruskites-efekts-50-ml\/","title":{"rendered":"Balin\u0101\u0161anas Sejas Maska \u201cPelnru\u0161\u0137\u012btes efekts\u201d (50 ml)"},"content":{"rendered":"\n<div>\n<div>\n<p><span><strong><span>Kr\u0113mveida maska, kas pie\u0161\u0137ir sp\u012bdumu j\u016bsu \u0101dai.<\/span><span>\u00a0<\/span><\/strong><\/span><strong><span>T\u016bl\u012bt\u0113ja mitrin\u0101\u0161ana un gludums.<\/span><\/strong><\/p>\n<p><strong><span>\u00a0<\/span><\/strong><\/p>\n<p><strong><span>\u00a0<\/span><\/strong><\/p>\n<p><span>\u00a0<\/span><\/p>\n<p>\u00a0<\/p>\n<p><span>\u201cPelnru\u0161\u0137\u012btes efekts\u201d maska nekav\u0113joties dos \u0101dai vitalit\u0101ti un pie\u0161\u0137ir tai sp\u012bdumu! No\u0146em noveco\u0161an\u0101s paz\u012bmes, seja izskat\u0101s<\/span> <span><span>atp\u016btusies. Sejas kr\u0101sa atg\u016bst sp\u012bdumu. Maskas pamatne ir Haberlea rhodopensis lapu ekstrakts, nodro\u0161inot vienotu \u0101das strukt\u016bru. Turkl\u0101t produkts satur augu izcelsmes skval\u0113nu, kas paz\u012bstams ar sav\u0101m m\u012bkstino\u0161aj\u0101m \u012bpa\u0161\u012bb\u0101m, \u012bpa\u0161i piem\u0113rots jut\u012bgai un sausai \u0101dai. Maska ir lielisks ener\u0123ijas avots radik\u0101lai dehidrat\u0101cijas mai\u0146ai un \u0101das spo\u017euma tr\u016bkumam, pie\u0161\u0137ir \u0101dai pat\u012bkamu priek<\/span>u.<\/span><\/p>\n<p><span>\u00a0<\/span><\/p>\n<p><span>\u00a0<\/span><\/p>\n<p><span><span>M\u012bksta un maiga. Bag\u0101ta. Z\u012bdaina.<\/span><\/span><\/p>\n<p><span><span>\u00a0<\/span><\/span><\/p>\n<p><span><span>Iedarb\u012bba:<\/span><\/span><\/p>\n<ul>\n<li><span><span>t\u016bl\u012bt\u0113js vizu\u0101lais efekts<\/span><\/span><\/li>\n<li><span><span>mitrina un pie\u0161\u0137ir \u0101dai sp\u012bdumu<\/span><\/span><\/li>\n<li><span><span>atjauno<\/span><\/span><\/li>\n<li><span><span>balina<\/span><\/span><\/li>\n<li><span><span>antioksidants un noveco\u0161an\u0101s aizsardz\u012bba<\/span><\/span><\/li>\n<li><span><span>c\u012bn\u0101s pret noguruma paz\u012bm\u0113m<\/span><\/span><\/li>\n<\/ul>\n<p><span><span>\u00a0<\/span><\/span><\/p>\n<p><span><span>Galven\u0101s akt\u012bv\u0101s sast\u0101vda\u013cas:<\/span><\/span><\/p>\n<p><strong>Karit\u0113 sviests<\/strong><\/p>\n<p><span><span>m\u012bkstina, mitrina un atjauno \u0101das aizsargfunkcijas.\u00a0<\/span><\/span><span>Pretgrumbu \u012bpa\u0161\u012bbas, uzlabo \u0101das elast\u012bbu.\u00a0<\/span><span>Bag\u0101ts ar \u0415 vitam\u012bnu \u2014 zin\u0101mu antioksidantu, \u201cjaun\u012bbas vitam\u012bnu\u201d.<\/span><\/p>\n<p><strong>Skval\u0113ns<\/strong><\/p>\n<p><span><span>\u201c\u0101das sargs\u201d, atjauno lip\u012bdu sl\u0101ni uz \u0101das virsmas, akt\u012bvi mitrina. Atjaunojo\u0161a e\u013c\u013ca, e\u013c\u013ca bez e\u013c\u013cas, sk\u0101bek\u013ca vitam\u012bns \u2013 tas viss ir skval\u0113ns.<\/span><\/span><\/p>\n<p><strong>R\u012bsu e\u013c\u013ca<\/strong><\/p>\n<p><span><span>dz\u012b\u0161anas sast\u0101vda\u013ca sausas un nobriedu\u0161as \u0101das apr\u016bpei. R\u012bsu e\u013c\u013ca ir dabisks antioksidants. Mitrina, dzi\u013ci baro un nomierina \u0101du.<\/span><\/span><\/p>\n<p><strong>Gran\u0101t\u0101bolu s\u0113klu e\u013c\u013ca<\/strong><\/p>\n<p><span><span>m\u012b\u013c\u0101k\u0101 sast\u0101vda\u013ca nobriedu\u0161ai \u0101dai. Baro, mitrina, ar antioksidantu \u012bpa\u0161\u012bb\u0101m.<\/span><\/span><\/p>\n<p><strong>R\u012bsu ciete<\/strong><\/p>\n<p><span><span>piem\u0113rota jut\u012bgai \u0101dai, pie\u0161\u0137ir \u0101dai mat\u0113tu virsmu un vienm\u0113r\u012bgu kr\u0101su.<\/span><\/span><\/p>\n<p><strong>Haberlea rhodopensis lapu ekstrakts<\/strong><\/p>\n<p><span><span>bag\u0101ts ar antioksidantiem. Stimul\u0113 kolag\u0113na un elast\u012bna ra\u017eo\u0161anu. Aizsarg\u0101 \u0101das prote\u012bnus pret oksid\u0101ciju. Sp\u012bd un stimul\u0113 \u0101du, pie\u0161\u0137ir tai sp\u012bdumu.<\/span><\/span><\/p>\n<p><strong>Glicer\u012bns<\/strong><\/p>\n<p><span><span>veido mitru aizsargsl\u0101ni uz epidermas virsmas, baro \u0101du un nov\u0113r\u0161 mitruma zudumu. Atjauno elast\u012bbu, maigumu un gludumu.<\/span><\/span><\/p>\n<p><span>\u00a0<\/span><\/p>\n<p><span>Priek\u0161roc\u012bbas: bez parab\u0113niem, paraf\u012bnu, formaldeh\u012bda, kr\u0101sviel\u0101m, silikoniem un alkohola.<\/span><\/p>\n<p><span><span>\u00a0<\/span><\/span><\/p>\n<p><span><span>Lieto\u0161ana: uzkl\u0101jiet uz sejas un kakla. Atst\u0101jiet uz 10-15 min\u016bt\u0113m, l\u012bdz piln\u012bb\u0101 uzs\u016bcas. Ja nepiecie\u0161ams, atlikumu iz\u0146em ar sausu audu vai dvieli.\u00a0\u00a0<\/span><\/span><span>Nemazg\u0101jiet. Uzkl\u0101jiet 1-2 reizes ned\u0113\u013c\u0101 dienas kr\u0113juma viet\u0101 vai pirms t\u0101 lieto\u0161anas (pati \u0101da jums pateiks, ja ir nepiecie\u0161ama papildu mitrin\u0101\u0161ana) r\u012bt\u0101, kad j\u016bs v\u0113laties, lai b\u016btu lielisks izskats.<\/span><\/p>\n<p><span>\u00a0<\/span><\/p>\n<p><span><span>Efekts: vesel\u012bga un starojo\u0161a, main\u012bta, gluda un stingra \u0101da. T\u016bl\u012bt\u0113js efekts!<\/span><\/span><\/p>\n<hr\/>\n<p><span>Ingredients: aqua, butyrospermum parkii butter, isopentyldiol, glycerin, benzyl alcohol, hydroxyethyl acrylate\/sodium acryloyldimethyl taurate copolymer, squalane, PEG-100 stearate, glyceryl stearate, oryza sativa starch, punica granatum seed oil, oryza sativa bran oil, caprylyl glycol, ethylhexylglycerin, parfum, polysorbate 60, lactic acid, sorbitan isostearate, sodium hydroxide, haberlea rhodopensis leaf extract, dehydroacetic acid, tocopherol.<\/span><span><span><br \/><\/span><\/span><\/p>\n<div>\u00a0<\/div>\n<div><\/div>\n<\/p><\/div>\n<\/p><\/div>\n","protected":false},"excerpt":{"rendered":"<p>\u201cPelnru\u0161\u0137\u012btes efekts\u201d maska nekav\u0113joties dos \u0101dai vitalit\u0101ti un pie\u0161\u0137ir tai sp\u012bdumu! No\u0146em noveco\u0161an\u0101s paz\u012bmes, seja izskat\u0101s atp\u016btusies. Sejas kr\u0101sa atg\u016bst sp\u012bdumu. Maskas pamatne ir Haberlea rhodopensis lapu ekstrakts, nodro\u0161inot vienotu \u0101das strukt\u016bru. Turkl\u0101t produkts satur augu izcelsmes skval\u0113nu, kas paz\u012bstams ar sav\u0101m m\u012bkstino\u0161aj\u0101m \u012bpa\u0161\u012bb\u0101m, \u012bpa\u0161i piem\u0113rots jut\u012bgai un sausai \u0101dai. Maska ir lielisks ener\u0123ijas avots radik\u0101lai dehidrat\u0101cijas mai\u0146ai un \u0101das spo\u017euma tr\u016bkumam, pie\u0161\u0137ir \u0101dai pat\u012bkamu prieku.<\/p>\n","protected":false},"featured_media":4161,"comment_status":"open","ping_status":"closed","template":"","meta":{"_kad_blocks_custom_css":"","_kad_blocks_head_custom_js":"","_kad_blocks_body_custom_js":"","_kad_blocks_footer_custom_js":"","_kadence_starter_templates_imported_post":false,"_swpsp_post_exclude":false,"_kad_post_transparent":"","_kad_post_title":"","_kad_post_layout":"","_kad_post_sidebar_id":"","_kad_post_content_style":"","_kad_post_vertical_padding":"","_kad_post_feature":"","_kad_post_feature_position":"","_kad_post_header":false,"_kad_post_footer":false,"_kad_post_classname":""},"product_brand":[],"product_cat":[43],"product_tag":[],"class_list":{"0":"post-4305","1":"product","2":"type-product","3":"status-publish","4":"has-post-thumbnail","6":"product_cat-bremani-care","8":"first","9":"instock","10":"sale","11":"taxable","12":"shipping-taxable","13":"purchasable","14":"product-type-simple","15":"entry","16":"content-bg","17":"loop-entry"},"taxonomy_info":{"product_cat":[{"value":43,"label":"BREMANI CARE"}]},"featured_image_src_large":["https:\/\/veselibasskola.lv\/wp-content\/uploads\/2026\/02\/68af883707987ebf3a7756febf6b5672.png",470,470,false],"author_info":[],"comment_info":0,"_links":{"self":[{"href":"https:\/\/veselibasskola.lv\/ru\/wp-json\/wp\/v2\/product\/4305","targetHints":{"allow":["GET"]}}],"collection":[{"href":"https:\/\/veselibasskola.lv\/ru\/wp-json\/wp\/v2\/product"}],"about":[{"href":"https:\/\/veselibasskola.lv\/ru\/wp-json\/wp\/v2\/types\/product"}],"replies":[{"embeddable":true,"href":"https:\/\/veselibasskola.lv\/ru\/wp-json\/wp\/v2\/comments?post=4305"}],"wp:featuredmedia":[{"embeddable":true,"href":"https:\/\/veselibasskola.lv\/ru\/wp-json\/wp\/v2\/media\/4161"}],"wp:attachment":[{"href":"https:\/\/veselibasskola.lv\/ru\/wp-json\/wp\/v2\/media?parent=4305"}],"wp:term":[{"taxonomy":"product_brand","embeddable":true,"href":"https:\/\/veselibasskola.lv\/ru\/wp-json\/wp\/v2\/product_brand?post=4305"},{"taxonomy":"product_cat","embeddable":true,"href":"https:\/\/veselibasskola.lv\/ru\/wp-json\/wp\/v2\/product_cat?post=4305"},{"taxonomy":"product_tag","embeddable":true,"href":"https:\/\/veselibasskola.lv\/ru\/wp-json\/wp\/v2\/product_tag?post=4305"}],"curies":[{"name":"wp","href":"https:\/\/api.w.org\/{rel}","templated":true}]}}