{"id":4306,"date":"2026-02-19T19:44:29","date_gmt":"2026-02-19T17:44:29","guid":{"rendered":"https:\/\/veselibasskola.lv\/?post_type=product&#038;p=4306"},"modified":"2026-02-19T19:44:34","modified_gmt":"2026-02-19T17:44:34","slug":"vitamins-d3-60-tabl","status":"publish","type":"product","link":"https:\/\/veselibasskola.lv\/ru\/p\/vitamins-d3-60-tabl\/","title":{"rendered":"VITAM\u012aNS D3 (60 tabl.)"},"content":{"rendered":"\n<div>\n<div>\n<h2><span><strong>VITAM\u012aNS D3 <\/strong><\/span><\/h2>\n<p>DI\u0112TAS BAG\u0100TIN\u0100T\u0100JS<\/p>\n<p><span>\u2022<\/span> 60 TABLETES PA 665 mg<\/p>\n<hr\/>\n<p>Dz\u012bves vitam\u012bns, kas stipri ietekm\u0113 uz j\u016bsu organisma funkcion\u0113\u0161anu. J\u016bs varat to pa\u0161i izveidot, bet tikai ar saules gaismas pal\u012bdz\u012bbu. Vitam\u012bns D veidojas \u0101d\u0101 zem saules staru ietekmes. M\u016bsu \u0123eogr\u0101fisk\u0101 platum\u0101 visstipr\u0101k\u0101 saules staru ietekme ir pavasar\u012b un vasar\u0101, bet rudens un ziemas laik\u0101 t\u0101 ir v\u0101j\u0101ka, papildus sedzam \u0101du ar ap\u0123\u0113rbiem, sarg\u0101joties no aukstuma. Attiec\u012bga D vitam\u012bna l\u012bme\u0146a saglab\u0101\u0161ana ir \u013coti svar\u012bga kaulu un musku\u013cu vesel\u012bbai. Vitam\u012bns D \u0146em dal\u012bbu ar\u012b \u0161\u016bnu sadal\u012b\u0161anas proces\u0101 un ir labv\u0113l\u012bga organisma imunit\u0101tei. Vislab\u0101kais D vitam\u012bna avots ir ol\u0101s, ziv\u012bs, govju pien\u0101 un sier\u0101.<\/p>\n<p>SAST\u0100VS:<br \/> Pretsalipes viela: kalcija fosf\u0101ti; pild\u012bt\u0101js: celuloze;<br \/>pretsalipes viela: tauksk\u0101bes; vitam\u012bns D3 (holekalciferols); emulgators: tauksk\u0101bju magnija s\u0101\u013ci.<\/br><\/br><\/p>\n<p>IETEICAMA PORCIJA DIENAS LIETO\u0160ANAI:<br \/>1 tablete dien\u0101 \u0113diena laik\u0101<br \/>Nep\u0101rsniegt ieteicamo dienas dozi.<\/br><\/br><\/p>\n<p>SVAR\u012aGAS SAST\u0100VDA\u013bAS:<br \/>Saturs ieteicam\u0101 porcij\u0101 (1 tabl.):<br \/>Vitam\u012bns D3 &#8230;&#8230;&#8230;&#8230;&#8230;&#8230;&#8230;.. 50 \u03bcg* \/ 1000%IDD*<br \/>*IDD &#8212; ieteicam\u0101s diennakts devas<\/p>\n<p>GLAB\u0100\u0160ANA:<\/p>\n<p>Glab\u0101t saus\u0101 un v\u0113s\u0101, b\u0113rniem nepieejam\u0101 viet\u0101.<\/p>\n<hr\/>\n<p>VITAM\u012aNS D3<\/p>\n<p>\u2022 pal\u012bdz pareizi absorb\u0113t kalciju un fosforu<\/p>\n<p>\u2022 pal\u012bdz saglab\u0101t attiec\u012bgu kalcija l\u012bmeni asin\u012b<br \/>\u2022 pal\u012bdz pareizi funkcion\u0113t im\u016bnsist\u0113mai<br \/>\u2022 pal\u012bdz pareizi funkcion\u0113t musku\u013ciem<br \/>\u2022 pal\u012bdz saglab\u0101t kaulus vesel\u012bb\u0101<br \/>\u2022 pal\u012bdz saglab\u0101t veselus zobus<\/p>\n<p>Vai Jums ir nepiecie\u0161ama D3 vitam\u012bna l\u012bme\u0146a uzlabo\u0161ana?<\/p>\n<p>D vitam\u012bna tr\u016bkuma galvenie iemesli ir neliels saulainu dienu skaits gad\u0101, aizsardz\u012bbas filtru lieto\u0161ana sau\u013co\u0161anas laik\u0101 (filtru nelieto\u0161ana nav ieteicama), laika pavad\u012b\u0161ana sl\u0113gt\u0101s telp\u0101s un, protams, di\u0113ta.<br \/>Atbild\u0113jiet uz sekojo\u0161iem jaut\u0101jumiem. Ja pat viena no atbild\u0113m ir pozit\u012bva, ieteicam padom\u0101t par D vitam\u012bna l\u012bme\u0146a palielin\u0101\u0161anu.<\/p>\n<p>\u2022 Vai j\u016bsu uztur\u0101 ir pietiekami daudz produktu, bag\u0101tu ar D vitam\u012bnu (taukainas zivis, olas, siers)?<br \/>\u2022 Vai j\u016bs lietojat pretsaules filtrus?<br \/>\u2022 Vair\u0101k\u0101s dien\u0101s j\u016bs pavad\u0101t biroj\u0101, m\u0101j\u0101 vai cit\u0101s sl\u0113gt\u0101s telp\u0101s?<\/p>\n<p>Vai J\u016bs ziniet, ka&#8230;<br \/>Vitam\u012bns D pal\u012bdz samazin\u0101t risku, savienotu ar fig\u016bras nestabilit\u0101ti un musku\u013cu v\u0101jin\u0101\u0161anu. Kri\u0161ana ir kaulu salau\u0161anas riska faktors v\u012brie\u0161iem un sieviet\u0113m 60 gadu vecum\u0101 un vec\u0101kiem.*<\/p>\n<p>*Darb\u012bba nov\u0113rota ar D vitam\u012bna dienas dozi 20 \u03bcg, no visiem avotiem.<\/p>\n<hr\/>\n<p>\u00a0<\/p>\n<div><\/div>\n<\/p><\/div>\n<\/p><\/div>\n","protected":false},"excerpt":{"rendered":"<p>Dz\u012bves vitam\u012bns, kas stipri ietekm\u0113 uz j\u016bsu organisma funkcion\u0113\u0161anu. J\u016bs varat to pa\u0161i izveidot, bet tikai ar saules gaismas pal\u012bdz\u012bbu. Vitam\u012bns D veidojas \u0101d\u0101 zem saules staru ietekmes. M\u016bsu \u0123eogr\u0101fisk\u0101 platum\u0101 visstipr\u0101k\u0101 saules staru ietekme ir pavasar\u012b un vasar\u0101, bet rudens un ziemas laik\u0101 t\u0101 ir v\u0101j\u0101ka, papildus sedzam \u0101du ar ap\u0123\u0113rbiem, sarg\u0101joties no aukstuma. Attiec\u012bga D vitam\u012bna l\u012bme\u0146a saglab\u0101\u0161ana ir \u013coti svar\u012bga kaulu un musku\u013cu vesel\u012bbai. Vitam\u012bns D \u0146em dal\u012bbu ar\u012b \u0161\u016bnu sadal\u012b\u0161anas proces\u0101 un ir labv\u0113l\u012bga organisma imunit\u0101tei. Vislab\u0101kais D vitam\u012bna avots ir ol\u0101s, ziv\u012bs, govju pien\u0101 un sier\u0101.<\/p>\n","protected":false},"featured_media":3995,"comment_status":"open","ping_status":"closed","template":"","meta":{"_kad_blocks_custom_css":"","_kad_blocks_head_custom_js":"","_kad_blocks_body_custom_js":"","_kad_blocks_footer_custom_js":"","_kadence_starter_templates_imported_post":false,"_swpsp_post_exclude":false,"_kad_post_transparent":"","_kad_post_title":"","_kad_post_layout":"","_kad_post_sidebar_id":"","_kad_post_content_style":"","_kad_post_vertical_padding":"","_kad_post_feature":"","_kad_post_feature_position":"","_kad_post_header":false,"_kad_post_footer":false,"_kad_post_classname":""},"product_brand":[],"product_cat":[36,42],"product_tag":[],"class_list":{"0":"post-4306","1":"product","2":"type-product","3":"status-publish","4":"has-post-thumbnail","6":"product_cat-dietiskas-piedevas","7":"product_cat-imunsistema","9":"first","10":"instock","11":"sale","12":"taxable","13":"shipping-taxable","14":"purchasable","15":"product-type-simple","16":"entry","17":"content-bg","18":"loop-entry"},"taxonomy_info":{"product_cat":[{"value":36,"label":"Di\u0113tisk\u0101s piedevas"},{"value":42,"label":"Im\u016bnsist\u0113ma"}]},"featured_image_src_large":["https:\/\/veselibasskola.lv\/wp-content\/uploads\/2025\/11\/4181dd97108e04e87cc70744272f8bae-1024x1024.png",1024,1024,true],"author_info":[],"comment_info":0,"_links":{"self":[{"href":"https:\/\/veselibasskola.lv\/ru\/wp-json\/wp\/v2\/product\/4306","targetHints":{"allow":["GET"]}}],"collection":[{"href":"https:\/\/veselibasskola.lv\/ru\/wp-json\/wp\/v2\/product"}],"about":[{"href":"https:\/\/veselibasskola.lv\/ru\/wp-json\/wp\/v2\/types\/product"}],"replies":[{"embeddable":true,"href":"https:\/\/veselibasskola.lv\/ru\/wp-json\/wp\/v2\/comments?post=4306"}],"wp:featuredmedia":[{"embeddable":true,"href":"https:\/\/veselibasskola.lv\/ru\/wp-json\/wp\/v2\/media\/3995"}],"wp:attachment":[{"href":"https:\/\/veselibasskola.lv\/ru\/wp-json\/wp\/v2\/media?parent=4306"}],"wp:term":[{"taxonomy":"product_brand","embeddable":true,"href":"https:\/\/veselibasskola.lv\/ru\/wp-json\/wp\/v2\/product_brand?post=4306"},{"taxonomy":"product_cat","embeddable":true,"href":"https:\/\/veselibasskola.lv\/ru\/wp-json\/wp\/v2\/product_cat?post=4306"},{"taxonomy":"product_tag","embeddable":true,"href":"https:\/\/veselibasskola.lv\/ru\/wp-json\/wp\/v2\/product_tag?post=4306"}],"curies":[{"name":"wp","href":"https:\/\/api.w.org\/{rel}","templated":true}]}}