{"id":4307,"date":"2026-02-19T19:44:29","date_gmt":"2026-02-19T17:44:29","guid":{"rendered":"https:\/\/veselibasskola.lv\/?post_type=product&#038;p=4307"},"modified":"2026-02-19T19:44:34","modified_gmt":"2026-02-19T17:44:34","slug":"beauty-komplekts","status":"publish","type":"product","link":"https:\/\/veselibasskola.lv\/ru\/p\/beauty-komplekts\/","title":{"rendered":"Beauty Komplekts"},"content":{"rendered":"\n<div>\n<div>\n<p>Vesel\u012bbai un skaistumam<\/p>\n<p>M\u0113s ne\u0161aub\u012bgi zin\u0101m, ka patiesais skaistums n\u0101k no iek\u0161ienes un liel\u0101 m\u0113r\u0101 ir atkar\u012bgs no j\u016bsu vesel\u012bbas. Run\u0101jot par vesel\u012bgu un gludu \u0101du, mirdzo\u0161iem matiem un sp\u0113c\u012bgiem, skaistiem nagiem, m\u0113s bie\u017ei dom\u0101jam par da\u017e\u0101du veidu kosm\u0113tiku un skaistumkop\u0161anas proced\u016br\u0101m. Ta\u010du viss, kas vajadz\u012bgs m\u016bsu \u0101dai, matiem un nagiem, ir pareiza baro\u0161ana no iek\u0161ienes un atbalsts \u0137erme\u0146a lieliskas vesel\u012bbas form\u0101.\u00a0<\/p>\n<hr\/>\n<p>Skaistums n\u0101k no iek\u0161ienes!\u00a0<\/p>\n<p>Produkts <strong>Kolag\u0113ns<\/strong> ir m\u016bsu klientu absol\u016btais favor\u012bts. Vi\u0146i to izv\u0113las, lai uztur\u0113tu savu \u0101du skaistu un ilg\u0101k saglab\u0101tu jaun\u012bbu. Katr\u0101 produkta dev\u0101 ir 17 g kolag\u0113na pept\u012bdu. Ar \u0161\u0101du devu m\u016bsu produktam Kolag\u0113ns nav konkurentu.\u00a0<\/p>\n<p>M\u0113s sasaist\u0101m cinku ar skaistu un vesel\u012bgu \u0101du, k\u0101 ar\u012b ar mirdzo\u0161iem matiem un sp\u012bd\u012bgiem nagiem. Un t\u0101 ar\u012b ir, ta\u010du <strong>Cinks ALT<\/strong> sast\u0101v\u0101 ir ar\u012b br\u016bn\u0101s j\u016brasz\u0101les, kas pal\u012bdz nodro\u0161in\u0101t pareizu svaru.\u00a0\u00a0<\/p>\n<p>Antioksidanti \u2013 j\u016bs noteikti zin\u0101t, cik liela ir to ietekme uz m\u016bsu vesel\u012bbu. C\u012bnoties ar br\u012bvajiem radik\u0101\u013ciem, kas ir atbild\u012bgi par noveco\u0161an\u0101s procesu, antioksidanti ir ar\u012b nenov\u0113rt\u0113jams sabiedrotais skaistuma uztur\u0113\u0161an\u0101. Komplekts Beauty nodro\u0161ina antioksidantu tr\u012bsk\u0101r\u0161u jaudu ar produktiem <strong>Zambroza<\/strong>, <strong>Grapin<\/strong>, <strong>Antioksidanti <\/strong>un <strong>C vitam\u012bns<\/strong>.\u00a0<\/p>\n<p><strong>C vitam\u012bns<\/strong> komplekt\u0101 ie\u0146em \u012bpa\u0161u lomu. Tas ir ne tikai sp\u0113c\u012bgs antioksidants, bet ar\u012b nodro\u0161ina atbalstu kolag\u0113na ra\u017eo\u0161anai, kas ir nepiecie\u0161ams vesel\u012bgai \u0101dai.<\/p>\n<p><strong>Alvejas sula<\/strong> ar\u012b ir viens no m\u016bsu klientu iecien\u012bt\u0101kajiem produktiem. Tas pozit\u012bvi ietekm\u0113 sievie\u0161u dzimumorg\u0101nus un regul\u0113 menstru\u0101lo ciklu. Vesel\u012bgas \u0101das uztur\u0113\u0161ana ir ar\u012b viena no t\u0101s labaj\u0101m \u012bpa\u0161\u012bb\u0101m.\u00a0<\/p>\n<p><strong>Super Complex <\/strong>ir mums ikdien\u0101 nepiecie\u0161amo vitam\u012bnu un miner\u0101lvielu kopums. Tas ir ar\u012b antioksidantu, piem\u0113ram, vitam\u012bnu C un E un sel\u0113na, avots.\u00a0<\/p>\n<hr\/>\n<p><strong>Komplekts ietver:\u00a0<\/strong><\/p>\n<p>Kolag\u0113ns<br \/>Cinks ALT<br \/>Grapin un antioksidanti<br \/>Alvejas sula<br \/>C vitam\u012bns ar bioflavono\u012bdiem<br \/>Super Complex<br \/>Zambroza<\/br><\/br><\/br><\/br><\/p>\n<hr\/>\n<p><strong>Ieteicam\u0101 lieto\u0161ana:\u00a0<br \/><\/strong>Visus komplekt\u0101 iek\u013cautos produktus lietojiet saska\u0146\u0101 ar nor\u0101d\u0113m uz eti\u0137et\u0113m.\u00a0<\/p>\n<hr\/>\n<p><span><strong>AKCIJA!<br \/><\/strong><\/span><strong>Ieg\u0101d\u0101joties komplektu Optimum, sa\u0146emiet 25% atlaidi jebkuram Bremani Care kosm\u0113tikas produktam.<\/strong><\/p>\n<hr\/>\n<p><span><em>Uztura bag\u0101tin\u0101t\u0101jus nav paredz\u0113ts lietot pilnv\u0113rt\u012bga uztura aizst\u0101\u0161anai. Sabalans\u0113ts uzturs un vesel\u012bgs dz\u012bvesveids ir vesel\u012bga \u0137erme\u0146a pamats.<\/em><\/span><\/p>\n<p><\/p>\n<div><\/div>\n<\/p><\/div>\n<\/p><\/div>\n","protected":false},"excerpt":{"rendered":"<p>Vesel\u012bbai un skaistumam M\u0113s ne\u0161aub\u012bgi zin\u0101m, ka patiesais skaistums n\u0101k no iek\u0161ienes un liel\u0101 m\u0113r\u0101 ir atkar\u012bgs no j\u016bsu vesel\u012bbas. Run\u0101jot par vesel\u012bgu un gludu \u0101du, mirdzo\u0161iem matiem un sp\u0113c\u012bgiem, skaistiem nagiem, m\u0113s bie\u017ei dom\u0101jam par da\u017e\u0101du veidu kosm\u0113tiku un skaistumkop\u0161anas proced\u016br\u0101m. Ta\u010du viss, kas vajadz\u012bgs m\u016bsu \u0101dai, matiem un nagiem, ir pareiza baro\u0161ana no&#8230;<\/p>\n","protected":false},"featured_media":3978,"comment_status":"open","ping_status":"closed","template":"","meta":{"_kad_blocks_custom_css":"","_kad_blocks_head_custom_js":"","_kad_blocks_body_custom_js":"","_kad_blocks_footer_custom_js":"","_kadence_starter_templates_imported_post":false,"_swpsp_post_exclude":false,"_kad_post_transparent":"","_kad_post_title":"","_kad_post_layout":"","_kad_post_sidebar_id":"","_kad_post_content_style":"","_kad_post_vertical_padding":"","_kad_post_feature":"","_kad_post_feature_position":"","_kad_post_header":false,"_kad_post_footer":false,"_kad_post_classname":""},"product_brand":[],"product_cat":[35],"product_tag":[],"class_list":{"0":"post-4307","1":"product","2":"type-product","3":"status-publish","4":"has-post-thumbnail","6":"product_cat-komplekti","8":"first","9":"instock","10":"sale","11":"taxable","12":"shipping-taxable","13":"purchasable","14":"product-type-simple","15":"entry","16":"content-bg","17":"loop-entry"},"taxonomy_info":{"product_cat":[{"value":35,"label":"Komplekti"}]},"featured_image_src_large":["https:\/\/veselibasskola.lv\/wp-content\/uploads\/2025\/11\/b74792cfb885af3c06fda9d0d11af140-1024x1024.png",1024,1024,true],"author_info":[],"comment_info":0,"_links":{"self":[{"href":"https:\/\/veselibasskola.lv\/ru\/wp-json\/wp\/v2\/product\/4307","targetHints":{"allow":["GET"]}}],"collection":[{"href":"https:\/\/veselibasskola.lv\/ru\/wp-json\/wp\/v2\/product"}],"about":[{"href":"https:\/\/veselibasskola.lv\/ru\/wp-json\/wp\/v2\/types\/product"}],"replies":[{"embeddable":true,"href":"https:\/\/veselibasskola.lv\/ru\/wp-json\/wp\/v2\/comments?post=4307"}],"wp:featuredmedia":[{"embeddable":true,"href":"https:\/\/veselibasskola.lv\/ru\/wp-json\/wp\/v2\/media\/3978"}],"wp:attachment":[{"href":"https:\/\/veselibasskola.lv\/ru\/wp-json\/wp\/v2\/media?parent=4307"}],"wp:term":[{"taxonomy":"product_brand","embeddable":true,"href":"https:\/\/veselibasskola.lv\/ru\/wp-json\/wp\/v2\/product_brand?post=4307"},{"taxonomy":"product_cat","embeddable":true,"href":"https:\/\/veselibasskola.lv\/ru\/wp-json\/wp\/v2\/product_cat?post=4307"},{"taxonomy":"product_tag","embeddable":true,"href":"https:\/\/veselibasskola.lv\/ru\/wp-json\/wp\/v2\/product_tag?post=4307"}],"curies":[{"name":"wp","href":"https:\/\/api.w.org\/{rel}","templated":true}]}}