{"id":4308,"date":"2026-02-19T19:44:29","date_gmt":"2026-02-19T17:44:29","guid":{"rendered":"https:\/\/veselibasskola.lv\/?post_type=product&#038;p=4308"},"modified":"2026-02-19T19:44:34","modified_gmt":"2026-02-19T17:44:34","slug":"mitrinosais-sejas-krems-spf15-50-ml","status":"publish","type":"product","link":"https:\/\/veselibasskola.lv\/ru\/p\/mitrinosais-sejas-krems-spf15-50-ml\/","title":{"rendered":"Mitrino\u0161ais Sejas Kr\u0113ms Spf15 (50 ml)"},"content":{"rendered":"\n<div>\n<div>\n<p><span><strong><span>Atjaunojo\u0161ais un mitrino\u0161ais univers\u0101ls kr\u0113ms.<\/span><span>\u00a0<\/span><\/strong><\/span><strong><span>Ilgsto\u0161a mitrin\u0101\u0161ana (diena\/nakts). Ide\u0101ls grima pamats, \u0101tri uzs\u016bcas, ilgu laiku padara \u0101du svaigu un z\u012bdainu.<\/span><\/strong><\/p>\n<p><strong><span>\u00a0<\/span><\/strong><\/p>\n<p><strong><span>\u00a0<\/span><\/strong><\/p>\n<p><span>Kr\u0113ms ir bag\u0101tin\u0101ts ar akt\u012bvu Mega Moisturizer Active kompleksu, balst\u012bts uz aminosk\u0101b\u0113m (prol\u012bna, alan\u012bna, ser\u012bna) un ferment\u0101cijas ekstraktu Pseudoalteromonas, kas<\/span> <span><span>samazina \u016bdens iztvaiko\u0161anu no dzi\u013c\u0101kiem epidermas sl\u0101\u0146iem un atjauno \u0101du. Nodro\u0161ina skaidru mitrin\u0101\u0161anu un lielu univers\u0101lu apr\u016bpi. Akt\u012bvajai sast\u0101vda\u013cai, kas ieg\u016bta no roz\u0101 pipariem, ir att\u012br\u012b\u0161anas funkcija.<\/span><\/span><\/p>\n<p><span><span>\u00a0<\/span><\/span><\/p>\n<p><span>Grezna kr\u0113mveida tekst\u016bra. Viegli izplat\u0101ms un \u0101tri uzs\u016bcas, neatst\u0101j taukainu pl\u0113vi.<\/span><\/p>\n<p><span><span>\u00a0<\/span><\/span><\/p>\n<p><span><span>Iedarb\u012bba:<\/span><\/span><\/p>\n<ul>\n<li><span><span>ilgsto\u0161a mitrin\u0101\u0161ana <\/span><\/span><\/li>\n<li><span><span>atsvaidzin\u0101\u0161ana<\/span><\/span><\/li>\n<li><span><span>univers\u0101la apr\u016bpe un pretnoveco\u0161an\u0101s profilakse <\/span><\/span><\/li>\n<li><span><span>re\u0123ener\u0101cija<\/span><\/span><\/li>\n<li><span><span>aizsardz\u012bba pret saules gaismu<\/span><\/span><\/li>\n<li><span><span>balin\u0101\u0161ana<\/span><\/span><\/li>\n<\/ul>\n<p><span><span>\u00a0<\/span><\/span><\/p>\n<p><span><span>Galven\u0101s akt\u012bv\u0101s sast\u0101vda\u013cas:<\/span><\/span><\/p>\n<p><strong>Hialuronsk\u0101be<\/strong><span>\u00a0<\/span><\/p>\n<p><span><span>pateicoties savai saisto\u0161ajai un notur\u012bgajai kapacit\u0101tei, darbojas k\u0101 tie\u0161a mitrino\u0161a viela, kas nodro\u0161ina \u016bdeni raga sl\u0101nim, k\u0101 ar\u012b starpposma mitrin\u0101t\u0101js, izveidojot sl\u0101ni, lai nov\u0113rstu mitruma iztvaiko\u0161anu. \u0100da ilgu laiku tiek mitrin\u0101ta.<\/span><\/span><\/p>\n<p><span><span><strong>Sau\u013co\u0161an\u0101s l\u012bdzek\u013ci<\/strong><\/span><\/span><\/p>\n<p><span><span>ikdienas aizsardz\u012bba pret UV starojumu, aizkav\u0113 fotonoveco\u0161anas procesu.<\/span><\/span><\/p>\n<p><span><span><strong>Illipe sviests<\/strong><\/span><\/span><\/p>\n<p><span><span>ar br\u012bni\u0161\u0137\u012bg\u0101m uzturv\u0113rt\u012bb\u0101m. Bag\u0101ts ar tauksk\u0101b\u0113m. Uzlabo \u0101das elast\u012bbu.<\/span><\/span><\/p>\n<p><span><span><strong>R\u012bsu ciete<\/strong><\/span><\/span><\/p>\n<p><span>piem\u0113rota jut\u012bgai \u0101dai, pie\u0161\u0137ir \u0101dai mat\u0113tu virsmu un vienm\u0113r\u012bgu kr\u0101su.\u00a0<\/span><\/p>\n<p><span><span><strong>\u013boti mitrino\u0161i faktori<\/strong>\u00a0<\/span><\/span><\/p>\n<p><span>sast\u0101v no 2 inovat\u012bviem kompleksiem. Kompleksam, kas balst\u012bts uz prol\u012bna, alan\u012bna, ser\u012bna aminosk\u0101b\u0113m un Pseudoalteromonas bakt\u0113riju ekstraktu ir t\u016bl\u012bt\u0113ja un ilgsto\u0161a mitrino\u0161a iedarb\u012bba. Un IQ-hydration kompleks (gudr\u0101 mitrin\u0101\u0161ana) veido \u201cinteli\u0123ento\u201d divk\u0101r\u0161o tauku sl\u0101ni uz \u0101das virsmas, stiprinot dabisk\u0101s aizsardz\u012bbas \u012bpa\u0161\u012bbas, garant\u0113jot skaidru mitrin\u0101\u0161anu.<\/span><\/p>\n<p><span><span><strong>Peru\u0101\u0146u s\u0101rto piparu ekstrakts<\/strong><\/span><\/span><\/p>\n<p><span><span>dabiska biofunkcion\u0101la sast\u0101vda\u013ca, kas ieg\u016bta no peru\u0101\u0146u piparukoku aug\u013ciem (Schinus molle). Bag\u0101ts ar sp\u0113c\u012bgiem biolo\u0123iski pieejamiem polifenoliem &#8212; kvercet\u012bnu un mikelianinu. Atjauno \u0101das aizsargbarjeru un pal\u012bdz samazin\u0101t t\u0101s caurlaid\u012bbu. Tam ir atjaunojo\u0161s efekts, samazina grumbas un pie\u0161\u0137ir \u0101dai svaigumu. Att\u012br\u012b\u0161anas efekts: samazina sebumas sekr\u0113ciju, samazina poru izskatu, mitrina.<\/span><\/span><\/p>\n<p><span><span>\u00a0<\/span><\/span><\/p>\n<p><span><span>Priek\u0161roc\u012bbas: bez parab\u0113niem, paraf\u012bnu, formaldeh\u012bda, kr\u0101sviel\u0101m, silikoniem un alkohola.<\/span><\/span><\/p>\n<p><span><span>\u00a0<\/span><\/span><\/p>\n<p><span><span>Lieto\u0161ana: uzkl\u0101jiet uz att\u012br\u012btas sejas.\u00a0<\/span><\/span><span>Piem\u0113rots ikdienas lieto\u0161anai r\u012bta un vakar\u0101.\u00a0<\/span><\/p>\n<p><span>\u00a0<\/span><\/p>\n<p><span><span>Efekts: gluda, stringra, labi mitrin\u0101ta, starojo\u0161a, vesel\u012bga \u0101da.\u00a0<\/span><\/span><span>\u013boti ilgsto\u0161s mitrino\u0161s iedaefektsrb\u012bba.<\/span><\/p>\n<hr\/>\n<p><span>Ingredients: aqua, ethylhexyl methoxycinnamate, butyl methoxydibenzoylmethane, octocrylene, glycerin, shorea stenoptera seed butter, benzyl alcohol, potassium cetyl phosphate, cetyl stearate, carbomer, cetearyl alcohol, ceteareth-12, oryza sativa starch, isopentyldiol, polymethyl methacrylate, steareth-2, propanediol, caprylyl glycol, cetyl alcohol, isostearyl isostearate, ethylhexylglycerin, parfum, sodium hydroxide, pseudoalteromonas ferment extract, xanthan gum, disodium EDTA, limonene, linalool, hexyl cinnamal, sodium hyaluronate, stearic acid, BHT, serine, alanine, proline, sodium phosphate, citronellol, geraniol, citral, schinus molle extract, tocopherol, citric acid.<\/span><\/p>\n<div><span>\u00a0<\/span><\/div>\n<div>\u00a0<\/div>\n<div><\/div>\n<\/p><\/div>\n<\/p><\/div>\n","protected":false},"excerpt":{"rendered":"<p>Kr\u0113ms ir bag\u0101tin\u0101ts ar akt\u012bvu Mega Moisturizer Active kompleksu, balst\u012bts uz aminosk\u0101b\u0113m (prol\u012bna, alan\u012bna, ser\u012bna) un ferment\u0101cijas ekstraktu Pseudoalteromonas, kas samazina \u016bdens iztvaiko\u0161anu no dzi\u013c\u0101kiem epidermas sl\u0101\u0146iem un atjauno \u0101du. Nodro\u0161ina skaidru mitrin\u0101\u0161anu un lielu univers\u0101lu apr\u016bpi. Akt\u012bvajai sast\u0101vda\u013cai, kas ieg\u016bta no roz\u0101 pipariem, ir att\u012br\u012b\u0161anas funkcija.<\/p>\n","protected":false},"featured_media":4231,"comment_status":"open","ping_status":"closed","template":"","meta":{"_kad_blocks_custom_css":"","_kad_blocks_head_custom_js":"","_kad_blocks_body_custom_js":"","_kad_blocks_footer_custom_js":"","_kadence_starter_templates_imported_post":false,"_swpsp_post_exclude":false,"_kad_post_transparent":"","_kad_post_title":"","_kad_post_layout":"","_kad_post_sidebar_id":"","_kad_post_content_style":"","_kad_post_vertical_padding":"","_kad_post_feature":"","_kad_post_feature_position":"","_kad_post_header":false,"_kad_post_footer":false,"_kad_post_classname":""},"product_brand":[],"product_cat":[43],"product_tag":[],"class_list":{"0":"post-4308","1":"product","2":"type-product","3":"status-publish","4":"has-post-thumbnail","6":"product_cat-bremani-care","8":"first","9":"instock","10":"sale","11":"taxable","12":"shipping-taxable","13":"purchasable","14":"product-type-simple","15":"entry","16":"content-bg","17":"loop-entry"},"taxonomy_info":{"product_cat":[{"value":43,"label":"BREMANI CARE"}]},"featured_image_src_large":["https:\/\/veselibasskola.lv\/wp-content\/uploads\/2026\/02\/19aef5b21ea9085ee0ec5f2498233c35.png",470,470,false],"author_info":[],"comment_info":0,"_links":{"self":[{"href":"https:\/\/veselibasskola.lv\/ru\/wp-json\/wp\/v2\/product\/4308","targetHints":{"allow":["GET"]}}],"collection":[{"href":"https:\/\/veselibasskola.lv\/ru\/wp-json\/wp\/v2\/product"}],"about":[{"href":"https:\/\/veselibasskola.lv\/ru\/wp-json\/wp\/v2\/types\/product"}],"replies":[{"embeddable":true,"href":"https:\/\/veselibasskola.lv\/ru\/wp-json\/wp\/v2\/comments?post=4308"}],"wp:featuredmedia":[{"embeddable":true,"href":"https:\/\/veselibasskola.lv\/ru\/wp-json\/wp\/v2\/media\/4231"}],"wp:attachment":[{"href":"https:\/\/veselibasskola.lv\/ru\/wp-json\/wp\/v2\/media?parent=4308"}],"wp:term":[{"taxonomy":"product_brand","embeddable":true,"href":"https:\/\/veselibasskola.lv\/ru\/wp-json\/wp\/v2\/product_brand?post=4308"},{"taxonomy":"product_cat","embeddable":true,"href":"https:\/\/veselibasskola.lv\/ru\/wp-json\/wp\/v2\/product_cat?post=4308"},{"taxonomy":"product_tag","embeddable":true,"href":"https:\/\/veselibasskola.lv\/ru\/wp-json\/wp\/v2\/product_tag?post=4308"}],"curies":[{"name":"wp","href":"https:\/\/api.w.org\/{rel}","templated":true}]}}