{"id":4310,"date":"2026-02-19T19:44:29","date_gmt":"2026-02-19T17:44:29","guid":{"rendered":"https:\/\/veselibasskola.lv\/?post_type=product&#038;p=4310"},"modified":"2026-02-19T19:44:34","modified_gmt":"2026-02-19T17:44:34","slug":"prob-childrens-90-tabl","status":"publish","type":"product","link":"https:\/\/veselibasskola.lv\/ru\/p\/prob-childrens-90-tabl\/","title":{"rendered":"ProB Children&#8217;s (90 tabl.)"},"content":{"rendered":"\n<div>\n<div>\n<p><strong><span>ProB Children&#8217;s<\/span><\/strong><\/p>\n<p>UZTURA BAG\u0100TIN\u0100T\u0100JS<\/p>\n<hr\/>\n<p><span><strong>Ikdienas labv\u0113l\u012bgo bakt\u0113riju porcija mazajiem atkl\u0101j\u0113jiem!<\/strong><\/span><\/p>\n<p>Katra b\u0113rna diena ir pilna ar jauniem izaicin\u0101jumiem! T\u0101p\u0113c ir v\u0113rts <strong>atbalst\u012bt ikdienas uzturu<\/strong> t\u0101d\u0101 veid\u0101, kas ir <strong>vienk\u0101r\u0161s, pat\u012bkams un b\u0113rniem pie\u0146emams<\/strong>. T\u0101d\u0113\u013c tika rad\u012bts <strong>ProB Children\u2019s<\/strong> \u2013 <strong>uztura bag\u0101tin\u0101t\u0101js<\/strong> <strong>gardu ko\u0161\u013c\u0101jamo table\u0161u<\/strong> veid\u0101, izstr\u0101d\u0101ts, dom\u0101jot par b\u0113rniem, kuri to labpr\u0101t lieto, jo tas atg\u0101dina k\u0101rumu, savuk\u0101rt vec\u0101ki to nov\u0113rt\u0113 par <strong>r\u016bp\u012bgi izstr\u0101d\u0101to sast\u0101vu<\/strong>.<\/p>\n<p><strong>Ar ko izce\u013cas ProB Children\u2019s?<\/strong><\/p>\n<p>\u2714 <strong>1 miljards piensk\u0101bes bakt\u0113riju katr\u0101 tablet\u0113<\/strong> \u2013 no <strong>11 atlas\u012btiem celmiem<\/strong><br \/> \u2714 <strong>Protector Shield mais\u012bjums<\/strong> \u2013 augu, aug\u013cu sast\u0101vda\u013cu un aminosk\u0101bju komplekss<\/br><\/p>\n<p>\u2714 <strong>\u0112rta ko\u0161\u013c\u0101jam\u0101 forma un pat\u012bkama gar\u0161a<\/strong><\/p>\n<p>\u2714 <strong>Lieliski piem\u0113rots ikdienas uztura papildin\u0101\u0161anai<\/strong><\/p>\n<p><strong>Kad ir v\u0113rts izv\u0113l\u0113ties ProB Children\u2019s?<\/strong><\/p>\n<ul>\n<li>ja <strong>main\u0101s uzturs vai dienas ritms<\/strong> (piem., m\u0101c\u012bbu gada s\u0101kums, ce\u013cojumi)<\/li>\n<li>ja b\u0113rnam <strong>nepat\u012bk tradicion\u0101l\u0101s uztura bag\u0101tin\u0101t\u0101ju formas<\/strong><\/li>\n<li>k\u0101 <strong>gar\u0161\u012bgs ikdienas rut\u012bnas elements<\/strong><\/li>\n<li>ja vec\u0101ki v\u0113las <strong>saudz\u012bg\u0101 veid\u0101 iek\u013caut dz\u012bvo bakt\u0113riju kult\u016bras uztur\u0101<\/strong><\/li>\n<\/ul>\n<p><strong>Apzin\u012bgiem vec\u0101kiem<\/strong><\/p>\n<p>ProB Children\u2019s ir <strong>veids, k\u0101 veidot ikdienas rut\u012bnu<\/strong>, kas <strong>neprasa b\u0113rna pierun\u0101\u0161anu<\/strong> un var k\u013c\u016bt par pat\u012bkamu ritu\u0101lu.<\/p>\n<hr\/>\n<p><strong>SAST\u0100VS<br \/><\/strong>saldin\u0101t\u0101ji: sorb\u012bts, mann\u012bts; Protector Shield\u00ae mais\u012bjums [aug\u013cu sulu koncentr\u0101ti no: baltaj\u0101m v\u012bnog\u0101m, \u0101boliem, bumbieriem, apels\u012bniem, ananasiem, \u0137ir\u0161iem, zemen\u0113m un mellen\u0113m; dz\u0113rve\u0146u aug\u013ci (Vaccinium macrocarpon), mangost\u0101na aug\u013ci (Garcinia mangostana), spar\u0123e\u013cu k\u0101ti (Asparagus officinalis), broko\u013ci (Brassica oleracea var. italica), burk\u0101nu saknes (Daucus carota), spin\u0101tu lapas un k\u0101ti (Spinacia oleracea), tom\u0101tu aug\u013ci (Solanum lycopersicum), acai ogu koncentr\u0101ts (Euterpe oleracea), L-leic\u012bns, gran\u0101t\u0101bolu aug\u013cu ekstrakts (Punica granatum), L-liz\u012bns, L-val\u012bns, L-izoleic\u012bns, hol\u012bna bitartr\u0101ts, inozitols, L-fenilalan\u012bns, L-treon\u012bns, L-argin\u012bns, L-metion\u012bns, L-tiroz\u012bns, L-ciste\u012bns], dab\u012bgie aromatiz\u0113t\u0101ji, saldin\u0101t\u0101js: ksil\u012bts, fruktoze, pretsalipes viela: tauksk\u0101bes, bie\u0161u sak\u0146u sulas koncentr\u0101ts, Lactobacillus rhamnosus, Bifidobacterium bifidum, Lactobacillus acidophilus, Lactobacillus bulgaricus, Lactobacillus brevis, Lactobacillus plantarum, Streptococcus thermophilus, Bifidobacterium infantis, Bifidobacterium longum, Lactobacillus casei, Lactobacillus salivarius, pretsalipes viela: tauksk\u0101bju magnija s\u0101\u013ci.<\/p>\n<hr\/>\n<p><strong>GALVEN\u0100S SAST\u0100VDA\u013bAS:<\/strong><\/p>\n<table>\n<tbody>\n<tr>\n<td><strong>Akt\u012bv\u0101s vielas:<\/strong><\/td>\n<td><strong>Dienas porcij\u0101<br \/>(2 tabletes)<\/br><\/strong><\/td>\n<\/tr>\n<tr>\n<td><strong>Dz\u012bvo bakt\u0113riju kult\u016bru mais\u012bjums:<\/strong><br \/> <em>Bifidobacterium bifidum, infantis un longum; Lactobacillus rhamnosus, acidophilus, bulgaricus, brevis, plantarum, salivarius un casei; Streptococcus thermophilus<\/em><\/br><\/td>\n<td>1 miljards KVV*<\/td>\n<\/tr>\n<tr>\n<td><strong>PROTECTOR SHIELD\u00ae mais\u012bjums<\/strong><\/td>\n<td>100 mg<\/td>\n<\/tr>\n<tr>\n<td><strong>Uzturvielu komplekss:<\/strong> mangost\u0101na aug\u013ci, dz\u0113rvenes, broko\u013ci, spin\u0101tu lapas un k\u0101ti, spar\u0123e\u013cu k\u0101ti, burk\u0101nu saknes, tom\u0101tu aug\u013ci, acai ogas, gran\u0101t\u0101bolu aug\u013cu ekstrakts<\/td>\n<\/tr>\n<tr>\n<td><strong>Aug\u013cu sulu koncentr\u0101ti:<\/strong> balto v\u012bnogu, \u0101bolu, bumbieru, apels\u012bnu, ananasu, \u0137ir\u0161u, zeme\u0146u un melle\u0146u<\/td>\n<\/tr>\n<tr>\n<td><strong>Mikroelementi:<\/strong> L-leic\u012bns, L-liz\u012bns, L-val\u012bns, hol\u012bna bitartr\u0101ts, inozitols, L-izoleic\u012bns, L-treon\u012bns, L-fenilalan\u012bns, L-argin\u012bns, L-ciste\u012bns, L-metion\u012bns, L-tiroz\u012bns<\/td>\n<\/tr>\n<tr>\n<td><strong>KVV*:<\/strong> kolonijas veidojo\u0161\u0101 vien\u012bba<\/td>\n<\/tr>\n<\/tbody>\n<\/table>\n<hr\/>\n<p><strong>IETEICAM\u0100 DIENAS DEVA:<\/strong><\/p>\n<p>Lietot pa 1 tabletei divas reizes dien\u0101.<\/p>\n<p>Nep\u0101rsniegt ieteicamo dienas devu.<\/p>\n<p>Uzglab\u0101t ledusskap\u012b vai sald\u0113tav\u0101. Uzglab\u0101t b\u0113rniem nepieejam\u0101 viet\u0101.<\/p>\n<p><strong>Produkts ir paredz\u0113ts b\u0113rniem no 4 gadu vecuma, kuri sp\u0113j patst\u0101v\u012bgi ko\u0161\u013c\u0101t.<\/strong><\/p>\n<hr\/>\n<p>Nature\u2019s Sunshine veicina vesel\u012bgu dz\u012bvesveidu. Uztura bag\u0101tin\u0101t\u0101ji nevar aizst\u0101t pilnv\u0113rt\u012bgu un daudzveid\u012bgu uzturu. Sabalans\u0113ts uzturs un vesel\u012bgs dz\u012bvesveids ir pamats organisma pareizai darb\u012bbai.<\/p>\n<div><\/div>\n<\/p><\/div>\n<\/p><\/div>\n","protected":false},"excerpt":{"rendered":"<p>Katra b\u0113rna diena ir pilna ar jauniem izaicin\u0101jumiem! T\u0101p\u0113c ir v\u0113rts atbalst\u012bt ikdienas uzturu t\u0101d\u0101 veid\u0101, kas ir vienk\u0101r\u0161s, pat\u012bkams un b\u0113rniem pie\u0146emams. T\u0101d\u0113\u013c tika rad\u012bts ProB Children\u2019s \u2013 uztura bag\u0101tin\u0101t\u0101js gardu ko\u0161\u013c\u0101jamo table\u0161u veid\u0101, izstr\u0101d\u0101ts, dom\u0101jot par b\u0113rniem, kuri to labpr\u0101t lieto, jo tas atg\u0101dina k\u0101rumu, savuk\u0101rt vec\u0101ki to nov\u0113rt\u0113 par r\u016bp\u012bgi izstr\u0101d\u0101to sast\u0101vu<\/p>\n","protected":false},"featured_media":4228,"comment_status":"open","ping_status":"closed","template":"","meta":{"_kad_blocks_custom_css":"","_kad_blocks_head_custom_js":"","_kad_blocks_body_custom_js":"","_kad_blocks_footer_custom_js":"","_kadence_starter_templates_imported_post":false,"_swpsp_post_exclude":false,"_kad_post_transparent":"","_kad_post_title":"","_kad_post_layout":"","_kad_post_sidebar_id":"","_kad_post_content_style":"","_kad_post_vertical_padding":"","_kad_post_feature":"","_kad_post_feature_position":"","_kad_post_header":false,"_kad_post_footer":false,"_kad_post_classname":""},"product_brand":[],"product_cat":[36,39,42],"product_tag":[],"class_list":{"0":"post-4310","1":"product","2":"type-product","3":"status-publish","4":"has-post-thumbnail","6":"product_cat-dietiskas-piedevas","7":"product_cat-gremosanas-sistema","8":"product_cat-imunsistema","10":"first","11":"instock","12":"sale","13":"taxable","14":"shipping-taxable","15":"purchasable","16":"product-type-simple","17":"entry","18":"content-bg","19":"loop-entry"},"taxonomy_info":{"product_cat":[{"value":36,"label":"Di\u0113tisk\u0101s piedevas"},{"value":39,"label":"Gremo\u0161anas sist\u0113ma"},{"value":42,"label":"Im\u016bnsist\u0113ma"}]},"featured_image_src_large":["https:\/\/veselibasskola.lv\/wp-content\/uploads\/2026\/02\/0d0432ac00d9514ef3fb92f21443c719-1024x1024.png",1024,1024,true],"author_info":[],"comment_info":0,"_links":{"self":[{"href":"https:\/\/veselibasskola.lv\/ru\/wp-json\/wp\/v2\/product\/4310","targetHints":{"allow":["GET"]}}],"collection":[{"href":"https:\/\/veselibasskola.lv\/ru\/wp-json\/wp\/v2\/product"}],"about":[{"href":"https:\/\/veselibasskola.lv\/ru\/wp-json\/wp\/v2\/types\/product"}],"replies":[{"embeddable":true,"href":"https:\/\/veselibasskola.lv\/ru\/wp-json\/wp\/v2\/comments?post=4310"}],"wp:featuredmedia":[{"embeddable":true,"href":"https:\/\/veselibasskola.lv\/ru\/wp-json\/wp\/v2\/media\/4228"}],"wp:attachment":[{"href":"https:\/\/veselibasskola.lv\/ru\/wp-json\/wp\/v2\/media?parent=4310"}],"wp:term":[{"taxonomy":"product_brand","embeddable":true,"href":"https:\/\/veselibasskola.lv\/ru\/wp-json\/wp\/v2\/product_brand?post=4310"},{"taxonomy":"product_cat","embeddable":true,"href":"https:\/\/veselibasskola.lv\/ru\/wp-json\/wp\/v2\/product_cat?post=4310"},{"taxonomy":"product_tag","embeddable":true,"href":"https:\/\/veselibasskola.lv\/ru\/wp-json\/wp\/v2\/product_tag?post=4310"}],"curies":[{"name":"wp","href":"https:\/\/api.w.org\/{rel}","templated":true}]}}