{"id":4311,"date":"2026-02-19T19:44:29","date_gmt":"2026-02-19T17:44:29","guid":{"rendered":"https:\/\/veselibasskola.lv\/?post_type=product&#038;p=4311"},"modified":"2026-02-19T19:44:35","modified_gmt":"2026-02-19T17:44:35","slug":"carbo-grabbers-60-kaps","status":"publish","type":"product","link":"https:\/\/veselibasskola.lv\/ru\/p\/carbo-grabbers-60-kaps\/","title":{"rendered":"Carbo Grabbers (60 kaps.)"},"content":{"rendered":"\n<div>\n<div>\n<p><span><strong><span>CARBO GRABBERS<\/span><\/strong><\/span><\/p>\n<h4><span>DIETAS BAG\u0100TIN\u0100T\u0100JI<\/span><\/h4>\n<hr\/>\n<p>Carbo Grabbers &#8212; tas ir produkts ar 300 mg ekstrakta no parast\u0101 pupi\u0146\u0101m (fasolamina) katr\u0101 kapsul\u0101.<\/p>\n<p>Parast\u0101s pupi\u0146as (Phaseolus vulgaris) ir viengad\u012bgs augs no p\u0101k\u0161augu \u0123imenes, izcels no Centr\u0101lamerikas un Dienvidamerikas. <br \/>Tagad audz\u0113ts daudzos pasaules re\u0123ionos, ar\u012b Polij\u0101.<\/br><\/p>\n<hr\/>\n<p>SAST\u0100VS:<\/p>\n<p>Parast\u0101s pupi\u0146as (faseolus vulgaris) ekstrakts; kapsulas \u010daula: \u017eelat\u012bns; pildviela: celuloze; <br \/>emulgators: tauksk\u0101bju magnija s\u0101\u013ci; pretsalipes viela: tauksk\u0101bju magnija s\u0101\u013ci.<\/br><\/p>\n<hr\/>\n<p>SVAR\u012aGAS SAST\u0100VDA\u013bAS:<\/p>\n<p>Saturs ieteicam\u0101 porcij\u0101 (6 kaps.):<br \/>Parast\u0101s pupi\u0146as ekstrakts &#8230;&#8230;&#8230;&#8230;&#8230;&#8230;&#8230;&#8230;.. 1800 mg*<br \/>*Nenoteikt\u0101 ieteicama dienas doze.<\/br><\/br><\/p>\n<hr\/>\n<p>IETEICAMA PORCIJA DIENAS LIETO\u0160ANAI:<br \/>1-2 kapsulas 3 reizes dien\u0101 pirms \u0113dieniem bag\u0101tiem ar og\u013chidr\u0101tiem.<br \/>Nedr\u012bkst p\u0101rsniegt rekomend\u0113tas dienas dozi.<\/p>\n<hr\/>\n<p>GLAB\u0100\u0160ANA:<\/p>\n<p>Glab\u0101t saus\u0101 un v\u0113s\u0101, b\u0113rniem nepieejam\u0101 viet\u0101.<\/p>\n<p><span>NATURE&#8217;S SUNSHINE MUDINA VESEL\u012aGAM DZ\u012aVESVEIDAM.<\/span><br \/><span>Di\u0113tas bag\u0101tin\u0101t\u0101ji nevar b\u016bt lietoti k\u0101 diferenc\u0113tas di\u0113tas aizst\u0101j\u0113ji. Balans\u0113ta di\u0113ta un vesel\u012bgs dz\u012bvesveids ir organisma pareizas funkcion\u0113\u0161anas pamats.<\/span><\/p>\n<div><\/div>\n<\/p><\/div>\n<\/p><\/div>\n","protected":false},"excerpt":{"rendered":"<p>Carbo Grabbers &#8212; tas ir produkts ar 300 mg ekstrakta no parast\u0101 pupi\u0146\u0101m (&#171;fasolamina&#187;) katr\u0101 kapsul\u0101.  Parast\u0101s pupi\u0146as (Phaseolus vulgaris) ir viengad\u012bgs augs no p\u0101k\u0161augu \u0123imenes, izcels no Centr\u0101lamerikas un Dienvidamerikas. Tagad audz\u0113ts daudzos pasaules re\u0123ionos, ar\u012b Polij\u0101.<\/p>\n","protected":false},"featured_media":2882,"comment_status":"open","ping_status":"closed","template":"","meta":{"_kad_blocks_custom_css":"","_kad_blocks_head_custom_js":"","_kad_blocks_body_custom_js":"","_kad_blocks_footer_custom_js":"","_kadence_starter_templates_imported_post":false,"_swpsp_post_exclude":false,"_kad_post_transparent":"","_kad_post_title":"","_kad_post_layout":"","_kad_post_sidebar_id":"","_kad_post_content_style":"","_kad_post_vertical_padding":"","_kad_post_feature":"","_kad_post_feature_position":"","_kad_post_header":false,"_kad_post_footer":false,"_kad_post_classname":""},"product_brand":[],"product_cat":[36,39],"product_tag":[],"class_list":{"0":"post-4311","1":"product","2":"type-product","3":"status-publish","4":"has-post-thumbnail","6":"product_cat-dietiskas-piedevas","7":"product_cat-gremosanas-sistema","9":"first","10":"instock","11":"sale","12":"taxable","13":"shipping-taxable","14":"purchasable","15":"product-type-simple","16":"entry","17":"content-bg","18":"loop-entry"},"taxonomy_info":{"product_cat":[{"value":36,"label":"Di\u0113tisk\u0101s piedevas"},{"value":39,"label":"Gremo\u0161anas sist\u0113ma"}]},"featured_image_src_large":["https:\/\/veselibasskola.lv\/wp-content\/uploads\/2023\/12\/bd263ae87a6461c29c01b552cda07d6f-1024x1024.png",1024,1024,true],"author_info":[],"comment_info":0,"_links":{"self":[{"href":"https:\/\/veselibasskola.lv\/ru\/wp-json\/wp\/v2\/product\/4311","targetHints":{"allow":["GET"]}}],"collection":[{"href":"https:\/\/veselibasskola.lv\/ru\/wp-json\/wp\/v2\/product"}],"about":[{"href":"https:\/\/veselibasskola.lv\/ru\/wp-json\/wp\/v2\/types\/product"}],"replies":[{"embeddable":true,"href":"https:\/\/veselibasskola.lv\/ru\/wp-json\/wp\/v2\/comments?post=4311"}],"wp:featuredmedia":[{"embeddable":true,"href":"https:\/\/veselibasskola.lv\/ru\/wp-json\/wp\/v2\/media\/2882"}],"wp:attachment":[{"href":"https:\/\/veselibasskola.lv\/ru\/wp-json\/wp\/v2\/media?parent=4311"}],"wp:term":[{"taxonomy":"product_brand","embeddable":true,"href":"https:\/\/veselibasskola.lv\/ru\/wp-json\/wp\/v2\/product_brand?post=4311"},{"taxonomy":"product_cat","embeddable":true,"href":"https:\/\/veselibasskola.lv\/ru\/wp-json\/wp\/v2\/product_cat?post=4311"},{"taxonomy":"product_tag","embeddable":true,"href":"https:\/\/veselibasskola.lv\/ru\/wp-json\/wp\/v2\/product_tag?post=4311"}],"curies":[{"name":"wp","href":"https:\/\/api.w.org\/{rel}","templated":true}]}}